{"id":3414,"date":"2026-04-13T16:42:23","date_gmt":"2026-04-13T14:42:23","guid":{"rendered":"https:\/\/www.saltpepper.fr\/?post_type=product&#038;p=3414"},"modified":"2026-05-06T08:15:24","modified_gmt":"2026-05-06T06:15:24","slug":"july-28-6-pm-indian-cooking-workshop","status":"publish","type":"product","link":"https:\/\/www.saltpepper.fr\/en\/produit\/28-07-18h-atelier-cuisine-indienne\/","title":{"rendered":"July 28th \u2013 6 PM \u2013 Indian Cuisine Workshop"},"content":{"rendered":"<p data-start=\"93\" data-end=\"482\">Immerse yourself in the enchanting flavors of India through a workshop rich in color, spice, and deliciousness. You'll discover how to create fragrant dishes, balance spices, work with essential bases, and compose a convivial menu inspired by the great Indian culinary traditions. A sensory, warm, and exotic journey!<\/p>\n<ul>\n<li data-start=\"526\" data-end=\"628\"><strong data-start=\"526\" data-end=\"574\">D\u00e9couvrir et comprendre les \u00e9pices indiennes<\/strong> : leurs usages, leurs ar\u00f4mes et leurs associations.<\/li>\n<li data-start=\"526\" data-end=\"628\"><strong data-start=\"632\" data-end=\"673\">Apprendre des techniques essentielles<\/strong> : marinades, cuissons, sauces et bases incontournables.<\/li>\n<li data-start=\"526\" data-end=\"628\"><strong data-start=\"735\" data-end=\"773\">Composer un menu indien harmonieux<\/strong>, alliant saveurs, couleurs et convivialit\u00e9.<\/li>\n<\/ul>","protected":false},"excerpt":{"rendered":"<p>Immerse yourself in the enchanting flavors of India through a workshop rich in color, spice, and deliciousness. You'll discover how to create fragrant dishes, balance spices, work with essential bases, and compose a convivial menu inspired by the great Indian culinary traditions. A sensory, warm, and exotic journey!<\/p>","protected":false},"featured_media":1185,"template":"","meta":{"_acf_changed":false},"duree":[32],"nom-de-cours":[74],"thematique":[63],"product_brand":[],"product_cat":[68],"product_tag":[],"class_list":{"0":"post-3414","1":"product","2":"type-product","3":"status-publish","4":"has-post-thumbnail","6":"duree-4h","7":"nom-de-cours-atelier-cuisine-indienne","8":"thematique-cuisine-du-monde","9":"product_cat-cuisine","11":"first","12":"instock","13":"virtual","14":"taxable","15":"purchasable","16":"product-type-simple"},"acf":[],"yoast_head":"<!-- This site is optimized with the Yoast SEO plugin v27.5 - https:\/\/yoast.com\/product\/yoast-seo-wordpress\/ -->\n<title>28\/07 - 18h - Atelier Cuisine Indienne - Salt &amp; Pepper<\/title>\n<meta name=\"robots\" content=\"noindex, follow\" \/>\n<meta property=\"og:locale\" content=\"en_US\" \/>\n<meta property=\"og:type\" content=\"article\" \/>\n<meta property=\"og:title\" content=\"28\/07 - 18h - Atelier Cuisine Indienne - Salt &amp; Pepper\" \/>\n<meta property=\"og:description\" content=\"Plongez dans les saveurs envo\u00fbtantes de l\u2019Inde \u00e0 travers un atelier riche en couleurs, en \u00e9pices et en gourmandise. Vous d\u00e9couvrirez comment cr\u00e9er des plats parfum\u00e9s, \u00e9quilibrer les \u00e9pices, travailler les bases incontournables et composer un menu convivial inspir\u00e9 des grandes traditions culinaires indiennes. Un voyage sensoriel, chaleureux et d\u00e9paysant !\" \/>\n<meta property=\"og:url\" content=\"https:\/\/www.saltpepper.fr\/en\/product\/july-28-6-pm-indian-cooking-workshop\/\" \/>\n<meta property=\"og:site_name\" content=\"Salt &amp; Pepper\" \/>\n<meta property=\"article:publisher\" content=\"https:\/\/www.facebook.com\/saltandpepper.dijon\/\" \/>\n<meta property=\"article:modified_time\" content=\"2026-05-06T06:15:24+00:00\" \/>\n<meta property=\"og:image\" content=\"https:\/\/www.saltpepper.fr\/wp-content\/uploads\/2025\/11\/indien.jpg\" \/>\n\t<meta property=\"og:image:width\" content=\"1344\" \/>\n\t<meta property=\"og:image:height\" content=\"768\" \/>\n\t<meta property=\"og:image:type\" content=\"image\/jpeg\" \/>\n<meta name=\"twitter:card\" content=\"summary_large_image\" \/>\n<meta name=\"twitter:label1\" content=\"Est. reading time\" \/>\n\t<meta name=\"twitter:data1\" content=\"1 minute\" \/>\n<script type=\"application\/ld+json\" class=\"yoast-schema-graph\">{\"@context\":\"https:\\\/\\\/schema.org\",\"@graph\":[{\"@type\":\"WebPage\",\"@id\":\"https:\\\/\\\/www.saltpepper.fr\\\/produit\\\/28-07-18h-atelier-cuisine-indienne\\\/\",\"url\":\"https:\\\/\\\/www.saltpepper.fr\\\/produit\\\/28-07-18h-atelier-cuisine-indienne\\\/\",\"name\":\"28\\\/07 - 18h - Atelier Cuisine Indienne - Salt &amp; Pepper\",\"isPartOf\":{\"@id\":\"https:\\\/\\\/www.saltpepper.fr\\\/#website\"},\"primaryImageOfPage\":{\"@id\":\"https:\\\/\\\/www.saltpepper.fr\\\/produit\\\/28-07-18h-atelier-cuisine-indienne\\\/#primaryimage\"},\"image\":{\"@id\":\"https:\\\/\\\/www.saltpepper.fr\\\/produit\\\/28-07-18h-atelier-cuisine-indienne\\\/#primaryimage\"},\"thumbnailUrl\":\"https:\\\/\\\/www.saltpepper.fr\\\/wp-content\\\/uploads\\\/2025\\\/11\\\/indien.jpg\",\"datePublished\":\"2026-04-13T14:42:23+00:00\",\"dateModified\":\"2026-05-06T06:15:24+00:00\",\"breadcrumb\":{\"@id\":\"https:\\\/\\\/www.saltpepper.fr\\\/produit\\\/28-07-18h-atelier-cuisine-indienne\\\/#breadcrumb\"},\"inLanguage\":\"en-US\",\"potentialAction\":[{\"@type\":\"ReadAction\",\"target\":[\"https:\\\/\\\/www.saltpepper.fr\\\/produit\\\/28-07-18h-atelier-cuisine-indienne\\\/\"]}]},{\"@type\":\"ImageObject\",\"inLanguage\":\"en-US\",\"@id\":\"https:\\\/\\\/www.saltpepper.fr\\\/produit\\\/28-07-18h-atelier-cuisine-indienne\\\/#primaryimage\",\"url\":\"https:\\\/\\\/www.saltpepper.fr\\\/wp-content\\\/uploads\\\/2025\\\/11\\\/indien.jpg\",\"contentUrl\":\"https:\\\/\\\/www.saltpepper.fr\\\/wp-content\\\/uploads\\\/2025\\\/11\\\/indien.jpg\",\"width\":1344,\"height\":768,\"caption\":\"Plateau en bois avec naan, riz \u00e9pic\u00e9 \u00e0 la cannelle et curry coriandre, id\u00e9al pour atelier cuisine indienne d'entreprise.\"},{\"@type\":\"BreadcrumbList\",\"@id\":\"https:\\\/\\\/www.saltpepper.fr\\\/produit\\\/28-07-18h-atelier-cuisine-indienne\\\/#breadcrumb\",\"itemListElement\":[{\"@type\":\"ListItem\",\"position\":1,\"name\":\"Accueil\",\"item\":\"https:\\\/\\\/www.saltpepper.fr\\\/\"},{\"@type\":\"ListItem\",\"position\":2,\"name\":\"Cours de cuisine\",\"item\":\"https:\\\/\\\/www.saltpepper.fr\\\/cours-de-cuisine\\\/\"},{\"@type\":\"ListItem\",\"position\":3,\"name\":\"28\\\/07 &#8211; 18h &#8211; Atelier Cuisine Indienne\"}]},{\"@type\":\"WebSite\",\"@id\":\"https:\\\/\\\/www.saltpepper.fr\\\/#website\",\"url\":\"https:\\\/\\\/www.saltpepper.fr\\\/\",\"name\":\"Salt & Pepper\",\"description\":\"\",\"publisher\":{\"@id\":\"https:\\\/\\\/www.saltpepper.fr\\\/#organization\"},\"potentialAction\":[{\"@type\":\"SearchAction\",\"target\":{\"@type\":\"EntryPoint\",\"urlTemplate\":\"https:\\\/\\\/www.saltpepper.fr\\\/?s={search_term_string}\"},\"query-input\":{\"@type\":\"PropertyValueSpecification\",\"valueRequired\":true,\"valueName\":\"search_term_string\"}}],\"inLanguage\":\"en-US\"},{\"@type\":\"Organization\",\"@id\":\"https:\\\/\\\/www.saltpepper.fr\\\/#organization\",\"name\":\"Salt & Pepper\",\"url\":\"https:\\\/\\\/www.saltpepper.fr\\\/\",\"logo\":{\"@type\":\"ImageObject\",\"inLanguage\":\"en-US\",\"@id\":\"https:\\\/\\\/www.saltpepper.fr\\\/#\\\/schema\\\/logo\\\/image\\\/\",\"url\":\"https:\\\/\\\/www.saltpepper.fr\\\/wp-content\\\/uploads\\\/2025\\\/05\\\/SALTPEPPER_logotype_cuivre_sans_baseline.svg\",\"contentUrl\":\"https:\\\/\\\/www.saltpepper.fr\\\/wp-content\\\/uploads\\\/2025\\\/05\\\/SALTPEPPER_logotype_cuivre_sans_baseline.svg\",\"width\":1,\"height\":1,\"caption\":\"Salt & Pepper\"},\"image\":{\"@id\":\"https:\\\/\\\/www.saltpepper.fr\\\/#\\\/schema\\\/logo\\\/image\\\/\"},\"sameAs\":[\"https:\\\/\\\/www.facebook.com\\\/saltandpepper.dijon\\\/\",\"https:\\\/\\\/www.instagram.com\\\/saltpepper.dijon\\\/\",\"https:\\\/\\\/www.linkedin.com\\\/company\\\/salt-and-pepper-dijon\\\/\"]}]}<\/script>\n<!-- \/ Yoast SEO plugin. -->","yoast_head_json":{"title":"07\/28 - 6 PM - Indian Cooking Workshop - Salt &amp; Pepper","robots":{"index":"noindex","follow":"follow"},"og_locale":"en_US","og_type":"article","og_title":"28\/07 - 18h - Atelier Cuisine Indienne - Salt &amp; Pepper","og_description":"Plongez dans les saveurs envo\u00fbtantes de l\u2019Inde \u00e0 travers un atelier riche en couleurs, en \u00e9pices et en gourmandise. Vous d\u00e9couvrirez comment cr\u00e9er des plats parfum\u00e9s, \u00e9quilibrer les \u00e9pices, travailler les bases incontournables et composer un menu convivial inspir\u00e9 des grandes traditions culinaires indiennes. Un voyage sensoriel, chaleureux et d\u00e9paysant !","og_url":"https:\/\/www.saltpepper.fr\/en\/product\/july-28-6-pm-indian-cooking-workshop\/","og_site_name":"Salt &amp; Pepper","article_publisher":"https:\/\/www.facebook.com\/saltandpepper.dijon\/","article_modified_time":"2026-05-06T06:15:24+00:00","og_image":[{"width":1344,"height":768,"url":"https:\/\/www.saltpepper.fr\/wp-content\/uploads\/2025\/11\/indien.jpg","type":"image\/jpeg"}],"twitter_card":"summary_large_image","twitter_misc":{"Est. reading time":"1 minute"},"schema":{"@context":"https:\/\/schema.org","@graph":[{"@type":"WebPage","@id":"https:\/\/www.saltpepper.fr\/produit\/28-07-18h-atelier-cuisine-indienne\/","url":"https:\/\/www.saltpepper.fr\/produit\/28-07-18h-atelier-cuisine-indienne\/","name":"07\/28 - 6 PM - Indian Cooking Workshop - Salt &amp; Pepper","isPartOf":{"@id":"https:\/\/www.saltpepper.fr\/#website"},"primaryImageOfPage":{"@id":"https:\/\/www.saltpepper.fr\/produit\/28-07-18h-atelier-cuisine-indienne\/#primaryimage"},"image":{"@id":"https:\/\/www.saltpepper.fr\/produit\/28-07-18h-atelier-cuisine-indienne\/#primaryimage"},"thumbnailUrl":"https:\/\/www.saltpepper.fr\/wp-content\/uploads\/2025\/11\/indien.jpg","datePublished":"2026-04-13T14:42:23+00:00","dateModified":"2026-05-06T06:15:24+00:00","breadcrumb":{"@id":"https:\/\/www.saltpepper.fr\/produit\/28-07-18h-atelier-cuisine-indienne\/#breadcrumb"},"inLanguage":"en-US","potentialAction":[{"@type":"ReadAction","target":["https:\/\/www.saltpepper.fr\/produit\/28-07-18h-atelier-cuisine-indienne\/"]}]},{"@type":"ImageObject","inLanguage":"en-US","@id":"https:\/\/www.saltpepper.fr\/produit\/28-07-18h-atelier-cuisine-indienne\/#primaryimage","url":"https:\/\/www.saltpepper.fr\/wp-content\/uploads\/2025\/11\/indien.jpg","contentUrl":"https:\/\/www.saltpepper.fr\/wp-content\/uploads\/2025\/11\/indien.jpg","width":1344,"height":768,"caption":"Plateau en bois avec naan, riz \u00e9pic\u00e9 \u00e0 la cannelle et curry coriandre, id\u00e9al pour atelier cuisine indienne d'entreprise."},{"@type":"BreadcrumbList","@id":"https:\/\/www.saltpepper.fr\/produit\/28-07-18h-atelier-cuisine-indienne\/#breadcrumb","itemListElement":[{"@type":"ListItem","position":1,"name":"Accueil","item":"https:\/\/www.saltpepper.fr\/"},{"@type":"ListItem","position":2,"name":"Cours de cuisine","item":"https:\/\/www.saltpepper.fr\/cours-de-cuisine\/"},{"@type":"ListItem","position":3,"name":"28\/07 &#8211; 18h &#8211; Atelier Cuisine Indienne"}]},{"@type":"WebSite","@id":"https:\/\/www.saltpepper.fr\/#website","url":"https:\/\/www.saltpepper.fr\/","name":"Salt &amp; Pepper","description":"","publisher":{"@id":"https:\/\/www.saltpepper.fr\/#organization"},"potentialAction":[{"@type":"SearchAction","target":{"@type":"EntryPoint","urlTemplate":"https:\/\/www.saltpepper.fr\/?s={search_term_string}"},"query-input":{"@type":"PropertyValueSpecification","valueRequired":true,"valueName":"search_term_string"}}],"inLanguage":"en-US"},{"@type":"Organization","@id":"https:\/\/www.saltpepper.fr\/#organization","name":"Salt &amp; Pepper","url":"https:\/\/www.saltpepper.fr\/","logo":{"@type":"ImageObject","inLanguage":"en-US","@id":"https:\/\/www.saltpepper.fr\/#\/schema\/logo\/image\/","url":"https:\/\/www.saltpepper.fr\/wp-content\/uploads\/2025\/05\/SALTPEPPER_logotype_cuivre_sans_baseline.svg","contentUrl":"https:\/\/www.saltpepper.fr\/wp-content\/uploads\/2025\/05\/SALTPEPPER_logotype_cuivre_sans_baseline.svg","width":1,"height":1,"caption":"Salt & Pepper"},"image":{"@id":"https:\/\/www.saltpepper.fr\/#\/schema\/logo\/image\/"},"sameAs":["https:\/\/www.facebook.com\/saltandpepper.dijon\/","https:\/\/www.instagram.com\/saltpepper.dijon\/","https:\/\/www.linkedin.com\/company\/salt-and-pepper-dijon\/"]}]}},"jetpack_sharing_enabled":true,"_links":{"self":[{"href":"https:\/\/www.saltpepper.fr\/en\/wp-json\/wp\/v2\/product\/3414","targetHints":{"allow":["GET"]}}],"collection":[{"href":"https:\/\/www.saltpepper.fr\/en\/wp-json\/wp\/v2\/product"}],"about":[{"href":"https:\/\/www.saltpepper.fr\/en\/wp-json\/wp\/v2\/types\/product"}],"wp:featuredmedia":[{"embeddable":true,"href":"https:\/\/www.saltpepper.fr\/en\/wp-json\/wp\/v2\/media\/1185"}],"wp:attachment":[{"href":"https:\/\/www.saltpepper.fr\/en\/wp-json\/wp\/v2\/media?parent=3414"}],"wp:term":[{"taxonomy":"duree","embeddable":true,"href":"https:\/\/www.saltpepper.fr\/en\/wp-json\/wp\/v2\/duree?post=3414"},{"taxonomy":"nom-de-cours","embeddable":true,"href":"https:\/\/www.saltpepper.fr\/en\/wp-json\/wp\/v2\/nom-de-cours?post=3414"},{"taxonomy":"thematique","embeddable":true,"href":"https:\/\/www.saltpepper.fr\/en\/wp-json\/wp\/v2\/thematique?post=3414"},{"taxonomy":"product_brand","embeddable":true,"href":"https:\/\/www.saltpepper.fr\/en\/wp-json\/wp\/v2\/product_brand?post=3414"},{"taxonomy":"product_cat","embeddable":true,"href":"https:\/\/www.saltpepper.fr\/en\/wp-json\/wp\/v2\/product_cat?post=3414"},{"taxonomy":"product_tag","embeddable":true,"href":"https:\/\/www.saltpepper.fr\/en\/wp-json\/wp\/v2\/product_tag?post=3414"}],"curies":[{"name":"wp","href":"https:\/\/api.w.org\/{rel}","templated":true}]}}