{"id":3412,"date":"2026-04-13T16:34:30","date_gmt":"2026-04-13T14:34:30","guid":{"rendered":"https:\/\/www.saltpepper.fr\/?post_type=product&#038;p=3412"},"modified":"2026-05-10T19:51:05","modified_gmt":"2026-05-10T17:51:05","slug":"26-07-10h-atelier-paris-brest","status":"publish","type":"product","link":"https:\/\/www.saltpepper.fr\/en\/produit\/26-07-10h-atelier-paris-brest\/","title":{"rendered":"26\/07 &#8211; 10h &#8211; Atelier Paris Brest"},"content":{"rendered":"<div class=\"re-c-1rb9ga1\">\n<div class=\"re-c-1rb9ga1\">\n<div class=\"re-c-1rb9ga1\">\n<div class=\"re-c-1rb9ga1\">\n<p data-start=\"268\" data-end=\"479\">Lors de cet atelier, vous apprendrez \u00e0 r\u00e9aliser un Paris-Brest de A \u00e0 Z, en ma\u00eetrisant les techniques essentielles de la p\u00e2tisserie : p\u00e2te \u00e0 choux, cuisson, r\u00e9alisation d\u2019une cr\u00e8me pralin\u00e9e et montage structur\u00e9.<\/p>\n<p data-start=\"481\" data-end=\"648\">Vous d\u00e9couvrirez comment obtenir une p\u00e2te bien d\u00e9velopp\u00e9e, une cr\u00e8me parfaitement \u00e9quilibr\u00e9e et un dressage \u00e9l\u00e9gant, pour un r\u00e9sultat digne des vitrines de p\u00e2tisserie.<\/p>\n<div class=\"re-c-1rb9ga1\">\n<p><span style=\"font-weight: bold;\">Les 3 points cl\u00e9s de l\u2019atelier :<\/span><\/p>\n<\/div>\n<\/div>\n<\/div>\n<\/div>\n<\/div>\n<div class=\"re-c-1rb9ga1\">\n<div class=\"re-c-1rb9ga1\">\n<div class=\"re-c-1rb9ga1\">\n<ul data-start=\"797\" data-end=\"1028\">\n<li data-section-id=\"ujoskq\" data-start=\"797\" data-end=\"875\"><strong data-start=\"799\" data-end=\"828\">La p\u00e2te \u00e0 choux ma\u00eetris\u00e9e<\/strong> : texture, cuisson et d\u00e9veloppement r\u00e9gulier<\/li>\n<li data-section-id=\"1u5i61c\" data-start=\"876\" data-end=\"950\"><strong data-start=\"878\" data-end=\"899\">La cr\u00e8me pralin\u00e9e<\/strong> : \u00e9quilibre, onctuosit\u00e9 et intensit\u00e9 des saveurs<\/li>\n<li data-section-id=\"1ey7xp0\" data-start=\"951\" data-end=\"1028\"><strong data-start=\"953\" data-end=\"981\">Le montage &amp; le dressage<\/strong> : structure, r\u00e9gularit\u00e9 et finition \u00e9l\u00e9gante<\/li>\n<\/ul>\n<\/div>\n<\/div>\n<\/div>","protected":false},"excerpt":{"rendered":"<div class=\"re-c-1rb9ga1\">\n<div class=\"re-c-1rb9ga1\">\n<p data-start=\"69\" data-end=\"266\">A French pastry classic, the Paris-Brest seduces with its combination of textures and flavors: a light and crispy choux pastry, filled with a creamy praline cream.<\/p>\n<\/div>\n<\/div>\n<p>&nbsp;<\/p>","protected":false},"featured_media":2566,"template":"","meta":{"_acf_changed":false},"duree":[30],"nom-de-cours":[52],"thematique":[66],"product_brand":[],"product_cat":[70],"product_tag":[],"class_list":{"0":"post-3412","1":"product","2":"type-product","3":"status-publish","4":"has-post-thumbnail","6":"duree-3h","7":"nom-de-cours-atelier-paris-brest","8":"thematique-patisserie","9":"product_cat-patisserie","11":"first","12":"instock","13":"virtual","14":"taxable","15":"purchasable","16":"product-type-simple"},"acf":[],"yoast_head":"<!-- This site is optimized with the Yoast SEO plugin v27.5 - https:\/\/yoast.com\/product\/yoast-seo-wordpress\/ -->\n<title>26\/07 - 10h - Atelier Paris Brest - Salt &amp; Pepper<\/title>\n<meta name=\"robots\" content=\"noindex, follow\" \/>\n<meta property=\"og:locale\" content=\"en_US\" \/>\n<meta property=\"og:type\" content=\"article\" \/>\n<meta property=\"og:title\" content=\"26\/07 - 10h - Atelier Paris Brest - Salt &amp; Pepper\" \/>\n<meta property=\"og:description\" content=\"Grand classique de la p\u00e2tisserie fran\u00e7aise, le Paris-Brest s\u00e9duit par son alliance de textures et de saveurs : une p\u00e2te \u00e0 choux l\u00e9g\u00e8re et croustillante, garnie d\u2019une cr\u00e8me onctueuse au pralin\u00e9.    &nbsp;\" \/>\n<meta property=\"og:url\" content=\"https:\/\/www.saltpepper.fr\/en\/product\/26-07-10h-atelier-paris-brest\/\" \/>\n<meta property=\"og:site_name\" content=\"Salt &amp; Pepper\" \/>\n<meta property=\"article:publisher\" content=\"https:\/\/www.facebook.com\/saltandpepper.dijon\/\" \/>\n<meta property=\"article:modified_time\" content=\"2026-05-10T17:51:05+00:00\" \/>\n<meta property=\"og:image\" content=\"https:\/\/www.saltpepper.fr\/wp-content\/uploads\/2026\/02\/ChatGPT-Image-5-fevr.-2026-a-16_03_38-1024x683.png\" \/>\n\t<meta property=\"og:image:width\" content=\"1024\" \/>\n\t<meta property=\"og:image:height\" content=\"683\" \/>\n\t<meta property=\"og:image:type\" content=\"image\/png\" \/>\n<meta name=\"twitter:card\" content=\"summary_large_image\" \/>\n<meta name=\"twitter:label1\" content=\"Est. reading time\" \/>\n\t<meta name=\"twitter:data1\" content=\"1 minute\" \/>\n<script type=\"application\/ld+json\" class=\"yoast-schema-graph\">{\"@context\":\"https:\\\/\\\/schema.org\",\"@graph\":[{\"@type\":\"WebPage\",\"@id\":\"https:\\\/\\\/www.saltpepper.fr\\\/produit\\\/26-07-10h-atelier-paris-brest\\\/\",\"url\":\"https:\\\/\\\/www.saltpepper.fr\\\/produit\\\/26-07-10h-atelier-paris-brest\\\/\",\"name\":\"26\\\/07 - 10h - Atelier Paris Brest - Salt &amp; Pepper\",\"isPartOf\":{\"@id\":\"https:\\\/\\\/www.saltpepper.fr\\\/#website\"},\"primaryImageOfPage\":{\"@id\":\"https:\\\/\\\/www.saltpepper.fr\\\/produit\\\/26-07-10h-atelier-paris-brest\\\/#primaryimage\"},\"image\":{\"@id\":\"https:\\\/\\\/www.saltpepper.fr\\\/produit\\\/26-07-10h-atelier-paris-brest\\\/#primaryimage\"},\"thumbnailUrl\":\"https:\\\/\\\/www.saltpepper.fr\\\/wp-content\\\/uploads\\\/2026\\\/02\\\/ChatGPT-Image-5-fevr.-2026-a-16_03_38.png\",\"datePublished\":\"2026-04-13T14:34:30+00:00\",\"dateModified\":\"2026-05-10T17:51:05+00:00\",\"breadcrumb\":{\"@id\":\"https:\\\/\\\/www.saltpepper.fr\\\/produit\\\/26-07-10h-atelier-paris-brest\\\/#breadcrumb\"},\"inLanguage\":\"en-US\",\"potentialAction\":[{\"@type\":\"ReadAction\",\"target\":[\"https:\\\/\\\/www.saltpepper.fr\\\/produit\\\/26-07-10h-atelier-paris-brest\\\/\"]}]},{\"@type\":\"ImageObject\",\"inLanguage\":\"en-US\",\"@id\":\"https:\\\/\\\/www.saltpepper.fr\\\/produit\\\/26-07-10h-atelier-paris-brest\\\/#primaryimage\",\"url\":\"https:\\\/\\\/www.saltpepper.fr\\\/wp-content\\\/uploads\\\/2026\\\/02\\\/ChatGPT-Image-5-fevr.-2026-a-16_03_38.png\",\"contentUrl\":\"https:\\\/\\\/www.saltpepper.fr\\\/wp-content\\\/uploads\\\/2026\\\/02\\\/ChatGPT-Image-5-fevr.-2026-a-16_03_38.png\",\"width\":1536,\"height\":1024,\"caption\":\"Paris Brest garni de cr\u00e8me pralin\u00e9, amandes et sucre glace, entour\u00e9 de noisettes pour atelier culinaire chez Salt & Pepper Dijon.\"},{\"@type\":\"BreadcrumbList\",\"@id\":\"https:\\\/\\\/www.saltpepper.fr\\\/produit\\\/26-07-10h-atelier-paris-brest\\\/#breadcrumb\",\"itemListElement\":[{\"@type\":\"ListItem\",\"position\":1,\"name\":\"Accueil\",\"item\":\"https:\\\/\\\/www.saltpepper.fr\\\/\"},{\"@type\":\"ListItem\",\"position\":2,\"name\":\"Cours de cuisine\",\"item\":\"https:\\\/\\\/www.saltpepper.fr\\\/cours-de-cuisine\\\/\"},{\"@type\":\"ListItem\",\"position\":3,\"name\":\"26\\\/07 &#8211; 10h &#8211; Atelier Paris Brest\"}]},{\"@type\":\"WebSite\",\"@id\":\"https:\\\/\\\/www.saltpepper.fr\\\/#website\",\"url\":\"https:\\\/\\\/www.saltpepper.fr\\\/\",\"name\":\"Salt & Pepper\",\"description\":\"\",\"publisher\":{\"@id\":\"https:\\\/\\\/www.saltpepper.fr\\\/#organization\"},\"potentialAction\":[{\"@type\":\"SearchAction\",\"target\":{\"@type\":\"EntryPoint\",\"urlTemplate\":\"https:\\\/\\\/www.saltpepper.fr\\\/?s={search_term_string}\"},\"query-input\":{\"@type\":\"PropertyValueSpecification\",\"valueRequired\":true,\"valueName\":\"search_term_string\"}}],\"inLanguage\":\"en-US\"},{\"@type\":\"Organization\",\"@id\":\"https:\\\/\\\/www.saltpepper.fr\\\/#organization\",\"name\":\"Salt & Pepper\",\"url\":\"https:\\\/\\\/www.saltpepper.fr\\\/\",\"logo\":{\"@type\":\"ImageObject\",\"inLanguage\":\"en-US\",\"@id\":\"https:\\\/\\\/www.saltpepper.fr\\\/#\\\/schema\\\/logo\\\/image\\\/\",\"url\":\"https:\\\/\\\/www.saltpepper.fr\\\/wp-content\\\/uploads\\\/2025\\\/05\\\/SALTPEPPER_logotype_cuivre_sans_baseline.svg\",\"contentUrl\":\"https:\\\/\\\/www.saltpepper.fr\\\/wp-content\\\/uploads\\\/2025\\\/05\\\/SALTPEPPER_logotype_cuivre_sans_baseline.svg\",\"width\":1,\"height\":1,\"caption\":\"Salt & Pepper\"},\"image\":{\"@id\":\"https:\\\/\\\/www.saltpepper.fr\\\/#\\\/schema\\\/logo\\\/image\\\/\"},\"sameAs\":[\"https:\\\/\\\/www.facebook.com\\\/saltandpepper.dijon\\\/\",\"https:\\\/\\\/www.instagram.com\\\/saltpepper.dijon\\\/\",\"https:\\\/\\\/www.linkedin.com\\\/company\\\/salt-and-pepper-dijon\\\/\"]}]}<\/script>\n<!-- \/ Yoast SEO plugin. -->","yoast_head_json":{"title":"26\/07 - 10h - Atelier Paris Brest - Salt &amp; Pepper","robots":{"index":"noindex","follow":"follow"},"og_locale":"en_US","og_type":"article","og_title":"26\/07 - 10h - Atelier Paris Brest - Salt &amp; Pepper","og_description":"Grand classique de la p\u00e2tisserie fran\u00e7aise, le Paris-Brest s\u00e9duit par son alliance de textures et de saveurs : une p\u00e2te \u00e0 choux l\u00e9g\u00e8re et croustillante, garnie d\u2019une cr\u00e8me onctueuse au pralin\u00e9.    &nbsp;","og_url":"https:\/\/www.saltpepper.fr\/en\/product\/26-07-10h-atelier-paris-brest\/","og_site_name":"Salt &amp; Pepper","article_publisher":"https:\/\/www.facebook.com\/saltandpepper.dijon\/","article_modified_time":"2026-05-10T17:51:05+00:00","og_image":[{"width":1024,"height":683,"url":"https:\/\/www.saltpepper.fr\/wp-content\/uploads\/2026\/02\/ChatGPT-Image-5-fevr.-2026-a-16_03_38-1024x683.png","type":"image\/png"}],"twitter_card":"summary_large_image","twitter_misc":{"Est. reading time":"1 minute"},"schema":{"@context":"https:\/\/schema.org","@graph":[{"@type":"WebPage","@id":"https:\/\/www.saltpepper.fr\/produit\/26-07-10h-atelier-paris-brest\/","url":"https:\/\/www.saltpepper.fr\/produit\/26-07-10h-atelier-paris-brest\/","name":"26\/07 - 10h - Atelier Paris Brest - Salt &amp; Pepper","isPartOf":{"@id":"https:\/\/www.saltpepper.fr\/#website"},"primaryImageOfPage":{"@id":"https:\/\/www.saltpepper.fr\/produit\/26-07-10h-atelier-paris-brest\/#primaryimage"},"image":{"@id":"https:\/\/www.saltpepper.fr\/produit\/26-07-10h-atelier-paris-brest\/#primaryimage"},"thumbnailUrl":"https:\/\/www.saltpepper.fr\/wp-content\/uploads\/2026\/02\/ChatGPT-Image-5-fevr.-2026-a-16_03_38.png","datePublished":"2026-04-13T14:34:30+00:00","dateModified":"2026-05-10T17:51:05+00:00","breadcrumb":{"@id":"https:\/\/www.saltpepper.fr\/produit\/26-07-10h-atelier-paris-brest\/#breadcrumb"},"inLanguage":"en-US","potentialAction":[{"@type":"ReadAction","target":["https:\/\/www.saltpepper.fr\/produit\/26-07-10h-atelier-paris-brest\/"]}]},{"@type":"ImageObject","inLanguage":"en-US","@id":"https:\/\/www.saltpepper.fr\/produit\/26-07-10h-atelier-paris-brest\/#primaryimage","url":"https:\/\/www.saltpepper.fr\/wp-content\/uploads\/2026\/02\/ChatGPT-Image-5-fevr.-2026-a-16_03_38.png","contentUrl":"https:\/\/www.saltpepper.fr\/wp-content\/uploads\/2026\/02\/ChatGPT-Image-5-fevr.-2026-a-16_03_38.png","width":1536,"height":1024,"caption":"Paris Brest garni de cr\u00e8me pralin\u00e9, amandes et sucre glace, entour\u00e9 de noisettes pour atelier culinaire chez Salt & Pepper Dijon."},{"@type":"BreadcrumbList","@id":"https:\/\/www.saltpepper.fr\/produit\/26-07-10h-atelier-paris-brest\/#breadcrumb","itemListElement":[{"@type":"ListItem","position":1,"name":"Accueil","item":"https:\/\/www.saltpepper.fr\/"},{"@type":"ListItem","position":2,"name":"Cours de cuisine","item":"https:\/\/www.saltpepper.fr\/cours-de-cuisine\/"},{"@type":"ListItem","position":3,"name":"26\/07 &#8211; 10h &#8211; Atelier Paris Brest"}]},{"@type":"WebSite","@id":"https:\/\/www.saltpepper.fr\/#website","url":"https:\/\/www.saltpepper.fr\/","name":"Salt &amp; Pepper","description":"","publisher":{"@id":"https:\/\/www.saltpepper.fr\/#organization"},"potentialAction":[{"@type":"SearchAction","target":{"@type":"EntryPoint","urlTemplate":"https:\/\/www.saltpepper.fr\/?s={search_term_string}"},"query-input":{"@type":"PropertyValueSpecification","valueRequired":true,"valueName":"search_term_string"}}],"inLanguage":"en-US"},{"@type":"Organization","@id":"https:\/\/www.saltpepper.fr\/#organization","name":"Salt &amp; Pepper","url":"https:\/\/www.saltpepper.fr\/","logo":{"@type":"ImageObject","inLanguage":"en-US","@id":"https:\/\/www.saltpepper.fr\/#\/schema\/logo\/image\/","url":"https:\/\/www.saltpepper.fr\/wp-content\/uploads\/2025\/05\/SALTPEPPER_logotype_cuivre_sans_baseline.svg","contentUrl":"https:\/\/www.saltpepper.fr\/wp-content\/uploads\/2025\/05\/SALTPEPPER_logotype_cuivre_sans_baseline.svg","width":1,"height":1,"caption":"Salt & Pepper"},"image":{"@id":"https:\/\/www.saltpepper.fr\/#\/schema\/logo\/image\/"},"sameAs":["https:\/\/www.facebook.com\/saltandpepper.dijon\/","https:\/\/www.instagram.com\/saltpepper.dijon\/","https:\/\/www.linkedin.com\/company\/salt-and-pepper-dijon\/"]}]}},"jetpack_sharing_enabled":true,"_links":{"self":[{"href":"https:\/\/www.saltpepper.fr\/en\/wp-json\/wp\/v2\/product\/3412","targetHints":{"allow":["GET"]}}],"collection":[{"href":"https:\/\/www.saltpepper.fr\/en\/wp-json\/wp\/v2\/product"}],"about":[{"href":"https:\/\/www.saltpepper.fr\/en\/wp-json\/wp\/v2\/types\/product"}],"wp:featuredmedia":[{"embeddable":true,"href":"https:\/\/www.saltpepper.fr\/en\/wp-json\/wp\/v2\/media\/2566"}],"wp:attachment":[{"href":"https:\/\/www.saltpepper.fr\/en\/wp-json\/wp\/v2\/media?parent=3412"}],"wp:term":[{"taxonomy":"duree","embeddable":true,"href":"https:\/\/www.saltpepper.fr\/en\/wp-json\/wp\/v2\/duree?post=3412"},{"taxonomy":"nom-de-cours","embeddable":true,"href":"https:\/\/www.saltpepper.fr\/en\/wp-json\/wp\/v2\/nom-de-cours?post=3412"},{"taxonomy":"thematique","embeddable":true,"href":"https:\/\/www.saltpepper.fr\/en\/wp-json\/wp\/v2\/thematique?post=3412"},{"taxonomy":"product_brand","embeddable":true,"href":"https:\/\/www.saltpepper.fr\/en\/wp-json\/wp\/v2\/product_brand?post=3412"},{"taxonomy":"product_cat","embeddable":true,"href":"https:\/\/www.saltpepper.fr\/en\/wp-json\/wp\/v2\/product_cat?post=3412"},{"taxonomy":"product_tag","embeddable":true,"href":"https:\/\/www.saltpepper.fr\/en\/wp-json\/wp\/v2\/product_tag?post=3412"}],"curies":[{"name":"wp","href":"https:\/\/api.w.org\/{rel}","templated":true}]}}