{"id":3411,"date":"2026-04-13T16:31:11","date_gmt":"2026-04-13T14:31:11","guid":{"rendered":"https:\/\/www.saltpepper.fr\/?post_type=product&#038;p=3411"},"modified":"2026-05-06T11:40:23","modified_gmt":"2026-05-06T09:40:23","slug":"july-25th-6-pm-thai-cooking-workshop","status":"publish","type":"product","link":"https:\/\/www.saltpepper.fr\/en\/produit\/25-07-18h-atelier-cuisine-thailandaise\/","title":{"rendered":"July 25th \u2013 6 PM \u2013 Thai Cooking Workshop"},"content":{"rendered":"<p data-start=\"333\" data-end=\"581\">Lors de cet atelier, vous apprendrez \u00e0 r\u00e9aliser plusieurs sp\u00e9cialit\u00e9s embl\u00e9matiques de la cuisine tha\u00eflandaise, en d\u00e9couvrant les bases essentielles : pr\u00e9paration des p\u00e2tes aromatiques, gestion des cuissons rapides et \u00e9quilibre des assaisonnements.<\/p>\n<p data-start=\"583\" data-end=\"783\">Vous explorerez l\u2019utilisation d\u2019ingr\u00e9dients typiques tels que citronnelle, gingembre, coriandre, lait de coco ou sauce poisson, tout en comprenant comment construire des plats harmonieux et savoureux<\/p>\n<h4 data-start=\"908\" data-end=\"948\">Les 3 points cl\u00e9s de l\u2019atelier :<\/h4>\n<ul data-start=\"950\" data-end=\"1179\">\n<li data-section-id=\"az41ds\" data-start=\"950\" data-end=\"1020\"><strong data-start=\"952\" data-end=\"986\">L\u2019\u00e9quilibre des saveurs tha\u00efes<\/strong> : sucr\u00e9, sal\u00e9, acide et piment\u00e9<\/li>\n<li data-section-id=\"1nzfjcq\" data-start=\"1021\" data-end=\"1094\"><strong data-start=\"1023\" data-end=\"1048\">Les bases aromatiques<\/strong> : herbes fra\u00eeches, \u00e9pices et p\u00e2tes de curry<\/li>\n<li data-section-id=\"u4fs5p\" data-start=\"1095\" data-end=\"1179\"><strong data-start=\"1097\" data-end=\"1132\">Les cuissons rapides &amp; pr\u00e9cises<\/strong> : pr\u00e9server textures, fra\u00eecheur et intensit\u00e9<\/li>\n<\/ul>","protected":false},"excerpt":{"rendered":"<p>Thai cuisine is renowned for its subtle balance of flavors: sweet, salty, sour, and spicy. Rich in fresh herbs, spices, and contrasts, it offers an intense and refined taste experience.<\/p>","protected":false},"featured_media":2627,"template":"","meta":{"_acf_changed":false},"duree":[32],"nom-de-cours":[55],"thematique":[63],"product_brand":[],"product_cat":[68],"product_tag":[],"class_list":{"0":"post-3411","1":"product","2":"type-product","3":"status-publish","4":"has-post-thumbnail","6":"duree-4h","7":"nom-de-cours-atelier-cuisine-thailandaise","8":"thematique-cuisine-du-monde","9":"product_cat-cuisine","11":"first","12":"instock","13":"virtual","14":"taxable","15":"purchasable","16":"product-type-simple"},"acf":[],"yoast_head":"<!-- This site is optimized with the Yoast SEO plugin v27.5 - https:\/\/yoast.com\/product\/yoast-seo-wordpress\/ -->\n<title>25\/07 - 18h - Atelier Cuisine Tha\u00eflandaise - Salt &amp; Pepper<\/title>\n<meta name=\"robots\" content=\"noindex, follow\" \/>\n<meta property=\"og:locale\" content=\"en_US\" \/>\n<meta property=\"og:type\" content=\"article\" \/>\n<meta property=\"og:title\" content=\"25\/07 - 18h - Atelier Cuisine Tha\u00eflandaise - Salt &amp; Pepper\" \/>\n<meta property=\"og:description\" content=\"La cuisine tha\u00eflandaise est r\u00e9put\u00e9e pour son \u00e9quilibre subtil entre les saveurs : sucr\u00e9, sal\u00e9, acide et piment\u00e9. Riche en herbes fra\u00eeches, en \u00e9pices et en contrastes, elle offre une exp\u00e9rience gustative intense et raffin\u00e9e.\" \/>\n<meta property=\"og:url\" content=\"https:\/\/www.saltpepper.fr\/en\/product\/july-25th-6-pm-thai-cooking-workshop\/\" \/>\n<meta property=\"og:site_name\" content=\"Salt &amp; Pepper\" \/>\n<meta property=\"article:publisher\" content=\"https:\/\/www.facebook.com\/saltandpepper.dijon\/\" \/>\n<meta property=\"article:modified_time\" content=\"2026-05-06T09:40:23+00:00\" \/>\n<meta property=\"og:image\" content=\"https:\/\/www.saltpepper.fr\/wp-content\/uploads\/2026\/02\/thai-1024x683.png\" \/>\n\t<meta property=\"og:image:width\" content=\"1024\" \/>\n\t<meta property=\"og:image:height\" content=\"683\" \/>\n\t<meta property=\"og:image:type\" content=\"image\/png\" \/>\n<meta name=\"twitter:card\" content=\"summary_large_image\" \/>\n<meta name=\"twitter:label1\" content=\"Est. reading time\" \/>\n\t<meta name=\"twitter:data1\" content=\"1 minute\" \/>\n<script type=\"application\/ld+json\" class=\"yoast-schema-graph\">{\"@context\":\"https:\\\/\\\/schema.org\",\"@graph\":[{\"@type\":\"WebPage\",\"@id\":\"https:\\\/\\\/www.saltpepper.fr\\\/produit\\\/25-07-18h-atelier-cuisine-thailandaise\\\/\",\"url\":\"https:\\\/\\\/www.saltpepper.fr\\\/produit\\\/25-07-18h-atelier-cuisine-thailandaise\\\/\",\"name\":\"25\\\/07 - 18h - Atelier Cuisine Tha\u00eflandaise - Salt &amp; Pepper\",\"isPartOf\":{\"@id\":\"https:\\\/\\\/www.saltpepper.fr\\\/#website\"},\"primaryImageOfPage\":{\"@id\":\"https:\\\/\\\/www.saltpepper.fr\\\/produit\\\/25-07-18h-atelier-cuisine-thailandaise\\\/#primaryimage\"},\"image\":{\"@id\":\"https:\\\/\\\/www.saltpepper.fr\\\/produit\\\/25-07-18h-atelier-cuisine-thailandaise\\\/#primaryimage\"},\"thumbnailUrl\":\"https:\\\/\\\/www.saltpepper.fr\\\/wp-content\\\/uploads\\\/2026\\\/02\\\/thai.png\",\"datePublished\":\"2026-04-13T14:31:11+00:00\",\"dateModified\":\"2026-05-06T09:40:23+00:00\",\"breadcrumb\":{\"@id\":\"https:\\\/\\\/www.saltpepper.fr\\\/produit\\\/25-07-18h-atelier-cuisine-thailandaise\\\/#breadcrumb\"},\"inLanguage\":\"en-US\",\"potentialAction\":[{\"@type\":\"ReadAction\",\"target\":[\"https:\\\/\\\/www.saltpepper.fr\\\/produit\\\/25-07-18h-atelier-cuisine-thailandaise\\\/\"]}]},{\"@type\":\"ImageObject\",\"inLanguage\":\"en-US\",\"@id\":\"https:\\\/\\\/www.saltpepper.fr\\\/produit\\\/25-07-18h-atelier-cuisine-thailandaise\\\/#primaryimage\",\"url\":\"https:\\\/\\\/www.saltpepper.fr\\\/wp-content\\\/uploads\\\/2026\\\/02\\\/thai.png\",\"contentUrl\":\"https:\\\/\\\/www.saltpepper.fr\\\/wp-content\\\/uploads\\\/2026\\\/02\\\/thai.png\",\"width\":1536,\"height\":1024,\"caption\":\"Assortiment tha\u00ef : soupe tom yum crevettes, pad tha\u00ef, salade papaye verte, mangue sticky rice et condiments pour atelier cuisine.\"},{\"@type\":\"BreadcrumbList\",\"@id\":\"https:\\\/\\\/www.saltpepper.fr\\\/produit\\\/25-07-18h-atelier-cuisine-thailandaise\\\/#breadcrumb\",\"itemListElement\":[{\"@type\":\"ListItem\",\"position\":1,\"name\":\"Accueil\",\"item\":\"https:\\\/\\\/www.saltpepper.fr\\\/\"},{\"@type\":\"ListItem\",\"position\":2,\"name\":\"Cours de cuisine\",\"item\":\"https:\\\/\\\/www.saltpepper.fr\\\/cours-de-cuisine\\\/\"},{\"@type\":\"ListItem\",\"position\":3,\"name\":\"25\\\/07 &#8211; 18h &#8211; Atelier Cuisine Tha\u00eflandaise\"}]},{\"@type\":\"WebSite\",\"@id\":\"https:\\\/\\\/www.saltpepper.fr\\\/#website\",\"url\":\"https:\\\/\\\/www.saltpepper.fr\\\/\",\"name\":\"Salt & Pepper\",\"description\":\"\",\"publisher\":{\"@id\":\"https:\\\/\\\/www.saltpepper.fr\\\/#organization\"},\"potentialAction\":[{\"@type\":\"SearchAction\",\"target\":{\"@type\":\"EntryPoint\",\"urlTemplate\":\"https:\\\/\\\/www.saltpepper.fr\\\/?s={search_term_string}\"},\"query-input\":{\"@type\":\"PropertyValueSpecification\",\"valueRequired\":true,\"valueName\":\"search_term_string\"}}],\"inLanguage\":\"en-US\"},{\"@type\":\"Organization\",\"@id\":\"https:\\\/\\\/www.saltpepper.fr\\\/#organization\",\"name\":\"Salt & Pepper\",\"url\":\"https:\\\/\\\/www.saltpepper.fr\\\/\",\"logo\":{\"@type\":\"ImageObject\",\"inLanguage\":\"en-US\",\"@id\":\"https:\\\/\\\/www.saltpepper.fr\\\/#\\\/schema\\\/logo\\\/image\\\/\",\"url\":\"https:\\\/\\\/www.saltpepper.fr\\\/wp-content\\\/uploads\\\/2025\\\/05\\\/SALTPEPPER_logotype_cuivre_sans_baseline.svg\",\"contentUrl\":\"https:\\\/\\\/www.saltpepper.fr\\\/wp-content\\\/uploads\\\/2025\\\/05\\\/SALTPEPPER_logotype_cuivre_sans_baseline.svg\",\"width\":1,\"height\":1,\"caption\":\"Salt & Pepper\"},\"image\":{\"@id\":\"https:\\\/\\\/www.saltpepper.fr\\\/#\\\/schema\\\/logo\\\/image\\\/\"},\"sameAs\":[\"https:\\\/\\\/www.facebook.com\\\/saltandpepper.dijon\\\/\",\"https:\\\/\\\/www.instagram.com\\\/saltpepper.dijon\\\/\",\"https:\\\/\\\/www.linkedin.com\\\/company\\\/salt-and-pepper-dijon\\\/\"]}]}<\/script>\n<!-- \/ Yoast SEO plugin. -->","yoast_head_json":{"title":"07\/25 - 6 PM - Thai Cooking Workshop - Salt &amp; Pepper","robots":{"index":"noindex","follow":"follow"},"og_locale":"en_US","og_type":"article","og_title":"25\/07 - 18h - Atelier Cuisine Tha\u00eflandaise - Salt &amp; Pepper","og_description":"La cuisine tha\u00eflandaise est r\u00e9put\u00e9e pour son \u00e9quilibre subtil entre les saveurs : sucr\u00e9, sal\u00e9, acide et piment\u00e9. Riche en herbes fra\u00eeches, en \u00e9pices et en contrastes, elle offre une exp\u00e9rience gustative intense et raffin\u00e9e.","og_url":"https:\/\/www.saltpepper.fr\/en\/product\/july-25th-6-pm-thai-cooking-workshop\/","og_site_name":"Salt &amp; Pepper","article_publisher":"https:\/\/www.facebook.com\/saltandpepper.dijon\/","article_modified_time":"2026-05-06T09:40:23+00:00","og_image":[{"width":1024,"height":683,"url":"https:\/\/www.saltpepper.fr\/wp-content\/uploads\/2026\/02\/thai-1024x683.png","type":"image\/png"}],"twitter_card":"summary_large_image","twitter_misc":{"Est. reading time":"1 minute"},"schema":{"@context":"https:\/\/schema.org","@graph":[{"@type":"WebPage","@id":"https:\/\/www.saltpepper.fr\/produit\/25-07-18h-atelier-cuisine-thailandaise\/","url":"https:\/\/www.saltpepper.fr\/produit\/25-07-18h-atelier-cuisine-thailandaise\/","name":"07\/25 - 6 PM - Thai Cooking Workshop - Salt &amp; Pepper","isPartOf":{"@id":"https:\/\/www.saltpepper.fr\/#website"},"primaryImageOfPage":{"@id":"https:\/\/www.saltpepper.fr\/produit\/25-07-18h-atelier-cuisine-thailandaise\/#primaryimage"},"image":{"@id":"https:\/\/www.saltpepper.fr\/produit\/25-07-18h-atelier-cuisine-thailandaise\/#primaryimage"},"thumbnailUrl":"https:\/\/www.saltpepper.fr\/wp-content\/uploads\/2026\/02\/thai.png","datePublished":"2026-04-13T14:31:11+00:00","dateModified":"2026-05-06T09:40:23+00:00","breadcrumb":{"@id":"https:\/\/www.saltpepper.fr\/produit\/25-07-18h-atelier-cuisine-thailandaise\/#breadcrumb"},"inLanguage":"en-US","potentialAction":[{"@type":"ReadAction","target":["https:\/\/www.saltpepper.fr\/produit\/25-07-18h-atelier-cuisine-thailandaise\/"]}]},{"@type":"ImageObject","inLanguage":"en-US","@id":"https:\/\/www.saltpepper.fr\/produit\/25-07-18h-atelier-cuisine-thailandaise\/#primaryimage","url":"https:\/\/www.saltpepper.fr\/wp-content\/uploads\/2026\/02\/thai.png","contentUrl":"https:\/\/www.saltpepper.fr\/wp-content\/uploads\/2026\/02\/thai.png","width":1536,"height":1024,"caption":"Assortiment tha\u00ef : soupe tom yum crevettes, pad tha\u00ef, salade papaye verte, mangue sticky rice et condiments pour atelier cuisine."},{"@type":"BreadcrumbList","@id":"https:\/\/www.saltpepper.fr\/produit\/25-07-18h-atelier-cuisine-thailandaise\/#breadcrumb","itemListElement":[{"@type":"ListItem","position":1,"name":"Accueil","item":"https:\/\/www.saltpepper.fr\/"},{"@type":"ListItem","position":2,"name":"Cours de cuisine","item":"https:\/\/www.saltpepper.fr\/cours-de-cuisine\/"},{"@type":"ListItem","position":3,"name":"25\/07 &#8211; 18h &#8211; Atelier Cuisine Tha\u00eflandaise"}]},{"@type":"WebSite","@id":"https:\/\/www.saltpepper.fr\/#website","url":"https:\/\/www.saltpepper.fr\/","name":"Salt &amp; Pepper","description":"","publisher":{"@id":"https:\/\/www.saltpepper.fr\/#organization"},"potentialAction":[{"@type":"SearchAction","target":{"@type":"EntryPoint","urlTemplate":"https:\/\/www.saltpepper.fr\/?s={search_term_string}"},"query-input":{"@type":"PropertyValueSpecification","valueRequired":true,"valueName":"search_term_string"}}],"inLanguage":"en-US"},{"@type":"Organization","@id":"https:\/\/www.saltpepper.fr\/#organization","name":"Salt &amp; Pepper","url":"https:\/\/www.saltpepper.fr\/","logo":{"@type":"ImageObject","inLanguage":"en-US","@id":"https:\/\/www.saltpepper.fr\/#\/schema\/logo\/image\/","url":"https:\/\/www.saltpepper.fr\/wp-content\/uploads\/2025\/05\/SALTPEPPER_logotype_cuivre_sans_baseline.svg","contentUrl":"https:\/\/www.saltpepper.fr\/wp-content\/uploads\/2025\/05\/SALTPEPPER_logotype_cuivre_sans_baseline.svg","width":1,"height":1,"caption":"Salt & Pepper"},"image":{"@id":"https:\/\/www.saltpepper.fr\/#\/schema\/logo\/image\/"},"sameAs":["https:\/\/www.facebook.com\/saltandpepper.dijon\/","https:\/\/www.instagram.com\/saltpepper.dijon\/","https:\/\/www.linkedin.com\/company\/salt-and-pepper-dijon\/"]}]}},"jetpack_sharing_enabled":true,"_links":{"self":[{"href":"https:\/\/www.saltpepper.fr\/en\/wp-json\/wp\/v2\/product\/3411","targetHints":{"allow":["GET"]}}],"collection":[{"href":"https:\/\/www.saltpepper.fr\/en\/wp-json\/wp\/v2\/product"}],"about":[{"href":"https:\/\/www.saltpepper.fr\/en\/wp-json\/wp\/v2\/types\/product"}],"wp:featuredmedia":[{"embeddable":true,"href":"https:\/\/www.saltpepper.fr\/en\/wp-json\/wp\/v2\/media\/2627"}],"wp:attachment":[{"href":"https:\/\/www.saltpepper.fr\/en\/wp-json\/wp\/v2\/media?parent=3411"}],"wp:term":[{"taxonomy":"duree","embeddable":true,"href":"https:\/\/www.saltpepper.fr\/en\/wp-json\/wp\/v2\/duree?post=3411"},{"taxonomy":"nom-de-cours","embeddable":true,"href":"https:\/\/www.saltpepper.fr\/en\/wp-json\/wp\/v2\/nom-de-cours?post=3411"},{"taxonomy":"thematique","embeddable":true,"href":"https:\/\/www.saltpepper.fr\/en\/wp-json\/wp\/v2\/thematique?post=3411"},{"taxonomy":"product_brand","embeddable":true,"href":"https:\/\/www.saltpepper.fr\/en\/wp-json\/wp\/v2\/product_brand?post=3411"},{"taxonomy":"product_cat","embeddable":true,"href":"https:\/\/www.saltpepper.fr\/en\/wp-json\/wp\/v2\/product_cat?post=3411"},{"taxonomy":"product_tag","embeddable":true,"href":"https:\/\/www.saltpepper.fr\/en\/wp-json\/wp\/v2\/product_tag?post=3411"}],"curies":[{"name":"wp","href":"https:\/\/api.w.org\/{rel}","templated":true}]}}