{"id":3409,"date":"2026-04-13T16:27:28","date_gmt":"2026-04-13T14:27:28","guid":{"rendered":"https:\/\/www.saltpepper.fr\/?post_type=product&#038;p=3409"},"modified":"2026-05-06T11:40:31","modified_gmt":"2026-05-06T09:40:31","slug":"25-07-10h-atelier-fraisier","status":"publish","type":"product","link":"https:\/\/www.saltpepper.fr\/en\/produit\/25-07-10h-atelier-fraisier\/","title":{"rendered":"25\/07 &#8211; 10h &#8211; Atelier Fraisier"},"content":{"rendered":"<div class=\"re-c-1rb9ga1\">\n<p data-start=\"343\" data-end=\"548\">Lors de cet atelier, vous apprendrez \u00e0 r\u00e9aliser un fraisier de A \u00e0 Z, en travaillant chaque \u00e9l\u00e9ment : biscuit, cr\u00e8me, montage et finitions. L\u2019objectif est de comprendre les bases essentielles pour obtenir un dessert \u00e9quilibr\u00e9, aussi beau que savoureux.<\/p>\n<p data-start=\"343\" data-end=\"548\">Vous d\u00e9couvrirez comment s\u00e9lectionner et pr\u00e9parer les fraises, r\u00e9aliser une cr\u00e8me l\u00e9g\u00e8re et stable, et monter un fraisier r\u00e9gulier avec un rendu visuel soign\u00e9.<\/p>\n<p data-start=\"550\" data-end=\"731\">Les 3 points cl\u00e9s :<\/p>\n<ul>\n<li><strong data-start=\"911\" data-end=\"936\">Les bases p\u00e2tissi\u00e8res<\/strong> : biscuit moelleux, cr\u00e8me onctueuse et \u00e9quilibre des textures<\/li>\n<li><strong data-start=\"1003\" data-end=\"1024\">Le montage pr\u00e9cis<\/strong> : r\u00e9gularit\u00e9, tenue et visuel du fraisier<\/li>\n<li><strong data-start=\"1071\" data-end=\"1105\">La mise en valeur de la fraise<\/strong> : fra\u00eecheur, d\u00e9coupe et harmonie des saveurs<\/li>\n<\/ul>\n<\/div>","protected":false},"excerpt":{"rendered":"<p>An icon of French pastry, the fraisier is a dessert that is both elegant and indulgent, celebrating the freshness and delicacy of strawberries. Between a moist sponge cake, creamy filling, and fresh fruit, it requires precision and mastery of techniques.<\/p>","protected":false},"featured_media":3410,"template":"","meta":{"_acf_changed":false},"duree":[30],"nom-de-cours":[125],"thematique":[66],"product_brand":[],"product_cat":[70],"product_tag":[],"class_list":{"0":"post-3409","1":"product","2":"type-product","3":"status-publish","4":"has-post-thumbnail","6":"duree-3h","7":"nom-de-cours-atelier-fraisier","8":"thematique-patisserie","9":"product_cat-patisserie","11":"first","12":"instock","13":"virtual","14":"taxable","15":"purchasable","16":"product-type-simple"},"acf":[],"yoast_head":"<!-- This site is optimized with the Yoast SEO plugin v27.5 - https:\/\/yoast.com\/product\/yoast-seo-wordpress\/ -->\n<title>25\/07 - 10h - Atelier Fraisier - Salt &amp; Pepper<\/title>\n<meta name=\"robots\" content=\"noindex, follow\" \/>\n<meta property=\"og:locale\" content=\"en_US\" \/>\n<meta property=\"og:type\" content=\"article\" \/>\n<meta property=\"og:title\" content=\"25\/07 - 10h - Atelier Fraisier - Salt &amp; Pepper\" \/>\n<meta property=\"og:description\" content=\"Ic\u00f4ne de la p\u00e2tisserie fran\u00e7aise, le fraisier est un dessert \u00e0 la fois \u00e9l\u00e9gant et gourmand, mettant \u00e0 l\u2019honneur la fra\u00eecheur et la d\u00e9licatesse de la fraise. Entre biscuit moelleux, cr\u00e8me onctueuse et fruits frais, il demande pr\u00e9cision et ma\u00eetrise des techniques.\" \/>\n<meta property=\"og:url\" content=\"https:\/\/www.saltpepper.fr\/en\/product\/25-07-10h-atelier-fraisier\/\" \/>\n<meta property=\"og:site_name\" content=\"Salt &amp; Pepper\" \/>\n<meta property=\"article:publisher\" content=\"https:\/\/www.facebook.com\/saltandpepper.dijon\/\" \/>\n<meta property=\"article:modified_time\" content=\"2026-05-06T09:40:31+00:00\" \/>\n<meta property=\"og:image\" content=\"https:\/\/www.saltpepper.fr\/wp-content\/uploads\/2026\/04\/fraisier-1024x683.png\" \/>\n\t<meta property=\"og:image:width\" content=\"1024\" \/>\n\t<meta property=\"og:image:height\" content=\"683\" \/>\n\t<meta property=\"og:image:type\" content=\"image\/png\" \/>\n<meta name=\"twitter:card\" content=\"summary_large_image\" \/>\n<meta name=\"twitter:label1\" content=\"Est. reading time\" \/>\n\t<meta name=\"twitter:data1\" content=\"1 minute\" \/>\n<script type=\"application\/ld+json\" class=\"yoast-schema-graph\">{\"@context\":\"https:\\\/\\\/schema.org\",\"@graph\":[{\"@type\":\"WebPage\",\"@id\":\"https:\\\/\\\/www.saltpepper.fr\\\/produit\\\/25-07-10h-atelier-fraisier\\\/\",\"url\":\"https:\\\/\\\/www.saltpepper.fr\\\/produit\\\/25-07-10h-atelier-fraisier\\\/\",\"name\":\"25\\\/07 - 10h - Atelier Fraisier - Salt &amp; Pepper\",\"isPartOf\":{\"@id\":\"https:\\\/\\\/www.saltpepper.fr\\\/#website\"},\"primaryImageOfPage\":{\"@id\":\"https:\\\/\\\/www.saltpepper.fr\\\/produit\\\/25-07-10h-atelier-fraisier\\\/#primaryimage\"},\"image\":{\"@id\":\"https:\\\/\\\/www.saltpepper.fr\\\/produit\\\/25-07-10h-atelier-fraisier\\\/#primaryimage\"},\"thumbnailUrl\":\"https:\\\/\\\/www.saltpepper.fr\\\/wp-content\\\/uploads\\\/2026\\\/04\\\/fraisier.png\",\"datePublished\":\"2026-04-13T14:27:28+00:00\",\"dateModified\":\"2026-05-06T09:40:31+00:00\",\"breadcrumb\":{\"@id\":\"https:\\\/\\\/www.saltpepper.fr\\\/produit\\\/25-07-10h-atelier-fraisier\\\/#breadcrumb\"},\"inLanguage\":\"en-US\",\"potentialAction\":[{\"@type\":\"ReadAction\",\"target\":[\"https:\\\/\\\/www.saltpepper.fr\\\/produit\\\/25-07-10h-atelier-fraisier\\\/\"]}]},{\"@type\":\"ImageObject\",\"inLanguage\":\"en-US\",\"@id\":\"https:\\\/\\\/www.saltpepper.fr\\\/produit\\\/25-07-10h-atelier-fraisier\\\/#primaryimage\",\"url\":\"https:\\\/\\\/www.saltpepper.fr\\\/wp-content\\\/uploads\\\/2026\\\/04\\\/fraisier.png\",\"contentUrl\":\"https:\\\/\\\/www.saltpepper.fr\\\/wp-content\\\/uploads\\\/2026\\\/04\\\/fraisier.png\",\"width\":1536,\"height\":1024,\"caption\":\"Un g\u00e2teau rond aux fraises du 25\\\/07 - 10h - Atelier Fraisier, garni de fraises fra\u00eeches, de cr\u00e8me fouett\u00e9e, de fraises en tranches sur les c\u00f4t\u00e9s et de pistaches concass\u00e9es ; pr\u00e9sent\u00e9 avec des bols de fraises Salt & Pepper et de pistaches \u00e0 proximit\u00e9.\"},{\"@type\":\"BreadcrumbList\",\"@id\":\"https:\\\/\\\/www.saltpepper.fr\\\/produit\\\/25-07-10h-atelier-fraisier\\\/#breadcrumb\",\"itemListElement\":[{\"@type\":\"ListItem\",\"position\":1,\"name\":\"Accueil\",\"item\":\"https:\\\/\\\/www.saltpepper.fr\\\/\"},{\"@type\":\"ListItem\",\"position\":2,\"name\":\"Cours de cuisine\",\"item\":\"https:\\\/\\\/www.saltpepper.fr\\\/cours-de-cuisine\\\/\"},{\"@type\":\"ListItem\",\"position\":3,\"name\":\"25\\\/07 &#8211; 10h &#8211; Atelier Fraisier\"}]},{\"@type\":\"WebSite\",\"@id\":\"https:\\\/\\\/www.saltpepper.fr\\\/#website\",\"url\":\"https:\\\/\\\/www.saltpepper.fr\\\/\",\"name\":\"Salt & Pepper\",\"description\":\"\",\"publisher\":{\"@id\":\"https:\\\/\\\/www.saltpepper.fr\\\/#organization\"},\"potentialAction\":[{\"@type\":\"SearchAction\",\"target\":{\"@type\":\"EntryPoint\",\"urlTemplate\":\"https:\\\/\\\/www.saltpepper.fr\\\/?s={search_term_string}\"},\"query-input\":{\"@type\":\"PropertyValueSpecification\",\"valueRequired\":true,\"valueName\":\"search_term_string\"}}],\"inLanguage\":\"en-US\"},{\"@type\":\"Organization\",\"@id\":\"https:\\\/\\\/www.saltpepper.fr\\\/#organization\",\"name\":\"Salt & Pepper\",\"url\":\"https:\\\/\\\/www.saltpepper.fr\\\/\",\"logo\":{\"@type\":\"ImageObject\",\"inLanguage\":\"en-US\",\"@id\":\"https:\\\/\\\/www.saltpepper.fr\\\/#\\\/schema\\\/logo\\\/image\\\/\",\"url\":\"https:\\\/\\\/www.saltpepper.fr\\\/wp-content\\\/uploads\\\/2025\\\/05\\\/SALTPEPPER_logotype_cuivre_sans_baseline.svg\",\"contentUrl\":\"https:\\\/\\\/www.saltpepper.fr\\\/wp-content\\\/uploads\\\/2025\\\/05\\\/SALTPEPPER_logotype_cuivre_sans_baseline.svg\",\"width\":1,\"height\":1,\"caption\":\"Salt & Pepper\"},\"image\":{\"@id\":\"https:\\\/\\\/www.saltpepper.fr\\\/#\\\/schema\\\/logo\\\/image\\\/\"},\"sameAs\":[\"https:\\\/\\\/www.facebook.com\\\/saltandpepper.dijon\\\/\",\"https:\\\/\\\/www.instagram.com\\\/saltpepper.dijon\\\/\",\"https:\\\/\\\/www.linkedin.com\\\/company\\\/salt-and-pepper-dijon\\\/\"]}]}<\/script>\n<!-- \/ Yoast SEO plugin. -->","yoast_head_json":{"title":"25\/07 - 10h - Atelier Fraisier - Salt &amp; Pepper","robots":{"index":"noindex","follow":"follow"},"og_locale":"en_US","og_type":"article","og_title":"25\/07 - 10h - Atelier Fraisier - Salt &amp; Pepper","og_description":"Ic\u00f4ne de la p\u00e2tisserie fran\u00e7aise, le fraisier est un dessert \u00e0 la fois \u00e9l\u00e9gant et gourmand, mettant \u00e0 l\u2019honneur la fra\u00eecheur et la d\u00e9licatesse de la fraise. Entre biscuit moelleux, cr\u00e8me onctueuse et fruits frais, il demande pr\u00e9cision et ma\u00eetrise des techniques.","og_url":"https:\/\/www.saltpepper.fr\/en\/product\/25-07-10h-atelier-fraisier\/","og_site_name":"Salt &amp; Pepper","article_publisher":"https:\/\/www.facebook.com\/saltandpepper.dijon\/","article_modified_time":"2026-05-06T09:40:31+00:00","og_image":[{"width":1024,"height":683,"url":"https:\/\/www.saltpepper.fr\/wp-content\/uploads\/2026\/04\/fraisier-1024x683.png","type":"image\/png"}],"twitter_card":"summary_large_image","twitter_misc":{"Est. reading time":"1 minute"},"schema":{"@context":"https:\/\/schema.org","@graph":[{"@type":"WebPage","@id":"https:\/\/www.saltpepper.fr\/produit\/25-07-10h-atelier-fraisier\/","url":"https:\/\/www.saltpepper.fr\/produit\/25-07-10h-atelier-fraisier\/","name":"25\/07 - 10h - Atelier Fraisier - Salt &amp; Pepper","isPartOf":{"@id":"https:\/\/www.saltpepper.fr\/#website"},"primaryImageOfPage":{"@id":"https:\/\/www.saltpepper.fr\/produit\/25-07-10h-atelier-fraisier\/#primaryimage"},"image":{"@id":"https:\/\/www.saltpepper.fr\/produit\/25-07-10h-atelier-fraisier\/#primaryimage"},"thumbnailUrl":"https:\/\/www.saltpepper.fr\/wp-content\/uploads\/2026\/04\/fraisier.png","datePublished":"2026-04-13T14:27:28+00:00","dateModified":"2026-05-06T09:40:31+00:00","breadcrumb":{"@id":"https:\/\/www.saltpepper.fr\/produit\/25-07-10h-atelier-fraisier\/#breadcrumb"},"inLanguage":"en-US","potentialAction":[{"@type":"ReadAction","target":["https:\/\/www.saltpepper.fr\/produit\/25-07-10h-atelier-fraisier\/"]}]},{"@type":"ImageObject","inLanguage":"en-US","@id":"https:\/\/www.saltpepper.fr\/produit\/25-07-10h-atelier-fraisier\/#primaryimage","url":"https:\/\/www.saltpepper.fr\/wp-content\/uploads\/2026\/04\/fraisier.png","contentUrl":"https:\/\/www.saltpepper.fr\/wp-content\/uploads\/2026\/04\/fraisier.png","width":1536,"height":1024,"caption":"Un g\u00e2teau rond aux fraises du 25\/07 - 10h - Atelier Fraisier, garni de fraises fra\u00eeches, de cr\u00e8me fouett\u00e9e, de fraises en tranches sur les c\u00f4t\u00e9s et de pistaches concass\u00e9es ; pr\u00e9sent\u00e9 avec des bols de fraises Salt & Pepper et de pistaches \u00e0 proximit\u00e9."},{"@type":"BreadcrumbList","@id":"https:\/\/www.saltpepper.fr\/produit\/25-07-10h-atelier-fraisier\/#breadcrumb","itemListElement":[{"@type":"ListItem","position":1,"name":"Accueil","item":"https:\/\/www.saltpepper.fr\/"},{"@type":"ListItem","position":2,"name":"Cours de cuisine","item":"https:\/\/www.saltpepper.fr\/cours-de-cuisine\/"},{"@type":"ListItem","position":3,"name":"25\/07 &#8211; 10h &#8211; Atelier Fraisier"}]},{"@type":"WebSite","@id":"https:\/\/www.saltpepper.fr\/#website","url":"https:\/\/www.saltpepper.fr\/","name":"Salt &amp; Pepper","description":"","publisher":{"@id":"https:\/\/www.saltpepper.fr\/#organization"},"potentialAction":[{"@type":"SearchAction","target":{"@type":"EntryPoint","urlTemplate":"https:\/\/www.saltpepper.fr\/?s={search_term_string}"},"query-input":{"@type":"PropertyValueSpecification","valueRequired":true,"valueName":"search_term_string"}}],"inLanguage":"en-US"},{"@type":"Organization","@id":"https:\/\/www.saltpepper.fr\/#organization","name":"Salt &amp; Pepper","url":"https:\/\/www.saltpepper.fr\/","logo":{"@type":"ImageObject","inLanguage":"en-US","@id":"https:\/\/www.saltpepper.fr\/#\/schema\/logo\/image\/","url":"https:\/\/www.saltpepper.fr\/wp-content\/uploads\/2025\/05\/SALTPEPPER_logotype_cuivre_sans_baseline.svg","contentUrl":"https:\/\/www.saltpepper.fr\/wp-content\/uploads\/2025\/05\/SALTPEPPER_logotype_cuivre_sans_baseline.svg","width":1,"height":1,"caption":"Salt & Pepper"},"image":{"@id":"https:\/\/www.saltpepper.fr\/#\/schema\/logo\/image\/"},"sameAs":["https:\/\/www.facebook.com\/saltandpepper.dijon\/","https:\/\/www.instagram.com\/saltpepper.dijon\/","https:\/\/www.linkedin.com\/company\/salt-and-pepper-dijon\/"]}]}},"jetpack_sharing_enabled":true,"_links":{"self":[{"href":"https:\/\/www.saltpepper.fr\/en\/wp-json\/wp\/v2\/product\/3409","targetHints":{"allow":["GET"]}}],"collection":[{"href":"https:\/\/www.saltpepper.fr\/en\/wp-json\/wp\/v2\/product"}],"about":[{"href":"https:\/\/www.saltpepper.fr\/en\/wp-json\/wp\/v2\/types\/product"}],"wp:featuredmedia":[{"embeddable":true,"href":"https:\/\/www.saltpepper.fr\/en\/wp-json\/wp\/v2\/media\/3410"}],"wp:attachment":[{"href":"https:\/\/www.saltpepper.fr\/en\/wp-json\/wp\/v2\/media?parent=3409"}],"wp:term":[{"taxonomy":"duree","embeddable":true,"href":"https:\/\/www.saltpepper.fr\/en\/wp-json\/wp\/v2\/duree?post=3409"},{"taxonomy":"nom-de-cours","embeddable":true,"href":"https:\/\/www.saltpepper.fr\/en\/wp-json\/wp\/v2\/nom-de-cours?post=3409"},{"taxonomy":"thematique","embeddable":true,"href":"https:\/\/www.saltpepper.fr\/en\/wp-json\/wp\/v2\/thematique?post=3409"},{"taxonomy":"product_brand","embeddable":true,"href":"https:\/\/www.saltpepper.fr\/en\/wp-json\/wp\/v2\/product_brand?post=3409"},{"taxonomy":"product_cat","embeddable":true,"href":"https:\/\/www.saltpepper.fr\/en\/wp-json\/wp\/v2\/product_cat?post=3409"},{"taxonomy":"product_tag","embeddable":true,"href":"https:\/\/www.saltpepper.fr\/en\/wp-json\/wp\/v2\/product_tag?post=3409"}],"curies":[{"name":"wp","href":"https:\/\/api.w.org\/{rel}","templated":true}]}}