{"id":3403,"date":"2026-04-13T16:03:22","date_gmt":"2026-04-13T14:03:22","guid":{"rendered":"https:\/\/www.saltpepper.fr\/?post_type=product&#038;p=3403"},"modified":"2026-05-06T11:40:52","modified_gmt":"2026-05-06T09:40:52","slug":"05-07-17h-atelier-soiree-espagnole","status":"publish","type":"product","link":"https:\/\/www.saltpepper.fr\/en\/produit\/05-07-17h-atelier-soiree-espagnole\/","title":{"rendered":"05\/07 &#8211; 17h &#8211; Atelier Soir\u00e9e Espagnole"},"content":{"rendered":"<div class=\"re-c-1rb9ga1\">\n<div class=\"re-c-1rb9ga1\">\n<div class=\"re-c-1rb9ga1\">\n<p>Lors de cet atelier, vous apprendrez \u00e0 r\u00e9aliser un assortiment de sp\u00e9cialit\u00e9s espagnoles, en travaillant des produits simples sublim\u00e9s par des techniques justes et des assaisonnements pr\u00e9cis. L\u2019objectif est de ma\u00eetriser les bases de cette cuisine conviviale, tout en comprenant l\u2019\u00e9quilibre entre intensit\u00e9, fra\u00eecheur et gourmandise.<\/p>\n<h4 data-start=\"1031\" data-end=\"1071\">Les 3 points cl\u00e9s de l\u2019atelier :<\/h4>\n<ul>\n<li data-start=\"1031\" data-end=\"1071\"><strong data-start=\"1075\" data-end=\"1112\">Les bases de la cuisine espagnole<\/strong> : produits, cuisson et assaisonnements typique<\/li>\n<li data-start=\"1031\" data-end=\"1071\"><strong data-start=\"1165\" data-end=\"1198\">La diversit\u00e9 des pr\u00e9parations<\/strong> : tapas, plats chauds et associations de textures<\/li>\n<li data-start=\"1031\" data-end=\"1071\"><strong data-start=\"1253\" data-end=\"1286\">L\u2019art du partage &amp; du service<\/strong> : organisation, dressage et convivialit\u00e9<\/li>\n<\/ul>\n<\/div>\n<\/div>\n<\/div>","protected":false},"excerpt":{"rendered":"<p>Immerse yourself in the warm atmosphere of Spain for a delicious and festive evening. Between tapas, emblematic dishes, and sunny flavors, this workshop invites you to discover a generous, colorful, and full-of-character cuisine.<\/p>","protected":false},"featured_media":3397,"template":"","meta":{"_acf_changed":false},"duree":[32],"nom-de-cours":[121],"thematique":[63],"product_brand":[],"product_cat":[68],"product_tag":[],"class_list":{"0":"post-3403","1":"product","2":"type-product","3":"status-publish","4":"has-post-thumbnail","6":"duree-4h","7":"nom-de-cours-atelier-soiree-espagnole","8":"thematique-cuisine-du-monde","9":"product_cat-cuisine","11":"first","12":"instock","13":"virtual","14":"taxable","15":"purchasable","16":"product-type-simple"},"acf":[],"yoast_head":"<!-- This site is optimized with the Yoast SEO plugin v27.5 - https:\/\/yoast.com\/product\/yoast-seo-wordpress\/ -->\n<title>05\/07 - 17h - Atelier Soir\u00e9e Espagnole - Salt &amp; Pepper<\/title>\n<meta name=\"robots\" content=\"noindex, follow\" \/>\n<meta property=\"og:locale\" content=\"en_US\" \/>\n<meta property=\"og:type\" content=\"article\" \/>\n<meta property=\"og:title\" content=\"05\/07 - 17h - Atelier Soir\u00e9e Espagnole - Salt &amp; Pepper\" \/>\n<meta property=\"og:description\" content=\"Plongez dans l\u2019ambiance chaleureuse de l\u2019Espagne le temps d\u2019une soir\u00e9e gourmande et festive. Entre tapas, plats embl\u00e9matiques et saveurs ensoleill\u00e9es, cet atelier vous invite \u00e0 d\u00e9couvrir une cuisine g\u00e9n\u00e9reuse, color\u00e9e et pleine de caract\u00e8re.\" \/>\n<meta property=\"og:url\" content=\"https:\/\/www.saltpepper.fr\/en\/product\/05-07-17h-atelier-soiree-espagnole\/\" \/>\n<meta property=\"og:site_name\" content=\"Salt &amp; Pepper\" \/>\n<meta property=\"article:publisher\" content=\"https:\/\/www.facebook.com\/saltandpepper.dijon\/\" \/>\n<meta property=\"article:modified_time\" content=\"2026-05-06T09:40:52+00:00\" \/>\n<meta property=\"og:image\" content=\"https:\/\/www.saltpepper.fr\/wp-content\/uploads\/2026\/04\/Soiree-Espagnole-1024x683.png\" \/>\n\t<meta property=\"og:image:width\" content=\"1024\" \/>\n\t<meta property=\"og:image:height\" content=\"683\" \/>\n\t<meta property=\"og:image:type\" content=\"image\/png\" \/>\n<meta name=\"twitter:card\" content=\"summary_large_image\" \/>\n<meta name=\"twitter:label1\" content=\"Est. reading time\" \/>\n\t<meta name=\"twitter:data1\" content=\"1 minute\" \/>\n<script type=\"application\/ld+json\" class=\"yoast-schema-graph\">{\"@context\":\"https:\\\/\\\/schema.org\",\"@graph\":[{\"@type\":\"WebPage\",\"@id\":\"https:\\\/\\\/www.saltpepper.fr\\\/produit\\\/05-07-17h-atelier-soiree-espagnole\\\/\",\"url\":\"https:\\\/\\\/www.saltpepper.fr\\\/produit\\\/05-07-17h-atelier-soiree-espagnole\\\/\",\"name\":\"05\\\/07 - 17h - Atelier Soir\u00e9e Espagnole - Salt &amp; Pepper\",\"isPartOf\":{\"@id\":\"https:\\\/\\\/www.saltpepper.fr\\\/#website\"},\"primaryImageOfPage\":{\"@id\":\"https:\\\/\\\/www.saltpepper.fr\\\/produit\\\/05-07-17h-atelier-soiree-espagnole\\\/#primaryimage\"},\"image\":{\"@id\":\"https:\\\/\\\/www.saltpepper.fr\\\/produit\\\/05-07-17h-atelier-soiree-espagnole\\\/#primaryimage\"},\"thumbnailUrl\":\"https:\\\/\\\/www.saltpepper.fr\\\/wp-content\\\/uploads\\\/2026\\\/04\\\/Soiree-Espagnole.png\",\"datePublished\":\"2026-04-13T14:03:22+00:00\",\"dateModified\":\"2026-05-06T09:40:52+00:00\",\"breadcrumb\":{\"@id\":\"https:\\\/\\\/www.saltpepper.fr\\\/produit\\\/05-07-17h-atelier-soiree-espagnole\\\/#breadcrumb\"},\"inLanguage\":\"en-US\",\"potentialAction\":[{\"@type\":\"ReadAction\",\"target\":[\"https:\\\/\\\/www.saltpepper.fr\\\/produit\\\/05-07-17h-atelier-soiree-espagnole\\\/\"]}]},{\"@type\":\"ImageObject\",\"inLanguage\":\"en-US\",\"@id\":\"https:\\\/\\\/www.saltpepper.fr\\\/produit\\\/05-07-17h-atelier-soiree-espagnole\\\/#primaryimage\",\"url\":\"https:\\\/\\\/www.saltpepper.fr\\\/wp-content\\\/uploads\\\/2026\\\/04\\\/Soiree-Espagnole.png\",\"contentUrl\":\"https:\\\/\\\/www.saltpepper.fr\\\/wp-content\\\/uploads\\\/2026\\\/04\\\/Soiree-Espagnole.png\",\"width\":1536,\"height\":1024,\"caption\":\"Atelier cuisine espagnole Salt & Pepper : pa\u00eblla, tomates farcies, sangria pour team building sous guirlandes lumineuses.\"},{\"@type\":\"BreadcrumbList\",\"@id\":\"https:\\\/\\\/www.saltpepper.fr\\\/produit\\\/05-07-17h-atelier-soiree-espagnole\\\/#breadcrumb\",\"itemListElement\":[{\"@type\":\"ListItem\",\"position\":1,\"name\":\"Accueil\",\"item\":\"https:\\\/\\\/www.saltpepper.fr\\\/\"},{\"@type\":\"ListItem\",\"position\":2,\"name\":\"Cours de cuisine\",\"item\":\"https:\\\/\\\/www.saltpepper.fr\\\/cours-de-cuisine\\\/\"},{\"@type\":\"ListItem\",\"position\":3,\"name\":\"05\\\/07 &#8211; 17h &#8211; Atelier Soir\u00e9e Espagnole\"}]},{\"@type\":\"WebSite\",\"@id\":\"https:\\\/\\\/www.saltpepper.fr\\\/#website\",\"url\":\"https:\\\/\\\/www.saltpepper.fr\\\/\",\"name\":\"Salt & Pepper\",\"description\":\"\",\"publisher\":{\"@id\":\"https:\\\/\\\/www.saltpepper.fr\\\/#organization\"},\"potentialAction\":[{\"@type\":\"SearchAction\",\"target\":{\"@type\":\"EntryPoint\",\"urlTemplate\":\"https:\\\/\\\/www.saltpepper.fr\\\/?s={search_term_string}\"},\"query-input\":{\"@type\":\"PropertyValueSpecification\",\"valueRequired\":true,\"valueName\":\"search_term_string\"}}],\"inLanguage\":\"en-US\"},{\"@type\":\"Organization\",\"@id\":\"https:\\\/\\\/www.saltpepper.fr\\\/#organization\",\"name\":\"Salt & Pepper\",\"url\":\"https:\\\/\\\/www.saltpepper.fr\\\/\",\"logo\":{\"@type\":\"ImageObject\",\"inLanguage\":\"en-US\",\"@id\":\"https:\\\/\\\/www.saltpepper.fr\\\/#\\\/schema\\\/logo\\\/image\\\/\",\"url\":\"https:\\\/\\\/www.saltpepper.fr\\\/wp-content\\\/uploads\\\/2025\\\/05\\\/SALTPEPPER_logotype_cuivre_sans_baseline.svg\",\"contentUrl\":\"https:\\\/\\\/www.saltpepper.fr\\\/wp-content\\\/uploads\\\/2025\\\/05\\\/SALTPEPPER_logotype_cuivre_sans_baseline.svg\",\"width\":1,\"height\":1,\"caption\":\"Salt & Pepper\"},\"image\":{\"@id\":\"https:\\\/\\\/www.saltpepper.fr\\\/#\\\/schema\\\/logo\\\/image\\\/\"},\"sameAs\":[\"https:\\\/\\\/www.facebook.com\\\/saltandpepper.dijon\\\/\",\"https:\\\/\\\/www.instagram.com\\\/saltpepper.dijon\\\/\",\"https:\\\/\\\/www.linkedin.com\\\/company\\\/salt-and-pepper-dijon\\\/\"]}]}<\/script>\n<!-- \/ Yoast SEO plugin. -->","yoast_head_json":{"title":"05\/07 - 17h - Atelier Soir\u00e9e Espagnole - Salt &amp; Pepper","robots":{"index":"noindex","follow":"follow"},"og_locale":"en_US","og_type":"article","og_title":"05\/07 - 17h - Atelier Soir\u00e9e Espagnole - Salt &amp; Pepper","og_description":"Plongez dans l\u2019ambiance chaleureuse de l\u2019Espagne le temps d\u2019une soir\u00e9e gourmande et festive. Entre tapas, plats embl\u00e9matiques et saveurs ensoleill\u00e9es, cet atelier vous invite \u00e0 d\u00e9couvrir une cuisine g\u00e9n\u00e9reuse, color\u00e9e et pleine de caract\u00e8re.","og_url":"https:\/\/www.saltpepper.fr\/en\/product\/05-07-17h-atelier-soiree-espagnole\/","og_site_name":"Salt &amp; Pepper","article_publisher":"https:\/\/www.facebook.com\/saltandpepper.dijon\/","article_modified_time":"2026-05-06T09:40:52+00:00","og_image":[{"width":1024,"height":683,"url":"https:\/\/www.saltpepper.fr\/wp-content\/uploads\/2026\/04\/Soiree-Espagnole-1024x683.png","type":"image\/png"}],"twitter_card":"summary_large_image","twitter_misc":{"Est. reading time":"1 minute"},"schema":{"@context":"https:\/\/schema.org","@graph":[{"@type":"WebPage","@id":"https:\/\/www.saltpepper.fr\/produit\/05-07-17h-atelier-soiree-espagnole\/","url":"https:\/\/www.saltpepper.fr\/produit\/05-07-17h-atelier-soiree-espagnole\/","name":"05\/07 - 17h - Atelier Soir\u00e9e Espagnole - Salt &amp; Pepper","isPartOf":{"@id":"https:\/\/www.saltpepper.fr\/#website"},"primaryImageOfPage":{"@id":"https:\/\/www.saltpepper.fr\/produit\/05-07-17h-atelier-soiree-espagnole\/#primaryimage"},"image":{"@id":"https:\/\/www.saltpepper.fr\/produit\/05-07-17h-atelier-soiree-espagnole\/#primaryimage"},"thumbnailUrl":"https:\/\/www.saltpepper.fr\/wp-content\/uploads\/2026\/04\/Soiree-Espagnole.png","datePublished":"2026-04-13T14:03:22+00:00","dateModified":"2026-05-06T09:40:52+00:00","breadcrumb":{"@id":"https:\/\/www.saltpepper.fr\/produit\/05-07-17h-atelier-soiree-espagnole\/#breadcrumb"},"inLanguage":"en-US","potentialAction":[{"@type":"ReadAction","target":["https:\/\/www.saltpepper.fr\/produit\/05-07-17h-atelier-soiree-espagnole\/"]}]},{"@type":"ImageObject","inLanguage":"en-US","@id":"https:\/\/www.saltpepper.fr\/produit\/05-07-17h-atelier-soiree-espagnole\/#primaryimage","url":"https:\/\/www.saltpepper.fr\/wp-content\/uploads\/2026\/04\/Soiree-Espagnole.png","contentUrl":"https:\/\/www.saltpepper.fr\/wp-content\/uploads\/2026\/04\/Soiree-Espagnole.png","width":1536,"height":1024,"caption":"Atelier cuisine espagnole Salt & Pepper : pa\u00eblla, tomates farcies, sangria pour team building sous guirlandes lumineuses."},{"@type":"BreadcrumbList","@id":"https:\/\/www.saltpepper.fr\/produit\/05-07-17h-atelier-soiree-espagnole\/#breadcrumb","itemListElement":[{"@type":"ListItem","position":1,"name":"Accueil","item":"https:\/\/www.saltpepper.fr\/"},{"@type":"ListItem","position":2,"name":"Cours de cuisine","item":"https:\/\/www.saltpepper.fr\/cours-de-cuisine\/"},{"@type":"ListItem","position":3,"name":"05\/07 &#8211; 17h &#8211; Atelier Soir\u00e9e Espagnole"}]},{"@type":"WebSite","@id":"https:\/\/www.saltpepper.fr\/#website","url":"https:\/\/www.saltpepper.fr\/","name":"Salt &amp; Pepper","description":"","publisher":{"@id":"https:\/\/www.saltpepper.fr\/#organization"},"potentialAction":[{"@type":"SearchAction","target":{"@type":"EntryPoint","urlTemplate":"https:\/\/www.saltpepper.fr\/?s={search_term_string}"},"query-input":{"@type":"PropertyValueSpecification","valueRequired":true,"valueName":"search_term_string"}}],"inLanguage":"en-US"},{"@type":"Organization","@id":"https:\/\/www.saltpepper.fr\/#organization","name":"Salt &amp; Pepper","url":"https:\/\/www.saltpepper.fr\/","logo":{"@type":"ImageObject","inLanguage":"en-US","@id":"https:\/\/www.saltpepper.fr\/#\/schema\/logo\/image\/","url":"https:\/\/www.saltpepper.fr\/wp-content\/uploads\/2025\/05\/SALTPEPPER_logotype_cuivre_sans_baseline.svg","contentUrl":"https:\/\/www.saltpepper.fr\/wp-content\/uploads\/2025\/05\/SALTPEPPER_logotype_cuivre_sans_baseline.svg","width":1,"height":1,"caption":"Salt & Pepper"},"image":{"@id":"https:\/\/www.saltpepper.fr\/#\/schema\/logo\/image\/"},"sameAs":["https:\/\/www.facebook.com\/saltandpepper.dijon\/","https:\/\/www.instagram.com\/saltpepper.dijon\/","https:\/\/www.linkedin.com\/company\/salt-and-pepper-dijon\/"]}]}},"jetpack_sharing_enabled":true,"_links":{"self":[{"href":"https:\/\/www.saltpepper.fr\/en\/wp-json\/wp\/v2\/product\/3403","targetHints":{"allow":["GET"]}}],"collection":[{"href":"https:\/\/www.saltpepper.fr\/en\/wp-json\/wp\/v2\/product"}],"about":[{"href":"https:\/\/www.saltpepper.fr\/en\/wp-json\/wp\/v2\/types\/product"}],"wp:featuredmedia":[{"embeddable":true,"href":"https:\/\/www.saltpepper.fr\/en\/wp-json\/wp\/v2\/media\/3397"}],"wp:attachment":[{"href":"https:\/\/www.saltpepper.fr\/en\/wp-json\/wp\/v2\/media?parent=3403"}],"wp:term":[{"taxonomy":"duree","embeddable":true,"href":"https:\/\/www.saltpepper.fr\/en\/wp-json\/wp\/v2\/duree?post=3403"},{"taxonomy":"nom-de-cours","embeddable":true,"href":"https:\/\/www.saltpepper.fr\/en\/wp-json\/wp\/v2\/nom-de-cours?post=3403"},{"taxonomy":"thematique","embeddable":true,"href":"https:\/\/www.saltpepper.fr\/en\/wp-json\/wp\/v2\/thematique?post=3403"},{"taxonomy":"product_brand","embeddable":true,"href":"https:\/\/www.saltpepper.fr\/en\/wp-json\/wp\/v2\/product_brand?post=3403"},{"taxonomy":"product_cat","embeddable":true,"href":"https:\/\/www.saltpepper.fr\/en\/wp-json\/wp\/v2\/product_cat?post=3403"},{"taxonomy":"product_tag","embeddable":true,"href":"https:\/\/www.saltpepper.fr\/en\/wp-json\/wp\/v2\/product_tag?post=3403"}],"curies":[{"name":"wp","href":"https:\/\/api.w.org\/{rel}","templated":true}]}}