{"id":3401,"date":"2026-04-13T15:57:32","date_gmt":"2026-04-13T13:57:32","guid":{"rendered":"https:\/\/www.saltpepper.fr\/?post_type=product&#038;p=3401"},"modified":"2026-05-06T11:41:00","modified_gmt":"2026-05-06T09:41:00","slug":"21-06-10h-atelier-special-blanquette","status":"publish","type":"product","link":"https:\/\/www.saltpepper.fr\/en\/produit\/21-06-10h-atelier-special-blanquette\/","title":{"rendered":"21\/06 &#8211; 10h &#8211; Atelier Sp\u00e9cial Blanquette"},"content":{"rendered":"<div class=\"re-c-1rb9ga1\">\n<div class=\"re-c-1rb9ga1\">\n<div class=\"re-c-1rb9ga1\">\n<p>Lors de cet atelier, vous apprendrez \u00e0 r\u00e9aliser une blanquette de veau traditionnelle, en respectant les \u00e9tapes cl\u00e9s qui garantissent une viande tendre, une sauce onctueuse et des saveurs parfaitement harmonis\u00e9es. Vous apprendrez \u00e9galement \u00e0 faire de v\u00e9ritables gnocchis !<\/p>\n<h4 data-start=\"1031\" data-end=\"1071\">Les 3 points cl\u00e9s de l\u2019atelier :<\/h4>\n<ul>\n<li><strong data-start=\"858\" data-end=\"885\">La cuisson de la viande<\/strong> : obtenir une texture tendre et fondante gr\u00e2ce \u00e0 une cuisson ma\u00eetris\u00e9e<\/li>\n<li><strong data-start=\"961\" data-end=\"992\">La construction du bouillon<\/strong> : clart\u00e9, parfum et \u00e9quilibre des aromates<\/li>\n<li><strong data-start=\"1040\" data-end=\"1061\">La sauce parfaite<\/strong> : liaison, onctuosit\u00e9 et justesse de l\u2019assaisonnement<\/li>\n<\/ul>\n<\/div>\n<\/div>\n<\/div>","protected":false},"excerpt":{"rendered":"<p data-start=\"75\" data-end=\"315\">A classic of French cuisine, veal blanquette is an iconic dish in which subtlety, tenderness, and precision are essential. Behind its apparent simplicity lies a true mastery of cooking techniques and flavor balance.<\/p>","protected":false},"featured_media":3402,"template":"","meta":{"_acf_changed":false},"duree":[32],"nom-de-cours":[123],"thematique":[64],"product_brand":[],"product_cat":[68],"product_tag":[],"class_list":{"0":"post-3401","1":"product","2":"type-product","3":"status-publish","4":"has-post-thumbnail","6":"duree-4h","7":"nom-de-cours-atelier-special-blanquette","8":"thematique-cuisine-francaise","9":"product_cat-cuisine","11":"first","12":"instock","13":"virtual","14":"taxable","15":"purchasable","16":"product-type-simple"},"acf":[],"yoast_head":"<!-- This site is optimized with the Yoast SEO plugin v27.5 - https:\/\/yoast.com\/product\/yoast-seo-wordpress\/ -->\n<title>21\/06 - 10h - Atelier Sp\u00e9cial Blanquette - Salt &amp; Pepper<\/title>\n<meta name=\"robots\" content=\"noindex, follow\" \/>\n<meta property=\"og:locale\" content=\"en_US\" \/>\n<meta property=\"og:type\" content=\"article\" \/>\n<meta property=\"og:title\" content=\"21\/06 - 10h - Atelier Sp\u00e9cial Blanquette - Salt &amp; Pepper\" \/>\n<meta property=\"og:description\" content=\"Grand classique de la cuisine fran\u00e7aise, la blanquette de veau est un plat embl\u00e9matique o\u00f9 finesse, douceur et pr\u00e9cision sont essentielles. Derri\u00e8re sa simplicit\u00e9 apparente se cache une v\u00e9ritable ma\u00eetrise des cuissons et des \u00e9quilibres.\" \/>\n<meta property=\"og:url\" content=\"https:\/\/www.saltpepper.fr\/en\/product\/21-06-10h-atelier-special-blanquette\/\" \/>\n<meta property=\"og:site_name\" content=\"Salt &amp; Pepper\" \/>\n<meta property=\"article:publisher\" content=\"https:\/\/www.facebook.com\/saltandpepper.dijon\/\" \/>\n<meta property=\"article:modified_time\" content=\"2026-05-06T09:41:00+00:00\" \/>\n<meta property=\"og:image\" content=\"https:\/\/www.saltpepper.fr\/wp-content\/uploads\/2026\/04\/blanquette-de-veau-1024x683.png\" \/>\n\t<meta property=\"og:image:width\" content=\"1024\" \/>\n\t<meta property=\"og:image:height\" content=\"683\" \/>\n\t<meta property=\"og:image:type\" content=\"image\/png\" \/>\n<meta name=\"twitter:card\" content=\"summary_large_image\" \/>\n<meta name=\"twitter:label1\" content=\"Est. reading time\" \/>\n\t<meta name=\"twitter:data1\" content=\"1 minute\" \/>\n<script type=\"application\/ld+json\" class=\"yoast-schema-graph\">{\"@context\":\"https:\\\/\\\/schema.org\",\"@graph\":[{\"@type\":\"WebPage\",\"@id\":\"https:\\\/\\\/www.saltpepper.fr\\\/produit\\\/21-06-10h-atelier-special-blanquette\\\/\",\"url\":\"https:\\\/\\\/www.saltpepper.fr\\\/produit\\\/21-06-10h-atelier-special-blanquette\\\/\",\"name\":\"21\\\/06 - 10h - Atelier Sp\u00e9cial Blanquette - Salt &amp; Pepper\",\"isPartOf\":{\"@id\":\"https:\\\/\\\/www.saltpepper.fr\\\/#website\"},\"primaryImageOfPage\":{\"@id\":\"https:\\\/\\\/www.saltpepper.fr\\\/produit\\\/21-06-10h-atelier-special-blanquette\\\/#primaryimage\"},\"image\":{\"@id\":\"https:\\\/\\\/www.saltpepper.fr\\\/produit\\\/21-06-10h-atelier-special-blanquette\\\/#primaryimage\"},\"thumbnailUrl\":\"https:\\\/\\\/www.saltpepper.fr\\\/wp-content\\\/uploads\\\/2026\\\/04\\\/blanquette-de-veau.png\",\"datePublished\":\"2026-04-13T13:57:32+00:00\",\"dateModified\":\"2026-05-06T09:41:00+00:00\",\"breadcrumb\":{\"@id\":\"https:\\\/\\\/www.saltpepper.fr\\\/produit\\\/21-06-10h-atelier-special-blanquette\\\/#breadcrumb\"},\"inLanguage\":\"en-US\",\"potentialAction\":[{\"@type\":\"ReadAction\",\"target\":[\"https:\\\/\\\/www.saltpepper.fr\\\/produit\\\/21-06-10h-atelier-special-blanquette\\\/\"]}]},{\"@type\":\"ImageObject\",\"inLanguage\":\"en-US\",\"@id\":\"https:\\\/\\\/www.saltpepper.fr\\\/produit\\\/21-06-10h-atelier-special-blanquette\\\/#primaryimage\",\"url\":\"https:\\\/\\\/www.saltpepper.fr\\\/wp-content\\\/uploads\\\/2026\\\/04\\\/blanquette-de-veau.png\",\"contentUrl\":\"https:\\\/\\\/www.saltpepper.fr\\\/wp-content\\\/uploads\\\/2026\\\/04\\\/blanquette-de-veau.png\",\"width\":1536,\"height\":1024,\"caption\":\"Au 21\\\/06 - 10h - Atelier Sp\u00e9cial Blanquette, une table rustique est dress\u00e9e avec du rago\u00fbt de blanquette, des \u0153ufs \u00e0 la diable aux herbes, du riz, du pain frais, des sali\u00e8res et des poivri\u00e8res, et des lumi\u00e8res festives en arri\u00e8re-plan.\"},{\"@type\":\"BreadcrumbList\",\"@id\":\"https:\\\/\\\/www.saltpepper.fr\\\/produit\\\/21-06-10h-atelier-special-blanquette\\\/#breadcrumb\",\"itemListElement\":[{\"@type\":\"ListItem\",\"position\":1,\"name\":\"Accueil\",\"item\":\"https:\\\/\\\/www.saltpepper.fr\\\/\"},{\"@type\":\"ListItem\",\"position\":2,\"name\":\"Cours de cuisine\",\"item\":\"https:\\\/\\\/www.saltpepper.fr\\\/cours-de-cuisine\\\/\"},{\"@type\":\"ListItem\",\"position\":3,\"name\":\"21\\\/06 &#8211; 10h &#8211; Atelier Sp\u00e9cial Blanquette\"}]},{\"@type\":\"WebSite\",\"@id\":\"https:\\\/\\\/www.saltpepper.fr\\\/#website\",\"url\":\"https:\\\/\\\/www.saltpepper.fr\\\/\",\"name\":\"Salt & Pepper\",\"description\":\"\",\"publisher\":{\"@id\":\"https:\\\/\\\/www.saltpepper.fr\\\/#organization\"},\"potentialAction\":[{\"@type\":\"SearchAction\",\"target\":{\"@type\":\"EntryPoint\",\"urlTemplate\":\"https:\\\/\\\/www.saltpepper.fr\\\/?s={search_term_string}\"},\"query-input\":{\"@type\":\"PropertyValueSpecification\",\"valueRequired\":true,\"valueName\":\"search_term_string\"}}],\"inLanguage\":\"en-US\"},{\"@type\":\"Organization\",\"@id\":\"https:\\\/\\\/www.saltpepper.fr\\\/#organization\",\"name\":\"Salt & Pepper\",\"url\":\"https:\\\/\\\/www.saltpepper.fr\\\/\",\"logo\":{\"@type\":\"ImageObject\",\"inLanguage\":\"en-US\",\"@id\":\"https:\\\/\\\/www.saltpepper.fr\\\/#\\\/schema\\\/logo\\\/image\\\/\",\"url\":\"https:\\\/\\\/www.saltpepper.fr\\\/wp-content\\\/uploads\\\/2025\\\/05\\\/SALTPEPPER_logotype_cuivre_sans_baseline.svg\",\"contentUrl\":\"https:\\\/\\\/www.saltpepper.fr\\\/wp-content\\\/uploads\\\/2025\\\/05\\\/SALTPEPPER_logotype_cuivre_sans_baseline.svg\",\"width\":1,\"height\":1,\"caption\":\"Salt & Pepper\"},\"image\":{\"@id\":\"https:\\\/\\\/www.saltpepper.fr\\\/#\\\/schema\\\/logo\\\/image\\\/\"},\"sameAs\":[\"https:\\\/\\\/www.facebook.com\\\/saltandpepper.dijon\\\/\",\"https:\\\/\\\/www.instagram.com\\\/saltpepper.dijon\\\/\",\"https:\\\/\\\/www.linkedin.com\\\/company\\\/salt-and-pepper-dijon\\\/\"]}]}<\/script>\n<!-- \/ Yoast SEO plugin. -->","yoast_head_json":{"title":"21\/06 - 10h - Atelier Sp\u00e9cial Blanquette - Salt &amp; Pepper","robots":{"index":"noindex","follow":"follow"},"og_locale":"en_US","og_type":"article","og_title":"21\/06 - 10h - Atelier Sp\u00e9cial Blanquette - Salt &amp; Pepper","og_description":"Grand classique de la cuisine fran\u00e7aise, la blanquette de veau est un plat embl\u00e9matique o\u00f9 finesse, douceur et pr\u00e9cision sont essentielles. Derri\u00e8re sa simplicit\u00e9 apparente se cache une v\u00e9ritable ma\u00eetrise des cuissons et des \u00e9quilibres.","og_url":"https:\/\/www.saltpepper.fr\/en\/product\/21-06-10h-atelier-special-blanquette\/","og_site_name":"Salt &amp; Pepper","article_publisher":"https:\/\/www.facebook.com\/saltandpepper.dijon\/","article_modified_time":"2026-05-06T09:41:00+00:00","og_image":[{"width":1024,"height":683,"url":"https:\/\/www.saltpepper.fr\/wp-content\/uploads\/2026\/04\/blanquette-de-veau-1024x683.png","type":"image\/png"}],"twitter_card":"summary_large_image","twitter_misc":{"Est. reading time":"1 minute"},"schema":{"@context":"https:\/\/schema.org","@graph":[{"@type":"WebPage","@id":"https:\/\/www.saltpepper.fr\/produit\/21-06-10h-atelier-special-blanquette\/","url":"https:\/\/www.saltpepper.fr\/produit\/21-06-10h-atelier-special-blanquette\/","name":"21\/06 - 10h - Atelier Sp\u00e9cial Blanquette - Salt &amp; Pepper","isPartOf":{"@id":"https:\/\/www.saltpepper.fr\/#website"},"primaryImageOfPage":{"@id":"https:\/\/www.saltpepper.fr\/produit\/21-06-10h-atelier-special-blanquette\/#primaryimage"},"image":{"@id":"https:\/\/www.saltpepper.fr\/produit\/21-06-10h-atelier-special-blanquette\/#primaryimage"},"thumbnailUrl":"https:\/\/www.saltpepper.fr\/wp-content\/uploads\/2026\/04\/blanquette-de-veau.png","datePublished":"2026-04-13T13:57:32+00:00","dateModified":"2026-05-06T09:41:00+00:00","breadcrumb":{"@id":"https:\/\/www.saltpepper.fr\/produit\/21-06-10h-atelier-special-blanquette\/#breadcrumb"},"inLanguage":"en-US","potentialAction":[{"@type":"ReadAction","target":["https:\/\/www.saltpepper.fr\/produit\/21-06-10h-atelier-special-blanquette\/"]}]},{"@type":"ImageObject","inLanguage":"en-US","@id":"https:\/\/www.saltpepper.fr\/produit\/21-06-10h-atelier-special-blanquette\/#primaryimage","url":"https:\/\/www.saltpepper.fr\/wp-content\/uploads\/2026\/04\/blanquette-de-veau.png","contentUrl":"https:\/\/www.saltpepper.fr\/wp-content\/uploads\/2026\/04\/blanquette-de-veau.png","width":1536,"height":1024,"caption":"Au 21\/06 - 10h - Atelier Sp\u00e9cial Blanquette, une table rustique est dress\u00e9e avec du rago\u00fbt de blanquette, des \u0153ufs \u00e0 la diable aux herbes, du riz, du pain frais, des sali\u00e8res et des poivri\u00e8res, et des lumi\u00e8res festives en arri\u00e8re-plan."},{"@type":"BreadcrumbList","@id":"https:\/\/www.saltpepper.fr\/produit\/21-06-10h-atelier-special-blanquette\/#breadcrumb","itemListElement":[{"@type":"ListItem","position":1,"name":"Accueil","item":"https:\/\/www.saltpepper.fr\/"},{"@type":"ListItem","position":2,"name":"Cours de cuisine","item":"https:\/\/www.saltpepper.fr\/cours-de-cuisine\/"},{"@type":"ListItem","position":3,"name":"21\/06 &#8211; 10h &#8211; Atelier Sp\u00e9cial Blanquette"}]},{"@type":"WebSite","@id":"https:\/\/www.saltpepper.fr\/#website","url":"https:\/\/www.saltpepper.fr\/","name":"Salt &amp; Pepper","description":"","publisher":{"@id":"https:\/\/www.saltpepper.fr\/#organization"},"potentialAction":[{"@type":"SearchAction","target":{"@type":"EntryPoint","urlTemplate":"https:\/\/www.saltpepper.fr\/?s={search_term_string}"},"query-input":{"@type":"PropertyValueSpecification","valueRequired":true,"valueName":"search_term_string"}}],"inLanguage":"en-US"},{"@type":"Organization","@id":"https:\/\/www.saltpepper.fr\/#organization","name":"Salt &amp; Pepper","url":"https:\/\/www.saltpepper.fr\/","logo":{"@type":"ImageObject","inLanguage":"en-US","@id":"https:\/\/www.saltpepper.fr\/#\/schema\/logo\/image\/","url":"https:\/\/www.saltpepper.fr\/wp-content\/uploads\/2025\/05\/SALTPEPPER_logotype_cuivre_sans_baseline.svg","contentUrl":"https:\/\/www.saltpepper.fr\/wp-content\/uploads\/2025\/05\/SALTPEPPER_logotype_cuivre_sans_baseline.svg","width":1,"height":1,"caption":"Salt & Pepper"},"image":{"@id":"https:\/\/www.saltpepper.fr\/#\/schema\/logo\/image\/"},"sameAs":["https:\/\/www.facebook.com\/saltandpepper.dijon\/","https:\/\/www.instagram.com\/saltpepper.dijon\/","https:\/\/www.linkedin.com\/company\/salt-and-pepper-dijon\/"]}]}},"jetpack_sharing_enabled":true,"_links":{"self":[{"href":"https:\/\/www.saltpepper.fr\/en\/wp-json\/wp\/v2\/product\/3401","targetHints":{"allow":["GET"]}}],"collection":[{"href":"https:\/\/www.saltpepper.fr\/en\/wp-json\/wp\/v2\/product"}],"about":[{"href":"https:\/\/www.saltpepper.fr\/en\/wp-json\/wp\/v2\/types\/product"}],"wp:featuredmedia":[{"embeddable":true,"href":"https:\/\/www.saltpepper.fr\/en\/wp-json\/wp\/v2\/media\/3402"}],"wp:attachment":[{"href":"https:\/\/www.saltpepper.fr\/en\/wp-json\/wp\/v2\/media?parent=3401"}],"wp:term":[{"taxonomy":"duree","embeddable":true,"href":"https:\/\/www.saltpepper.fr\/en\/wp-json\/wp\/v2\/duree?post=3401"},{"taxonomy":"nom-de-cours","embeddable":true,"href":"https:\/\/www.saltpepper.fr\/en\/wp-json\/wp\/v2\/nom-de-cours?post=3401"},{"taxonomy":"thematique","embeddable":true,"href":"https:\/\/www.saltpepper.fr\/en\/wp-json\/wp\/v2\/thematique?post=3401"},{"taxonomy":"product_brand","embeddable":true,"href":"https:\/\/www.saltpepper.fr\/en\/wp-json\/wp\/v2\/product_brand?post=3401"},{"taxonomy":"product_cat","embeddable":true,"href":"https:\/\/www.saltpepper.fr\/en\/wp-json\/wp\/v2\/product_cat?post=3401"},{"taxonomy":"product_tag","embeddable":true,"href":"https:\/\/www.saltpepper.fr\/en\/wp-json\/wp\/v2\/product_tag?post=3401"}],"curies":[{"name":"wp","href":"https:\/\/api.w.org\/{rel}","templated":true}]}}