{"id":3400,"date":"2026-04-13T15:53:31","date_gmt":"2026-04-13T13:53:31","guid":{"rendered":"https:\/\/www.saltpepper.fr\/?post_type=product&#038;p=3400"},"modified":"2026-05-06T11:41:07","modified_gmt":"2026-05-06T09:41:07","slug":"05-07-10h-atelier-saint-honore","status":"publish","type":"product","link":"https:\/\/www.saltpepper.fr\/en\/produit\/05-07-10h-atelier-saint-honore\/","title":{"rendered":"05\/07 &#8211; 10h &#8211; Atelier Saint &#8211; Honor\u00e9"},"content":{"rendered":"<div class=\"re-c-1rb9ga1\">\n<p data-start=\"343\" data-end=\"548\">Lors de cet atelier, vous apprendrez \u00e0 r\u00e9aliser un Saint-Honor\u00e9 de A \u00e0 Z, en ma\u00eetrisant chaque \u00e9tape cl\u00e9 : pr\u00e9paration des choux, r\u00e9alisation de la cr\u00e8me, cuisson, montage et finitions. L\u2019objectif est de comprendre les bases techniques tout en obtenant un r\u00e9sultat \u00e9l\u00e9gant et parfaitement \u00e9quilibr\u00e9.<\/p>\n<p data-start=\"550\" data-end=\"731\">Les 3 points cl\u00e9s :<\/p>\n<ul>\n<li data-start=\"550\" data-end=\"731\"><strong data-start=\"946\" data-end=\"980\">La ma\u00eetrise de la p\u00e2te \u00e0 choux<\/strong> : texture, cuisson et r\u00e9gularit\u00e9<\/li>\n<li data-start=\"550\" data-end=\"731\"><strong data-start=\"1018\" data-end=\"1045\">Les cr\u00e8mes &amp; le caramel<\/strong> : \u00e9quilibre, tenue et gourmandise<\/li>\n<li><strong data-start=\"1084\" data-end=\"1114\">Le montage &amp; les finitions<\/strong> : assemblage structur\u00e9 et dressage \u00e9l\u00e9gant<\/li>\n<\/ul>\n<\/div>","protected":false},"excerpt":{"rendered":"<p>A timeless classic of French pastry, the Saint-Honor\u00e9 is an exceptional dessert that combines technical skill, precision, and indulgence. With its choux pastry, rich cream, and caramel, it embodies the very essence of pastry-making expertise.<\/p>","protected":false},"featured_media":3399,"template":"","meta":{"_acf_changed":false},"duree":[30],"nom-de-cours":[122],"thematique":[66],"product_brand":[],"product_cat":[70],"product_tag":[],"class_list":{"0":"post-3400","1":"product","2":"type-product","3":"status-publish","4":"has-post-thumbnail","6":"duree-3h","7":"nom-de-cours-atelier-saint-honore","8":"thematique-patisserie","9":"product_cat-patisserie","11":"first","12":"instock","13":"virtual","14":"taxable","15":"purchasable","16":"product-type-simple"},"acf":[],"yoast_head":"<!-- This site is optimized with the Yoast SEO plugin v27.5 - https:\/\/yoast.com\/product\/yoast-seo-wordpress\/ -->\n<title>05\/07 - 10h - Atelier Saint - Honor\u00e9 - Salt &amp; Pepper<\/title>\n<meta name=\"robots\" content=\"noindex, follow\" \/>\n<meta property=\"og:locale\" content=\"en_US\" \/>\n<meta property=\"og:type\" content=\"article\" \/>\n<meta property=\"og:title\" content=\"05\/07 - 10h - Atelier Saint - Honor\u00e9 - Salt &amp; Pepper\" \/>\n<meta property=\"og:description\" content=\"Grand classique de la p\u00e2tisserie fran\u00e7aise, le Saint-Honor\u00e9 est un dessert d\u2019exception alliant technicit\u00e9, pr\u00e9cision et gourmandise. Entre p\u00e2te \u00e0 choux, cr\u00e8me onctueuse et caramel, il incarne tout le savoir-faire p\u00e2tissier.\" \/>\n<meta property=\"og:url\" content=\"https:\/\/www.saltpepper.fr\/en\/product\/05-07-10h-atelier-saint-honore\/\" \/>\n<meta property=\"og:site_name\" content=\"Salt &amp; Pepper\" \/>\n<meta property=\"article:publisher\" content=\"https:\/\/www.facebook.com\/saltandpepper.dijon\/\" \/>\n<meta property=\"article:modified_time\" content=\"2026-05-06T09:41:07+00:00\" \/>\n<meta property=\"og:image\" content=\"https:\/\/www.saltpepper.fr\/wp-content\/uploads\/2026\/04\/ST-honore-1024x683.png\" \/>\n\t<meta property=\"og:image:width\" content=\"1024\" \/>\n\t<meta property=\"og:image:height\" content=\"683\" \/>\n\t<meta property=\"og:image:type\" content=\"image\/png\" \/>\n<meta name=\"twitter:card\" content=\"summary_large_image\" \/>\n<meta name=\"twitter:label1\" content=\"Est. reading time\" \/>\n\t<meta name=\"twitter:data1\" content=\"1 minute\" \/>\n<script type=\"application\/ld+json\" class=\"yoast-schema-graph\">{\"@context\":\"https:\\\/\\\/schema.org\",\"@graph\":[{\"@type\":\"WebPage\",\"@id\":\"https:\\\/\\\/www.saltpepper.fr\\\/produit\\\/05-07-10h-atelier-saint-honore\\\/\",\"url\":\"https:\\\/\\\/www.saltpepper.fr\\\/produit\\\/05-07-10h-atelier-saint-honore\\\/\",\"name\":\"05\\\/07 - 10h - Atelier Saint - Honor\u00e9 - Salt &amp; Pepper\",\"isPartOf\":{\"@id\":\"https:\\\/\\\/www.saltpepper.fr\\\/#website\"},\"primaryImageOfPage\":{\"@id\":\"https:\\\/\\\/www.saltpepper.fr\\\/produit\\\/05-07-10h-atelier-saint-honore\\\/#primaryimage\"},\"image\":{\"@id\":\"https:\\\/\\\/www.saltpepper.fr\\\/produit\\\/05-07-10h-atelier-saint-honore\\\/#primaryimage\"},\"thumbnailUrl\":\"https:\\\/\\\/www.saltpepper.fr\\\/wp-content\\\/uploads\\\/2026\\\/04\\\/ST-honore.png\",\"datePublished\":\"2026-04-13T13:53:31+00:00\",\"dateModified\":\"2026-05-06T09:41:07+00:00\",\"breadcrumb\":{\"@id\":\"https:\\\/\\\/www.saltpepper.fr\\\/produit\\\/05-07-10h-atelier-saint-honore\\\/#breadcrumb\"},\"inLanguage\":\"en-US\",\"potentialAction\":[{\"@type\":\"ReadAction\",\"target\":[\"https:\\\/\\\/www.saltpepper.fr\\\/produit\\\/05-07-10h-atelier-saint-honore\\\/\"]}]},{\"@type\":\"ImageObject\",\"inLanguage\":\"en-US\",\"@id\":\"https:\\\/\\\/www.saltpepper.fr\\\/produit\\\/05-07-10h-atelier-saint-honore\\\/#primaryimage\",\"url\":\"https:\\\/\\\/www.saltpepper.fr\\\/wp-content\\\/uploads\\\/2026\\\/04\\\/ST-honore.png\",\"contentUrl\":\"https:\\\/\\\/www.saltpepper.fr\\\/wp-content\\\/uploads\\\/2026\\\/04\\\/ST-honore.png\",\"width\":1536,\"height\":1024,\"caption\":\"G\u00e2teau \u00e0 base dor\u00e9e, choux au caramel et cr\u00e8me fouett\u00e9e pour atelier p\u00e2tisserie chez Salt & Pepper Dijon.\"},{\"@type\":\"BreadcrumbList\",\"@id\":\"https:\\\/\\\/www.saltpepper.fr\\\/produit\\\/05-07-10h-atelier-saint-honore\\\/#breadcrumb\",\"itemListElement\":[{\"@type\":\"ListItem\",\"position\":1,\"name\":\"Accueil\",\"item\":\"https:\\\/\\\/www.saltpepper.fr\\\/\"},{\"@type\":\"ListItem\",\"position\":2,\"name\":\"Cours de cuisine\",\"item\":\"https:\\\/\\\/www.saltpepper.fr\\\/cours-de-cuisine\\\/\"},{\"@type\":\"ListItem\",\"position\":3,\"name\":\"05\\\/07 &#8211; 10h &#8211; Atelier Saint &#8211; Honor\u00e9\"}]},{\"@type\":\"WebSite\",\"@id\":\"https:\\\/\\\/www.saltpepper.fr\\\/#website\",\"url\":\"https:\\\/\\\/www.saltpepper.fr\\\/\",\"name\":\"Salt & Pepper\",\"description\":\"\",\"publisher\":{\"@id\":\"https:\\\/\\\/www.saltpepper.fr\\\/#organization\"},\"potentialAction\":[{\"@type\":\"SearchAction\",\"target\":{\"@type\":\"EntryPoint\",\"urlTemplate\":\"https:\\\/\\\/www.saltpepper.fr\\\/?s={search_term_string}\"},\"query-input\":{\"@type\":\"PropertyValueSpecification\",\"valueRequired\":true,\"valueName\":\"search_term_string\"}}],\"inLanguage\":\"en-US\"},{\"@type\":\"Organization\",\"@id\":\"https:\\\/\\\/www.saltpepper.fr\\\/#organization\",\"name\":\"Salt & Pepper\",\"url\":\"https:\\\/\\\/www.saltpepper.fr\\\/\",\"logo\":{\"@type\":\"ImageObject\",\"inLanguage\":\"en-US\",\"@id\":\"https:\\\/\\\/www.saltpepper.fr\\\/#\\\/schema\\\/logo\\\/image\\\/\",\"url\":\"https:\\\/\\\/www.saltpepper.fr\\\/wp-content\\\/uploads\\\/2025\\\/05\\\/SALTPEPPER_logotype_cuivre_sans_baseline.svg\",\"contentUrl\":\"https:\\\/\\\/www.saltpepper.fr\\\/wp-content\\\/uploads\\\/2025\\\/05\\\/SALTPEPPER_logotype_cuivre_sans_baseline.svg\",\"width\":1,\"height\":1,\"caption\":\"Salt & Pepper\"},\"image\":{\"@id\":\"https:\\\/\\\/www.saltpepper.fr\\\/#\\\/schema\\\/logo\\\/image\\\/\"},\"sameAs\":[\"https:\\\/\\\/www.facebook.com\\\/saltandpepper.dijon\\\/\",\"https:\\\/\\\/www.instagram.com\\\/saltpepper.dijon\\\/\",\"https:\\\/\\\/www.linkedin.com\\\/company\\\/salt-and-pepper-dijon\\\/\"]}]}<\/script>\n<!-- \/ Yoast SEO plugin. -->","yoast_head_json":{"title":"05\/07 - 10h - Atelier Saint - Honor\u00e9 - Salt &amp; Pepper","robots":{"index":"noindex","follow":"follow"},"og_locale":"en_US","og_type":"article","og_title":"05\/07 - 10h - Atelier Saint - Honor\u00e9 - Salt &amp; Pepper","og_description":"Grand classique de la p\u00e2tisserie fran\u00e7aise, le Saint-Honor\u00e9 est un dessert d\u2019exception alliant technicit\u00e9, pr\u00e9cision et gourmandise. Entre p\u00e2te \u00e0 choux, cr\u00e8me onctueuse et caramel, il incarne tout le savoir-faire p\u00e2tissier.","og_url":"https:\/\/www.saltpepper.fr\/en\/product\/05-07-10h-atelier-saint-honore\/","og_site_name":"Salt &amp; Pepper","article_publisher":"https:\/\/www.facebook.com\/saltandpepper.dijon\/","article_modified_time":"2026-05-06T09:41:07+00:00","og_image":[{"width":1024,"height":683,"url":"https:\/\/www.saltpepper.fr\/wp-content\/uploads\/2026\/04\/ST-honore-1024x683.png","type":"image\/png"}],"twitter_card":"summary_large_image","twitter_misc":{"Est. reading time":"1 minute"},"schema":{"@context":"https:\/\/schema.org","@graph":[{"@type":"WebPage","@id":"https:\/\/www.saltpepper.fr\/produit\/05-07-10h-atelier-saint-honore\/","url":"https:\/\/www.saltpepper.fr\/produit\/05-07-10h-atelier-saint-honore\/","name":"05\/07 - 10h - Atelier Saint - Honor\u00e9 - Salt &amp; Pepper","isPartOf":{"@id":"https:\/\/www.saltpepper.fr\/#website"},"primaryImageOfPage":{"@id":"https:\/\/www.saltpepper.fr\/produit\/05-07-10h-atelier-saint-honore\/#primaryimage"},"image":{"@id":"https:\/\/www.saltpepper.fr\/produit\/05-07-10h-atelier-saint-honore\/#primaryimage"},"thumbnailUrl":"https:\/\/www.saltpepper.fr\/wp-content\/uploads\/2026\/04\/ST-honore.png","datePublished":"2026-04-13T13:53:31+00:00","dateModified":"2026-05-06T09:41:07+00:00","breadcrumb":{"@id":"https:\/\/www.saltpepper.fr\/produit\/05-07-10h-atelier-saint-honore\/#breadcrumb"},"inLanguage":"en-US","potentialAction":[{"@type":"ReadAction","target":["https:\/\/www.saltpepper.fr\/produit\/05-07-10h-atelier-saint-honore\/"]}]},{"@type":"ImageObject","inLanguage":"en-US","@id":"https:\/\/www.saltpepper.fr\/produit\/05-07-10h-atelier-saint-honore\/#primaryimage","url":"https:\/\/www.saltpepper.fr\/wp-content\/uploads\/2026\/04\/ST-honore.png","contentUrl":"https:\/\/www.saltpepper.fr\/wp-content\/uploads\/2026\/04\/ST-honore.png","width":1536,"height":1024,"caption":"G\u00e2teau \u00e0 base dor\u00e9e, choux au caramel et cr\u00e8me fouett\u00e9e pour atelier p\u00e2tisserie chez Salt & Pepper Dijon."},{"@type":"BreadcrumbList","@id":"https:\/\/www.saltpepper.fr\/produit\/05-07-10h-atelier-saint-honore\/#breadcrumb","itemListElement":[{"@type":"ListItem","position":1,"name":"Accueil","item":"https:\/\/www.saltpepper.fr\/"},{"@type":"ListItem","position":2,"name":"Cours de cuisine","item":"https:\/\/www.saltpepper.fr\/cours-de-cuisine\/"},{"@type":"ListItem","position":3,"name":"05\/07 &#8211; 10h &#8211; Atelier Saint &#8211; Honor\u00e9"}]},{"@type":"WebSite","@id":"https:\/\/www.saltpepper.fr\/#website","url":"https:\/\/www.saltpepper.fr\/","name":"Salt &amp; Pepper","description":"","publisher":{"@id":"https:\/\/www.saltpepper.fr\/#organization"},"potentialAction":[{"@type":"SearchAction","target":{"@type":"EntryPoint","urlTemplate":"https:\/\/www.saltpepper.fr\/?s={search_term_string}"},"query-input":{"@type":"PropertyValueSpecification","valueRequired":true,"valueName":"search_term_string"}}],"inLanguage":"en-US"},{"@type":"Organization","@id":"https:\/\/www.saltpepper.fr\/#organization","name":"Salt &amp; Pepper","url":"https:\/\/www.saltpepper.fr\/","logo":{"@type":"ImageObject","inLanguage":"en-US","@id":"https:\/\/www.saltpepper.fr\/#\/schema\/logo\/image\/","url":"https:\/\/www.saltpepper.fr\/wp-content\/uploads\/2025\/05\/SALTPEPPER_logotype_cuivre_sans_baseline.svg","contentUrl":"https:\/\/www.saltpepper.fr\/wp-content\/uploads\/2025\/05\/SALTPEPPER_logotype_cuivre_sans_baseline.svg","width":1,"height":1,"caption":"Salt & Pepper"},"image":{"@id":"https:\/\/www.saltpepper.fr\/#\/schema\/logo\/image\/"},"sameAs":["https:\/\/www.facebook.com\/saltandpepper.dijon\/","https:\/\/www.instagram.com\/saltpepper.dijon\/","https:\/\/www.linkedin.com\/company\/salt-and-pepper-dijon\/"]}]}},"jetpack_sharing_enabled":true,"_links":{"self":[{"href":"https:\/\/www.saltpepper.fr\/en\/wp-json\/wp\/v2\/product\/3400","targetHints":{"allow":["GET"]}}],"collection":[{"href":"https:\/\/www.saltpepper.fr\/en\/wp-json\/wp\/v2\/product"}],"about":[{"href":"https:\/\/www.saltpepper.fr\/en\/wp-json\/wp\/v2\/types\/product"}],"wp:featuredmedia":[{"embeddable":true,"href":"https:\/\/www.saltpepper.fr\/en\/wp-json\/wp\/v2\/media\/3399"}],"wp:attachment":[{"href":"https:\/\/www.saltpepper.fr\/en\/wp-json\/wp\/v2\/media?parent=3400"}],"wp:term":[{"taxonomy":"duree","embeddable":true,"href":"https:\/\/www.saltpepper.fr\/en\/wp-json\/wp\/v2\/duree?post=3400"},{"taxonomy":"nom-de-cours","embeddable":true,"href":"https:\/\/www.saltpepper.fr\/en\/wp-json\/wp\/v2\/nom-de-cours?post=3400"},{"taxonomy":"thematique","embeddable":true,"href":"https:\/\/www.saltpepper.fr\/en\/wp-json\/wp\/v2\/thematique?post=3400"},{"taxonomy":"product_brand","embeddable":true,"href":"https:\/\/www.saltpepper.fr\/en\/wp-json\/wp\/v2\/product_brand?post=3400"},{"taxonomy":"product_cat","embeddable":true,"href":"https:\/\/www.saltpepper.fr\/en\/wp-json\/wp\/v2\/product_cat?post=3400"},{"taxonomy":"product_tag","embeddable":true,"href":"https:\/\/www.saltpepper.fr\/en\/wp-json\/wp\/v2\/product_tag?post=3400"}],"curies":[{"name":"wp","href":"https:\/\/api.w.org\/{rel}","templated":true}]}}