{"id":3369,"date":"2026-04-09T09:48:34","date_gmt":"2026-04-09T07:48:34","guid":{"rendered":"https:\/\/www.saltpepper.fr\/?post_type=product&#038;p=3369"},"modified":"2026-05-06T11:41:38","modified_gmt":"2026-05-06T09:41:38","slug":"07-06-16h-atelier-technique-special-gua-bao","status":"publish","type":"product","link":"https:\/\/www.saltpepper.fr\/en\/produit\/07-06-16h-atelier-technique-special-gua-bao\/","title":{"rendered":"07\/06 &#8211; 16h &#8211; Atelier Technique Sp\u00e9cial Gua Bao"},"content":{"rendered":"<div class=\"re-c-1rb9ga1\">\n<div class=\"re-c-1rb9ga1\">\n<div class=\"re-c-1rb9ga1\">\n<div class=\"re-c-1rb9ga1\">\n<p data-start=\"67\" data-end=\"460\">Lors de cet atelier, vous apprendrez \u00e0 r\u00e9aliser des gua bao maison de A \u00e0 Z : pr\u00e9paration de la p\u00e2te, fa\u00e7onnage, cuisson vapeur et composition de garnitures \u00e9quilibr\u00e9es. L\u2019objectif est de ma\u00eetriser les bases techniques tout en comprenant l\u2019harmonie entre douceur, acidit\u00e9, salinit\u00e9 et gourmandise.<\/p>\n<\/div>\n<div class=\"re-c-1rb9ga1\"><\/div>\n<\/div>\n<\/div>\n<\/div>\n<div class=\"re-c-1rb9ga1\">\n<div class=\"re-c-1rb9ga1\">\n<div class=\"re-c-1rb9ga1\">\n<h4 data-start=\"891\" data-end=\"931\">Les 3 points cl\u00e9s de l\u2019atelier :<\/h4>\n<ul data-start=\"933\" data-end=\"1202\">\n<li data-section-id=\"1vwwz6r\" data-start=\"933\" data-end=\"1029\"><strong data-start=\"935\" data-end=\"962\">La p\u00e2te vapeur parfaite<\/strong> : texture, fermentation et cuisson pour un bao moelleux et l\u00e9ger<\/li>\n<li data-section-id=\"1k834nd\" data-start=\"1030\" data-end=\"1127\"><strong data-start=\"1032\" data-end=\"1062\">L\u2019\u00e9quilibre des garnitures<\/strong> : association des saveurs, des textures et des assaisonnements<\/li>\n<li data-section-id=\"eem5gt\" data-start=\"1128\" data-end=\"1202\"><strong data-start=\"1130\" data-end=\"1162\">Le montage &amp; la pr\u00e9sentation<\/strong> : assemblage harmonieux et esth\u00e9tique<\/li>\n<\/ul>\n<\/div>\n<\/div>\n<\/div>","protected":false},"excerpt":{"rendered":"<div class=\"re-c-1rb9ga1\">\n<p data-start=\"67\" data-end=\"460\">Originating from Taiwan, Gua Bao is an iconic Asian street food specialty. This small steamed bun, both soft and airy, is filled with flavorful and contrasting preparations, blending textures and tastes.<\/p>\n<\/div>\n<p data-start=\"67\" data-end=\"460\">","protected":false},"featured_media":3370,"template":"","meta":{"_acf_changed":false},"duree":[31],"nom-de-cours":[120],"thematique":[63],"product_brand":[],"product_cat":[69],"product_tag":[],"class_list":{"0":"post-3369","1":"product","2":"type-product","3":"status-publish","4":"has-post-thumbnail","6":"duree-2h","7":"nom-de-cours-atelier-technique-special-gua-bao","8":"thematique-cuisine-du-monde","9":"product_cat-atelier-technique","11":"first","12":"instock","13":"virtual","14":"taxable","15":"purchasable","16":"product-type-simple"},"acf":[],"yoast_head":"<!-- This site is optimized with the Yoast SEO plugin v27.5 - https:\/\/yoast.com\/product\/yoast-seo-wordpress\/ -->\n<title>07\/06 - 16h - Atelier Technique Sp\u00e9cial Gua Bao - Salt &amp; Pepper<\/title>\n<meta name=\"robots\" content=\"noindex, follow\" \/>\n<meta property=\"og:locale\" content=\"en_US\" \/>\n<meta property=\"og:type\" content=\"article\" \/>\n<meta property=\"og:title\" content=\"07\/06 - 16h - Atelier Technique Sp\u00e9cial Gua Bao - Salt &amp; Pepper\" \/>\n<meta property=\"og:description\" content=\"Originaire de Ta\u00efwan, le Gua Bao est une sp\u00e9cialit\u00e9 embl\u00e9matique de la street food asiatique. Ce petit pain vapeur, \u00e0 la fois moelleux et a\u00e9rien, se garnit de pr\u00e9parations savoureuses et contrast\u00e9es, m\u00ealant textures et saveurs.\" \/>\n<meta property=\"og:url\" content=\"https:\/\/www.saltpepper.fr\/en\/product\/07-06-16h-atelier-technique-special-gua-bao\/\" \/>\n<meta property=\"og:site_name\" content=\"Salt &amp; Pepper\" \/>\n<meta property=\"article:publisher\" content=\"https:\/\/www.facebook.com\/saltandpepper.dijon\/\" \/>\n<meta property=\"article:modified_time\" content=\"2026-05-06T09:41:38+00:00\" \/>\n<meta property=\"og:image\" content=\"https:\/\/www.saltpepper.fr\/wp-content\/uploads\/2026\/04\/Buns-de-bao-au-porc-caramelise-1024x683.png\" \/>\n\t<meta property=\"og:image:width\" content=\"1024\" \/>\n\t<meta property=\"og:image:height\" content=\"683\" \/>\n\t<meta property=\"og:image:type\" content=\"image\/png\" \/>\n<meta name=\"twitter:card\" content=\"summary_large_image\" \/>\n<meta name=\"twitter:label1\" content=\"Est. reading time\" \/>\n\t<meta name=\"twitter:data1\" content=\"1 minute\" \/>\n<script type=\"application\/ld+json\" class=\"yoast-schema-graph\">{\"@context\":\"https:\\\/\\\/schema.org\",\"@graph\":[{\"@type\":\"WebPage\",\"@id\":\"https:\\\/\\\/www.saltpepper.fr\\\/produit\\\/07-06-16h-atelier-technique-special-gua-bao\\\/\",\"url\":\"https:\\\/\\\/www.saltpepper.fr\\\/produit\\\/07-06-16h-atelier-technique-special-gua-bao\\\/\",\"name\":\"07\\\/06 - 16h - Atelier Technique Sp\u00e9cial Gua Bao - Salt &amp; Pepper\",\"isPartOf\":{\"@id\":\"https:\\\/\\\/www.saltpepper.fr\\\/#website\"},\"primaryImageOfPage\":{\"@id\":\"https:\\\/\\\/www.saltpepper.fr\\\/produit\\\/07-06-16h-atelier-technique-special-gua-bao\\\/#primaryimage\"},\"image\":{\"@id\":\"https:\\\/\\\/www.saltpepper.fr\\\/produit\\\/07-06-16h-atelier-technique-special-gua-bao\\\/#primaryimage\"},\"thumbnailUrl\":\"https:\\\/\\\/www.saltpepper.fr\\\/wp-content\\\/uploads\\\/2026\\\/04\\\/Buns-de-bao-au-porc-caramelise.png\",\"datePublished\":\"2026-04-09T07:48:34+00:00\",\"dateModified\":\"2026-05-06T09:41:38+00:00\",\"breadcrumb\":{\"@id\":\"https:\\\/\\\/www.saltpepper.fr\\\/produit\\\/07-06-16h-atelier-technique-special-gua-bao\\\/#breadcrumb\"},\"inLanguage\":\"en-US\",\"potentialAction\":[{\"@type\":\"ReadAction\",\"target\":[\"https:\\\/\\\/www.saltpepper.fr\\\/produit\\\/07-06-16h-atelier-technique-special-gua-bao\\\/\"]}]},{\"@type\":\"ImageObject\",\"inLanguage\":\"en-US\",\"@id\":\"https:\\\/\\\/www.saltpepper.fr\\\/produit\\\/07-06-16h-atelier-technique-special-gua-bao\\\/#primaryimage\",\"url\":\"https:\\\/\\\/www.saltpepper.fr\\\/wp-content\\\/uploads\\\/2026\\\/04\\\/Buns-de-bao-au-porc-caramelise.png\",\"contentUrl\":\"https:\\\/\\\/www.saltpepper.fr\\\/wp-content\\\/uploads\\\/2026\\\/04\\\/Buns-de-bao-au-porc-caramelise.png\",\"width\":1536,\"height\":1024,\"caption\":\"Bao buns vapeur au tofu laqu\u00e9 et l\u00e9gumes croquants, citron vert, coriandre, atelier culinaire team building.\"},{\"@type\":\"BreadcrumbList\",\"@id\":\"https:\\\/\\\/www.saltpepper.fr\\\/produit\\\/07-06-16h-atelier-technique-special-gua-bao\\\/#breadcrumb\",\"itemListElement\":[{\"@type\":\"ListItem\",\"position\":1,\"name\":\"Accueil\",\"item\":\"https:\\\/\\\/www.saltpepper.fr\\\/\"},{\"@type\":\"ListItem\",\"position\":2,\"name\":\"Cours de cuisine\",\"item\":\"https:\\\/\\\/www.saltpepper.fr\\\/cours-de-cuisine\\\/\"},{\"@type\":\"ListItem\",\"position\":3,\"name\":\"07\\\/06 &#8211; 16h &#8211; Atelier Technique Sp\u00e9cial Gua Bao\"}]},{\"@type\":\"WebSite\",\"@id\":\"https:\\\/\\\/www.saltpepper.fr\\\/#website\",\"url\":\"https:\\\/\\\/www.saltpepper.fr\\\/\",\"name\":\"Salt & Pepper\",\"description\":\"\",\"publisher\":{\"@id\":\"https:\\\/\\\/www.saltpepper.fr\\\/#organization\"},\"potentialAction\":[{\"@type\":\"SearchAction\",\"target\":{\"@type\":\"EntryPoint\",\"urlTemplate\":\"https:\\\/\\\/www.saltpepper.fr\\\/?s={search_term_string}\"},\"query-input\":{\"@type\":\"PropertyValueSpecification\",\"valueRequired\":true,\"valueName\":\"search_term_string\"}}],\"inLanguage\":\"en-US\"},{\"@type\":\"Organization\",\"@id\":\"https:\\\/\\\/www.saltpepper.fr\\\/#organization\",\"name\":\"Salt & Pepper\",\"url\":\"https:\\\/\\\/www.saltpepper.fr\\\/\",\"logo\":{\"@type\":\"ImageObject\",\"inLanguage\":\"en-US\",\"@id\":\"https:\\\/\\\/www.saltpepper.fr\\\/#\\\/schema\\\/logo\\\/image\\\/\",\"url\":\"https:\\\/\\\/www.saltpepper.fr\\\/wp-content\\\/uploads\\\/2025\\\/05\\\/SALTPEPPER_logotype_cuivre_sans_baseline.svg\",\"contentUrl\":\"https:\\\/\\\/www.saltpepper.fr\\\/wp-content\\\/uploads\\\/2025\\\/05\\\/SALTPEPPER_logotype_cuivre_sans_baseline.svg\",\"width\":1,\"height\":1,\"caption\":\"Salt & Pepper\"},\"image\":{\"@id\":\"https:\\\/\\\/www.saltpepper.fr\\\/#\\\/schema\\\/logo\\\/image\\\/\"},\"sameAs\":[\"https:\\\/\\\/www.facebook.com\\\/saltandpepper.dijon\\\/\",\"https:\\\/\\\/www.instagram.com\\\/saltpepper.dijon\\\/\",\"https:\\\/\\\/www.linkedin.com\\\/company\\\/salt-and-pepper-dijon\\\/\"]}]}<\/script>\n<!-- \/ Yoast SEO plugin. -->","yoast_head_json":{"title":"07\/06 - 16h - Atelier Technique Sp\u00e9cial Gua Bao - Salt &amp; Pepper","robots":{"index":"noindex","follow":"follow"},"og_locale":"en_US","og_type":"article","og_title":"07\/06 - 16h - Atelier Technique Sp\u00e9cial Gua Bao - Salt &amp; Pepper","og_description":"Originaire de Ta\u00efwan, le Gua Bao est une sp\u00e9cialit\u00e9 embl\u00e9matique de la street food asiatique. Ce petit pain vapeur, \u00e0 la fois moelleux et a\u00e9rien, se garnit de pr\u00e9parations savoureuses et contrast\u00e9es, m\u00ealant textures et saveurs.","og_url":"https:\/\/www.saltpepper.fr\/en\/product\/07-06-16h-atelier-technique-special-gua-bao\/","og_site_name":"Salt &amp; Pepper","article_publisher":"https:\/\/www.facebook.com\/saltandpepper.dijon\/","article_modified_time":"2026-05-06T09:41:38+00:00","og_image":[{"width":1024,"height":683,"url":"https:\/\/www.saltpepper.fr\/wp-content\/uploads\/2026\/04\/Buns-de-bao-au-porc-caramelise-1024x683.png","type":"image\/png"}],"twitter_card":"summary_large_image","twitter_misc":{"Est. reading time":"1 minute"},"schema":{"@context":"https:\/\/schema.org","@graph":[{"@type":"WebPage","@id":"https:\/\/www.saltpepper.fr\/produit\/07-06-16h-atelier-technique-special-gua-bao\/","url":"https:\/\/www.saltpepper.fr\/produit\/07-06-16h-atelier-technique-special-gua-bao\/","name":"07\/06 - 16h - Atelier Technique Sp\u00e9cial Gua Bao - Salt &amp; Pepper","isPartOf":{"@id":"https:\/\/www.saltpepper.fr\/#website"},"primaryImageOfPage":{"@id":"https:\/\/www.saltpepper.fr\/produit\/07-06-16h-atelier-technique-special-gua-bao\/#primaryimage"},"image":{"@id":"https:\/\/www.saltpepper.fr\/produit\/07-06-16h-atelier-technique-special-gua-bao\/#primaryimage"},"thumbnailUrl":"https:\/\/www.saltpepper.fr\/wp-content\/uploads\/2026\/04\/Buns-de-bao-au-porc-caramelise.png","datePublished":"2026-04-09T07:48:34+00:00","dateModified":"2026-05-06T09:41:38+00:00","breadcrumb":{"@id":"https:\/\/www.saltpepper.fr\/produit\/07-06-16h-atelier-technique-special-gua-bao\/#breadcrumb"},"inLanguage":"en-US","potentialAction":[{"@type":"ReadAction","target":["https:\/\/www.saltpepper.fr\/produit\/07-06-16h-atelier-technique-special-gua-bao\/"]}]},{"@type":"ImageObject","inLanguage":"en-US","@id":"https:\/\/www.saltpepper.fr\/produit\/07-06-16h-atelier-technique-special-gua-bao\/#primaryimage","url":"https:\/\/www.saltpepper.fr\/wp-content\/uploads\/2026\/04\/Buns-de-bao-au-porc-caramelise.png","contentUrl":"https:\/\/www.saltpepper.fr\/wp-content\/uploads\/2026\/04\/Buns-de-bao-au-porc-caramelise.png","width":1536,"height":1024,"caption":"Bao buns vapeur au tofu laqu\u00e9 et l\u00e9gumes croquants, citron vert, coriandre, atelier culinaire team building."},{"@type":"BreadcrumbList","@id":"https:\/\/www.saltpepper.fr\/produit\/07-06-16h-atelier-technique-special-gua-bao\/#breadcrumb","itemListElement":[{"@type":"ListItem","position":1,"name":"Accueil","item":"https:\/\/www.saltpepper.fr\/"},{"@type":"ListItem","position":2,"name":"Cours de cuisine","item":"https:\/\/www.saltpepper.fr\/cours-de-cuisine\/"},{"@type":"ListItem","position":3,"name":"07\/06 &#8211; 16h &#8211; Atelier Technique Sp\u00e9cial Gua Bao"}]},{"@type":"WebSite","@id":"https:\/\/www.saltpepper.fr\/#website","url":"https:\/\/www.saltpepper.fr\/","name":"Salt &amp; Pepper","description":"","publisher":{"@id":"https:\/\/www.saltpepper.fr\/#organization"},"potentialAction":[{"@type":"SearchAction","target":{"@type":"EntryPoint","urlTemplate":"https:\/\/www.saltpepper.fr\/?s={search_term_string}"},"query-input":{"@type":"PropertyValueSpecification","valueRequired":true,"valueName":"search_term_string"}}],"inLanguage":"en-US"},{"@type":"Organization","@id":"https:\/\/www.saltpepper.fr\/#organization","name":"Salt &amp; Pepper","url":"https:\/\/www.saltpepper.fr\/","logo":{"@type":"ImageObject","inLanguage":"en-US","@id":"https:\/\/www.saltpepper.fr\/#\/schema\/logo\/image\/","url":"https:\/\/www.saltpepper.fr\/wp-content\/uploads\/2025\/05\/SALTPEPPER_logotype_cuivre_sans_baseline.svg","contentUrl":"https:\/\/www.saltpepper.fr\/wp-content\/uploads\/2025\/05\/SALTPEPPER_logotype_cuivre_sans_baseline.svg","width":1,"height":1,"caption":"Salt & Pepper"},"image":{"@id":"https:\/\/www.saltpepper.fr\/#\/schema\/logo\/image\/"},"sameAs":["https:\/\/www.facebook.com\/saltandpepper.dijon\/","https:\/\/www.instagram.com\/saltpepper.dijon\/","https:\/\/www.linkedin.com\/company\/salt-and-pepper-dijon\/"]}]}},"jetpack_sharing_enabled":true,"_links":{"self":[{"href":"https:\/\/www.saltpepper.fr\/en\/wp-json\/wp\/v2\/product\/3369","targetHints":{"allow":["GET"]}}],"collection":[{"href":"https:\/\/www.saltpepper.fr\/en\/wp-json\/wp\/v2\/product"}],"about":[{"href":"https:\/\/www.saltpepper.fr\/en\/wp-json\/wp\/v2\/types\/product"}],"wp:featuredmedia":[{"embeddable":true,"href":"https:\/\/www.saltpepper.fr\/en\/wp-json\/wp\/v2\/media\/3370"}],"wp:attachment":[{"href":"https:\/\/www.saltpepper.fr\/en\/wp-json\/wp\/v2\/media?parent=3369"}],"wp:term":[{"taxonomy":"duree","embeddable":true,"href":"https:\/\/www.saltpepper.fr\/en\/wp-json\/wp\/v2\/duree?post=3369"},{"taxonomy":"nom-de-cours","embeddable":true,"href":"https:\/\/www.saltpepper.fr\/en\/wp-json\/wp\/v2\/nom-de-cours?post=3369"},{"taxonomy":"thematique","embeddable":true,"href":"https:\/\/www.saltpepper.fr\/en\/wp-json\/wp\/v2\/thematique?post=3369"},{"taxonomy":"product_brand","embeddable":true,"href":"https:\/\/www.saltpepper.fr\/en\/wp-json\/wp\/v2\/product_brand?post=3369"},{"taxonomy":"product_cat","embeddable":true,"href":"https:\/\/www.saltpepper.fr\/en\/wp-json\/wp\/v2\/product_cat?post=3369"},{"taxonomy":"product_tag","embeddable":true,"href":"https:\/\/www.saltpepper.fr\/en\/wp-json\/wp\/v2\/product_tag?post=3369"}],"curies":[{"name":"wp","href":"https:\/\/api.w.org\/{rel}","templated":true}]}}