{"id":3298,"date":"2026-03-30T18:16:40","date_gmt":"2026-03-30T16:16:40","guid":{"rendered":"https:\/\/www.saltpepper.fr\/?post_type=product&#038;p=3298"},"modified":"2026-05-06T11:41:45","modified_gmt":"2026-05-06T09:41:45","slug":"17-06-18h-aperitivo-a-la-mexicaine","status":"publish","type":"product","link":"https:\/\/www.saltpepper.fr\/en\/produit\/17-06-18h-aperitivo-a-la-mexicaine\/","title":{"rendered":"17\/06 &#8211; 18h &#8211; Aperitivo \u00e0 la Mexicaine"},"content":{"rendered":"<div class=\"re-c-1rb9ga1\">\n<div class=\"re-c-1rb9ga1\">\n<div class=\"re-c-1rb9ga1\">\n<div class=\"re-c-1rb9ga1\">\n<p>Immerse yourself in the warm atmosphere of Mexico with a flavorful aperitivo. Between spices, freshness, crunch, and acidity, discover a selection of typical small bites to share, in a festive and convivial spirit.<\/p>\n<\/div>\n<\/div>\n<\/div>\n<\/div>\n<p>&nbsp;<\/p>\n<div class=\"re-c-1rb9ga1\">\n<div class=\"re-c-1rb9ga1\">\n<div class=\"re-c-1rb9ga1\">\n<ul>\n<li data-start=\"122\" data-end=\"286\">L\u2019\u00e9quilibre des saveurs : ma\u00eetriser l\u2019acidit\u00e9 (citron vert), le piment, le sel et la fra\u00eecheur des herbes pour obtenir des pr\u00e9parations justes et harmonieuses<\/li>\n<li data-start=\"122\" data-end=\"286\">Les bases incontournables : r\u00e9ussir un guacamole parfaitement assaisonn\u00e9, des salsas fra\u00eeches et des garnitures savoureuses<\/li>\n<li data-start=\"122\" data-end=\"286\">Le montage &amp; la convivialit\u00e9 : savoir assembler tacos, tostadas ou quesadillas avec \u00e9quilibre, texture et g\u00e9n\u00e9rosit\u00e9<\/li>\n<\/ul>\n<\/div>\n<\/div>\n<\/div>","protected":false},"excerpt":{"rendered":"<p>Immerse yourself in the warm atmosphere of Mexico with a flavorful aperitivo. Between spices, freshness, crunch, and acidity, discover a selection of typical small bites to share, in a festive and convivial spirit.<\/p>","protected":false},"featured_media":2614,"template":"","meta":{"_acf_changed":false},"duree":[30],"nom-de-cours":[92],"thematique":[63],"product_brand":[],"product_cat":[68],"product_tag":[],"class_list":{"0":"post-3298","1":"product","2":"type-product","3":"status-publish","4":"has-post-thumbnail","6":"duree-3h","7":"nom-de-cours-aperitivo-a-la-mexicaine","8":"thematique-cuisine-du-monde","9":"product_cat-cuisine","11":"first","12":"instock","13":"virtual","14":"taxable","15":"purchasable","16":"product-type-simple"},"acf":[],"yoast_head":"<!-- This site is optimized with the Yoast SEO plugin v27.5 - https:\/\/yoast.com\/product\/yoast-seo-wordpress\/ -->\n<title>17\/06 - 18h - Aperitivo \u00e0 la Mexicaine - Salt &amp; Pepper<\/title>\n<meta name=\"robots\" content=\"noindex, follow\" \/>\n<meta property=\"og:locale\" content=\"en_US\" \/>\n<meta property=\"og:type\" content=\"article\" \/>\n<meta property=\"og:title\" content=\"17\/06 - 18h - Aperitivo \u00e0 la Mexicaine - Salt &amp; Pepper\" \/>\n<meta property=\"og:description\" content=\"Plongez dans l\u2019ambiance chaleureuse du Mexique le temps d\u2019un ap\u00e9ritivo haut en saveurs. Entre \u00e9pices, fra\u00eecheur, croquant et acidit\u00e9, d\u00e9couvrez une s\u00e9lection de bouch\u00e9es typiques \u00e0 partager, dans un esprit festif et convivial.\" \/>\n<meta property=\"og:url\" content=\"https:\/\/www.saltpepper.fr\/en\/product\/17-06-18h-aperitivo-a-la-mexicaine\/\" \/>\n<meta property=\"og:site_name\" content=\"Salt &amp; Pepper\" \/>\n<meta property=\"article:publisher\" content=\"https:\/\/www.facebook.com\/saltandpepper.dijon\/\" \/>\n<meta property=\"article:modified_time\" content=\"2026-05-06T09:41:45+00:00\" \/>\n<meta property=\"og:image\" content=\"https:\/\/www.saltpepper.fr\/wp-content\/uploads\/2026\/02\/ChatGPT-Image-11-fevr.-2026-a-11_01_45-1024x683.png\" \/>\n\t<meta property=\"og:image:width\" content=\"1024\" \/>\n\t<meta property=\"og:image:height\" content=\"683\" \/>\n\t<meta property=\"og:image:type\" content=\"image\/png\" \/>\n<meta name=\"twitter:card\" content=\"summary_large_image\" \/>\n<meta name=\"twitter:label1\" content=\"Est. reading time\" \/>\n\t<meta name=\"twitter:data1\" content=\"1 minute\" \/>\n<script type=\"application\/ld+json\" class=\"yoast-schema-graph\">{\"@context\":\"https:\\\/\\\/schema.org\",\"@graph\":[{\"@type\":\"WebPage\",\"@id\":\"https:\\\/\\\/www.saltpepper.fr\\\/produit\\\/17-06-18h-aperitivo-a-la-mexicaine\\\/\",\"url\":\"https:\\\/\\\/www.saltpepper.fr\\\/produit\\\/17-06-18h-aperitivo-a-la-mexicaine\\\/\",\"name\":\"17\\\/06 - 18h - Aperitivo \u00e0 la Mexicaine - Salt &amp; Pepper\",\"isPartOf\":{\"@id\":\"https:\\\/\\\/www.saltpepper.fr\\\/#website\"},\"primaryImageOfPage\":{\"@id\":\"https:\\\/\\\/www.saltpepper.fr\\\/produit\\\/17-06-18h-aperitivo-a-la-mexicaine\\\/#primaryimage\"},\"image\":{\"@id\":\"https:\\\/\\\/www.saltpepper.fr\\\/produit\\\/17-06-18h-aperitivo-a-la-mexicaine\\\/#primaryimage\"},\"thumbnailUrl\":\"https:\\\/\\\/www.saltpepper.fr\\\/wp-content\\\/uploads\\\/2026\\\/02\\\/ChatGPT-Image-11-fevr.-2026-a-11_01_45.png\",\"datePublished\":\"2026-03-30T16:16:40+00:00\",\"dateModified\":\"2026-05-06T09:41:45+00:00\",\"breadcrumb\":{\"@id\":\"https:\\\/\\\/www.saltpepper.fr\\\/produit\\\/17-06-18h-aperitivo-a-la-mexicaine\\\/#breadcrumb\"},\"inLanguage\":\"en-US\",\"potentialAction\":[{\"@type\":\"ReadAction\",\"target\":[\"https:\\\/\\\/www.saltpepper.fr\\\/produit\\\/17-06-18h-aperitivo-a-la-mexicaine\\\/\"]}]},{\"@type\":\"ImageObject\",\"inLanguage\":\"en-US\",\"@id\":\"https:\\\/\\\/www.saltpepper.fr\\\/produit\\\/17-06-18h-aperitivo-a-la-mexicaine\\\/#primaryimage\",\"url\":\"https:\\\/\\\/www.saltpepper.fr\\\/wp-content\\\/uploads\\\/2026\\\/02\\\/ChatGPT-Image-11-fevr.-2026-a-11_01_45.png\",\"contentUrl\":\"https:\\\/\\\/www.saltpepper.fr\\\/wp-content\\\/uploads\\\/2026\\\/02\\\/ChatGPT-Image-11-fevr.-2026-a-11_01_45.png\",\"width\":1536,\"height\":1024,\"caption\":\"Planche de tacos vari\u00e9s, crevettes, b\u0153uf, l\u00e9gumes, coriandre et jalape\u00f1os, avec guacamole et cocktail pour team building.\"},{\"@type\":\"BreadcrumbList\",\"@id\":\"https:\\\/\\\/www.saltpepper.fr\\\/produit\\\/17-06-18h-aperitivo-a-la-mexicaine\\\/#breadcrumb\",\"itemListElement\":[{\"@type\":\"ListItem\",\"position\":1,\"name\":\"Accueil\",\"item\":\"https:\\\/\\\/www.saltpepper.fr\\\/\"},{\"@type\":\"ListItem\",\"position\":2,\"name\":\"Cours de cuisine\",\"item\":\"https:\\\/\\\/www.saltpepper.fr\\\/cours-de-cuisine\\\/\"},{\"@type\":\"ListItem\",\"position\":3,\"name\":\"17\\\/06 &#8211; 18h &#8211; Aperitivo \u00e0 la Mexicaine\"}]},{\"@type\":\"WebSite\",\"@id\":\"https:\\\/\\\/www.saltpepper.fr\\\/#website\",\"url\":\"https:\\\/\\\/www.saltpepper.fr\\\/\",\"name\":\"Salt & Pepper\",\"description\":\"\",\"publisher\":{\"@id\":\"https:\\\/\\\/www.saltpepper.fr\\\/#organization\"},\"potentialAction\":[{\"@type\":\"SearchAction\",\"target\":{\"@type\":\"EntryPoint\",\"urlTemplate\":\"https:\\\/\\\/www.saltpepper.fr\\\/?s={search_term_string}\"},\"query-input\":{\"@type\":\"PropertyValueSpecification\",\"valueRequired\":true,\"valueName\":\"search_term_string\"}}],\"inLanguage\":\"en-US\"},{\"@type\":\"Organization\",\"@id\":\"https:\\\/\\\/www.saltpepper.fr\\\/#organization\",\"name\":\"Salt & Pepper\",\"url\":\"https:\\\/\\\/www.saltpepper.fr\\\/\",\"logo\":{\"@type\":\"ImageObject\",\"inLanguage\":\"en-US\",\"@id\":\"https:\\\/\\\/www.saltpepper.fr\\\/#\\\/schema\\\/logo\\\/image\\\/\",\"url\":\"https:\\\/\\\/www.saltpepper.fr\\\/wp-content\\\/uploads\\\/2025\\\/05\\\/SALTPEPPER_logotype_cuivre_sans_baseline.svg\",\"contentUrl\":\"https:\\\/\\\/www.saltpepper.fr\\\/wp-content\\\/uploads\\\/2025\\\/05\\\/SALTPEPPER_logotype_cuivre_sans_baseline.svg\",\"width\":1,\"height\":1,\"caption\":\"Salt & Pepper\"},\"image\":{\"@id\":\"https:\\\/\\\/www.saltpepper.fr\\\/#\\\/schema\\\/logo\\\/image\\\/\"},\"sameAs\":[\"https:\\\/\\\/www.facebook.com\\\/saltandpepper.dijon\\\/\",\"https:\\\/\\\/www.instagram.com\\\/saltpepper.dijon\\\/\",\"https:\\\/\\\/www.linkedin.com\\\/company\\\/salt-and-pepper-dijon\\\/\"]}]}<\/script>\n<!-- \/ Yoast SEO plugin. -->","yoast_head_json":{"title":"17\/06 - 18h - Aperitivo \u00e0 la Mexicaine - Salt &amp; Pepper","robots":{"index":"noindex","follow":"follow"},"og_locale":"en_US","og_type":"article","og_title":"17\/06 - 18h - Aperitivo \u00e0 la Mexicaine - Salt &amp; Pepper","og_description":"Plongez dans l\u2019ambiance chaleureuse du Mexique le temps d\u2019un ap\u00e9ritivo haut en saveurs. Entre \u00e9pices, fra\u00eecheur, croquant et acidit\u00e9, d\u00e9couvrez une s\u00e9lection de bouch\u00e9es typiques \u00e0 partager, dans un esprit festif et convivial.","og_url":"https:\/\/www.saltpepper.fr\/en\/product\/17-06-18h-aperitivo-a-la-mexicaine\/","og_site_name":"Salt &amp; Pepper","article_publisher":"https:\/\/www.facebook.com\/saltandpepper.dijon\/","article_modified_time":"2026-05-06T09:41:45+00:00","og_image":[{"width":1024,"height":683,"url":"https:\/\/www.saltpepper.fr\/wp-content\/uploads\/2026\/02\/ChatGPT-Image-11-fevr.-2026-a-11_01_45-1024x683.png","type":"image\/png"}],"twitter_card":"summary_large_image","twitter_misc":{"Est. reading time":"1 minute"},"schema":{"@context":"https:\/\/schema.org","@graph":[{"@type":"WebPage","@id":"https:\/\/www.saltpepper.fr\/produit\/17-06-18h-aperitivo-a-la-mexicaine\/","url":"https:\/\/www.saltpepper.fr\/produit\/17-06-18h-aperitivo-a-la-mexicaine\/","name":"17\/06 - 18h - Aperitivo \u00e0 la Mexicaine - Salt &amp; Pepper","isPartOf":{"@id":"https:\/\/www.saltpepper.fr\/#website"},"primaryImageOfPage":{"@id":"https:\/\/www.saltpepper.fr\/produit\/17-06-18h-aperitivo-a-la-mexicaine\/#primaryimage"},"image":{"@id":"https:\/\/www.saltpepper.fr\/produit\/17-06-18h-aperitivo-a-la-mexicaine\/#primaryimage"},"thumbnailUrl":"https:\/\/www.saltpepper.fr\/wp-content\/uploads\/2026\/02\/ChatGPT-Image-11-fevr.-2026-a-11_01_45.png","datePublished":"2026-03-30T16:16:40+00:00","dateModified":"2026-05-06T09:41:45+00:00","breadcrumb":{"@id":"https:\/\/www.saltpepper.fr\/produit\/17-06-18h-aperitivo-a-la-mexicaine\/#breadcrumb"},"inLanguage":"en-US","potentialAction":[{"@type":"ReadAction","target":["https:\/\/www.saltpepper.fr\/produit\/17-06-18h-aperitivo-a-la-mexicaine\/"]}]},{"@type":"ImageObject","inLanguage":"en-US","@id":"https:\/\/www.saltpepper.fr\/produit\/17-06-18h-aperitivo-a-la-mexicaine\/#primaryimage","url":"https:\/\/www.saltpepper.fr\/wp-content\/uploads\/2026\/02\/ChatGPT-Image-11-fevr.-2026-a-11_01_45.png","contentUrl":"https:\/\/www.saltpepper.fr\/wp-content\/uploads\/2026\/02\/ChatGPT-Image-11-fevr.-2026-a-11_01_45.png","width":1536,"height":1024,"caption":"Planche de tacos vari\u00e9s, crevettes, b\u0153uf, l\u00e9gumes, coriandre et jalape\u00f1os, avec guacamole et cocktail pour team building."},{"@type":"BreadcrumbList","@id":"https:\/\/www.saltpepper.fr\/produit\/17-06-18h-aperitivo-a-la-mexicaine\/#breadcrumb","itemListElement":[{"@type":"ListItem","position":1,"name":"Accueil","item":"https:\/\/www.saltpepper.fr\/"},{"@type":"ListItem","position":2,"name":"Cours de cuisine","item":"https:\/\/www.saltpepper.fr\/cours-de-cuisine\/"},{"@type":"ListItem","position":3,"name":"17\/06 &#8211; 18h &#8211; Aperitivo \u00e0 la Mexicaine"}]},{"@type":"WebSite","@id":"https:\/\/www.saltpepper.fr\/#website","url":"https:\/\/www.saltpepper.fr\/","name":"Salt &amp; Pepper","description":"","publisher":{"@id":"https:\/\/www.saltpepper.fr\/#organization"},"potentialAction":[{"@type":"SearchAction","target":{"@type":"EntryPoint","urlTemplate":"https:\/\/www.saltpepper.fr\/?s={search_term_string}"},"query-input":{"@type":"PropertyValueSpecification","valueRequired":true,"valueName":"search_term_string"}}],"inLanguage":"en-US"},{"@type":"Organization","@id":"https:\/\/www.saltpepper.fr\/#organization","name":"Salt &amp; Pepper","url":"https:\/\/www.saltpepper.fr\/","logo":{"@type":"ImageObject","inLanguage":"en-US","@id":"https:\/\/www.saltpepper.fr\/#\/schema\/logo\/image\/","url":"https:\/\/www.saltpepper.fr\/wp-content\/uploads\/2025\/05\/SALTPEPPER_logotype_cuivre_sans_baseline.svg","contentUrl":"https:\/\/www.saltpepper.fr\/wp-content\/uploads\/2025\/05\/SALTPEPPER_logotype_cuivre_sans_baseline.svg","width":1,"height":1,"caption":"Salt & Pepper"},"image":{"@id":"https:\/\/www.saltpepper.fr\/#\/schema\/logo\/image\/"},"sameAs":["https:\/\/www.facebook.com\/saltandpepper.dijon\/","https:\/\/www.instagram.com\/saltpepper.dijon\/","https:\/\/www.linkedin.com\/company\/salt-and-pepper-dijon\/"]}]}},"jetpack_sharing_enabled":true,"_links":{"self":[{"href":"https:\/\/www.saltpepper.fr\/en\/wp-json\/wp\/v2\/product\/3298","targetHints":{"allow":["GET"]}}],"collection":[{"href":"https:\/\/www.saltpepper.fr\/en\/wp-json\/wp\/v2\/product"}],"about":[{"href":"https:\/\/www.saltpepper.fr\/en\/wp-json\/wp\/v2\/types\/product"}],"wp:featuredmedia":[{"embeddable":true,"href":"https:\/\/www.saltpepper.fr\/en\/wp-json\/wp\/v2\/media\/2614"}],"wp:attachment":[{"href":"https:\/\/www.saltpepper.fr\/en\/wp-json\/wp\/v2\/media?parent=3298"}],"wp:term":[{"taxonomy":"duree","embeddable":true,"href":"https:\/\/www.saltpepper.fr\/en\/wp-json\/wp\/v2\/duree?post=3298"},{"taxonomy":"nom-de-cours","embeddable":true,"href":"https:\/\/www.saltpepper.fr\/en\/wp-json\/wp\/v2\/nom-de-cours?post=3298"},{"taxonomy":"thematique","embeddable":true,"href":"https:\/\/www.saltpepper.fr\/en\/wp-json\/wp\/v2\/thematique?post=3298"},{"taxonomy":"product_brand","embeddable":true,"href":"https:\/\/www.saltpepper.fr\/en\/wp-json\/wp\/v2\/product_brand?post=3298"},{"taxonomy":"product_cat","embeddable":true,"href":"https:\/\/www.saltpepper.fr\/en\/wp-json\/wp\/v2\/product_cat?post=3298"},{"taxonomy":"product_tag","embeddable":true,"href":"https:\/\/www.saltpepper.fr\/en\/wp-json\/wp\/v2\/product_tag?post=3298"}],"curies":[{"name":"wp","href":"https:\/\/api.w.org\/{rel}","templated":true}]}}