{"id":3287,"date":"2026-03-30T15:35:31","date_gmt":"2026-03-30T13:35:31","guid":{"rendered":"https:\/\/www.saltpepper.fr\/?post_type=product&#038;p=3287"},"modified":"2026-05-06T11:42:05","modified_gmt":"2026-05-06T09:42:05","slug":"11-07-10h-atelier-pavlova-dete","status":"publish","type":"product","link":"https:\/\/www.saltpepper.fr\/en\/produit\/11-07-10h-atelier-pavlova-dete\/","title":{"rendered":"11\/07 &#8211; 10h &#8211; Atelier Pavlova d&rsquo;\u00c9t\u00e9"},"content":{"rendered":"<div class=\"re-c-1rb9ga1\">\n<p data-start=\"343\" data-end=\"548\">Lors de cet atelier, vous apprendrez \u00e0 r\u00e9aliser une pavlova d\u2019\u00e9t\u00e9 \u00e9l\u00e9gante et parfaitement \u00e9quilibr\u00e9e, en ma\u00eetrisant chaque \u00e9tape : de la meringue \u00e0 la garniture, en passant par les cr\u00e8mes et les textures.<\/p>\n<p data-start=\"550\" data-end=\"731\">Vous d\u00e9couvrirez comment travailler les fruits de saison (fraises, fruits rouges, fruits exotiques\u2026), \u00e9quilibrer le sucre et l\u2019acidit\u00e9, et cr\u00e9er un dessert aussi beau que savoureux. Un atelier technique et cr\u00e9atif pour apprendre \u00e0 r\u00e9aliser un dessert incontournable, l\u00e9ger, raffin\u00e9 et id\u00e9al pour les beaux jours.<\/p>\n<p data-start=\"550\" data-end=\"731\">Les 3 points cl\u00e9s :<\/p>\n<ul>\n<li data-section-id=\"1qzy1v4\" data-start=\"912\" data-end=\"1017\"><strong data-start=\"914\" data-end=\"938\">La meringue parfaite<\/strong> : obtenir une texture croustillante \u00e0 l\u2019ext\u00e9rieur et moelleuse \u00e0 l\u2019int\u00e9rieur<\/li>\n<li data-section-id=\"af3bjb\" data-start=\"1018\" data-end=\"1112\"><strong data-start=\"1020\" data-end=\"1062\">L\u2019\u00e9quilibre des textures &amp; des saveurs<\/strong> : associer cr\u00e8me, fruits et sucre avec justesse<\/li>\n<li data-section-id=\"ym4kbj\" data-start=\"1113\" data-end=\"1212\"><strong data-start=\"1115\" data-end=\"1143\">Le montage &amp; le dressage<\/strong> : cr\u00e9er une pavlova \u00e9l\u00e9gante, g\u00e9n\u00e9reuse et visuellement impactante<\/li>\n<\/ul>\n<\/div>","protected":false},"excerpt":{"rendered":"<p>A symbol of summer pastry, the pavlova captivates with its unique contrast between a crisp meringue, a melting center, and a fresh, fruity topping. Both light and indulgent, it is the perfect dessert to showcase seasonal fruits.<\/p>","protected":false},"featured_media":3290,"template":"","meta":{"_acf_changed":false},"duree":[30],"nom-de-cours":[119],"thematique":[66],"product_brand":[],"product_cat":[70],"product_tag":[],"class_list":{"0":"post-3287","1":"product","2":"type-product","3":"status-publish","4":"has-post-thumbnail","6":"duree-3h","7":"nom-de-cours-atelier-pavlova-dete","8":"thematique-patisserie","9":"product_cat-patisserie","11":"first","12":"instock","13":"virtual","14":"taxable","15":"purchasable","16":"product-type-simple"},"acf":[],"yoast_head":"<!-- This site is optimized with the Yoast SEO plugin v27.5 - https:\/\/yoast.com\/product\/yoast-seo-wordpress\/ -->\n<title>11\/07 - 10h - Atelier Pavlova d&#039;\u00c9t\u00e9 - Salt &amp; Pepper<\/title>\n<meta name=\"robots\" content=\"noindex, follow\" \/>\n<meta property=\"og:locale\" content=\"en_US\" \/>\n<meta property=\"og:type\" content=\"article\" \/>\n<meta property=\"og:title\" content=\"11\/07 - 10h - Atelier Pavlova d&#039;\u00c9t\u00e9 - Salt &amp; Pepper\" \/>\n<meta property=\"og:description\" content=\"Symbole de la p\u00e2tisserie estivale, la pavlova s\u00e9duit par son contraste unique entre meringue croustillante, c\u0153ur fondant et garniture fra\u00eeche et fruit\u00e9e. \u00c0 la fois l\u00e9g\u00e8re et gourmande, elle est le dessert parfait pour sublimer les fruits de saison.\" \/>\n<meta property=\"og:url\" content=\"https:\/\/www.saltpepper.fr\/en\/product\/11-07-10h-atelier-pavlova-dete\/\" \/>\n<meta property=\"og:site_name\" content=\"Salt &amp; Pepper\" \/>\n<meta property=\"article:publisher\" content=\"https:\/\/www.facebook.com\/saltandpepper.dijon\/\" \/>\n<meta property=\"article:modified_time\" content=\"2026-05-06T09:42:05+00:00\" \/>\n<meta property=\"og:image\" content=\"https:\/\/www.saltpepper.fr\/wp-content\/uploads\/2026\/03\/pavlova-dete-1024x683.png\" \/>\n\t<meta property=\"og:image:width\" content=\"1024\" \/>\n\t<meta property=\"og:image:height\" content=\"683\" \/>\n\t<meta property=\"og:image:type\" content=\"image\/png\" \/>\n<meta name=\"twitter:card\" content=\"summary_large_image\" \/>\n<meta name=\"twitter:label1\" content=\"Est. reading time\" \/>\n\t<meta name=\"twitter:data1\" content=\"1 minute\" \/>\n<script type=\"application\/ld+json\" class=\"yoast-schema-graph\">{\"@context\":\"https:\\\/\\\/schema.org\",\"@graph\":[{\"@type\":\"WebPage\",\"@id\":\"https:\\\/\\\/www.saltpepper.fr\\\/produit\\\/11-07-10h-atelier-pavlova-dete\\\/\",\"url\":\"https:\\\/\\\/www.saltpepper.fr\\\/produit\\\/11-07-10h-atelier-pavlova-dete\\\/\",\"name\":\"11\\\/07 - 10h - Atelier Pavlova d'\u00c9t\u00e9 - Salt &amp; Pepper\",\"isPartOf\":{\"@id\":\"https:\\\/\\\/www.saltpepper.fr\\\/#website\"},\"primaryImageOfPage\":{\"@id\":\"https:\\\/\\\/www.saltpepper.fr\\\/produit\\\/11-07-10h-atelier-pavlova-dete\\\/#primaryimage\"},\"image\":{\"@id\":\"https:\\\/\\\/www.saltpepper.fr\\\/produit\\\/11-07-10h-atelier-pavlova-dete\\\/#primaryimage\"},\"thumbnailUrl\":\"https:\\\/\\\/www.saltpepper.fr\\\/wp-content\\\/uploads\\\/2026\\\/03\\\/pavlova-dete.png\",\"datePublished\":\"2026-03-30T13:35:31+00:00\",\"dateModified\":\"2026-05-06T09:42:05+00:00\",\"breadcrumb\":{\"@id\":\"https:\\\/\\\/www.saltpepper.fr\\\/produit\\\/11-07-10h-atelier-pavlova-dete\\\/#breadcrumb\"},\"inLanguage\":\"en-US\",\"potentialAction\":[{\"@type\":\"ReadAction\",\"target\":[\"https:\\\/\\\/www.saltpepper.fr\\\/produit\\\/11-07-10h-atelier-pavlova-dete\\\/\"]}]},{\"@type\":\"ImageObject\",\"inLanguage\":\"en-US\",\"@id\":\"https:\\\/\\\/www.saltpepper.fr\\\/produit\\\/11-07-10h-atelier-pavlova-dete\\\/#primaryimage\",\"url\":\"https:\\\/\\\/www.saltpepper.fr\\\/wp-content\\\/uploads\\\/2026\\\/03\\\/pavlova-dete.png\",\"contentUrl\":\"https:\\\/\\\/www.saltpepper.fr\\\/wp-content\\\/uploads\\\/2026\\\/03\\\/pavlova-dete.png\",\"width\":1536,\"height\":1024,\"caption\":\"Pavlova garnie de chantilly, fraises, myrtilles, kiwi, cerises et p\u00eaches parmi fruits frais lors d'un atelier culinaire.\"},{\"@type\":\"BreadcrumbList\",\"@id\":\"https:\\\/\\\/www.saltpepper.fr\\\/produit\\\/11-07-10h-atelier-pavlova-dete\\\/#breadcrumb\",\"itemListElement\":[{\"@type\":\"ListItem\",\"position\":1,\"name\":\"Accueil\",\"item\":\"https:\\\/\\\/www.saltpepper.fr\\\/\"},{\"@type\":\"ListItem\",\"position\":2,\"name\":\"Cours de cuisine\",\"item\":\"https:\\\/\\\/www.saltpepper.fr\\\/cours-de-cuisine\\\/\"},{\"@type\":\"ListItem\",\"position\":3,\"name\":\"11\\\/07 &#8211; 10h &#8211; Atelier Pavlova d&rsquo;\u00c9t\u00e9\"}]},{\"@type\":\"WebSite\",\"@id\":\"https:\\\/\\\/www.saltpepper.fr\\\/#website\",\"url\":\"https:\\\/\\\/www.saltpepper.fr\\\/\",\"name\":\"Salt & Pepper\",\"description\":\"\",\"publisher\":{\"@id\":\"https:\\\/\\\/www.saltpepper.fr\\\/#organization\"},\"potentialAction\":[{\"@type\":\"SearchAction\",\"target\":{\"@type\":\"EntryPoint\",\"urlTemplate\":\"https:\\\/\\\/www.saltpepper.fr\\\/?s={search_term_string}\"},\"query-input\":{\"@type\":\"PropertyValueSpecification\",\"valueRequired\":true,\"valueName\":\"search_term_string\"}}],\"inLanguage\":\"en-US\"},{\"@type\":\"Organization\",\"@id\":\"https:\\\/\\\/www.saltpepper.fr\\\/#organization\",\"name\":\"Salt & Pepper\",\"url\":\"https:\\\/\\\/www.saltpepper.fr\\\/\",\"logo\":{\"@type\":\"ImageObject\",\"inLanguage\":\"en-US\",\"@id\":\"https:\\\/\\\/www.saltpepper.fr\\\/#\\\/schema\\\/logo\\\/image\\\/\",\"url\":\"https:\\\/\\\/www.saltpepper.fr\\\/wp-content\\\/uploads\\\/2025\\\/05\\\/SALTPEPPER_logotype_cuivre_sans_baseline.svg\",\"contentUrl\":\"https:\\\/\\\/www.saltpepper.fr\\\/wp-content\\\/uploads\\\/2025\\\/05\\\/SALTPEPPER_logotype_cuivre_sans_baseline.svg\",\"width\":1,\"height\":1,\"caption\":\"Salt & Pepper\"},\"image\":{\"@id\":\"https:\\\/\\\/www.saltpepper.fr\\\/#\\\/schema\\\/logo\\\/image\\\/\"},\"sameAs\":[\"https:\\\/\\\/www.facebook.com\\\/saltandpepper.dijon\\\/\",\"https:\\\/\\\/www.instagram.com\\\/saltpepper.dijon\\\/\",\"https:\\\/\\\/www.linkedin.com\\\/company\\\/salt-and-pepper-dijon\\\/\"]}]}<\/script>\n<!-- \/ Yoast SEO plugin. -->","yoast_head_json":{"title":"11\/07 - 10h - Atelier Pavlova d'\u00c9t\u00e9 - Salt &amp; Pepper","robots":{"index":"noindex","follow":"follow"},"og_locale":"en_US","og_type":"article","og_title":"11\/07 - 10h - Atelier Pavlova d'\u00c9t\u00e9 - Salt &amp; Pepper","og_description":"Symbole de la p\u00e2tisserie estivale, la pavlova s\u00e9duit par son contraste unique entre meringue croustillante, c\u0153ur fondant et garniture fra\u00eeche et fruit\u00e9e. \u00c0 la fois l\u00e9g\u00e8re et gourmande, elle est le dessert parfait pour sublimer les fruits de saison.","og_url":"https:\/\/www.saltpepper.fr\/en\/product\/11-07-10h-atelier-pavlova-dete\/","og_site_name":"Salt &amp; Pepper","article_publisher":"https:\/\/www.facebook.com\/saltandpepper.dijon\/","article_modified_time":"2026-05-06T09:42:05+00:00","og_image":[{"width":1024,"height":683,"url":"https:\/\/www.saltpepper.fr\/wp-content\/uploads\/2026\/03\/pavlova-dete-1024x683.png","type":"image\/png"}],"twitter_card":"summary_large_image","twitter_misc":{"Est. reading time":"1 minute"},"schema":{"@context":"https:\/\/schema.org","@graph":[{"@type":"WebPage","@id":"https:\/\/www.saltpepper.fr\/produit\/11-07-10h-atelier-pavlova-dete\/","url":"https:\/\/www.saltpepper.fr\/produit\/11-07-10h-atelier-pavlova-dete\/","name":"11\/07 - 10h - Atelier Pavlova d'\u00c9t\u00e9 - Salt &amp; Pepper","isPartOf":{"@id":"https:\/\/www.saltpepper.fr\/#website"},"primaryImageOfPage":{"@id":"https:\/\/www.saltpepper.fr\/produit\/11-07-10h-atelier-pavlova-dete\/#primaryimage"},"image":{"@id":"https:\/\/www.saltpepper.fr\/produit\/11-07-10h-atelier-pavlova-dete\/#primaryimage"},"thumbnailUrl":"https:\/\/www.saltpepper.fr\/wp-content\/uploads\/2026\/03\/pavlova-dete.png","datePublished":"2026-03-30T13:35:31+00:00","dateModified":"2026-05-06T09:42:05+00:00","breadcrumb":{"@id":"https:\/\/www.saltpepper.fr\/produit\/11-07-10h-atelier-pavlova-dete\/#breadcrumb"},"inLanguage":"en-US","potentialAction":[{"@type":"ReadAction","target":["https:\/\/www.saltpepper.fr\/produit\/11-07-10h-atelier-pavlova-dete\/"]}]},{"@type":"ImageObject","inLanguage":"en-US","@id":"https:\/\/www.saltpepper.fr\/produit\/11-07-10h-atelier-pavlova-dete\/#primaryimage","url":"https:\/\/www.saltpepper.fr\/wp-content\/uploads\/2026\/03\/pavlova-dete.png","contentUrl":"https:\/\/www.saltpepper.fr\/wp-content\/uploads\/2026\/03\/pavlova-dete.png","width":1536,"height":1024,"caption":"Pavlova garnie de chantilly, fraises, myrtilles, kiwi, cerises et p\u00eaches parmi fruits frais lors d'un atelier culinaire."},{"@type":"BreadcrumbList","@id":"https:\/\/www.saltpepper.fr\/produit\/11-07-10h-atelier-pavlova-dete\/#breadcrumb","itemListElement":[{"@type":"ListItem","position":1,"name":"Accueil","item":"https:\/\/www.saltpepper.fr\/"},{"@type":"ListItem","position":2,"name":"Cours de cuisine","item":"https:\/\/www.saltpepper.fr\/cours-de-cuisine\/"},{"@type":"ListItem","position":3,"name":"11\/07 &#8211; 10h &#8211; Atelier Pavlova d&rsquo;\u00c9t\u00e9"}]},{"@type":"WebSite","@id":"https:\/\/www.saltpepper.fr\/#website","url":"https:\/\/www.saltpepper.fr\/","name":"Salt &amp; Pepper","description":"","publisher":{"@id":"https:\/\/www.saltpepper.fr\/#organization"},"potentialAction":[{"@type":"SearchAction","target":{"@type":"EntryPoint","urlTemplate":"https:\/\/www.saltpepper.fr\/?s={search_term_string}"},"query-input":{"@type":"PropertyValueSpecification","valueRequired":true,"valueName":"search_term_string"}}],"inLanguage":"en-US"},{"@type":"Organization","@id":"https:\/\/www.saltpepper.fr\/#organization","name":"Salt &amp; Pepper","url":"https:\/\/www.saltpepper.fr\/","logo":{"@type":"ImageObject","inLanguage":"en-US","@id":"https:\/\/www.saltpepper.fr\/#\/schema\/logo\/image\/","url":"https:\/\/www.saltpepper.fr\/wp-content\/uploads\/2025\/05\/SALTPEPPER_logotype_cuivre_sans_baseline.svg","contentUrl":"https:\/\/www.saltpepper.fr\/wp-content\/uploads\/2025\/05\/SALTPEPPER_logotype_cuivre_sans_baseline.svg","width":1,"height":1,"caption":"Salt & Pepper"},"image":{"@id":"https:\/\/www.saltpepper.fr\/#\/schema\/logo\/image\/"},"sameAs":["https:\/\/www.facebook.com\/saltandpepper.dijon\/","https:\/\/www.instagram.com\/saltpepper.dijon\/","https:\/\/www.linkedin.com\/company\/salt-and-pepper-dijon\/"]}]}},"jetpack_sharing_enabled":true,"_links":{"self":[{"href":"https:\/\/www.saltpepper.fr\/en\/wp-json\/wp\/v2\/product\/3287","targetHints":{"allow":["GET"]}}],"collection":[{"href":"https:\/\/www.saltpepper.fr\/en\/wp-json\/wp\/v2\/product"}],"about":[{"href":"https:\/\/www.saltpepper.fr\/en\/wp-json\/wp\/v2\/types\/product"}],"wp:featuredmedia":[{"embeddable":true,"href":"https:\/\/www.saltpepper.fr\/en\/wp-json\/wp\/v2\/media\/3290"}],"wp:attachment":[{"href":"https:\/\/www.saltpepper.fr\/en\/wp-json\/wp\/v2\/media?parent=3287"}],"wp:term":[{"taxonomy":"duree","embeddable":true,"href":"https:\/\/www.saltpepper.fr\/en\/wp-json\/wp\/v2\/duree?post=3287"},{"taxonomy":"nom-de-cours","embeddable":true,"href":"https:\/\/www.saltpepper.fr\/en\/wp-json\/wp\/v2\/nom-de-cours?post=3287"},{"taxonomy":"thematique","embeddable":true,"href":"https:\/\/www.saltpepper.fr\/en\/wp-json\/wp\/v2\/thematique?post=3287"},{"taxonomy":"product_brand","embeddable":true,"href":"https:\/\/www.saltpepper.fr\/en\/wp-json\/wp\/v2\/product_brand?post=3287"},{"taxonomy":"product_cat","embeddable":true,"href":"https:\/\/www.saltpepper.fr\/en\/wp-json\/wp\/v2\/product_cat?post=3287"},{"taxonomy":"product_tag","embeddable":true,"href":"https:\/\/www.saltpepper.fr\/en\/wp-json\/wp\/v2\/product_tag?post=3287"}],"curies":[{"name":"wp","href":"https:\/\/api.w.org\/{rel}","templated":true}]}}