{"id":3284,"date":"2026-03-30T15:12:11","date_gmt":"2026-03-30T13:12:11","guid":{"rendered":"https:\/\/www.saltpepper.fr\/?post_type=product&#038;p=3284"},"modified":"2026-05-06T11:49:13","modified_gmt":"2026-05-06T09:49:13","slug":"november-7th-6-pm-fusion-cooking-workshop-burgundy-meets-thai","status":"publish","type":"product","link":"https:\/\/www.saltpepper.fr\/en\/produit\/11-07-18h-atelier-cuisine-fusion-bourgui-thai\/","title":{"rendered":"11\/07 \u2013 6 PM \u2013 Burgundian-Thai Fusion Cooking Workshop"},"content":{"rendered":"<p data-start=\"224\" data-end=\"523\">La cuisine bourguignonne et la cuisine tha\u00eflandaise reposent toutes deux sur une construction profonde des saveurs, le respect du produit et la ma\u00eetrise des \u00e9quilibres. Cet atelier propose une rencontre audacieuse entre tradition fran\u00e7aise du terroir et vibrance aromatique tha\u00eflandaise.<\/p>\n<p data-start=\"525\" data-end=\"723\">In this technical workshop, you will learn to intelligently merge two culinary cultures, preserving the identity of each while creating coherent, elegant, and flavorful dishes.<\/p>\n<ul>\n<li data-start=\"768\" data-end=\"884\"><strong data-start=\"768\" data-end=\"802\">Les bases aromatiques crois\u00e9es<\/strong> : fond bourguignon, r\u00e9duction, citronnelle, galanga, gingembre, herbes fra\u00eeches<\/li>\n<li data-start=\"768\" data-end=\"884\"><strong data-start=\"887\" data-end=\"917\">La ma\u00eetrise des \u00e9quilibres<\/strong> : gras, acidit\u00e9, sucre, salinit\u00e9, piment et umami<\/li>\n<li data-start=\"768\" data-end=\"884\"><strong data-start=\"972\" data-end=\"1006\">La technique de fusion r\u00e9ussie<\/strong> : savoir quoi associer, quoi transformer et quoi respecter<\/li>\n<\/ul>","protected":false},"excerpt":{"rendered":"<p>In this technical workshop, you will learn to intelligently merge two culinary cultures, preserving the identity of each while creating coherent, elegant, and flavorful dishes.<\/p>","protected":false},"featured_media":2492,"template":"","meta":{"_acf_changed":false},"duree":[32],"nom-de-cours":[90],"thematique":[63],"product_brand":[],"product_cat":[68],"product_tag":[],"class_list":{"0":"post-3284","1":"product","2":"type-product","3":"status-publish","4":"has-post-thumbnail","6":"duree-4h","7":"nom-de-cours-atelier-fusion-bourgui-thai","8":"thematique-cuisine-du-monde","9":"product_cat-cuisine","11":"first","12":"instock","13":"virtual","14":"taxable","15":"purchasable","16":"product-type-simple"},"acf":[],"yoast_head":"<!-- This site is optimized with the Yoast SEO plugin v27.5 - https:\/\/yoast.com\/product\/yoast-seo-wordpress\/ -->\n<title>11\/07 - 18h - Atelier Cuisine Fusion Bourgui-Tha\u00ef - Salt &amp; Pepper<\/title>\n<meta name=\"robots\" content=\"noindex, follow\" \/>\n<meta property=\"og:locale\" content=\"en_US\" \/>\n<meta property=\"og:type\" content=\"article\" \/>\n<meta property=\"og:title\" content=\"11\/07 - 18h - Atelier Cuisine Fusion Bourgui-Tha\u00ef - Salt &amp; Pepper\" \/>\n<meta property=\"og:description\" content=\"Lors de cet atelier technique, vous apprendrez \u00e0 fusionner intelligemment deux cultures culinaires, en conservant l\u2019identit\u00e9 de chacune tout en cr\u00e9ant des plats coh\u00e9rents, \u00e9l\u00e9gants et savoureux.\" \/>\n<meta property=\"og:url\" content=\"https:\/\/www.saltpepper.fr\/en\/product\/november-7th-6-pm-fusion-cooking-workshop-burgundy-meets-thai\/\" \/>\n<meta property=\"og:site_name\" content=\"Salt &amp; Pepper\" \/>\n<meta property=\"article:publisher\" content=\"https:\/\/www.facebook.com\/saltandpepper.dijon\/\" \/>\n<meta property=\"article:modified_time\" content=\"2026-05-06T09:49:13+00:00\" \/>\n<meta property=\"og:image\" content=\"https:\/\/www.saltpepper.fr\/wp-content\/uploads\/2026\/02\/ChatGPT-Image-3-fevr.-2026-a-17_06_29-1024x683.png\" \/>\n\t<meta property=\"og:image:width\" content=\"1024\" \/>\n\t<meta property=\"og:image:height\" content=\"683\" \/>\n\t<meta property=\"og:image:type\" content=\"image\/png\" \/>\n<meta name=\"twitter:card\" content=\"summary_large_image\" \/>\n<meta name=\"twitter:label1\" content=\"Est. reading time\" \/>\n\t<meta name=\"twitter:data1\" content=\"1 minute\" \/>\n<script type=\"application\/ld+json\" class=\"yoast-schema-graph\">{\"@context\":\"https:\\\/\\\/schema.org\",\"@graph\":[{\"@type\":\"WebPage\",\"@id\":\"https:\\\/\\\/www.saltpepper.fr\\\/produit\\\/11-07-18h-atelier-cuisine-fusion-bourgui-thai\\\/\",\"url\":\"https:\\\/\\\/www.saltpepper.fr\\\/produit\\\/11-07-18h-atelier-cuisine-fusion-bourgui-thai\\\/\",\"name\":\"11\\\/07 - 18h - Atelier Cuisine Fusion Bourgui-Tha\u00ef - Salt &amp; Pepper\",\"isPartOf\":{\"@id\":\"https:\\\/\\\/www.saltpepper.fr\\\/#website\"},\"primaryImageOfPage\":{\"@id\":\"https:\\\/\\\/www.saltpepper.fr\\\/produit\\\/11-07-18h-atelier-cuisine-fusion-bourgui-thai\\\/#primaryimage\"},\"image\":{\"@id\":\"https:\\\/\\\/www.saltpepper.fr\\\/produit\\\/11-07-18h-atelier-cuisine-fusion-bourgui-thai\\\/#primaryimage\"},\"thumbnailUrl\":\"https:\\\/\\\/www.saltpepper.fr\\\/wp-content\\\/uploads\\\/2026\\\/02\\\/ChatGPT-Image-3-fevr.-2026-a-17_06_29.png\",\"datePublished\":\"2026-03-30T13:12:11+00:00\",\"dateModified\":\"2026-05-06T09:49:13+00:00\",\"breadcrumb\":{\"@id\":\"https:\\\/\\\/www.saltpepper.fr\\\/produit\\\/11-07-18h-atelier-cuisine-fusion-bourgui-thai\\\/#breadcrumb\"},\"inLanguage\":\"en-US\",\"potentialAction\":[{\"@type\":\"ReadAction\",\"target\":[\"https:\\\/\\\/www.saltpepper.fr\\\/produit\\\/11-07-18h-atelier-cuisine-fusion-bourgui-thai\\\/\"]}]},{\"@type\":\"ImageObject\",\"inLanguage\":\"en-US\",\"@id\":\"https:\\\/\\\/www.saltpepper.fr\\\/produit\\\/11-07-18h-atelier-cuisine-fusion-bourgui-thai\\\/#primaryimage\",\"url\":\"https:\\\/\\\/www.saltpepper.fr\\\/wp-content\\\/uploads\\\/2026\\\/02\\\/ChatGPT-Image-3-fevr.-2026-a-17_06_29.png\",\"contentUrl\":\"https:\\\/\\\/www.saltpepper.fr\\\/wp-content\\\/uploads\\\/2026\\\/02\\\/ChatGPT-Image-3-fevr.-2026-a-17_06_29.png\",\"width\":1536,\"height\":1024,\"caption\":\"Buffet s\u00e9minaire : soupe \u0153uf, poulpe champignons, cheesecake myrtilles sur ardoise, herbes fra\u00eeches, citron vert.\"},{\"@type\":\"BreadcrumbList\",\"@id\":\"https:\\\/\\\/www.saltpepper.fr\\\/produit\\\/11-07-18h-atelier-cuisine-fusion-bourgui-thai\\\/#breadcrumb\",\"itemListElement\":[{\"@type\":\"ListItem\",\"position\":1,\"name\":\"Accueil\",\"item\":\"https:\\\/\\\/www.saltpepper.fr\\\/\"},{\"@type\":\"ListItem\",\"position\":2,\"name\":\"Cours de cuisine\",\"item\":\"https:\\\/\\\/www.saltpepper.fr\\\/cours-de-cuisine\\\/\"},{\"@type\":\"ListItem\",\"position\":3,\"name\":\"11\\\/07 &#8211; 18h &#8211; Atelier Cuisine Fusion Bourgui-Tha\u00ef\"}]},{\"@type\":\"WebSite\",\"@id\":\"https:\\\/\\\/www.saltpepper.fr\\\/#website\",\"url\":\"https:\\\/\\\/www.saltpepper.fr\\\/\",\"name\":\"Salt & Pepper\",\"description\":\"\",\"publisher\":{\"@id\":\"https:\\\/\\\/www.saltpepper.fr\\\/#organization\"},\"potentialAction\":[{\"@type\":\"SearchAction\",\"target\":{\"@type\":\"EntryPoint\",\"urlTemplate\":\"https:\\\/\\\/www.saltpepper.fr\\\/?s={search_term_string}\"},\"query-input\":{\"@type\":\"PropertyValueSpecification\",\"valueRequired\":true,\"valueName\":\"search_term_string\"}}],\"inLanguage\":\"en-US\"},{\"@type\":\"Organization\",\"@id\":\"https:\\\/\\\/www.saltpepper.fr\\\/#organization\",\"name\":\"Salt & Pepper\",\"url\":\"https:\\\/\\\/www.saltpepper.fr\\\/\",\"logo\":{\"@type\":\"ImageObject\",\"inLanguage\":\"en-US\",\"@id\":\"https:\\\/\\\/www.saltpepper.fr\\\/#\\\/schema\\\/logo\\\/image\\\/\",\"url\":\"https:\\\/\\\/www.saltpepper.fr\\\/wp-content\\\/uploads\\\/2025\\\/05\\\/SALTPEPPER_logotype_cuivre_sans_baseline.svg\",\"contentUrl\":\"https:\\\/\\\/www.saltpepper.fr\\\/wp-content\\\/uploads\\\/2025\\\/05\\\/SALTPEPPER_logotype_cuivre_sans_baseline.svg\",\"width\":1,\"height\":1,\"caption\":\"Salt & Pepper\"},\"image\":{\"@id\":\"https:\\\/\\\/www.saltpepper.fr\\\/#\\\/schema\\\/logo\\\/image\\\/\"},\"sameAs\":[\"https:\\\/\\\/www.facebook.com\\\/saltandpepper.dijon\\\/\",\"https:\\\/\\\/www.instagram.com\\\/saltpepper.dijon\\\/\",\"https:\\\/\\\/www.linkedin.com\\\/company\\\/salt-and-pepper-dijon\\\/\"]}]}<\/script>\n<!-- \/ Yoast SEO plugin. -->","yoast_head_json":{"title":"11\/07 - 6 PM - Burgundy-Thai Fusion Cuisine Workshop - Salt &amp; Pepper","robots":{"index":"noindex","follow":"follow"},"og_locale":"en_US","og_type":"article","og_title":"11\/07 - 18h - Atelier Cuisine Fusion Bourgui-Tha\u00ef - Salt &amp; Pepper","og_description":"Lors de cet atelier technique, vous apprendrez \u00e0 fusionner intelligemment deux cultures culinaires, en conservant l\u2019identit\u00e9 de chacune tout en cr\u00e9ant des plats coh\u00e9rents, \u00e9l\u00e9gants et savoureux.","og_url":"https:\/\/www.saltpepper.fr\/en\/product\/november-7th-6-pm-fusion-cooking-workshop-burgundy-meets-thai\/","og_site_name":"Salt &amp; Pepper","article_publisher":"https:\/\/www.facebook.com\/saltandpepper.dijon\/","article_modified_time":"2026-05-06T09:49:13+00:00","og_image":[{"width":1024,"height":683,"url":"https:\/\/www.saltpepper.fr\/wp-content\/uploads\/2026\/02\/ChatGPT-Image-3-fevr.-2026-a-17_06_29-1024x683.png","type":"image\/png"}],"twitter_card":"summary_large_image","twitter_misc":{"Est. reading time":"1 minute"},"schema":{"@context":"https:\/\/schema.org","@graph":[{"@type":"WebPage","@id":"https:\/\/www.saltpepper.fr\/produit\/11-07-18h-atelier-cuisine-fusion-bourgui-thai\/","url":"https:\/\/www.saltpepper.fr\/produit\/11-07-18h-atelier-cuisine-fusion-bourgui-thai\/","name":"11\/07 - 6 PM - Burgundy-Thai Fusion Cuisine Workshop - Salt &amp; Pepper","isPartOf":{"@id":"https:\/\/www.saltpepper.fr\/#website"},"primaryImageOfPage":{"@id":"https:\/\/www.saltpepper.fr\/produit\/11-07-18h-atelier-cuisine-fusion-bourgui-thai\/#primaryimage"},"image":{"@id":"https:\/\/www.saltpepper.fr\/produit\/11-07-18h-atelier-cuisine-fusion-bourgui-thai\/#primaryimage"},"thumbnailUrl":"https:\/\/www.saltpepper.fr\/wp-content\/uploads\/2026\/02\/ChatGPT-Image-3-fevr.-2026-a-17_06_29.png","datePublished":"2026-03-30T13:12:11+00:00","dateModified":"2026-05-06T09:49:13+00:00","breadcrumb":{"@id":"https:\/\/www.saltpepper.fr\/produit\/11-07-18h-atelier-cuisine-fusion-bourgui-thai\/#breadcrumb"},"inLanguage":"en-US","potentialAction":[{"@type":"ReadAction","target":["https:\/\/www.saltpepper.fr\/produit\/11-07-18h-atelier-cuisine-fusion-bourgui-thai\/"]}]},{"@type":"ImageObject","inLanguage":"en-US","@id":"https:\/\/www.saltpepper.fr\/produit\/11-07-18h-atelier-cuisine-fusion-bourgui-thai\/#primaryimage","url":"https:\/\/www.saltpepper.fr\/wp-content\/uploads\/2026\/02\/ChatGPT-Image-3-fevr.-2026-a-17_06_29.png","contentUrl":"https:\/\/www.saltpepper.fr\/wp-content\/uploads\/2026\/02\/ChatGPT-Image-3-fevr.-2026-a-17_06_29.png","width":1536,"height":1024,"caption":"Buffet s\u00e9minaire : soupe \u0153uf, poulpe champignons, cheesecake myrtilles sur ardoise, herbes fra\u00eeches, citron vert."},{"@type":"BreadcrumbList","@id":"https:\/\/www.saltpepper.fr\/produit\/11-07-18h-atelier-cuisine-fusion-bourgui-thai\/#breadcrumb","itemListElement":[{"@type":"ListItem","position":1,"name":"Accueil","item":"https:\/\/www.saltpepper.fr\/"},{"@type":"ListItem","position":2,"name":"Cours de cuisine","item":"https:\/\/www.saltpepper.fr\/cours-de-cuisine\/"},{"@type":"ListItem","position":3,"name":"11\/07 &#8211; 18h &#8211; Atelier Cuisine Fusion Bourgui-Tha\u00ef"}]},{"@type":"WebSite","@id":"https:\/\/www.saltpepper.fr\/#website","url":"https:\/\/www.saltpepper.fr\/","name":"Salt &amp; Pepper","description":"","publisher":{"@id":"https:\/\/www.saltpepper.fr\/#organization"},"potentialAction":[{"@type":"SearchAction","target":{"@type":"EntryPoint","urlTemplate":"https:\/\/www.saltpepper.fr\/?s={search_term_string}"},"query-input":{"@type":"PropertyValueSpecification","valueRequired":true,"valueName":"search_term_string"}}],"inLanguage":"en-US"},{"@type":"Organization","@id":"https:\/\/www.saltpepper.fr\/#organization","name":"Salt &amp; Pepper","url":"https:\/\/www.saltpepper.fr\/","logo":{"@type":"ImageObject","inLanguage":"en-US","@id":"https:\/\/www.saltpepper.fr\/#\/schema\/logo\/image\/","url":"https:\/\/www.saltpepper.fr\/wp-content\/uploads\/2025\/05\/SALTPEPPER_logotype_cuivre_sans_baseline.svg","contentUrl":"https:\/\/www.saltpepper.fr\/wp-content\/uploads\/2025\/05\/SALTPEPPER_logotype_cuivre_sans_baseline.svg","width":1,"height":1,"caption":"Salt & Pepper"},"image":{"@id":"https:\/\/www.saltpepper.fr\/#\/schema\/logo\/image\/"},"sameAs":["https:\/\/www.facebook.com\/saltandpepper.dijon\/","https:\/\/www.instagram.com\/saltpepper.dijon\/","https:\/\/www.linkedin.com\/company\/salt-and-pepper-dijon\/"]}]}},"jetpack_sharing_enabled":true,"_links":{"self":[{"href":"https:\/\/www.saltpepper.fr\/en\/wp-json\/wp\/v2\/product\/3284","targetHints":{"allow":["GET"]}}],"collection":[{"href":"https:\/\/www.saltpepper.fr\/en\/wp-json\/wp\/v2\/product"}],"about":[{"href":"https:\/\/www.saltpepper.fr\/en\/wp-json\/wp\/v2\/types\/product"}],"wp:featuredmedia":[{"embeddable":true,"href":"https:\/\/www.saltpepper.fr\/en\/wp-json\/wp\/v2\/media\/2492"}],"wp:attachment":[{"href":"https:\/\/www.saltpepper.fr\/en\/wp-json\/wp\/v2\/media?parent=3284"}],"wp:term":[{"taxonomy":"duree","embeddable":true,"href":"https:\/\/www.saltpepper.fr\/en\/wp-json\/wp\/v2\/duree?post=3284"},{"taxonomy":"nom-de-cours","embeddable":true,"href":"https:\/\/www.saltpepper.fr\/en\/wp-json\/wp\/v2\/nom-de-cours?post=3284"},{"taxonomy":"thematique","embeddable":true,"href":"https:\/\/www.saltpepper.fr\/en\/wp-json\/wp\/v2\/thematique?post=3284"},{"taxonomy":"product_brand","embeddable":true,"href":"https:\/\/www.saltpepper.fr\/en\/wp-json\/wp\/v2\/product_brand?post=3284"},{"taxonomy":"product_cat","embeddable":true,"href":"https:\/\/www.saltpepper.fr\/en\/wp-json\/wp\/v2\/product_cat?post=3284"},{"taxonomy":"product_tag","embeddable":true,"href":"https:\/\/www.saltpepper.fr\/en\/wp-json\/wp\/v2\/product_tag?post=3284"}],"curies":[{"name":"wp","href":"https:\/\/api.w.org\/{rel}","templated":true}]}}