{"id":3282,"date":"2026-03-30T14:59:11","date_gmt":"2026-03-30T12:59:11","guid":{"rendered":"https:\/\/www.saltpepper.fr\/?post_type=product&#038;p=3282"},"modified":"2026-05-06T11:49:59","modified_gmt":"2026-05-06T09:49:59","slug":"07-07-18h-atelier-technique-special-sauces-pour-les-pates","status":"publish","type":"product","link":"https:\/\/www.saltpepper.fr\/en\/produit\/07-07-18h-atelier-technique-special-sauces-pour-les-pates\/","title":{"rendered":"07\/07 &#8211; 18h &#8211; Atelier Technique Sp\u00e9cial Sauces Pour les P\u00e2tes"},"content":{"rendered":"<div class=\"re-c-1rb9ga1\">\n<div class=\"re-c-1rb9ga1\">\n<div class=\"re-c-1rb9ga1\">\n<div class=\"re-c-1rb9ga1\">\n<p data-start=\"208\" data-end=\"411\">Une bonne sauce est l\u2019\u00e2me d\u2019un plat de p\u00e2tes. Derri\u00e8re chaque recette embl\u00e9matique se cachent des techniques pr\u00e9cises, des \u00e9quilibres subtils et des gestes essentiels, bien loin du simple assemblage.<\/p>\n<p data-start=\"413\" data-end=\"653\">In this technical workshop, you will learn how to make pasta sauces that are just right, flavorful, and perfectly emulsified, by understanding the principles that allow you to adapt them to all pasta shapes and ingredients.<\/p>\n<p>&nbsp;<\/p>\n<ul>\n<li data-start=\"698\" data-end=\"788\"><strong data-start=\"698\" data-end=\"727\">Les bases incontournables<\/strong> : fonds, tomates, cr\u00e8me, huile d\u2019olive, beurre et fromages<\/li>\n<li data-start=\"698\" data-end=\"788\"><strong data-start=\"791\" data-end=\"814\">La liaison parfaite<\/strong> : eau de cuisson, \u00e9mulsions, textures et enrobage des p\u00e2tes<\/li>\n<li data-start=\"698\" data-end=\"788\"><strong data-start=\"879\" data-end=\"904\">L\u2019accord sauce \/ p\u00e2te<\/strong> : choisir la bonne sauce selon la forme, la texture et l\u2019usage<\/li>\n<\/ul>\n<\/div>\n<\/div>\n<\/div>\n<\/div>\n<div class=\"re-c-1rb9ga1\">\n<div class=\"re-c-1rb9ga1\">\n<div class=\"re-c-1rb9ga1\"><\/div>\n<\/div>\n<\/div>","protected":false},"excerpt":{"rendered":"<div class=\"re-c-1rb9ga1\">\n<p data-start=\"408\" data-end=\"616\">In this technical workshop, you will learn how to make pasta sauces that are just right, flavorful, and perfectly emulsified, by understanding the principles that allow you to adapt them to all pasta shapes and ingredients.<\/p>\n<\/div>\n<p data-start=\"67\" data-end=\"460\">","protected":false},"featured_media":2477,"template":"","meta":{"_acf_changed":false},"duree":[31],"nom-de-cours":[87],"thematique":[65],"product_brand":[],"product_cat":[69],"product_tag":[],"class_list":{"0":"post-3282","1":"product","2":"type-product","3":"status-publish","4":"has-post-thumbnail","6":"duree-2h","7":"nom-de-cours-atelier-technique-special-sauces-pour-les-pates","8":"thematique-cuisine-italienne","9":"product_cat-atelier-technique","11":"first","12":"instock","13":"virtual","14":"taxable","15":"purchasable","16":"product-type-simple"},"acf":[],"yoast_head":"<!-- This site is optimized with the Yoast SEO plugin v27.5 - https:\/\/yoast.com\/product\/yoast-seo-wordpress\/ -->\n<title>07\/07 - 18h - Atelier Technique Sp\u00e9cial Sauces Pour les P\u00e2tes - Salt &amp; Pepper<\/title>\n<meta name=\"robots\" content=\"noindex, follow\" \/>\n<meta property=\"og:locale\" content=\"en_US\" \/>\n<meta property=\"og:type\" content=\"article\" \/>\n<meta property=\"og:title\" content=\"07\/07 - 18h - Atelier Technique Sp\u00e9cial Sauces Pour les P\u00e2tes - Salt &amp; Pepper\" \/>\n<meta property=\"og:description\" content=\"Lors de cet atelier technique, vous apprendrez \u00e0 r\u00e9aliser des sauces pour les p\u00e2tes justes, savoureuses et parfaitement li\u00e9es, en comprenant les principes qui permettent de les adapter \u00e0 tous les formats de p\u00e2tes et \u00e0 tous les produits.\" \/>\n<meta property=\"og:url\" content=\"https:\/\/www.saltpepper.fr\/en\/product\/07-07-18h-atelier-technique-special-sauces-pour-les-pates\/\" \/>\n<meta property=\"og:site_name\" content=\"Salt &amp; Pepper\" \/>\n<meta property=\"article:publisher\" content=\"https:\/\/www.facebook.com\/saltandpepper.dijon\/\" \/>\n<meta property=\"article:modified_time\" content=\"2026-05-06T09:49:59+00:00\" \/>\n<meta property=\"og:image\" content=\"https:\/\/www.saltpepper.fr\/wp-content\/uploads\/2026\/02\/ChatGPT-Image-3-fevr.-2026-a-16_24_35-1024x683.png\" \/>\n\t<meta property=\"og:image:width\" content=\"1024\" \/>\n\t<meta property=\"og:image:height\" content=\"683\" \/>\n\t<meta property=\"og:image:type\" content=\"image\/png\" \/>\n<meta name=\"twitter:card\" content=\"summary_large_image\" \/>\n<meta name=\"twitter:label1\" content=\"Est. reading time\" \/>\n\t<meta name=\"twitter:data1\" content=\"1 minute\" \/>\n<script type=\"application\/ld+json\" class=\"yoast-schema-graph\">{\"@context\":\"https:\\\/\\\/schema.org\",\"@graph\":[{\"@type\":\"WebPage\",\"@id\":\"https:\\\/\\\/www.saltpepper.fr\\\/produit\\\/07-07-18h-atelier-technique-special-sauces-pour-les-pates\\\/\",\"url\":\"https:\\\/\\\/www.saltpepper.fr\\\/produit\\\/07-07-18h-atelier-technique-special-sauces-pour-les-pates\\\/\",\"name\":\"07\\\/07 - 18h - Atelier Technique Sp\u00e9cial Sauces Pour les P\u00e2tes - Salt &amp; Pepper\",\"isPartOf\":{\"@id\":\"https:\\\/\\\/www.saltpepper.fr\\\/#website\"},\"primaryImageOfPage\":{\"@id\":\"https:\\\/\\\/www.saltpepper.fr\\\/produit\\\/07-07-18h-atelier-technique-special-sauces-pour-les-pates\\\/#primaryimage\"},\"image\":{\"@id\":\"https:\\\/\\\/www.saltpepper.fr\\\/produit\\\/07-07-18h-atelier-technique-special-sauces-pour-les-pates\\\/#primaryimage\"},\"thumbnailUrl\":\"https:\\\/\\\/www.saltpepper.fr\\\/wp-content\\\/uploads\\\/2026\\\/02\\\/ChatGPT-Image-3-fevr.-2026-a-16_24_35.png\",\"datePublished\":\"2026-03-30T12:59:11+00:00\",\"dateModified\":\"2026-05-06T09:49:59+00:00\",\"breadcrumb\":{\"@id\":\"https:\\\/\\\/www.saltpepper.fr\\\/produit\\\/07-07-18h-atelier-technique-special-sauces-pour-les-pates\\\/#breadcrumb\"},\"inLanguage\":\"en-US\",\"potentialAction\":[{\"@type\":\"ReadAction\",\"target\":[\"https:\\\/\\\/www.saltpepper.fr\\\/produit\\\/07-07-18h-atelier-technique-special-sauces-pour-les-pates\\\/\"]}]},{\"@type\":\"ImageObject\",\"inLanguage\":\"en-US\",\"@id\":\"https:\\\/\\\/www.saltpepper.fr\\\/produit\\\/07-07-18h-atelier-technique-special-sauces-pour-les-pates\\\/#primaryimage\",\"url\":\"https:\\\/\\\/www.saltpepper.fr\\\/wp-content\\\/uploads\\\/2026\\\/02\\\/ChatGPT-Image-3-fevr.-2026-a-16_24_35.png\",\"contentUrl\":\"https:\\\/\\\/www.saltpepper.fr\\\/wp-content\\\/uploads\\\/2026\\\/02\\\/ChatGPT-Image-3-fevr.-2026-a-16_24_35.png\",\"width\":1536,\"height\":1024,\"caption\":\"Trois assiettes de p\u00e2tes aux sauces tomate, blanche et carbonara, d\u00e9cor\u00e9es de fromage et herbes lors d'un atelier cuisine.\"},{\"@type\":\"BreadcrumbList\",\"@id\":\"https:\\\/\\\/www.saltpepper.fr\\\/produit\\\/07-07-18h-atelier-technique-special-sauces-pour-les-pates\\\/#breadcrumb\",\"itemListElement\":[{\"@type\":\"ListItem\",\"position\":1,\"name\":\"Accueil\",\"item\":\"https:\\\/\\\/www.saltpepper.fr\\\/\"},{\"@type\":\"ListItem\",\"position\":2,\"name\":\"Cours de cuisine\",\"item\":\"https:\\\/\\\/www.saltpepper.fr\\\/cours-de-cuisine\\\/\"},{\"@type\":\"ListItem\",\"position\":3,\"name\":\"07\\\/07 &#8211; 18h &#8211; Atelier Technique Sp\u00e9cial Sauces Pour les P\u00e2tes\"}]},{\"@type\":\"WebSite\",\"@id\":\"https:\\\/\\\/www.saltpepper.fr\\\/#website\",\"url\":\"https:\\\/\\\/www.saltpepper.fr\\\/\",\"name\":\"Salt & Pepper\",\"description\":\"\",\"publisher\":{\"@id\":\"https:\\\/\\\/www.saltpepper.fr\\\/#organization\"},\"potentialAction\":[{\"@type\":\"SearchAction\",\"target\":{\"@type\":\"EntryPoint\",\"urlTemplate\":\"https:\\\/\\\/www.saltpepper.fr\\\/?s={search_term_string}\"},\"query-input\":{\"@type\":\"PropertyValueSpecification\",\"valueRequired\":true,\"valueName\":\"search_term_string\"}}],\"inLanguage\":\"en-US\"},{\"@type\":\"Organization\",\"@id\":\"https:\\\/\\\/www.saltpepper.fr\\\/#organization\",\"name\":\"Salt & Pepper\",\"url\":\"https:\\\/\\\/www.saltpepper.fr\\\/\",\"logo\":{\"@type\":\"ImageObject\",\"inLanguage\":\"en-US\",\"@id\":\"https:\\\/\\\/www.saltpepper.fr\\\/#\\\/schema\\\/logo\\\/image\\\/\",\"url\":\"https:\\\/\\\/www.saltpepper.fr\\\/wp-content\\\/uploads\\\/2025\\\/05\\\/SALTPEPPER_logotype_cuivre_sans_baseline.svg\",\"contentUrl\":\"https:\\\/\\\/www.saltpepper.fr\\\/wp-content\\\/uploads\\\/2025\\\/05\\\/SALTPEPPER_logotype_cuivre_sans_baseline.svg\",\"width\":1,\"height\":1,\"caption\":\"Salt & Pepper\"},\"image\":{\"@id\":\"https:\\\/\\\/www.saltpepper.fr\\\/#\\\/schema\\\/logo\\\/image\\\/\"},\"sameAs\":[\"https:\\\/\\\/www.facebook.com\\\/saltandpepper.dijon\\\/\",\"https:\\\/\\\/www.instagram.com\\\/saltpepper.dijon\\\/\",\"https:\\\/\\\/www.linkedin.com\\\/company\\\/salt-and-pepper-dijon\\\/\"]}]}<\/script>\n<!-- \/ Yoast SEO plugin. -->","yoast_head_json":{"title":"07\/07 - 18h - Atelier Technique Sp\u00e9cial Sauces Pour les P\u00e2tes - Salt &amp; Pepper","robots":{"index":"noindex","follow":"follow"},"og_locale":"en_US","og_type":"article","og_title":"07\/07 - 18h - Atelier Technique Sp\u00e9cial Sauces Pour les P\u00e2tes - Salt &amp; Pepper","og_description":"Lors de cet atelier technique, vous apprendrez \u00e0 r\u00e9aliser des sauces pour les p\u00e2tes justes, savoureuses et parfaitement li\u00e9es, en comprenant les principes qui permettent de les adapter \u00e0 tous les formats de p\u00e2tes et \u00e0 tous les produits.","og_url":"https:\/\/www.saltpepper.fr\/en\/product\/07-07-18h-atelier-technique-special-sauces-pour-les-pates\/","og_site_name":"Salt &amp; Pepper","article_publisher":"https:\/\/www.facebook.com\/saltandpepper.dijon\/","article_modified_time":"2026-05-06T09:49:59+00:00","og_image":[{"width":1024,"height":683,"url":"https:\/\/www.saltpepper.fr\/wp-content\/uploads\/2026\/02\/ChatGPT-Image-3-fevr.-2026-a-16_24_35-1024x683.png","type":"image\/png"}],"twitter_card":"summary_large_image","twitter_misc":{"Est. reading time":"1 minute"},"schema":{"@context":"https:\/\/schema.org","@graph":[{"@type":"WebPage","@id":"https:\/\/www.saltpepper.fr\/produit\/07-07-18h-atelier-technique-special-sauces-pour-les-pates\/","url":"https:\/\/www.saltpepper.fr\/produit\/07-07-18h-atelier-technique-special-sauces-pour-les-pates\/","name":"07\/07 - 18h - Atelier Technique Sp\u00e9cial Sauces Pour les P\u00e2tes - Salt &amp; Pepper","isPartOf":{"@id":"https:\/\/www.saltpepper.fr\/#website"},"primaryImageOfPage":{"@id":"https:\/\/www.saltpepper.fr\/produit\/07-07-18h-atelier-technique-special-sauces-pour-les-pates\/#primaryimage"},"image":{"@id":"https:\/\/www.saltpepper.fr\/produit\/07-07-18h-atelier-technique-special-sauces-pour-les-pates\/#primaryimage"},"thumbnailUrl":"https:\/\/www.saltpepper.fr\/wp-content\/uploads\/2026\/02\/ChatGPT-Image-3-fevr.-2026-a-16_24_35.png","datePublished":"2026-03-30T12:59:11+00:00","dateModified":"2026-05-06T09:49:59+00:00","breadcrumb":{"@id":"https:\/\/www.saltpepper.fr\/produit\/07-07-18h-atelier-technique-special-sauces-pour-les-pates\/#breadcrumb"},"inLanguage":"en-US","potentialAction":[{"@type":"ReadAction","target":["https:\/\/www.saltpepper.fr\/produit\/07-07-18h-atelier-technique-special-sauces-pour-les-pates\/"]}]},{"@type":"ImageObject","inLanguage":"en-US","@id":"https:\/\/www.saltpepper.fr\/produit\/07-07-18h-atelier-technique-special-sauces-pour-les-pates\/#primaryimage","url":"https:\/\/www.saltpepper.fr\/wp-content\/uploads\/2026\/02\/ChatGPT-Image-3-fevr.-2026-a-16_24_35.png","contentUrl":"https:\/\/www.saltpepper.fr\/wp-content\/uploads\/2026\/02\/ChatGPT-Image-3-fevr.-2026-a-16_24_35.png","width":1536,"height":1024,"caption":"Trois assiettes de p\u00e2tes aux sauces tomate, blanche et carbonara, d\u00e9cor\u00e9es de fromage et herbes lors d'un atelier cuisine."},{"@type":"BreadcrumbList","@id":"https:\/\/www.saltpepper.fr\/produit\/07-07-18h-atelier-technique-special-sauces-pour-les-pates\/#breadcrumb","itemListElement":[{"@type":"ListItem","position":1,"name":"Accueil","item":"https:\/\/www.saltpepper.fr\/"},{"@type":"ListItem","position":2,"name":"Cours de cuisine","item":"https:\/\/www.saltpepper.fr\/cours-de-cuisine\/"},{"@type":"ListItem","position":3,"name":"07\/07 &#8211; 18h &#8211; Atelier Technique Sp\u00e9cial Sauces Pour les P\u00e2tes"}]},{"@type":"WebSite","@id":"https:\/\/www.saltpepper.fr\/#website","url":"https:\/\/www.saltpepper.fr\/","name":"Salt &amp; Pepper","description":"","publisher":{"@id":"https:\/\/www.saltpepper.fr\/#organization"},"potentialAction":[{"@type":"SearchAction","target":{"@type":"EntryPoint","urlTemplate":"https:\/\/www.saltpepper.fr\/?s={search_term_string}"},"query-input":{"@type":"PropertyValueSpecification","valueRequired":true,"valueName":"search_term_string"}}],"inLanguage":"en-US"},{"@type":"Organization","@id":"https:\/\/www.saltpepper.fr\/#organization","name":"Salt &amp; Pepper","url":"https:\/\/www.saltpepper.fr\/","logo":{"@type":"ImageObject","inLanguage":"en-US","@id":"https:\/\/www.saltpepper.fr\/#\/schema\/logo\/image\/","url":"https:\/\/www.saltpepper.fr\/wp-content\/uploads\/2025\/05\/SALTPEPPER_logotype_cuivre_sans_baseline.svg","contentUrl":"https:\/\/www.saltpepper.fr\/wp-content\/uploads\/2025\/05\/SALTPEPPER_logotype_cuivre_sans_baseline.svg","width":1,"height":1,"caption":"Salt & Pepper"},"image":{"@id":"https:\/\/www.saltpepper.fr\/#\/schema\/logo\/image\/"},"sameAs":["https:\/\/www.facebook.com\/saltandpepper.dijon\/","https:\/\/www.instagram.com\/saltpepper.dijon\/","https:\/\/www.linkedin.com\/company\/salt-and-pepper-dijon\/"]}]}},"jetpack_sharing_enabled":true,"_links":{"self":[{"href":"https:\/\/www.saltpepper.fr\/en\/wp-json\/wp\/v2\/product\/3282","targetHints":{"allow":["GET"]}}],"collection":[{"href":"https:\/\/www.saltpepper.fr\/en\/wp-json\/wp\/v2\/product"}],"about":[{"href":"https:\/\/www.saltpepper.fr\/en\/wp-json\/wp\/v2\/types\/product"}],"wp:featuredmedia":[{"embeddable":true,"href":"https:\/\/www.saltpepper.fr\/en\/wp-json\/wp\/v2\/media\/2477"}],"wp:attachment":[{"href":"https:\/\/www.saltpepper.fr\/en\/wp-json\/wp\/v2\/media?parent=3282"}],"wp:term":[{"taxonomy":"duree","embeddable":true,"href":"https:\/\/www.saltpepper.fr\/en\/wp-json\/wp\/v2\/duree?post=3282"},{"taxonomy":"nom-de-cours","embeddable":true,"href":"https:\/\/www.saltpepper.fr\/en\/wp-json\/wp\/v2\/nom-de-cours?post=3282"},{"taxonomy":"thematique","embeddable":true,"href":"https:\/\/www.saltpepper.fr\/en\/wp-json\/wp\/v2\/thematique?post=3282"},{"taxonomy":"product_brand","embeddable":true,"href":"https:\/\/www.saltpepper.fr\/en\/wp-json\/wp\/v2\/product_brand?post=3282"},{"taxonomy":"product_cat","embeddable":true,"href":"https:\/\/www.saltpepper.fr\/en\/wp-json\/wp\/v2\/product_cat?post=3282"},{"taxonomy":"product_tag","embeddable":true,"href":"https:\/\/www.saltpepper.fr\/en\/wp-json\/wp\/v2\/product_tag?post=3282"}],"curies":[{"name":"wp","href":"https:\/\/api.w.org\/{rel}","templated":true}]}}