{"id":3177,"date":"2026-03-23T19:56:08","date_gmt":"2026-03-23T18:56:08","guid":{"rendered":"https:\/\/www.saltpepper.fr\/?post_type=product&#038;p=3177"},"modified":"2026-05-12T14:48:47","modified_gmt":"2026-05-12T12:48:47","slug":"duo-moulin-a-sel-poivre-en-bois","status":"publish","type":"product","link":"https:\/\/www.saltpepper.fr\/en\/produit\/duo-moulin-a-sel-poivre-en-bois\/","title":{"rendered":"\ud83c\udf81 Salt &amp; Pepper Shaker Set \u2014 Wooden Salt &amp; Pepper Grinder Duo"},"content":{"rendered":"<p data-start=\"259\" data-end=\"344\">Sel d&rsquo;un c\u00f4t\u00e9, poivre de l&rsquo;autre : ce duo de moulins en bois r\u00e9unit les deux piliers de l&rsquo;assaisonnement dans une belle harmonie.<\/p>\n<p data-start=\"259\" data-end=\"344\">Con\u00e7us pour aller de pair, ils partagent la m\u00eame finition bois naturelle et le m\u00eame broyeur en c\u00e9ramique r\u00e9glable pour une mouture pr\u00e9cise, \u00e0 la demande.<\/p>\n<p data-start=\"259\" data-end=\"344\">Que ce soit pour sublimer un repas du quotidien, offrir un cadeau qui a du sens ou habiller une table avec \u00e9l\u00e9gance, ce lot sel et poivre est une \u00e9vidence.<\/p>\n<p data-start=\"259\" data-end=\"344\">Compatible avec sel de mer, sel rose, poivre noir, poivre blanc, piment\u2026 et toutes vos envies d&rsquo;explorer. Une pinc\u00e9e d&rsquo;ici, un tour de moulin de l\u00e0 \u2014 et c&rsquo;est tout un repas qui prend une autre dimension.<\/p>","protected":false},"excerpt":{"rendered":"<p>Le duo indispensable de toutes les belles tables. Sel &amp; Poivre \u2014 deux essentiels, un seul geste, une infinit\u00e9 de saveurs.<\/p>","protected":false},"featured_media":3186,"template":"","meta":{"_acf_changed":false},"duree":[],"nom-de-cours":[],"thematique":[],"product_brand":[],"product_cat":[107,109,110,112],"product_tag":[],"class_list":{"0":"post-3177","1":"product","2":"type-product","3":"status-publish","4":"has-post-thumbnail","6":"product_cat-cadeaux","7":"product_cat-poivres","8":"product_cat-sels","9":"product_cat-ustensiles","11":"first","12":"instock","13":"featured","14":"taxable","15":"shipping-taxable","16":"purchasable","17":"product-type-simple"},"acf":[],"yoast_head":"<!-- This site is optimized with the Yoast SEO plugin v27.5 - https:\/\/yoast.com\/product\/yoast-seo-wordpress\/ -->\n<title>\ud83c\udf81 Lot Sali\u00e8re &amp; Poivrier \u2014 Duo Moulin \u00e0 Sel &amp; Poivre en Bois - Salt &amp; Pepper<\/title>\n<meta name=\"robots\" content=\"noindex, follow\" \/>\n<meta property=\"og:locale\" content=\"en_US\" \/>\n<meta property=\"og:type\" content=\"article\" \/>\n<meta property=\"og:title\" content=\"\ud83c\udf81 Lot Sali\u00e8re &amp; Poivrier \u2014 Duo Moulin \u00e0 Sel &amp; Poivre en Bois - Salt &amp; Pepper\" \/>\n<meta property=\"og:description\" content=\"Le duo indispensable de toutes les belles tables. Sel &amp; Poivre \u2014 deux essentiels, un seul geste, une infinit\u00e9 de saveurs.\" \/>\n<meta property=\"og:url\" content=\"https:\/\/www.saltpepper.fr\/en\/product\/duo-moulin-a-sel-poivre-en-bois\/\" \/>\n<meta property=\"og:site_name\" content=\"Salt &amp; Pepper\" \/>\n<meta property=\"article:publisher\" content=\"https:\/\/www.facebook.com\/saltandpepper.dijon\/\" \/>\n<meta property=\"article:modified_time\" content=\"2026-05-12T12:48:47+00:00\" \/>\n<meta property=\"og:image\" content=\"https:\/\/www.saltpepper.fr\/wp-content\/uploads\/2026\/03\/duo_square.jpg\" \/>\n\t<meta property=\"og:image:width\" content=\"1200\" \/>\n\t<meta property=\"og:image:height\" content=\"1200\" \/>\n\t<meta property=\"og:image:type\" content=\"image\/jpeg\" \/>\n<meta name=\"twitter:card\" content=\"summary_large_image\" \/>\n<meta name=\"twitter:label1\" content=\"Est. reading time\" \/>\n\t<meta name=\"twitter:data1\" content=\"1 minute\" \/>\n<script type=\"application\/ld+json\" class=\"yoast-schema-graph\">{\"@context\":\"https:\\\/\\\/schema.org\",\"@graph\":[{\"@type\":\"WebPage\",\"@id\":\"https:\\\/\\\/www.saltpepper.fr\\\/produit\\\/duo-moulin-a-sel-poivre-en-bois\\\/\",\"url\":\"https:\\\/\\\/www.saltpepper.fr\\\/produit\\\/duo-moulin-a-sel-poivre-en-bois\\\/\",\"name\":\"\ud83c\udf81 Lot Sali\u00e8re & Poivrier \u2014 Duo Moulin \u00e0 Sel & Poivre en Bois - Salt &amp; Pepper\",\"isPartOf\":{\"@id\":\"https:\\\/\\\/www.saltpepper.fr\\\/#website\"},\"primaryImageOfPage\":{\"@id\":\"https:\\\/\\\/www.saltpepper.fr\\\/produit\\\/duo-moulin-a-sel-poivre-en-bois\\\/#primaryimage\"},\"image\":{\"@id\":\"https:\\\/\\\/www.saltpepper.fr\\\/produit\\\/duo-moulin-a-sel-poivre-en-bois\\\/#primaryimage\"},\"thumbnailUrl\":\"https:\\\/\\\/www.saltpepper.fr\\\/wp-content\\\/uploads\\\/2026\\\/03\\\/duo_square.jpg\",\"datePublished\":\"2026-03-23T18:56:08+00:00\",\"dateModified\":\"2026-05-12T12:48:47+00:00\",\"breadcrumb\":{\"@id\":\"https:\\\/\\\/www.saltpepper.fr\\\/produit\\\/duo-moulin-a-sel-poivre-en-bois\\\/#breadcrumb\"},\"inLanguage\":\"en-US\",\"potentialAction\":[{\"@type\":\"ReadAction\",\"target\":[\"https:\\\/\\\/www.saltpepper.fr\\\/produit\\\/duo-moulin-a-sel-poivre-en-bois\\\/\"]}]},{\"@type\":\"ImageObject\",\"inLanguage\":\"en-US\",\"@id\":\"https:\\\/\\\/www.saltpepper.fr\\\/produit\\\/duo-moulin-a-sel-poivre-en-bois\\\/#primaryimage\",\"url\":\"https:\\\/\\\/www.saltpepper.fr\\\/wp-content\\\/uploads\\\/2026\\\/03\\\/duo_square.jpg\",\"contentUrl\":\"https:\\\/\\\/www.saltpepper.fr\\\/wp-content\\\/uploads\\\/2026\\\/03\\\/duo_square.jpg\",\"width\":1200,\"height\":1200,\"caption\":\"Moulin \u00e0 poivre en bois au bouton argent\u00e9, design courb\u00e9, \u00e0 c\u00f4t\u00e9 d'un moulin \u00e0 sel blanc sur une table de cours de cuisine.\"},{\"@type\":\"BreadcrumbList\",\"@id\":\"https:\\\/\\\/www.saltpepper.fr\\\/produit\\\/duo-moulin-a-sel-poivre-en-bois\\\/#breadcrumb\",\"itemListElement\":[{\"@type\":\"ListItem\",\"position\":1,\"name\":\"Accueil\",\"item\":\"https:\\\/\\\/www.saltpepper.fr\\\/\"},{\"@type\":\"ListItem\",\"position\":2,\"name\":\"Cours de cuisine\",\"item\":\"https:\\\/\\\/www.saltpepper.fr\\\/cours-de-cuisine\\\/\"},{\"@type\":\"ListItem\",\"position\":3,\"name\":\"\ud83c\udf81 Lot Sali\u00e8re &#038; Poivrier \u2014 Duo Moulin \u00e0 Sel &#038; Poivre en Bois\"}]},{\"@type\":\"WebSite\",\"@id\":\"https:\\\/\\\/www.saltpepper.fr\\\/#website\",\"url\":\"https:\\\/\\\/www.saltpepper.fr\\\/\",\"name\":\"Salt & Pepper\",\"description\":\"\",\"publisher\":{\"@id\":\"https:\\\/\\\/www.saltpepper.fr\\\/#organization\"},\"potentialAction\":[{\"@type\":\"SearchAction\",\"target\":{\"@type\":\"EntryPoint\",\"urlTemplate\":\"https:\\\/\\\/www.saltpepper.fr\\\/?s={search_term_string}\"},\"query-input\":{\"@type\":\"PropertyValueSpecification\",\"valueRequired\":true,\"valueName\":\"search_term_string\"}}],\"inLanguage\":\"en-US\"},{\"@type\":\"Organization\",\"@id\":\"https:\\\/\\\/www.saltpepper.fr\\\/#organization\",\"name\":\"Salt & Pepper\",\"url\":\"https:\\\/\\\/www.saltpepper.fr\\\/\",\"logo\":{\"@type\":\"ImageObject\",\"inLanguage\":\"en-US\",\"@id\":\"https:\\\/\\\/www.saltpepper.fr\\\/#\\\/schema\\\/logo\\\/image\\\/\",\"url\":\"https:\\\/\\\/www.saltpepper.fr\\\/wp-content\\\/uploads\\\/2025\\\/05\\\/SALTPEPPER_logotype_cuivre_sans_baseline.svg\",\"contentUrl\":\"https:\\\/\\\/www.saltpepper.fr\\\/wp-content\\\/uploads\\\/2025\\\/05\\\/SALTPEPPER_logotype_cuivre_sans_baseline.svg\",\"width\":1,\"height\":1,\"caption\":\"Salt & Pepper\"},\"image\":{\"@id\":\"https:\\\/\\\/www.saltpepper.fr\\\/#\\\/schema\\\/logo\\\/image\\\/\"},\"sameAs\":[\"https:\\\/\\\/www.facebook.com\\\/saltandpepper.dijon\\\/\",\"https:\\\/\\\/www.instagram.com\\\/saltpepper.dijon\\\/\",\"https:\\\/\\\/www.linkedin.com\\\/company\\\/salt-and-pepper-dijon\\\/\"]}]}<\/script>\n<!-- \/ Yoast SEO plugin. -->","yoast_head_json":{"title":"\ud83c\udf81 Lot Sali\u00e8re & Poivrier \u2014 Duo Moulin \u00e0 Sel & Poivre en Bois - Salt &amp; Pepper","robots":{"index":"noindex","follow":"follow"},"og_locale":"en_US","og_type":"article","og_title":"\ud83c\udf81 Lot Sali\u00e8re & Poivrier \u2014 Duo Moulin \u00e0 Sel & Poivre en Bois - Salt &amp; Pepper","og_description":"Le duo indispensable de toutes les belles tables. Sel &amp; Poivre \u2014 deux essentiels, un seul geste, une infinit\u00e9 de saveurs.","og_url":"https:\/\/www.saltpepper.fr\/en\/product\/duo-moulin-a-sel-poivre-en-bois\/","og_site_name":"Salt &amp; Pepper","article_publisher":"https:\/\/www.facebook.com\/saltandpepper.dijon\/","article_modified_time":"2026-05-12T12:48:47+00:00","og_image":[{"width":1200,"height":1200,"url":"https:\/\/www.saltpepper.fr\/wp-content\/uploads\/2026\/03\/duo_square.jpg","type":"image\/jpeg"}],"twitter_card":"summary_large_image","twitter_misc":{"Est. reading time":"1 minute"},"schema":{"@context":"https:\/\/schema.org","@graph":[{"@type":"WebPage","@id":"https:\/\/www.saltpepper.fr\/produit\/duo-moulin-a-sel-poivre-en-bois\/","url":"https:\/\/www.saltpepper.fr\/produit\/duo-moulin-a-sel-poivre-en-bois\/","name":"\ud83c\udf81 Lot Sali\u00e8re & Poivrier \u2014 Duo Moulin \u00e0 Sel & Poivre en Bois - Salt &amp; Pepper","isPartOf":{"@id":"https:\/\/www.saltpepper.fr\/#website"},"primaryImageOfPage":{"@id":"https:\/\/www.saltpepper.fr\/produit\/duo-moulin-a-sel-poivre-en-bois\/#primaryimage"},"image":{"@id":"https:\/\/www.saltpepper.fr\/produit\/duo-moulin-a-sel-poivre-en-bois\/#primaryimage"},"thumbnailUrl":"https:\/\/www.saltpepper.fr\/wp-content\/uploads\/2026\/03\/duo_square.jpg","datePublished":"2026-03-23T18:56:08+00:00","dateModified":"2026-05-12T12:48:47+00:00","breadcrumb":{"@id":"https:\/\/www.saltpepper.fr\/produit\/duo-moulin-a-sel-poivre-en-bois\/#breadcrumb"},"inLanguage":"en-US","potentialAction":[{"@type":"ReadAction","target":["https:\/\/www.saltpepper.fr\/produit\/duo-moulin-a-sel-poivre-en-bois\/"]}]},{"@type":"ImageObject","inLanguage":"en-US","@id":"https:\/\/www.saltpepper.fr\/produit\/duo-moulin-a-sel-poivre-en-bois\/#primaryimage","url":"https:\/\/www.saltpepper.fr\/wp-content\/uploads\/2026\/03\/duo_square.jpg","contentUrl":"https:\/\/www.saltpepper.fr\/wp-content\/uploads\/2026\/03\/duo_square.jpg","width":1200,"height":1200,"caption":"Moulin \u00e0 poivre en bois au bouton argent\u00e9, design courb\u00e9, \u00e0 c\u00f4t\u00e9 d'un moulin \u00e0 sel blanc sur une table de cours de cuisine."},{"@type":"BreadcrumbList","@id":"https:\/\/www.saltpepper.fr\/produit\/duo-moulin-a-sel-poivre-en-bois\/#breadcrumb","itemListElement":[{"@type":"ListItem","position":1,"name":"Accueil","item":"https:\/\/www.saltpepper.fr\/"},{"@type":"ListItem","position":2,"name":"Cours de cuisine","item":"https:\/\/www.saltpepper.fr\/cours-de-cuisine\/"},{"@type":"ListItem","position":3,"name":"\ud83c\udf81 Lot Sali\u00e8re &#038; Poivrier \u2014 Duo Moulin \u00e0 Sel &#038; Poivre en Bois"}]},{"@type":"WebSite","@id":"https:\/\/www.saltpepper.fr\/#website","url":"https:\/\/www.saltpepper.fr\/","name":"Salt &amp; Pepper","description":"","publisher":{"@id":"https:\/\/www.saltpepper.fr\/#organization"},"potentialAction":[{"@type":"SearchAction","target":{"@type":"EntryPoint","urlTemplate":"https:\/\/www.saltpepper.fr\/?s={search_term_string}"},"query-input":{"@type":"PropertyValueSpecification","valueRequired":true,"valueName":"search_term_string"}}],"inLanguage":"en-US"},{"@type":"Organization","@id":"https:\/\/www.saltpepper.fr\/#organization","name":"Salt &amp; Pepper","url":"https:\/\/www.saltpepper.fr\/","logo":{"@type":"ImageObject","inLanguage":"en-US","@id":"https:\/\/www.saltpepper.fr\/#\/schema\/logo\/image\/","url":"https:\/\/www.saltpepper.fr\/wp-content\/uploads\/2025\/05\/SALTPEPPER_logotype_cuivre_sans_baseline.svg","contentUrl":"https:\/\/www.saltpepper.fr\/wp-content\/uploads\/2025\/05\/SALTPEPPER_logotype_cuivre_sans_baseline.svg","width":1,"height":1,"caption":"Salt & Pepper"},"image":{"@id":"https:\/\/www.saltpepper.fr\/#\/schema\/logo\/image\/"},"sameAs":["https:\/\/www.facebook.com\/saltandpepper.dijon\/","https:\/\/www.instagram.com\/saltpepper.dijon\/","https:\/\/www.linkedin.com\/company\/salt-and-pepper-dijon\/"]}]}},"jetpack_sharing_enabled":true,"_links":{"self":[{"href":"https:\/\/www.saltpepper.fr\/en\/wp-json\/wp\/v2\/product\/3177","targetHints":{"allow":["GET"]}}],"collection":[{"href":"https:\/\/www.saltpepper.fr\/en\/wp-json\/wp\/v2\/product"}],"about":[{"href":"https:\/\/www.saltpepper.fr\/en\/wp-json\/wp\/v2\/types\/product"}],"wp:featuredmedia":[{"embeddable":true,"href":"https:\/\/www.saltpepper.fr\/en\/wp-json\/wp\/v2\/media\/3186"}],"wp:attachment":[{"href":"https:\/\/www.saltpepper.fr\/en\/wp-json\/wp\/v2\/media?parent=3177"}],"wp:term":[{"taxonomy":"duree","embeddable":true,"href":"https:\/\/www.saltpepper.fr\/en\/wp-json\/wp\/v2\/duree?post=3177"},{"taxonomy":"nom-de-cours","embeddable":true,"href":"https:\/\/www.saltpepper.fr\/en\/wp-json\/wp\/v2\/nom-de-cours?post=3177"},{"taxonomy":"thematique","embeddable":true,"href":"https:\/\/www.saltpepper.fr\/en\/wp-json\/wp\/v2\/thematique?post=3177"},{"taxonomy":"product_brand","embeddable":true,"href":"https:\/\/www.saltpepper.fr\/en\/wp-json\/wp\/v2\/product_brand?post=3177"},{"taxonomy":"product_cat","embeddable":true,"href":"https:\/\/www.saltpepper.fr\/en\/wp-json\/wp\/v2\/product_cat?post=3177"},{"taxonomy":"product_tag","embeddable":true,"href":"https:\/\/www.saltpepper.fr\/en\/wp-json\/wp\/v2\/product_tag?post=3177"}],"curies":[{"name":"wp","href":"https:\/\/api.w.org\/{rel}","templated":true}]}}