{"id":3175,"date":"2026-03-23T19:55:51","date_gmt":"2026-03-23T18:55:51","guid":{"rendered":"https:\/\/www.saltpepper.fr\/?post_type=product&#038;p=3175"},"modified":"2026-05-12T14:47:15","modified_gmt":"2026-05-12T12:47:15","slug":"moulin-a-poivre-en-bois","status":"publish","type":"product","link":"https:\/\/www.saltpepper.fr\/en\/produit\/moulin-a-poivre-en-bois\/","title":{"rendered":"Wooden Pepper Mill"},"content":{"rendered":"<p>Parce que le poivre m\u00e9rite mieux qu&rsquo;une poudre sans \u00e2me, ce moulin \u00e0 poivre en bois a \u00e9t\u00e9 pens\u00e9 pour r\u00e9v\u00e9ler toute la puissance aromatique de vos grains.<\/p>\n<p>Dot\u00e9 d&rsquo;un broyeur en c\u00e9ramique r\u00e9glable, il vous permet d&rsquo;ajuster finement la mouture selon vos envies \u2014 du grains grossi\u00e8rement concass\u00e9 pour un tartare, \u00e0 la poudre fine pour relever une sauce. Son design naturel en bois, sa prise en main soign\u00e9e et ses 16,5 cm de hauteur en font un outil aussi beau que performant.<\/p>\n<p>Du poivre noir, du poivre de Sichuan, du poivre long\u2026 laissez libre cours \u00e0 votre curiosit\u00e9 culinaire. Parce qu&rsquo;assaisonner, c&rsquo;est d\u00e9j\u00e0 cuisiner.<\/p>","protected":false},"excerpt":{"rendered":"<p>Le geste juste, le go\u00fbt exact. Ce moulin \u00e0 poivre en bois sublime chaque plat avec une mouture fra\u00eeche, puissante et parfum\u00e9e. Un outil d&rsquo;exception pour les amateurs d&rsquo;\u00e9pices authentiques.<\/p>","protected":false},"featured_media":3185,"template":"","meta":{"_acf_changed":false},"duree":[],"nom-de-cours":[],"thematique":[],"product_brand":[],"product_cat":[107,109,112],"product_tag":[],"class_list":{"0":"post-3175","1":"product","2":"type-product","3":"status-publish","4":"has-post-thumbnail","6":"product_cat-cadeaux","7":"product_cat-poivres","8":"product_cat-ustensiles","10":"first","11":"instock","12":"taxable","13":"shipping-taxable","14":"purchasable","15":"product-type-simple"},"acf":[],"yoast_head":"<!-- This site is optimized with the Yoast SEO plugin v27.5 - https:\/\/yoast.com\/product\/yoast-seo-wordpress\/ -->\n<title>Moulin \u00e0 Poivre en Bois - Salt &amp; Pepper<\/title>\n<meta name=\"robots\" content=\"noindex, follow\" \/>\n<meta property=\"og:locale\" content=\"en_US\" \/>\n<meta property=\"og:type\" content=\"article\" \/>\n<meta property=\"og:title\" content=\"Moulin \u00e0 Poivre en Bois - Salt &amp; Pepper\" \/>\n<meta property=\"og:description\" content=\"Le geste juste, le go\u00fbt exact. Ce moulin \u00e0 poivre en bois sublime chaque plat avec une mouture fra\u00eeche, puissante et parfum\u00e9e. Un outil d&#039;exception pour les amateurs d&#039;\u00e9pices authentiques.\" \/>\n<meta property=\"og:url\" content=\"https:\/\/www.saltpepper.fr\/en\/product\/moulin-a-poivre-en-bois\/\" \/>\n<meta property=\"og:site_name\" content=\"Salt &amp; Pepper\" \/>\n<meta property=\"article:publisher\" content=\"https:\/\/www.facebook.com\/saltandpepper.dijon\/\" \/>\n<meta property=\"article:modified_time\" content=\"2026-05-12T12:47:15+00:00\" \/>\n<meta property=\"og:image\" content=\"https:\/\/www.saltpepper.fr\/wp-content\/uploads\/2026\/03\/poivrier_square.jpg\" \/>\n\t<meta property=\"og:image:width\" content=\"1200\" \/>\n\t<meta property=\"og:image:height\" content=\"1200\" \/>\n\t<meta property=\"og:image:type\" content=\"image\/jpeg\" \/>\n<meta name=\"twitter:card\" content=\"summary_large_image\" \/>\n<meta name=\"twitter:label1\" content=\"Est. reading time\" \/>\n\t<meta name=\"twitter:data1\" content=\"1 minute\" \/>\n<script type=\"application\/ld+json\" class=\"yoast-schema-graph\">{\"@context\":\"https:\\\/\\\/schema.org\",\"@graph\":[{\"@type\":\"WebPage\",\"@id\":\"https:\\\/\\\/www.saltpepper.fr\\\/produit\\\/moulin-a-poivre-en-bois\\\/\",\"url\":\"https:\\\/\\\/www.saltpepper.fr\\\/produit\\\/moulin-a-poivre-en-bois\\\/\",\"name\":\"Moulin \u00e0 Poivre en Bois - Salt &amp; Pepper\",\"isPartOf\":{\"@id\":\"https:\\\/\\\/www.saltpepper.fr\\\/#website\"},\"primaryImageOfPage\":{\"@id\":\"https:\\\/\\\/www.saltpepper.fr\\\/produit\\\/moulin-a-poivre-en-bois\\\/#primaryimage\"},\"image\":{\"@id\":\"https:\\\/\\\/www.saltpepper.fr\\\/produit\\\/moulin-a-poivre-en-bois\\\/#primaryimage\"},\"thumbnailUrl\":\"https:\\\/\\\/www.saltpepper.fr\\\/wp-content\\\/uploads\\\/2026\\\/03\\\/poivrier_square.jpg\",\"datePublished\":\"2026-03-23T18:55:51+00:00\",\"dateModified\":\"2026-05-12T12:47:15+00:00\",\"breadcrumb\":{\"@id\":\"https:\\\/\\\/www.saltpepper.fr\\\/produit\\\/moulin-a-poivre-en-bois\\\/#breadcrumb\"},\"inLanguage\":\"en-US\",\"potentialAction\":[{\"@type\":\"ReadAction\",\"target\":[\"https:\\\/\\\/www.saltpepper.fr\\\/produit\\\/moulin-a-poivre-en-bois\\\/\"]}]},{\"@type\":\"ImageObject\",\"inLanguage\":\"en-US\",\"@id\":\"https:\\\/\\\/www.saltpepper.fr\\\/produit\\\/moulin-a-poivre-en-bois\\\/#primaryimage\",\"url\":\"https:\\\/\\\/www.saltpepper.fr\\\/wp-content\\\/uploads\\\/2026\\\/03\\\/poivrier_square.jpg\",\"contentUrl\":\"https:\\\/\\\/www.saltpepper.fr\\\/wp-content\\\/uploads\\\/2026\\\/03\\\/poivrier_square.jpg\",\"width\":1200,\"height\":1200,\"caption\":\"Moulin \u00e0 poivre en bois noir, bouton argent\u00e9, inspiration atelier culinaire Dijon sur fond blanc, cuisine \u00e9v\u00e9nementielle.\"},{\"@type\":\"BreadcrumbList\",\"@id\":\"https:\\\/\\\/www.saltpepper.fr\\\/produit\\\/moulin-a-poivre-en-bois\\\/#breadcrumb\",\"itemListElement\":[{\"@type\":\"ListItem\",\"position\":1,\"name\":\"Accueil\",\"item\":\"https:\\\/\\\/www.saltpepper.fr\\\/\"},{\"@type\":\"ListItem\",\"position\":2,\"name\":\"Cours de cuisine\",\"item\":\"https:\\\/\\\/www.saltpepper.fr\\\/cours-de-cuisine\\\/\"},{\"@type\":\"ListItem\",\"position\":3,\"name\":\"Moulin \u00e0 Poivre en Bois\"}]},{\"@type\":\"WebSite\",\"@id\":\"https:\\\/\\\/www.saltpepper.fr\\\/#website\",\"url\":\"https:\\\/\\\/www.saltpepper.fr\\\/\",\"name\":\"Salt & Pepper\",\"description\":\"\",\"publisher\":{\"@id\":\"https:\\\/\\\/www.saltpepper.fr\\\/#organization\"},\"potentialAction\":[{\"@type\":\"SearchAction\",\"target\":{\"@type\":\"EntryPoint\",\"urlTemplate\":\"https:\\\/\\\/www.saltpepper.fr\\\/?s={search_term_string}\"},\"query-input\":{\"@type\":\"PropertyValueSpecification\",\"valueRequired\":true,\"valueName\":\"search_term_string\"}}],\"inLanguage\":\"en-US\"},{\"@type\":\"Organization\",\"@id\":\"https:\\\/\\\/www.saltpepper.fr\\\/#organization\",\"name\":\"Salt & Pepper\",\"url\":\"https:\\\/\\\/www.saltpepper.fr\\\/\",\"logo\":{\"@type\":\"ImageObject\",\"inLanguage\":\"en-US\",\"@id\":\"https:\\\/\\\/www.saltpepper.fr\\\/#\\\/schema\\\/logo\\\/image\\\/\",\"url\":\"https:\\\/\\\/www.saltpepper.fr\\\/wp-content\\\/uploads\\\/2025\\\/05\\\/SALTPEPPER_logotype_cuivre_sans_baseline.svg\",\"contentUrl\":\"https:\\\/\\\/www.saltpepper.fr\\\/wp-content\\\/uploads\\\/2025\\\/05\\\/SALTPEPPER_logotype_cuivre_sans_baseline.svg\",\"width\":1,\"height\":1,\"caption\":\"Salt & Pepper\"},\"image\":{\"@id\":\"https:\\\/\\\/www.saltpepper.fr\\\/#\\\/schema\\\/logo\\\/image\\\/\"},\"sameAs\":[\"https:\\\/\\\/www.facebook.com\\\/saltandpepper.dijon\\\/\",\"https:\\\/\\\/www.instagram.com\\\/saltpepper.dijon\\\/\",\"https:\\\/\\\/www.linkedin.com\\\/company\\\/salt-and-pepper-dijon\\\/\"]}]}<\/script>\n<!-- \/ Yoast SEO plugin. -->","yoast_head_json":{"title":"Moulin \u00e0 Poivre en Bois - Salt &amp; Pepper","robots":{"index":"noindex","follow":"follow"},"og_locale":"en_US","og_type":"article","og_title":"Moulin \u00e0 Poivre en Bois - Salt &amp; Pepper","og_description":"Le geste juste, le go\u00fbt exact. Ce moulin \u00e0 poivre en bois sublime chaque plat avec une mouture fra\u00eeche, puissante et parfum\u00e9e. Un outil d'exception pour les amateurs d'\u00e9pices authentiques.","og_url":"https:\/\/www.saltpepper.fr\/en\/product\/moulin-a-poivre-en-bois\/","og_site_name":"Salt &amp; Pepper","article_publisher":"https:\/\/www.facebook.com\/saltandpepper.dijon\/","article_modified_time":"2026-05-12T12:47:15+00:00","og_image":[{"width":1200,"height":1200,"url":"https:\/\/www.saltpepper.fr\/wp-content\/uploads\/2026\/03\/poivrier_square.jpg","type":"image\/jpeg"}],"twitter_card":"summary_large_image","twitter_misc":{"Est. reading time":"1 minute"},"schema":{"@context":"https:\/\/schema.org","@graph":[{"@type":"WebPage","@id":"https:\/\/www.saltpepper.fr\/produit\/moulin-a-poivre-en-bois\/","url":"https:\/\/www.saltpepper.fr\/produit\/moulin-a-poivre-en-bois\/","name":"Moulin \u00e0 Poivre en Bois - Salt &amp; Pepper","isPartOf":{"@id":"https:\/\/www.saltpepper.fr\/#website"},"primaryImageOfPage":{"@id":"https:\/\/www.saltpepper.fr\/produit\/moulin-a-poivre-en-bois\/#primaryimage"},"image":{"@id":"https:\/\/www.saltpepper.fr\/produit\/moulin-a-poivre-en-bois\/#primaryimage"},"thumbnailUrl":"https:\/\/www.saltpepper.fr\/wp-content\/uploads\/2026\/03\/poivrier_square.jpg","datePublished":"2026-03-23T18:55:51+00:00","dateModified":"2026-05-12T12:47:15+00:00","breadcrumb":{"@id":"https:\/\/www.saltpepper.fr\/produit\/moulin-a-poivre-en-bois\/#breadcrumb"},"inLanguage":"en-US","potentialAction":[{"@type":"ReadAction","target":["https:\/\/www.saltpepper.fr\/produit\/moulin-a-poivre-en-bois\/"]}]},{"@type":"ImageObject","inLanguage":"en-US","@id":"https:\/\/www.saltpepper.fr\/produit\/moulin-a-poivre-en-bois\/#primaryimage","url":"https:\/\/www.saltpepper.fr\/wp-content\/uploads\/2026\/03\/poivrier_square.jpg","contentUrl":"https:\/\/www.saltpepper.fr\/wp-content\/uploads\/2026\/03\/poivrier_square.jpg","width":1200,"height":1200,"caption":"Moulin \u00e0 poivre en bois noir, bouton argent\u00e9, inspiration atelier culinaire Dijon sur fond blanc, cuisine \u00e9v\u00e9nementielle."},{"@type":"BreadcrumbList","@id":"https:\/\/www.saltpepper.fr\/produit\/moulin-a-poivre-en-bois\/#breadcrumb","itemListElement":[{"@type":"ListItem","position":1,"name":"Accueil","item":"https:\/\/www.saltpepper.fr\/"},{"@type":"ListItem","position":2,"name":"Cours de cuisine","item":"https:\/\/www.saltpepper.fr\/cours-de-cuisine\/"},{"@type":"ListItem","position":3,"name":"Moulin \u00e0 Poivre en Bois"}]},{"@type":"WebSite","@id":"https:\/\/www.saltpepper.fr\/#website","url":"https:\/\/www.saltpepper.fr\/","name":"Salt &amp; Pepper","description":"","publisher":{"@id":"https:\/\/www.saltpepper.fr\/#organization"},"potentialAction":[{"@type":"SearchAction","target":{"@type":"EntryPoint","urlTemplate":"https:\/\/www.saltpepper.fr\/?s={search_term_string}"},"query-input":{"@type":"PropertyValueSpecification","valueRequired":true,"valueName":"search_term_string"}}],"inLanguage":"en-US"},{"@type":"Organization","@id":"https:\/\/www.saltpepper.fr\/#organization","name":"Salt &amp; Pepper","url":"https:\/\/www.saltpepper.fr\/","logo":{"@type":"ImageObject","inLanguage":"en-US","@id":"https:\/\/www.saltpepper.fr\/#\/schema\/logo\/image\/","url":"https:\/\/www.saltpepper.fr\/wp-content\/uploads\/2025\/05\/SALTPEPPER_logotype_cuivre_sans_baseline.svg","contentUrl":"https:\/\/www.saltpepper.fr\/wp-content\/uploads\/2025\/05\/SALTPEPPER_logotype_cuivre_sans_baseline.svg","width":1,"height":1,"caption":"Salt & Pepper"},"image":{"@id":"https:\/\/www.saltpepper.fr\/#\/schema\/logo\/image\/"},"sameAs":["https:\/\/www.facebook.com\/saltandpepper.dijon\/","https:\/\/www.instagram.com\/saltpepper.dijon\/","https:\/\/www.linkedin.com\/company\/salt-and-pepper-dijon\/"]}]}},"jetpack_sharing_enabled":true,"_links":{"self":[{"href":"https:\/\/www.saltpepper.fr\/en\/wp-json\/wp\/v2\/product\/3175","targetHints":{"allow":["GET"]}}],"collection":[{"href":"https:\/\/www.saltpepper.fr\/en\/wp-json\/wp\/v2\/product"}],"about":[{"href":"https:\/\/www.saltpepper.fr\/en\/wp-json\/wp\/v2\/types\/product"}],"wp:featuredmedia":[{"embeddable":true,"href":"https:\/\/www.saltpepper.fr\/en\/wp-json\/wp\/v2\/media\/3185"}],"wp:attachment":[{"href":"https:\/\/www.saltpepper.fr\/en\/wp-json\/wp\/v2\/media?parent=3175"}],"wp:term":[{"taxonomy":"duree","embeddable":true,"href":"https:\/\/www.saltpepper.fr\/en\/wp-json\/wp\/v2\/duree?post=3175"},{"taxonomy":"nom-de-cours","embeddable":true,"href":"https:\/\/www.saltpepper.fr\/en\/wp-json\/wp\/v2\/nom-de-cours?post=3175"},{"taxonomy":"thematique","embeddable":true,"href":"https:\/\/www.saltpepper.fr\/en\/wp-json\/wp\/v2\/thematique?post=3175"},{"taxonomy":"product_brand","embeddable":true,"href":"https:\/\/www.saltpepper.fr\/en\/wp-json\/wp\/v2\/product_brand?post=3175"},{"taxonomy":"product_cat","embeddable":true,"href":"https:\/\/www.saltpepper.fr\/en\/wp-json\/wp\/v2\/product_cat?post=3175"},{"taxonomy":"product_tag","embeddable":true,"href":"https:\/\/www.saltpepper.fr\/en\/wp-json\/wp\/v2\/product_tag?post=3175"}],"curies":[{"name":"wp","href":"https:\/\/api.w.org\/{rel}","templated":true}]}}