{"id":3143,"date":"2026-03-20T10:47:00","date_gmt":"2026-03-20T09:47:00","guid":{"rendered":"https:\/\/www.saltpepper.fr\/?post_type=product&#038;p=3143"},"modified":"2026-05-06T11:48:18","modified_gmt":"2026-05-06T09:48:18","slug":"20-06-10h-menu-autour-de-la-biere","status":"publish","type":"product","link":"https:\/\/www.saltpepper.fr\/en\/produit\/20-06-10h-menu-autour-de-la-biere\/","title":{"rendered":"20\/06 &#8211; 10h &#8211; Menu Autour De La Bi\u00e8re"},"content":{"rendered":"<div class=\"re-c-1rb9ga1\">\n<div class=\"re-c-1rb9ga1\">\n<div class=\"re-c-1rb9ga1\">\n<p>Lors de cet atelier, vous d\u00e9couvrirez comment int\u00e9grer la bi\u00e8re en cuisine et l\u2019associer intelligemment aux plats. L\u2019objectif est de comprendre ses caract\u00e9ristiques (amertume, rondeur, notes malt\u00e9es ou houblonn\u00e9es) pour cr\u00e9er des accords justes et originaux.<\/p>\n<p><strong>Les 3 points cl\u00e9s de l&rsquo;atelier :\u00a0<\/strong><\/p>\n<\/div>\n<ul>\n<li data-start=\"943\" data-end=\"1039\"><strong data-start=\"943\" data-end=\"983\">La compr\u00e9hension des styles de bi\u00e8re<\/strong> : ar\u00f4mes, amertume, texture et utilisation en cuisine<\/li>\n<li data-start=\"943\" data-end=\"1039\"><strong data-start=\"1042\" data-end=\"1071\">Les techniques culinaires<\/strong> : r\u00e9duction, marinade, int\u00e9gration dans sauces et pr\u00e9parations<\/li>\n<li data-start=\"943\" data-end=\"1039\"><strong data-start=\"1139\" data-end=\"1168\">Les accords mets &amp; bi\u00e8res<\/strong> : associer les saveurs pour cr\u00e9er des harmonies \u00e9quilibr\u00e9es<\/li>\n<\/ul>\n<\/div>\n<\/div>","protected":false},"excerpt":{"rendered":"<p data-start=\"553\" data-end=\"750\">You will learn to use beer in various preparations: marinades, sauces, reductions, or as an accompaniment, while exploring food and beer pairings to enhance each dish.<\/p>","protected":false},"featured_media":3144,"template":"","meta":{"_acf_changed":false},"duree":[32],"nom-de-cours":[118],"thematique":[64],"product_brand":[],"product_cat":[68],"product_tag":[],"class_list":{"0":"post-3143","1":"product","2":"type-product","3":"status-publish","4":"has-post-thumbnail","6":"duree-4h","7":"nom-de-cours-menu-autour-de-la-biere","8":"thematique-cuisine-francaise","9":"product_cat-cuisine","11":"first","12":"instock","13":"virtual","14":"taxable","15":"purchasable","16":"product-type-simple"},"acf":[],"yoast_head":"<!-- This site is optimized with the Yoast SEO plugin v27.5 - https:\/\/yoast.com\/product\/yoast-seo-wordpress\/ -->\n<title>20\/06 - 10h - Menu Autour De La Bi\u00e8re - Salt &amp; Pepper<\/title>\n<meta name=\"robots\" content=\"noindex, follow\" \/>\n<meta property=\"og:locale\" content=\"en_US\" \/>\n<meta property=\"og:type\" content=\"article\" \/>\n<meta property=\"og:title\" content=\"20\/06 - 10h - Menu Autour De La Bi\u00e8re - Salt &amp; Pepper\" \/>\n<meta property=\"og:description\" content=\"Vous apprendrez \u00e0 utiliser la bi\u00e8re dans diff\u00e9rentes pr\u00e9parations : marinades, sauces, r\u00e9ductions ou encore en accompagnement, tout en explorant les accords mets &amp; bi\u00e8res pour sublimer chaque plat.\" \/>\n<meta property=\"og:url\" content=\"https:\/\/www.saltpepper.fr\/en\/product\/20-06-10h-menu-autour-de-la-biere\/\" \/>\n<meta property=\"og:site_name\" content=\"Salt &amp; Pepper\" \/>\n<meta property=\"article:publisher\" content=\"https:\/\/www.facebook.com\/saltandpepper.dijon\/\" \/>\n<meta property=\"article:modified_time\" content=\"2026-05-06T09:48:18+00:00\" \/>\n<meta property=\"og:image\" content=\"https:\/\/www.saltpepper.fr\/wp-content\/uploads\/2026\/03\/menu-autour-de-la-biere-1024x683.png\" \/>\n\t<meta property=\"og:image:width\" content=\"1024\" \/>\n\t<meta property=\"og:image:height\" content=\"683\" \/>\n\t<meta property=\"og:image:type\" content=\"image\/png\" \/>\n<meta name=\"twitter:card\" content=\"summary_large_image\" \/>\n<meta name=\"twitter:label1\" content=\"Est. reading time\" \/>\n\t<meta name=\"twitter:data1\" content=\"1 minute\" \/>\n<script type=\"application\/ld+json\" class=\"yoast-schema-graph\">{\"@context\":\"https:\\\/\\\/schema.org\",\"@graph\":[{\"@type\":\"WebPage\",\"@id\":\"https:\\\/\\\/www.saltpepper.fr\\\/produit\\\/20-06-10h-menu-autour-de-la-biere\\\/\",\"url\":\"https:\\\/\\\/www.saltpepper.fr\\\/produit\\\/20-06-10h-menu-autour-de-la-biere\\\/\",\"name\":\"20\\\/06 - 10h - Menu Autour De La Bi\u00e8re - Salt &amp; Pepper\",\"isPartOf\":{\"@id\":\"https:\\\/\\\/www.saltpepper.fr\\\/#website\"},\"primaryImageOfPage\":{\"@id\":\"https:\\\/\\\/www.saltpepper.fr\\\/produit\\\/20-06-10h-menu-autour-de-la-biere\\\/#primaryimage\"},\"image\":{\"@id\":\"https:\\\/\\\/www.saltpepper.fr\\\/produit\\\/20-06-10h-menu-autour-de-la-biere\\\/#primaryimage\"},\"thumbnailUrl\":\"https:\\\/\\\/www.saltpepper.fr\\\/wp-content\\\/uploads\\\/2026\\\/03\\\/menu-autour-de-la-biere.png\",\"datePublished\":\"2026-03-20T09:47:00+00:00\",\"dateModified\":\"2026-05-06T09:48:18+00:00\",\"breadcrumb\":{\"@id\":\"https:\\\/\\\/www.saltpepper.fr\\\/produit\\\/20-06-10h-menu-autour-de-la-biere\\\/#breadcrumb\"},\"inLanguage\":\"en-US\",\"potentialAction\":[{\"@type\":\"ReadAction\",\"target\":[\"https:\\\/\\\/www.saltpepper.fr\\\/produit\\\/20-06-10h-menu-autour-de-la-biere\\\/\"]}]},{\"@type\":\"ImageObject\",\"inLanguage\":\"en-US\",\"@id\":\"https:\\\/\\\/www.saltpepper.fr\\\/produit\\\/20-06-10h-menu-autour-de-la-biere\\\/#primaryimage\",\"url\":\"https:\\\/\\\/www.saltpepper.fr\\\/wp-content\\\/uploads\\\/2026\\\/03\\\/menu-autour-de-la-biere.png\",\"contentUrl\":\"https:\\\/\\\/www.saltpepper.fr\\\/wp-content\\\/uploads\\\/2026\\\/03\\\/menu-autour-de-la-biere.png\",\"width\":1536,\"height\":1024,\"caption\":\"Menu autour de la bi\u00e8re : carbonnade, soupe \u0153uf poch\u00e9, tarte aux pommes, pain, bi\u00e8res lors d'un atelier cuisine.\"},{\"@type\":\"BreadcrumbList\",\"@id\":\"https:\\\/\\\/www.saltpepper.fr\\\/produit\\\/20-06-10h-menu-autour-de-la-biere\\\/#breadcrumb\",\"itemListElement\":[{\"@type\":\"ListItem\",\"position\":1,\"name\":\"Accueil\",\"item\":\"https:\\\/\\\/www.saltpepper.fr\\\/\"},{\"@type\":\"ListItem\",\"position\":2,\"name\":\"Cours de cuisine\",\"item\":\"https:\\\/\\\/www.saltpepper.fr\\\/cours-de-cuisine\\\/\"},{\"@type\":\"ListItem\",\"position\":3,\"name\":\"20\\\/06 &#8211; 10h &#8211; Menu Autour De La Bi\u00e8re\"}]},{\"@type\":\"WebSite\",\"@id\":\"https:\\\/\\\/www.saltpepper.fr\\\/#website\",\"url\":\"https:\\\/\\\/www.saltpepper.fr\\\/\",\"name\":\"Salt & Pepper\",\"description\":\"\",\"publisher\":{\"@id\":\"https:\\\/\\\/www.saltpepper.fr\\\/#organization\"},\"potentialAction\":[{\"@type\":\"SearchAction\",\"target\":{\"@type\":\"EntryPoint\",\"urlTemplate\":\"https:\\\/\\\/www.saltpepper.fr\\\/?s={search_term_string}\"},\"query-input\":{\"@type\":\"PropertyValueSpecification\",\"valueRequired\":true,\"valueName\":\"search_term_string\"}}],\"inLanguage\":\"en-US\"},{\"@type\":\"Organization\",\"@id\":\"https:\\\/\\\/www.saltpepper.fr\\\/#organization\",\"name\":\"Salt & Pepper\",\"url\":\"https:\\\/\\\/www.saltpepper.fr\\\/\",\"logo\":{\"@type\":\"ImageObject\",\"inLanguage\":\"en-US\",\"@id\":\"https:\\\/\\\/www.saltpepper.fr\\\/#\\\/schema\\\/logo\\\/image\\\/\",\"url\":\"https:\\\/\\\/www.saltpepper.fr\\\/wp-content\\\/uploads\\\/2025\\\/05\\\/SALTPEPPER_logotype_cuivre_sans_baseline.svg\",\"contentUrl\":\"https:\\\/\\\/www.saltpepper.fr\\\/wp-content\\\/uploads\\\/2025\\\/05\\\/SALTPEPPER_logotype_cuivre_sans_baseline.svg\",\"width\":1,\"height\":1,\"caption\":\"Salt & Pepper\"},\"image\":{\"@id\":\"https:\\\/\\\/www.saltpepper.fr\\\/#\\\/schema\\\/logo\\\/image\\\/\"},\"sameAs\":[\"https:\\\/\\\/www.facebook.com\\\/saltandpepper.dijon\\\/\",\"https:\\\/\\\/www.instagram.com\\\/saltpepper.dijon\\\/\",\"https:\\\/\\\/www.linkedin.com\\\/company\\\/salt-and-pepper-dijon\\\/\"]}]}<\/script>\n<!-- \/ Yoast SEO plugin. -->","yoast_head_json":{"title":"20\/06 - 10h - Menu Autour De La Bi\u00e8re - Salt &amp; Pepper","robots":{"index":"noindex","follow":"follow"},"og_locale":"en_US","og_type":"article","og_title":"20\/06 - 10h - Menu Autour De La Bi\u00e8re - Salt &amp; Pepper","og_description":"Vous apprendrez \u00e0 utiliser la bi\u00e8re dans diff\u00e9rentes pr\u00e9parations : marinades, sauces, r\u00e9ductions ou encore en accompagnement, tout en explorant les accords mets &amp; bi\u00e8res pour sublimer chaque plat.","og_url":"https:\/\/www.saltpepper.fr\/en\/product\/20-06-10h-menu-autour-de-la-biere\/","og_site_name":"Salt &amp; Pepper","article_publisher":"https:\/\/www.facebook.com\/saltandpepper.dijon\/","article_modified_time":"2026-05-06T09:48:18+00:00","og_image":[{"width":1024,"height":683,"url":"https:\/\/www.saltpepper.fr\/wp-content\/uploads\/2026\/03\/menu-autour-de-la-biere-1024x683.png","type":"image\/png"}],"twitter_card":"summary_large_image","twitter_misc":{"Est. reading time":"1 minute"},"schema":{"@context":"https:\/\/schema.org","@graph":[{"@type":"WebPage","@id":"https:\/\/www.saltpepper.fr\/produit\/20-06-10h-menu-autour-de-la-biere\/","url":"https:\/\/www.saltpepper.fr\/produit\/20-06-10h-menu-autour-de-la-biere\/","name":"20\/06 - 10h - Menu Autour De La Bi\u00e8re - Salt &amp; Pepper","isPartOf":{"@id":"https:\/\/www.saltpepper.fr\/#website"},"primaryImageOfPage":{"@id":"https:\/\/www.saltpepper.fr\/produit\/20-06-10h-menu-autour-de-la-biere\/#primaryimage"},"image":{"@id":"https:\/\/www.saltpepper.fr\/produit\/20-06-10h-menu-autour-de-la-biere\/#primaryimage"},"thumbnailUrl":"https:\/\/www.saltpepper.fr\/wp-content\/uploads\/2026\/03\/menu-autour-de-la-biere.png","datePublished":"2026-03-20T09:47:00+00:00","dateModified":"2026-05-06T09:48:18+00:00","breadcrumb":{"@id":"https:\/\/www.saltpepper.fr\/produit\/20-06-10h-menu-autour-de-la-biere\/#breadcrumb"},"inLanguage":"en-US","potentialAction":[{"@type":"ReadAction","target":["https:\/\/www.saltpepper.fr\/produit\/20-06-10h-menu-autour-de-la-biere\/"]}]},{"@type":"ImageObject","inLanguage":"en-US","@id":"https:\/\/www.saltpepper.fr\/produit\/20-06-10h-menu-autour-de-la-biere\/#primaryimage","url":"https:\/\/www.saltpepper.fr\/wp-content\/uploads\/2026\/03\/menu-autour-de-la-biere.png","contentUrl":"https:\/\/www.saltpepper.fr\/wp-content\/uploads\/2026\/03\/menu-autour-de-la-biere.png","width":1536,"height":1024,"caption":"Menu autour de la bi\u00e8re : carbonnade, soupe \u0153uf poch\u00e9, tarte aux pommes, pain, bi\u00e8res lors d'un atelier cuisine."},{"@type":"BreadcrumbList","@id":"https:\/\/www.saltpepper.fr\/produit\/20-06-10h-menu-autour-de-la-biere\/#breadcrumb","itemListElement":[{"@type":"ListItem","position":1,"name":"Accueil","item":"https:\/\/www.saltpepper.fr\/"},{"@type":"ListItem","position":2,"name":"Cours de cuisine","item":"https:\/\/www.saltpepper.fr\/cours-de-cuisine\/"},{"@type":"ListItem","position":3,"name":"20\/06 &#8211; 10h &#8211; Menu Autour De La Bi\u00e8re"}]},{"@type":"WebSite","@id":"https:\/\/www.saltpepper.fr\/#website","url":"https:\/\/www.saltpepper.fr\/","name":"Salt &amp; Pepper","description":"","publisher":{"@id":"https:\/\/www.saltpepper.fr\/#organization"},"potentialAction":[{"@type":"SearchAction","target":{"@type":"EntryPoint","urlTemplate":"https:\/\/www.saltpepper.fr\/?s={search_term_string}"},"query-input":{"@type":"PropertyValueSpecification","valueRequired":true,"valueName":"search_term_string"}}],"inLanguage":"en-US"},{"@type":"Organization","@id":"https:\/\/www.saltpepper.fr\/#organization","name":"Salt &amp; Pepper","url":"https:\/\/www.saltpepper.fr\/","logo":{"@type":"ImageObject","inLanguage":"en-US","@id":"https:\/\/www.saltpepper.fr\/#\/schema\/logo\/image\/","url":"https:\/\/www.saltpepper.fr\/wp-content\/uploads\/2025\/05\/SALTPEPPER_logotype_cuivre_sans_baseline.svg","contentUrl":"https:\/\/www.saltpepper.fr\/wp-content\/uploads\/2025\/05\/SALTPEPPER_logotype_cuivre_sans_baseline.svg","width":1,"height":1,"caption":"Salt & Pepper"},"image":{"@id":"https:\/\/www.saltpepper.fr\/#\/schema\/logo\/image\/"},"sameAs":["https:\/\/www.facebook.com\/saltandpepper.dijon\/","https:\/\/www.instagram.com\/saltpepper.dijon\/","https:\/\/www.linkedin.com\/company\/salt-and-pepper-dijon\/"]}]}},"jetpack_sharing_enabled":true,"_links":{"self":[{"href":"https:\/\/www.saltpepper.fr\/en\/wp-json\/wp\/v2\/product\/3143","targetHints":{"allow":["GET"]}}],"collection":[{"href":"https:\/\/www.saltpepper.fr\/en\/wp-json\/wp\/v2\/product"}],"about":[{"href":"https:\/\/www.saltpepper.fr\/en\/wp-json\/wp\/v2\/types\/product"}],"wp:featuredmedia":[{"embeddable":true,"href":"https:\/\/www.saltpepper.fr\/en\/wp-json\/wp\/v2\/media\/3144"}],"wp:attachment":[{"href":"https:\/\/www.saltpepper.fr\/en\/wp-json\/wp\/v2\/media?parent=3143"}],"wp:term":[{"taxonomy":"duree","embeddable":true,"href":"https:\/\/www.saltpepper.fr\/en\/wp-json\/wp\/v2\/duree?post=3143"},{"taxonomy":"nom-de-cours","embeddable":true,"href":"https:\/\/www.saltpepper.fr\/en\/wp-json\/wp\/v2\/nom-de-cours?post=3143"},{"taxonomy":"thematique","embeddable":true,"href":"https:\/\/www.saltpepper.fr\/en\/wp-json\/wp\/v2\/thematique?post=3143"},{"taxonomy":"product_brand","embeddable":true,"href":"https:\/\/www.saltpepper.fr\/en\/wp-json\/wp\/v2\/product_brand?post=3143"},{"taxonomy":"product_cat","embeddable":true,"href":"https:\/\/www.saltpepper.fr\/en\/wp-json\/wp\/v2\/product_cat?post=3143"},{"taxonomy":"product_tag","embeddable":true,"href":"https:\/\/www.saltpepper.fr\/en\/wp-json\/wp\/v2\/product_tag?post=3143"}],"curies":[{"name":"wp","href":"https:\/\/api.w.org\/{rel}","templated":true}]}}