{"id":3058,"date":"2026-03-13T10:56:50","date_gmt":"2026-03-13T09:56:50","guid":{"rendered":"https:\/\/www.saltpepper.fr\/?post_type=product&#038;p=3058"},"modified":"2026-05-06T11:47:42","modified_gmt":"2026-05-06T09:47:42","slug":"28-06-10h-atelier-brunch-estival","status":"publish","type":"product","link":"https:\/\/www.saltpepper.fr\/en\/produit\/28-06-10h-atelier-brunch-estival\/","title":{"rendered":"28\/06 &#8211; 10h &#8211; Atelier Brunch Estival"},"content":{"rendered":"<div class=\"re-c-1rb9ga1\">\n<div class=\"re-c-1rb9ga1\">\n<div class=\"re-c-1rb9ga1\">\n<p>C\u00e9l\u00e9brez l\u2019\u00e9t\u00e9 autour d\u2019un brunch color\u00e9 et g\u00e9n\u00e9reux, m\u00ealant recettes gourmandes, produits de saison et techniques accessibles. Cet atelier vous propose de composer un brunch estival complet, \u00e9quilibr\u00e9 et plein de fra\u00eecheur, id\u00e9al \u00e0 partager en famille ou entre amis.<\/p>\n<ul>\n<li data-start=\"80\" data-end=\"214\"><strong data-start=\"80\" data-end=\"108\">L\u2019\u00e9quilibre sucr\u00e9 \/ sal\u00e9<\/strong> : composer un brunch harmonieux en jouant sur les saveurs, les textures et la compl\u00e9mentarit\u00e9 des plats<\/li>\n<li data-start=\"80\" data-end=\"214\"><strong data-start=\"217\" data-end=\"257\">La mise en valeur des produits d\u2019\u00e9t\u00e9<\/strong> : travailler fruits, herbes fra\u00eeches et l\u00e9gumes de saison avec fra\u00eecheur et l\u00e9g\u00e8ret\u00e9<\/li>\n<li data-start=\"80\" data-end=\"214\"><strong data-start=\"347\" data-end=\"379\">Le dressage &amp; l\u2019organisation<\/strong> : apprendre \u00e0 pr\u00e9parer, assembler et pr\u00e9senter un brunch \u00e9l\u00e9gant et convivial sans stress<\/li>\n<\/ul>\n<\/div>\n<\/div>\n<\/div>","protected":false},"excerpt":{"rendered":"<p>A friendly, creative, and delicious workshop to master the art of the summer brunch and leave with simple, refined, and easy-to-reproduce ideas for your home.<\/p>","protected":false},"featured_media":2623,"template":"","meta":{"_acf_changed":false},"duree":[32],"nom-de-cours":[96],"thematique":[61],"product_brand":[],"product_cat":[68],"product_tag":[],"class_list":{"0":"post-3058","1":"product","2":"type-product","3":"status-publish","4":"has-post-thumbnail","6":"duree-4h","7":"nom-de-cours-atelier-brunch-estival","8":"thematique-brunch","9":"product_cat-cuisine","11":"first","12":"outofstock","13":"virtual","14":"taxable","15":"purchasable","16":"product-type-simple"},"acf":[],"yoast_head":"<!-- This site is optimized with the Yoast SEO plugin v27.5 - https:\/\/yoast.com\/product\/yoast-seo-wordpress\/ -->\n<title>28\/06 - 10h - Atelier Brunch Estival - Salt &amp; Pepper<\/title>\n<meta name=\"robots\" content=\"noindex, follow\" \/>\n<meta property=\"og:locale\" content=\"en_US\" \/>\n<meta property=\"og:type\" content=\"article\" \/>\n<meta property=\"og:title\" content=\"28\/06 - 10h - Atelier Brunch Estival - Salt &amp; Pepper\" \/>\n<meta property=\"og:description\" content=\"Un atelier convivial, cr\u00e9atif et gourmand pour ma\u00eetriser l\u2019art du brunch estival et repartir avec des id\u00e9es simples, raffin\u00e9es et faciles \u00e0 reproduire chez vous\" \/>\n<meta property=\"og:url\" content=\"https:\/\/www.saltpepper.fr\/en\/product\/28-06-10h-atelier-brunch-estival\/\" \/>\n<meta property=\"og:site_name\" content=\"Salt &amp; Pepper\" \/>\n<meta property=\"article:publisher\" content=\"https:\/\/www.facebook.com\/saltandpepper.dijon\/\" \/>\n<meta property=\"article:modified_time\" content=\"2026-05-06T09:47:42+00:00\" \/>\n<meta property=\"og:image\" content=\"https:\/\/www.saltpepper.fr\/wp-content\/uploads\/2026\/02\/ChatGPT-Image-11-fevr.-2026-a-12_46_38-1024x683.png\" \/>\n\t<meta property=\"og:image:width\" content=\"1024\" \/>\n\t<meta property=\"og:image:height\" content=\"683\" \/>\n\t<meta property=\"og:image:type\" content=\"image\/png\" \/>\n<meta name=\"twitter:card\" content=\"summary_large_image\" \/>\n<meta name=\"twitter:label1\" content=\"Est. reading time\" \/>\n\t<meta name=\"twitter:data1\" content=\"1 minute\" \/>\n<script type=\"application\/ld+json\" class=\"yoast-schema-graph\">{\"@context\":\"https:\\\/\\\/schema.org\",\"@graph\":[{\"@type\":\"WebPage\",\"@id\":\"https:\\\/\\\/www.saltpepper.fr\\\/produit\\\/28-06-10h-atelier-brunch-estival\\\/\",\"url\":\"https:\\\/\\\/www.saltpepper.fr\\\/produit\\\/28-06-10h-atelier-brunch-estival\\\/\",\"name\":\"28\\\/06 - 10h - Atelier Brunch Estival - Salt &amp; Pepper\",\"isPartOf\":{\"@id\":\"https:\\\/\\\/www.saltpepper.fr\\\/#website\"},\"primaryImageOfPage\":{\"@id\":\"https:\\\/\\\/www.saltpepper.fr\\\/produit\\\/28-06-10h-atelier-brunch-estival\\\/#primaryimage\"},\"image\":{\"@id\":\"https:\\\/\\\/www.saltpepper.fr\\\/produit\\\/28-06-10h-atelier-brunch-estival\\\/#primaryimage\"},\"thumbnailUrl\":\"https:\\\/\\\/www.saltpepper.fr\\\/wp-content\\\/uploads\\\/2026\\\/02\\\/ChatGPT-Image-11-fevr.-2026-a-12_46_38.png\",\"datePublished\":\"2026-03-13T09:56:50+00:00\",\"dateModified\":\"2026-05-06T09:47:42+00:00\",\"breadcrumb\":{\"@id\":\"https:\\\/\\\/www.saltpepper.fr\\\/produit\\\/28-06-10h-atelier-brunch-estival\\\/#breadcrumb\"},\"inLanguage\":\"en-US\",\"potentialAction\":[{\"@type\":\"ReadAction\",\"target\":[\"https:\\\/\\\/www.saltpepper.fr\\\/produit\\\/28-06-10h-atelier-brunch-estival\\\/\"]}]},{\"@type\":\"ImageObject\",\"inLanguage\":\"en-US\",\"@id\":\"https:\\\/\\\/www.saltpepper.fr\\\/produit\\\/28-06-10h-atelier-brunch-estival\\\/#primaryimage\",\"url\":\"https:\\\/\\\/www.saltpepper.fr\\\/wp-content\\\/uploads\\\/2026\\\/02\\\/ChatGPT-Image-11-fevr.-2026-a-12_46_38.png\",\"contentUrl\":\"https:\\\/\\\/www.saltpepper.fr\\\/wp-content\\\/uploads\\\/2026\\\/02\\\/ChatGPT-Image-11-fevr.-2026-a-12_46_38.png\",\"width\":1536,\"height\":1024,\"caption\":\"Assortiment brunch : salades, gaufres saumon, brioche abricot, smoothie bowl, tarte courgette et ros\u00e9 pour team building.\"},{\"@type\":\"BreadcrumbList\",\"@id\":\"https:\\\/\\\/www.saltpepper.fr\\\/produit\\\/28-06-10h-atelier-brunch-estival\\\/#breadcrumb\",\"itemListElement\":[{\"@type\":\"ListItem\",\"position\":1,\"name\":\"Accueil\",\"item\":\"https:\\\/\\\/www.saltpepper.fr\\\/\"},{\"@type\":\"ListItem\",\"position\":2,\"name\":\"Cours de cuisine\",\"item\":\"https:\\\/\\\/www.saltpepper.fr\\\/cours-de-cuisine\\\/\"},{\"@type\":\"ListItem\",\"position\":3,\"name\":\"28\\\/06 &#8211; 10h &#8211; Atelier Brunch Estival\"}]},{\"@type\":\"WebSite\",\"@id\":\"https:\\\/\\\/www.saltpepper.fr\\\/#website\",\"url\":\"https:\\\/\\\/www.saltpepper.fr\\\/\",\"name\":\"Salt & Pepper\",\"description\":\"\",\"publisher\":{\"@id\":\"https:\\\/\\\/www.saltpepper.fr\\\/#organization\"},\"potentialAction\":[{\"@type\":\"SearchAction\",\"target\":{\"@type\":\"EntryPoint\",\"urlTemplate\":\"https:\\\/\\\/www.saltpepper.fr\\\/?s={search_term_string}\"},\"query-input\":{\"@type\":\"PropertyValueSpecification\",\"valueRequired\":true,\"valueName\":\"search_term_string\"}}],\"inLanguage\":\"en-US\"},{\"@type\":\"Organization\",\"@id\":\"https:\\\/\\\/www.saltpepper.fr\\\/#organization\",\"name\":\"Salt & Pepper\",\"url\":\"https:\\\/\\\/www.saltpepper.fr\\\/\",\"logo\":{\"@type\":\"ImageObject\",\"inLanguage\":\"en-US\",\"@id\":\"https:\\\/\\\/www.saltpepper.fr\\\/#\\\/schema\\\/logo\\\/image\\\/\",\"url\":\"https:\\\/\\\/www.saltpepper.fr\\\/wp-content\\\/uploads\\\/2025\\\/05\\\/SALTPEPPER_logotype_cuivre_sans_baseline.svg\",\"contentUrl\":\"https:\\\/\\\/www.saltpepper.fr\\\/wp-content\\\/uploads\\\/2025\\\/05\\\/SALTPEPPER_logotype_cuivre_sans_baseline.svg\",\"width\":1,\"height\":1,\"caption\":\"Salt & Pepper\"},\"image\":{\"@id\":\"https:\\\/\\\/www.saltpepper.fr\\\/#\\\/schema\\\/logo\\\/image\\\/\"},\"sameAs\":[\"https:\\\/\\\/www.facebook.com\\\/saltandpepper.dijon\\\/\",\"https:\\\/\\\/www.instagram.com\\\/saltpepper.dijon\\\/\",\"https:\\\/\\\/www.linkedin.com\\\/company\\\/salt-and-pepper-dijon\\\/\"]}]}<\/script>\n<!-- \/ Yoast SEO plugin. -->","yoast_head_json":{"title":"28\/06 - 10h - Atelier Brunch Estival - Salt &amp; Pepper","robots":{"index":"noindex","follow":"follow"},"og_locale":"en_US","og_type":"article","og_title":"28\/06 - 10h - Atelier Brunch Estival - Salt &amp; Pepper","og_description":"Un atelier convivial, cr\u00e9atif et gourmand pour ma\u00eetriser l\u2019art du brunch estival et repartir avec des id\u00e9es simples, raffin\u00e9es et faciles \u00e0 reproduire chez vous","og_url":"https:\/\/www.saltpepper.fr\/en\/product\/28-06-10h-atelier-brunch-estival\/","og_site_name":"Salt &amp; Pepper","article_publisher":"https:\/\/www.facebook.com\/saltandpepper.dijon\/","article_modified_time":"2026-05-06T09:47:42+00:00","og_image":[{"width":1024,"height":683,"url":"https:\/\/www.saltpepper.fr\/wp-content\/uploads\/2026\/02\/ChatGPT-Image-11-fevr.-2026-a-12_46_38-1024x683.png","type":"image\/png"}],"twitter_card":"summary_large_image","twitter_misc":{"Est. reading time":"1 minute"},"schema":{"@context":"https:\/\/schema.org","@graph":[{"@type":"WebPage","@id":"https:\/\/www.saltpepper.fr\/produit\/28-06-10h-atelier-brunch-estival\/","url":"https:\/\/www.saltpepper.fr\/produit\/28-06-10h-atelier-brunch-estival\/","name":"28\/06 - 10h - Atelier Brunch Estival - Salt &amp; Pepper","isPartOf":{"@id":"https:\/\/www.saltpepper.fr\/#website"},"primaryImageOfPage":{"@id":"https:\/\/www.saltpepper.fr\/produit\/28-06-10h-atelier-brunch-estival\/#primaryimage"},"image":{"@id":"https:\/\/www.saltpepper.fr\/produit\/28-06-10h-atelier-brunch-estival\/#primaryimage"},"thumbnailUrl":"https:\/\/www.saltpepper.fr\/wp-content\/uploads\/2026\/02\/ChatGPT-Image-11-fevr.-2026-a-12_46_38.png","datePublished":"2026-03-13T09:56:50+00:00","dateModified":"2026-05-06T09:47:42+00:00","breadcrumb":{"@id":"https:\/\/www.saltpepper.fr\/produit\/28-06-10h-atelier-brunch-estival\/#breadcrumb"},"inLanguage":"en-US","potentialAction":[{"@type":"ReadAction","target":["https:\/\/www.saltpepper.fr\/produit\/28-06-10h-atelier-brunch-estival\/"]}]},{"@type":"ImageObject","inLanguage":"en-US","@id":"https:\/\/www.saltpepper.fr\/produit\/28-06-10h-atelier-brunch-estival\/#primaryimage","url":"https:\/\/www.saltpepper.fr\/wp-content\/uploads\/2026\/02\/ChatGPT-Image-11-fevr.-2026-a-12_46_38.png","contentUrl":"https:\/\/www.saltpepper.fr\/wp-content\/uploads\/2026\/02\/ChatGPT-Image-11-fevr.-2026-a-12_46_38.png","width":1536,"height":1024,"caption":"Assortiment brunch : salades, gaufres saumon, brioche abricot, smoothie bowl, tarte courgette et ros\u00e9 pour team building."},{"@type":"BreadcrumbList","@id":"https:\/\/www.saltpepper.fr\/produit\/28-06-10h-atelier-brunch-estival\/#breadcrumb","itemListElement":[{"@type":"ListItem","position":1,"name":"Accueil","item":"https:\/\/www.saltpepper.fr\/"},{"@type":"ListItem","position":2,"name":"Cours de cuisine","item":"https:\/\/www.saltpepper.fr\/cours-de-cuisine\/"},{"@type":"ListItem","position":3,"name":"28\/06 &#8211; 10h &#8211; Atelier Brunch Estival"}]},{"@type":"WebSite","@id":"https:\/\/www.saltpepper.fr\/#website","url":"https:\/\/www.saltpepper.fr\/","name":"Salt &amp; Pepper","description":"","publisher":{"@id":"https:\/\/www.saltpepper.fr\/#organization"},"potentialAction":[{"@type":"SearchAction","target":{"@type":"EntryPoint","urlTemplate":"https:\/\/www.saltpepper.fr\/?s={search_term_string}"},"query-input":{"@type":"PropertyValueSpecification","valueRequired":true,"valueName":"search_term_string"}}],"inLanguage":"en-US"},{"@type":"Organization","@id":"https:\/\/www.saltpepper.fr\/#organization","name":"Salt &amp; Pepper","url":"https:\/\/www.saltpepper.fr\/","logo":{"@type":"ImageObject","inLanguage":"en-US","@id":"https:\/\/www.saltpepper.fr\/#\/schema\/logo\/image\/","url":"https:\/\/www.saltpepper.fr\/wp-content\/uploads\/2025\/05\/SALTPEPPER_logotype_cuivre_sans_baseline.svg","contentUrl":"https:\/\/www.saltpepper.fr\/wp-content\/uploads\/2025\/05\/SALTPEPPER_logotype_cuivre_sans_baseline.svg","width":1,"height":1,"caption":"Salt & Pepper"},"image":{"@id":"https:\/\/www.saltpepper.fr\/#\/schema\/logo\/image\/"},"sameAs":["https:\/\/www.facebook.com\/saltandpepper.dijon\/","https:\/\/www.instagram.com\/saltpepper.dijon\/","https:\/\/www.linkedin.com\/company\/salt-and-pepper-dijon\/"]}]}},"jetpack_sharing_enabled":true,"_links":{"self":[{"href":"https:\/\/www.saltpepper.fr\/en\/wp-json\/wp\/v2\/product\/3058","targetHints":{"allow":["GET"]}}],"collection":[{"href":"https:\/\/www.saltpepper.fr\/en\/wp-json\/wp\/v2\/product"}],"about":[{"href":"https:\/\/www.saltpepper.fr\/en\/wp-json\/wp\/v2\/types\/product"}],"wp:featuredmedia":[{"embeddable":true,"href":"https:\/\/www.saltpepper.fr\/en\/wp-json\/wp\/v2\/media\/2623"}],"wp:attachment":[{"href":"https:\/\/www.saltpepper.fr\/en\/wp-json\/wp\/v2\/media?parent=3058"}],"wp:term":[{"taxonomy":"duree","embeddable":true,"href":"https:\/\/www.saltpepper.fr\/en\/wp-json\/wp\/v2\/duree?post=3058"},{"taxonomy":"nom-de-cours","embeddable":true,"href":"https:\/\/www.saltpepper.fr\/en\/wp-json\/wp\/v2\/nom-de-cours?post=3058"},{"taxonomy":"thematique","embeddable":true,"href":"https:\/\/www.saltpepper.fr\/en\/wp-json\/wp\/v2\/thematique?post=3058"},{"taxonomy":"product_brand","embeddable":true,"href":"https:\/\/www.saltpepper.fr\/en\/wp-json\/wp\/v2\/product_brand?post=3058"},{"taxonomy":"product_cat","embeddable":true,"href":"https:\/\/www.saltpepper.fr\/en\/wp-json\/wp\/v2\/product_cat?post=3058"},{"taxonomy":"product_tag","embeddable":true,"href":"https:\/\/www.saltpepper.fr\/en\/wp-json\/wp\/v2\/product_tag?post=3058"}],"curies":[{"name":"wp","href":"https:\/\/api.w.org\/{rel}","templated":true}]}}