{"id":3056,"date":"2026-03-13T10:48:46","date_gmt":"2026-03-13T09:48:46","guid":{"rendered":"https:\/\/www.saltpepper.fr\/?post_type=product&#038;p=3056"},"modified":"2026-05-06T11:47:34","modified_gmt":"2026-05-06T09:47:34","slug":"27-06-14h-atelier-coreen-galbijjim-%ea%b0%88%eb%b9%84%ec%b0%9c","status":"publish","type":"product","link":"https:\/\/www.saltpepper.fr\/en\/produit\/27-06-14h-atelier-coreen-galbijjim-%ea%b0%88%eb%b9%84%ec%b0%9c\/","title":{"rendered":"27\/06 &#8211; 14h &#8211; Atelier Cor\u00e9en : Galbijjim (\uac08\ube44\ucc1c)"},"content":{"rendered":"<div class=\"flex flex-col text-sm pb-25\">\n<article class=\"text-token-text-primary w-full focus:outline-none [--shadow-height:45px] has-data-writing-block:pointer-events-none has-data-writing-block:-mt-(--shadow-height) has-data-writing-block:pt-(--shadow-height) [&amp;:has([data-writing-block])&gt;*]:pointer-events-auto scroll-mt-[calc(var(--header-height)+min(200px,max(70px,20svh)))]\" dir=\"auto\" tabindex=\"-1\" data-turn-id=\"8c8bddca-fd74-4d1c-b4f1-531651263f4c\" data-testid=\"conversation-turn-52\" data-scroll-anchor=\"true\" data-turn=\"assistant\">\n<div class=\"text-base my-auto mx-auto pb-10 [--thread-content-margin:--spacing(4)] @w-sm\/main:[--thread-content-margin:--spacing(6)] @w-lg\/main:[--thread-content-margin:--spacing(16)] px-(--thread-content-margin)\">\n<div class=\"[--thread-content-max-width:40rem] @w-lg\/main:[--thread-content-max-width:48rem] mx-auto max-w-(--thread-content-max-width) flex-1 group\/turn-messages focus-visible:outline-hidden relative flex w-full min-w-0 flex-col agent-turn\" tabindex=\"-1\">\n<div class=\"flex max-w-full flex-col grow\">\n<div class=\"min-h-8 text-message relative flex w-full flex-col items-end gap-2 text-start break-words whitespace-normal [.text-message+&amp;]:mt-1\" dir=\"auto\" data-message-author-role=\"assistant\" data-message-id=\"9dc6dd62-6b03-4013-bb79-04d170917392\" data-message-model-slug=\"gpt-5-2\">\n<div class=\"flex w-full flex-col gap-1 empty:hidden first:pt-[1px]\">\n<div class=\"markdown prose dark:prose-invert w-full wrap-break-word dark markdown-new-styling\">\n<p data-start=\"392\" data-end=\"622\">Lors de cet atelier, vous apprendrez \u00e0 ma\u00eetriser les techniques essentielles de ce plat traditionnel : pr\u00e9paration de la viande, construction d\u2019une sauce \u00e9quilibr\u00e9e et cuisson lente pour obtenir une texture fondante et savoureuse.<\/p>\n<p data-start=\"624\" data-end=\"805\">Vous d\u00e9couvrirez comment associer ingr\u00e9dients, aromates et assaisonnements typiques de la cuisine cor\u00e9enne afin d\u2019obtenir un plat g\u00e9n\u00e9reux, riche en umami et parfaitement \u00e9quilibr\u00e9.<\/p>\n<ul>\n<li data-start=\"1002\" data-end=\"1114\"><strong data-start=\"1002\" data-end=\"1033\">La pr\u00e9paration de la viande<\/strong> : s\u00e9lection, d\u00e9coupe et techniques pour obtenir une texture tendre et fondante<\/li>\n<li data-start=\"1002\" data-end=\"1114\"><strong data-start=\"1117\" data-end=\"1148\">La construction de la sauce<\/strong> : \u00e9quilibre entre salinit\u00e9, douceur, aromates et profondeur<\/li>\n<li data-start=\"1002\" data-end=\"1114\"><strong data-start=\"1213\" data-end=\"1240\">La ma\u00eetrise du mijotage<\/strong> : cuisson lente pour concentrer les saveurs et sublimer la viande<\/li>\n<\/ul>\n<\/div>\n<\/div>\n<\/div>\n<\/div>\n<div class=\"mt-3 w-full empty:hidden\"><\/div>\n<\/div>\n<\/div>\n<\/article>\n<\/div>\n","protected":false},"excerpt":{"rendered":"<p data-start=\"105\" data-end=\"346\">Discover one of the most iconic dishes of Korean cuisine: Galbijjim, a stew made with beef short ribs slowly simmered in a rich, aromatic sauce. Enjoyed at festive meals and special occasions, this dish perfectly illustrates the balance and depth of Korean flavors.<\/p>\n<p data-start=\"348\" data-end=\"580\">","protected":false},"featured_media":3057,"template":"","meta":{"_acf_changed":false},"duree":[31],"nom-de-cours":[115],"thematique":[63],"product_brand":[],"product_cat":[68],"product_tag":[],"class_list":{"0":"post-3056","1":"product","2":"type-product","3":"status-publish","4":"has-post-thumbnail","6":"duree-2h","7":"nom-de-cours-atelier-coreen-galbijjim-","8":"thematique-cuisine-du-monde","9":"product_cat-cuisine","11":"first","12":"instock","13":"virtual","14":"taxable","15":"purchasable","16":"product-type-simple"},"acf":[],"yoast_head":"<!-- This site is optimized with the Yoast SEO plugin v27.5 - https:\/\/yoast.com\/product\/yoast-seo-wordpress\/ -->\n<title>27\/06 - 14h - Atelier Cor\u00e9en : Galbijjim (\uac08\ube44\ucc1c) - Salt &amp; Pepper<\/title>\n<meta name=\"robots\" content=\"noindex, follow\" \/>\n<meta property=\"og:locale\" content=\"en_US\" \/>\n<meta property=\"og:type\" content=\"article\" \/>\n<meta property=\"og:title\" content=\"27\/06 - 14h - Atelier Cor\u00e9en : Galbijjim (\uac08\ube44\ucc1c) - Salt &amp; Pepper\" \/>\n<meta property=\"og:description\" content=\"D\u00e9couvrez l\u2019un des plats les plus embl\u00e9matiques de la cuisine cor\u00e9enne : le Galbijjim, un rago\u00fbt de c\u00f4tes de b\u0153uf mijot\u00e9es lentement dans une sauce riche et parfum\u00e9e. Appr\u00e9ci\u00e9 lors des repas de f\u00eate et des grandes occasions, ce plat illustre parfaitement l\u2019\u00e9quilibre et la profondeur des saveurs cor\u00e9ennes.\" \/>\n<meta property=\"og:url\" content=\"https:\/\/www.saltpepper.fr\/en\/product\/27-06-14h-atelier-coreen-galbijjim-\uac08\ube44\ucc1c\/\" \/>\n<meta property=\"og:site_name\" content=\"Salt &amp; Pepper\" \/>\n<meta property=\"article:publisher\" content=\"https:\/\/www.facebook.com\/saltandpepper.dijon\/\" \/>\n<meta property=\"article:modified_time\" content=\"2026-05-06T09:47:34+00:00\" \/>\n<meta property=\"og:image\" content=\"https:\/\/www.saltpepper.fr\/wp-content\/uploads\/2026\/03\/Galbijjim-\uac08\ube44\ucc1c-1024x683.png\" \/>\n\t<meta property=\"og:image:width\" content=\"1024\" \/>\n\t<meta property=\"og:image:height\" content=\"683\" \/>\n\t<meta property=\"og:image:type\" content=\"image\/png\" \/>\n<meta name=\"twitter:card\" content=\"summary_large_image\" \/>\n<meta name=\"twitter:label1\" content=\"Est. reading time\" \/>\n\t<meta name=\"twitter:data1\" content=\"1 minute\" \/>\n<script type=\"application\/ld+json\" class=\"yoast-schema-graph\">{\"@context\":\"https:\\\/\\\/schema.org\",\"@graph\":[{\"@type\":\"WebPage\",\"@id\":\"https:\\\/\\\/www.saltpepper.fr\\\/produit\\\/27-06-14h-atelier-coreen-galbijjim-%ea%b0%88%eb%b9%84%ec%b0%9c\\\/\",\"url\":\"https:\\\/\\\/www.saltpepper.fr\\\/produit\\\/27-06-14h-atelier-coreen-galbijjim-%ea%b0%88%eb%b9%84%ec%b0%9c\\\/\",\"name\":\"27\\\/06 - 14h - Atelier Cor\u00e9en : Galbijjim (\uac08\ube44\ucc1c) - Salt &amp; Pepper\",\"isPartOf\":{\"@id\":\"https:\\\/\\\/www.saltpepper.fr\\\/#website\"},\"primaryImageOfPage\":{\"@id\":\"https:\\\/\\\/www.saltpepper.fr\\\/produit\\\/27-06-14h-atelier-coreen-galbijjim-%ea%b0%88%eb%b9%84%ec%b0%9c\\\/#primaryimage\"},\"image\":{\"@id\":\"https:\\\/\\\/www.saltpepper.fr\\\/produit\\\/27-06-14h-atelier-coreen-galbijjim-%ea%b0%88%eb%b9%84%ec%b0%9c\\\/#primaryimage\"},\"thumbnailUrl\":\"https:\\\/\\\/www.saltpepper.fr\\\/wp-content\\\/uploads\\\/2026\\\/03\\\/Galbijjim-\uac08\ube44\ucc1c.png\",\"datePublished\":\"2026-03-13T09:48:46+00:00\",\"dateModified\":\"2026-05-06T09:47:34+00:00\",\"breadcrumb\":{\"@id\":\"https:\\\/\\\/www.saltpepper.fr\\\/produit\\\/27-06-14h-atelier-coreen-galbijjim-%ea%b0%88%eb%b9%84%ec%b0%9c\\\/#breadcrumb\"},\"inLanguage\":\"en-US\",\"potentialAction\":[{\"@type\":\"ReadAction\",\"target\":[\"https:\\\/\\\/www.saltpepper.fr\\\/produit\\\/27-06-14h-atelier-coreen-galbijjim-%ea%b0%88%eb%b9%84%ec%b0%9c\\\/\"]}]},{\"@type\":\"ImageObject\",\"inLanguage\":\"en-US\",\"@id\":\"https:\\\/\\\/www.saltpepper.fr\\\/produit\\\/27-06-14h-atelier-coreen-galbijjim-%ea%b0%88%eb%b9%84%ec%b0%9c\\\/#primaryimage\",\"url\":\"https:\\\/\\\/www.saltpepper.fr\\\/wp-content\\\/uploads\\\/2026\\\/03\\\/Galbijjim-\uac08\ube44\ucc1c.png\",\"contentUrl\":\"https:\\\/\\\/www.saltpepper.fr\\\/wp-content\\\/uploads\\\/2026\\\/03\\\/Galbijjim-\uac08\ube44\ucc1c.png\",\"width\":1536,\"height\":1024,\"caption\":\"Atelier cuisine Galbijjim : c\u00f4tes de boeuf, l\u00e9gumes, riz, kimchi et citron en plat de partage pour team building.\"},{\"@type\":\"BreadcrumbList\",\"@id\":\"https:\\\/\\\/www.saltpepper.fr\\\/produit\\\/27-06-14h-atelier-coreen-galbijjim-%ea%b0%88%eb%b9%84%ec%b0%9c\\\/#breadcrumb\",\"itemListElement\":[{\"@type\":\"ListItem\",\"position\":1,\"name\":\"Accueil\",\"item\":\"https:\\\/\\\/www.saltpepper.fr\\\/\"},{\"@type\":\"ListItem\",\"position\":2,\"name\":\"Cours de cuisine\",\"item\":\"https:\\\/\\\/www.saltpepper.fr\\\/cours-de-cuisine\\\/\"},{\"@type\":\"ListItem\",\"position\":3,\"name\":\"27\\\/06 &#8211; 14h &#8211; Atelier Cor\u00e9en : Galbijjim (\uac08\ube44\ucc1c)\"}]},{\"@type\":\"WebSite\",\"@id\":\"https:\\\/\\\/www.saltpepper.fr\\\/#website\",\"url\":\"https:\\\/\\\/www.saltpepper.fr\\\/\",\"name\":\"Salt & Pepper\",\"description\":\"\",\"publisher\":{\"@id\":\"https:\\\/\\\/www.saltpepper.fr\\\/#organization\"},\"potentialAction\":[{\"@type\":\"SearchAction\",\"target\":{\"@type\":\"EntryPoint\",\"urlTemplate\":\"https:\\\/\\\/www.saltpepper.fr\\\/?s={search_term_string}\"},\"query-input\":{\"@type\":\"PropertyValueSpecification\",\"valueRequired\":true,\"valueName\":\"search_term_string\"}}],\"inLanguage\":\"en-US\"},{\"@type\":\"Organization\",\"@id\":\"https:\\\/\\\/www.saltpepper.fr\\\/#organization\",\"name\":\"Salt & Pepper\",\"url\":\"https:\\\/\\\/www.saltpepper.fr\\\/\",\"logo\":{\"@type\":\"ImageObject\",\"inLanguage\":\"en-US\",\"@id\":\"https:\\\/\\\/www.saltpepper.fr\\\/#\\\/schema\\\/logo\\\/image\\\/\",\"url\":\"https:\\\/\\\/www.saltpepper.fr\\\/wp-content\\\/uploads\\\/2025\\\/05\\\/SALTPEPPER_logotype_cuivre_sans_baseline.svg\",\"contentUrl\":\"https:\\\/\\\/www.saltpepper.fr\\\/wp-content\\\/uploads\\\/2025\\\/05\\\/SALTPEPPER_logotype_cuivre_sans_baseline.svg\",\"width\":1,\"height\":1,\"caption\":\"Salt & Pepper\"},\"image\":{\"@id\":\"https:\\\/\\\/www.saltpepper.fr\\\/#\\\/schema\\\/logo\\\/image\\\/\"},\"sameAs\":[\"https:\\\/\\\/www.facebook.com\\\/saltandpepper.dijon\\\/\",\"https:\\\/\\\/www.instagram.com\\\/saltpepper.dijon\\\/\",\"https:\\\/\\\/www.linkedin.com\\\/company\\\/salt-and-pepper-dijon\\\/\"]}]}<\/script>\n<!-- \/ Yoast SEO plugin. -->","yoast_head_json":{"title":"27\/06 - 14h - Atelier Cor\u00e9en : Galbijjim (\uac08\ube44\ucc1c) - Salt &amp; Pepper","robots":{"index":"noindex","follow":"follow"},"og_locale":"en_US","og_type":"article","og_title":"27\/06 - 14h - Atelier Cor\u00e9en : Galbijjim (\uac08\ube44\ucc1c) - Salt &amp; Pepper","og_description":"D\u00e9couvrez l\u2019un des plats les plus embl\u00e9matiques de la cuisine cor\u00e9enne : le Galbijjim, un rago\u00fbt de c\u00f4tes de b\u0153uf mijot\u00e9es lentement dans une sauce riche et parfum\u00e9e. Appr\u00e9ci\u00e9 lors des repas de f\u00eate et des grandes occasions, ce plat illustre parfaitement l\u2019\u00e9quilibre et la profondeur des saveurs cor\u00e9ennes.","og_url":"https:\/\/www.saltpepper.fr\/en\/product\/27-06-14h-atelier-coreen-galbijjim-\uac08\ube44\ucc1c\/","og_site_name":"Salt &amp; Pepper","article_publisher":"https:\/\/www.facebook.com\/saltandpepper.dijon\/","article_modified_time":"2026-05-06T09:47:34+00:00","og_image":[{"width":1024,"height":683,"url":"https:\/\/www.saltpepper.fr\/wp-content\/uploads\/2026\/03\/Galbijjim-\uac08\ube44\ucc1c-1024x683.png","type":"image\/png"}],"twitter_card":"summary_large_image","twitter_misc":{"Est. reading time":"1 minute"},"schema":{"@context":"https:\/\/schema.org","@graph":[{"@type":"WebPage","@id":"https:\/\/www.saltpepper.fr\/produit\/27-06-14h-atelier-coreen-galbijjim-%ea%b0%88%eb%b9%84%ec%b0%9c\/","url":"https:\/\/www.saltpepper.fr\/produit\/27-06-14h-atelier-coreen-galbijjim-%ea%b0%88%eb%b9%84%ec%b0%9c\/","name":"27\/06 - 14h - Atelier Cor\u00e9en : Galbijjim (\uac08\ube44\ucc1c) - Salt &amp; Pepper","isPartOf":{"@id":"https:\/\/www.saltpepper.fr\/#website"},"primaryImageOfPage":{"@id":"https:\/\/www.saltpepper.fr\/produit\/27-06-14h-atelier-coreen-galbijjim-%ea%b0%88%eb%b9%84%ec%b0%9c\/#primaryimage"},"image":{"@id":"https:\/\/www.saltpepper.fr\/produit\/27-06-14h-atelier-coreen-galbijjim-%ea%b0%88%eb%b9%84%ec%b0%9c\/#primaryimage"},"thumbnailUrl":"https:\/\/www.saltpepper.fr\/wp-content\/uploads\/2026\/03\/Galbijjim-\uac08\ube44\ucc1c.png","datePublished":"2026-03-13T09:48:46+00:00","dateModified":"2026-05-06T09:47:34+00:00","breadcrumb":{"@id":"https:\/\/www.saltpepper.fr\/produit\/27-06-14h-atelier-coreen-galbijjim-%ea%b0%88%eb%b9%84%ec%b0%9c\/#breadcrumb"},"inLanguage":"en-US","potentialAction":[{"@type":"ReadAction","target":["https:\/\/www.saltpepper.fr\/produit\/27-06-14h-atelier-coreen-galbijjim-%ea%b0%88%eb%b9%84%ec%b0%9c\/"]}]},{"@type":"ImageObject","inLanguage":"en-US","@id":"https:\/\/www.saltpepper.fr\/produit\/27-06-14h-atelier-coreen-galbijjim-%ea%b0%88%eb%b9%84%ec%b0%9c\/#primaryimage","url":"https:\/\/www.saltpepper.fr\/wp-content\/uploads\/2026\/03\/Galbijjim-\uac08\ube44\ucc1c.png","contentUrl":"https:\/\/www.saltpepper.fr\/wp-content\/uploads\/2026\/03\/Galbijjim-\uac08\ube44\ucc1c.png","width":1536,"height":1024,"caption":"Atelier cuisine Galbijjim : c\u00f4tes de boeuf, l\u00e9gumes, riz, kimchi et citron en plat de partage pour team building."},{"@type":"BreadcrumbList","@id":"https:\/\/www.saltpepper.fr\/produit\/27-06-14h-atelier-coreen-galbijjim-%ea%b0%88%eb%b9%84%ec%b0%9c\/#breadcrumb","itemListElement":[{"@type":"ListItem","position":1,"name":"Accueil","item":"https:\/\/www.saltpepper.fr\/"},{"@type":"ListItem","position":2,"name":"Cours de cuisine","item":"https:\/\/www.saltpepper.fr\/cours-de-cuisine\/"},{"@type":"ListItem","position":3,"name":"27\/06 &#8211; 14h &#8211; Atelier Cor\u00e9en : Galbijjim (\uac08\ube44\ucc1c)"}]},{"@type":"WebSite","@id":"https:\/\/www.saltpepper.fr\/#website","url":"https:\/\/www.saltpepper.fr\/","name":"Salt &amp; Pepper","description":"","publisher":{"@id":"https:\/\/www.saltpepper.fr\/#organization"},"potentialAction":[{"@type":"SearchAction","target":{"@type":"EntryPoint","urlTemplate":"https:\/\/www.saltpepper.fr\/?s={search_term_string}"},"query-input":{"@type":"PropertyValueSpecification","valueRequired":true,"valueName":"search_term_string"}}],"inLanguage":"en-US"},{"@type":"Organization","@id":"https:\/\/www.saltpepper.fr\/#organization","name":"Salt &amp; Pepper","url":"https:\/\/www.saltpepper.fr\/","logo":{"@type":"ImageObject","inLanguage":"en-US","@id":"https:\/\/www.saltpepper.fr\/#\/schema\/logo\/image\/","url":"https:\/\/www.saltpepper.fr\/wp-content\/uploads\/2025\/05\/SALTPEPPER_logotype_cuivre_sans_baseline.svg","contentUrl":"https:\/\/www.saltpepper.fr\/wp-content\/uploads\/2025\/05\/SALTPEPPER_logotype_cuivre_sans_baseline.svg","width":1,"height":1,"caption":"Salt & Pepper"},"image":{"@id":"https:\/\/www.saltpepper.fr\/#\/schema\/logo\/image\/"},"sameAs":["https:\/\/www.facebook.com\/saltandpepper.dijon\/","https:\/\/www.instagram.com\/saltpepper.dijon\/","https:\/\/www.linkedin.com\/company\/salt-and-pepper-dijon\/"]}]}},"jetpack_sharing_enabled":true,"_links":{"self":[{"href":"https:\/\/www.saltpepper.fr\/en\/wp-json\/wp\/v2\/product\/3056","targetHints":{"allow":["GET"]}}],"collection":[{"href":"https:\/\/www.saltpepper.fr\/en\/wp-json\/wp\/v2\/product"}],"about":[{"href":"https:\/\/www.saltpepper.fr\/en\/wp-json\/wp\/v2\/types\/product"}],"wp:featuredmedia":[{"embeddable":true,"href":"https:\/\/www.saltpepper.fr\/en\/wp-json\/wp\/v2\/media\/3057"}],"wp:attachment":[{"href":"https:\/\/www.saltpepper.fr\/en\/wp-json\/wp\/v2\/media?parent=3056"}],"wp:term":[{"taxonomy":"duree","embeddable":true,"href":"https:\/\/www.saltpepper.fr\/en\/wp-json\/wp\/v2\/duree?post=3056"},{"taxonomy":"nom-de-cours","embeddable":true,"href":"https:\/\/www.saltpepper.fr\/en\/wp-json\/wp\/v2\/nom-de-cours?post=3056"},{"taxonomy":"thematique","embeddable":true,"href":"https:\/\/www.saltpepper.fr\/en\/wp-json\/wp\/v2\/thematique?post=3056"},{"taxonomy":"product_brand","embeddable":true,"href":"https:\/\/www.saltpepper.fr\/en\/wp-json\/wp\/v2\/product_brand?post=3056"},{"taxonomy":"product_cat","embeddable":true,"href":"https:\/\/www.saltpepper.fr\/en\/wp-json\/wp\/v2\/product_cat?post=3056"},{"taxonomy":"product_tag","embeddable":true,"href":"https:\/\/www.saltpepper.fr\/en\/wp-json\/wp\/v2\/product_tag?post=3056"}],"curies":[{"name":"wp","href":"https:\/\/api.w.org\/{rel}","templated":true}]}}