{"id":3053,"date":"2026-03-13T10:30:09","date_gmt":"2026-03-13T09:30:09","guid":{"rendered":"https:\/\/www.saltpepper.fr\/?post_type=product&#038;p=3053"},"modified":"2026-05-11T21:36:09","modified_gmt":"2026-05-11T19:36:09","slug":"23-06-18h-atelier-technique-special-pasta","status":"publish","type":"product","link":"https:\/\/www.saltpepper.fr\/en\/produit\/23-06-18h-atelier-technique-special-pasta\/","title":{"rendered":"23\/06 &#8211; 18h &#8211; Atelier Technique Sp\u00e9cial Pasta"},"content":{"rendered":"<div class=\"re-c-1rb9ga1\">\n<div class=\"re-c-1rb9ga1\">\n<div class=\"re-c-1rb9ga1\">\n<div class=\"re-c-1rb9ga1\">\n<p data-start=\"67\" data-end=\"460\">Immerse yourself in Italian tradition by learning how to make fresh homemade pasta in all its forms: tagliatelle, ravioli, gnocchi, and more. You\u2019ll discover the essential techniques for kneading, shaping, and stuffing your pasta, as well as pairing it with authentic, flavorful sauces. A delicious, fun, and 100% Italian workshop!<\/p>\n<\/div>\n<div class=\"re-c-1rb9ga1\">\n<ul>\n<li data-start=\"504\" data-end=\"593\"><strong data-start=\"504\" data-end=\"554\">Apprendre \u00e0 pr\u00e9parer des p\u00e2tes fra\u00eeches maison<\/strong> : p\u00e2tes longues, courtes ou farcies.<\/li>\n<li data-start=\"504\" data-end=\"593\"><strong data-start=\"597\" data-end=\"654\">Ma\u00eetriser les cuissons et techniques d\u2019accompagnement<\/strong> : sauces, farces et assaisonnements.<\/li>\n<li data-start=\"504\" data-end=\"593\"><strong data-start=\"697\" data-end=\"747\">Composer un plat de pasta complet et \u00e9quilibr\u00e9<\/strong>, alliant texture parfaite et saveurs italiennes.<\/li>\n<\/ul>\n<\/div>\n<\/div>\n<div class=\"re-c-1rb9ga1\">\n<div class=\"re-c-1rb9ga1\"><\/div>\n<\/div>\n<\/div>\n<\/div>\n<div class=\"re-c-1rb9ga1\">\n<div class=\"re-c-1rb9ga1\">\n<div class=\"re-c-1rb9ga1\"><\/div>\n<\/div>\n<\/div>","protected":false},"excerpt":{"rendered":"<div class=\"re-c-1rb9ga1\">\n<p data-start=\"67\" data-end=\"460\">Immerse yourself in Italian tradition by learning how to make fresh homemade pasta in all its forms: tagliatelle, ravioli, gnocchi, and more. You\u2019ll discover the essential techniques for kneading, shaping, and stuffing your pasta, as well as pairing it with authentic, flavorful sauces. A delicious, fun, and 100% Italian workshop!<\/p>\n<\/div>\n<p data-start=\"67\" data-end=\"460\">","protected":false},"featured_media":2478,"template":"","meta":{"_acf_changed":false},"duree":[31],"nom-de-cours":[59],"thematique":[65],"product_brand":[],"product_cat":[69],"product_tag":[],"class_list":{"0":"post-3053","1":"product","2":"type-product","3":"status-publish","4":"has-post-thumbnail","6":"duree-2h","7":"nom-de-cours-atelier-technique-special-pasta","8":"thematique-cuisine-italienne","9":"product_cat-atelier-technique","11":"first","12":"outofstock","13":"virtual","14":"taxable","15":"purchasable","16":"product-type-simple"},"acf":[],"yoast_head":"<!-- This site is optimized with the Yoast SEO plugin v27.5 - https:\/\/yoast.com\/product\/yoast-seo-wordpress\/ -->\n<title>23\/06 - 18h - Atelier Technique Sp\u00e9cial Pasta - Salt &amp; Pepper<\/title>\n<meta name=\"robots\" content=\"noindex, follow\" \/>\n<meta property=\"og:locale\" content=\"en_US\" \/>\n<meta property=\"og:type\" content=\"article\" \/>\n<meta property=\"og:title\" content=\"23\/06 - 18h - Atelier Technique Sp\u00e9cial Pasta - Salt &amp; Pepper\" \/>\n<meta property=\"og:description\" content=\"Plongez au c\u0153ur de la tradition italienne en apprenant \u00e0 r\u00e9aliser des p\u00e2tes fra\u00eeches maison sous toutes leurs formes : tagliatelles, raviolis, gnocchis et plus encore. Vous d\u00e9couvrirez les techniques essentielles pour p\u00e9trir, fa\u00e7onner, farcir et accompagner vos pasta avec des sauces authentiques et savoureuses. Un atelier gourmand, convivial et 100 % italiano !\" \/>\n<meta property=\"og:url\" content=\"https:\/\/www.saltpepper.fr\/en\/product\/23-06-18h-atelier-technique-special-pasta\/\" \/>\n<meta property=\"og:site_name\" content=\"Salt &amp; Pepper\" \/>\n<meta property=\"article:publisher\" content=\"https:\/\/www.facebook.com\/saltandpepper.dijon\/\" \/>\n<meta property=\"article:modified_time\" content=\"2026-05-11T19:36:09+00:00\" \/>\n<meta property=\"og:image\" content=\"https:\/\/www.saltpepper.fr\/wp-content\/uploads\/2026\/02\/ChatGPT-Image-3-fevr.-2026-a-16_28_44-1024x683.png\" \/>\n\t<meta property=\"og:image:width\" content=\"1024\" \/>\n\t<meta property=\"og:image:height\" content=\"683\" \/>\n\t<meta property=\"og:image:type\" content=\"image\/png\" \/>\n<meta name=\"twitter:card\" content=\"summary_large_image\" \/>\n<meta name=\"twitter:label1\" content=\"Est. reading time\" \/>\n\t<meta name=\"twitter:data1\" content=\"1 minute\" \/>\n<script type=\"application\/ld+json\" class=\"yoast-schema-graph\">{\"@context\":\"https:\\\/\\\/schema.org\",\"@graph\":[{\"@type\":\"WebPage\",\"@id\":\"https:\\\/\\\/www.saltpepper.fr\\\/produit\\\/23-06-18h-atelier-technique-special-pasta\\\/\",\"url\":\"https:\\\/\\\/www.saltpepper.fr\\\/produit\\\/23-06-18h-atelier-technique-special-pasta\\\/\",\"name\":\"23\\\/06 - 18h - Atelier Technique Sp\u00e9cial Pasta - Salt &amp; Pepper\",\"isPartOf\":{\"@id\":\"https:\\\/\\\/www.saltpepper.fr\\\/#website\"},\"primaryImageOfPage\":{\"@id\":\"https:\\\/\\\/www.saltpepper.fr\\\/produit\\\/23-06-18h-atelier-technique-special-pasta\\\/#primaryimage\"},\"image\":{\"@id\":\"https:\\\/\\\/www.saltpepper.fr\\\/produit\\\/23-06-18h-atelier-technique-special-pasta\\\/#primaryimage\"},\"thumbnailUrl\":\"https:\\\/\\\/www.saltpepper.fr\\\/wp-content\\\/uploads\\\/2026\\\/02\\\/ChatGPT-Image-3-fevr.-2026-a-16_28_44.png\",\"datePublished\":\"2026-03-13T09:30:09+00:00\",\"dateModified\":\"2026-05-11T19:36:09+00:00\",\"breadcrumb\":{\"@id\":\"https:\\\/\\\/www.saltpepper.fr\\\/produit\\\/23-06-18h-atelier-technique-special-pasta\\\/#breadcrumb\"},\"inLanguage\":\"en-US\",\"potentialAction\":[{\"@type\":\"ReadAction\",\"target\":[\"https:\\\/\\\/www.saltpepper.fr\\\/produit\\\/23-06-18h-atelier-technique-special-pasta\\\/\"]}]},{\"@type\":\"ImageObject\",\"inLanguage\":\"en-US\",\"@id\":\"https:\\\/\\\/www.saltpepper.fr\\\/produit\\\/23-06-18h-atelier-technique-special-pasta\\\/#primaryimage\",\"url\":\"https:\\\/\\\/www.saltpepper.fr\\\/wp-content\\\/uploads\\\/2026\\\/02\\\/ChatGPT-Image-3-fevr.-2026-a-16_28_44.png\",\"contentUrl\":\"https:\\\/\\\/www.saltpepper.fr\\\/wp-content\\\/uploads\\\/2026\\\/02\\\/ChatGPT-Image-3-fevr.-2026-a-16_28_44.png\",\"width\":1536,\"height\":1024,\"caption\":\"Planche ardoise avec fettuccine, ravioli, basilic, \u0153ufs et farine sur bois pour atelier p\u00e2te fra\u00eeche \u00e0 Salt & Pepper Dijon.\"},{\"@type\":\"BreadcrumbList\",\"@id\":\"https:\\\/\\\/www.saltpepper.fr\\\/produit\\\/23-06-18h-atelier-technique-special-pasta\\\/#breadcrumb\",\"itemListElement\":[{\"@type\":\"ListItem\",\"position\":1,\"name\":\"Accueil\",\"item\":\"https:\\\/\\\/www.saltpepper.fr\\\/\"},{\"@type\":\"ListItem\",\"position\":2,\"name\":\"Cours de cuisine\",\"item\":\"https:\\\/\\\/www.saltpepper.fr\\\/cours-de-cuisine\\\/\"},{\"@type\":\"ListItem\",\"position\":3,\"name\":\"23\\\/06 &#8211; 18h &#8211; Atelier Technique Sp\u00e9cial Pasta\"}]},{\"@type\":\"WebSite\",\"@id\":\"https:\\\/\\\/www.saltpepper.fr\\\/#website\",\"url\":\"https:\\\/\\\/www.saltpepper.fr\\\/\",\"name\":\"Salt & Pepper\",\"description\":\"\",\"publisher\":{\"@id\":\"https:\\\/\\\/www.saltpepper.fr\\\/#organization\"},\"potentialAction\":[{\"@type\":\"SearchAction\",\"target\":{\"@type\":\"EntryPoint\",\"urlTemplate\":\"https:\\\/\\\/www.saltpepper.fr\\\/?s={search_term_string}\"},\"query-input\":{\"@type\":\"PropertyValueSpecification\",\"valueRequired\":true,\"valueName\":\"search_term_string\"}}],\"inLanguage\":\"en-US\"},{\"@type\":\"Organization\",\"@id\":\"https:\\\/\\\/www.saltpepper.fr\\\/#organization\",\"name\":\"Salt & Pepper\",\"url\":\"https:\\\/\\\/www.saltpepper.fr\\\/\",\"logo\":{\"@type\":\"ImageObject\",\"inLanguage\":\"en-US\",\"@id\":\"https:\\\/\\\/www.saltpepper.fr\\\/#\\\/schema\\\/logo\\\/image\\\/\",\"url\":\"https:\\\/\\\/www.saltpepper.fr\\\/wp-content\\\/uploads\\\/2025\\\/05\\\/SALTPEPPER_logotype_cuivre_sans_baseline.svg\",\"contentUrl\":\"https:\\\/\\\/www.saltpepper.fr\\\/wp-content\\\/uploads\\\/2025\\\/05\\\/SALTPEPPER_logotype_cuivre_sans_baseline.svg\",\"width\":1,\"height\":1,\"caption\":\"Salt & Pepper\"},\"image\":{\"@id\":\"https:\\\/\\\/www.saltpepper.fr\\\/#\\\/schema\\\/logo\\\/image\\\/\"},\"sameAs\":[\"https:\\\/\\\/www.facebook.com\\\/saltandpepper.dijon\\\/\",\"https:\\\/\\\/www.instagram.com\\\/saltpepper.dijon\\\/\",\"https:\\\/\\\/www.linkedin.com\\\/company\\\/salt-and-pepper-dijon\\\/\"]}]}<\/script>\n<!-- \/ Yoast SEO plugin. -->","yoast_head_json":{"title":"23\/06 - 18h - Atelier Technique Sp\u00e9cial Pasta - Salt &amp; Pepper","robots":{"index":"noindex","follow":"follow"},"og_locale":"en_US","og_type":"article","og_title":"23\/06 - 18h - Atelier Technique Sp\u00e9cial Pasta - Salt &amp; Pepper","og_description":"Plongez au c\u0153ur de la tradition italienne en apprenant \u00e0 r\u00e9aliser des p\u00e2tes fra\u00eeches maison sous toutes leurs formes : tagliatelles, raviolis, gnocchis et plus encore. Vous d\u00e9couvrirez les techniques essentielles pour p\u00e9trir, fa\u00e7onner, farcir et accompagner vos pasta avec des sauces authentiques et savoureuses. Un atelier gourmand, convivial et 100 % italiano !","og_url":"https:\/\/www.saltpepper.fr\/en\/product\/23-06-18h-atelier-technique-special-pasta\/","og_site_name":"Salt &amp; Pepper","article_publisher":"https:\/\/www.facebook.com\/saltandpepper.dijon\/","article_modified_time":"2026-05-11T19:36:09+00:00","og_image":[{"width":1024,"height":683,"url":"https:\/\/www.saltpepper.fr\/wp-content\/uploads\/2026\/02\/ChatGPT-Image-3-fevr.-2026-a-16_28_44-1024x683.png","type":"image\/png"}],"twitter_card":"summary_large_image","twitter_misc":{"Est. reading time":"1 minute"},"schema":{"@context":"https:\/\/schema.org","@graph":[{"@type":"WebPage","@id":"https:\/\/www.saltpepper.fr\/produit\/23-06-18h-atelier-technique-special-pasta\/","url":"https:\/\/www.saltpepper.fr\/produit\/23-06-18h-atelier-technique-special-pasta\/","name":"23\/06 - 18h - Atelier Technique Sp\u00e9cial Pasta - Salt &amp; Pepper","isPartOf":{"@id":"https:\/\/www.saltpepper.fr\/#website"},"primaryImageOfPage":{"@id":"https:\/\/www.saltpepper.fr\/produit\/23-06-18h-atelier-technique-special-pasta\/#primaryimage"},"image":{"@id":"https:\/\/www.saltpepper.fr\/produit\/23-06-18h-atelier-technique-special-pasta\/#primaryimage"},"thumbnailUrl":"https:\/\/www.saltpepper.fr\/wp-content\/uploads\/2026\/02\/ChatGPT-Image-3-fevr.-2026-a-16_28_44.png","datePublished":"2026-03-13T09:30:09+00:00","dateModified":"2026-05-11T19:36:09+00:00","breadcrumb":{"@id":"https:\/\/www.saltpepper.fr\/produit\/23-06-18h-atelier-technique-special-pasta\/#breadcrumb"},"inLanguage":"en-US","potentialAction":[{"@type":"ReadAction","target":["https:\/\/www.saltpepper.fr\/produit\/23-06-18h-atelier-technique-special-pasta\/"]}]},{"@type":"ImageObject","inLanguage":"en-US","@id":"https:\/\/www.saltpepper.fr\/produit\/23-06-18h-atelier-technique-special-pasta\/#primaryimage","url":"https:\/\/www.saltpepper.fr\/wp-content\/uploads\/2026\/02\/ChatGPT-Image-3-fevr.-2026-a-16_28_44.png","contentUrl":"https:\/\/www.saltpepper.fr\/wp-content\/uploads\/2026\/02\/ChatGPT-Image-3-fevr.-2026-a-16_28_44.png","width":1536,"height":1024,"caption":"Planche ardoise avec fettuccine, ravioli, basilic, \u0153ufs et farine sur bois pour atelier p\u00e2te fra\u00eeche \u00e0 Salt & Pepper Dijon."},{"@type":"BreadcrumbList","@id":"https:\/\/www.saltpepper.fr\/produit\/23-06-18h-atelier-technique-special-pasta\/#breadcrumb","itemListElement":[{"@type":"ListItem","position":1,"name":"Accueil","item":"https:\/\/www.saltpepper.fr\/"},{"@type":"ListItem","position":2,"name":"Cours de cuisine","item":"https:\/\/www.saltpepper.fr\/cours-de-cuisine\/"},{"@type":"ListItem","position":3,"name":"23\/06 &#8211; 18h &#8211; Atelier Technique Sp\u00e9cial Pasta"}]},{"@type":"WebSite","@id":"https:\/\/www.saltpepper.fr\/#website","url":"https:\/\/www.saltpepper.fr\/","name":"Salt &amp; Pepper","description":"","publisher":{"@id":"https:\/\/www.saltpepper.fr\/#organization"},"potentialAction":[{"@type":"SearchAction","target":{"@type":"EntryPoint","urlTemplate":"https:\/\/www.saltpepper.fr\/?s={search_term_string}"},"query-input":{"@type":"PropertyValueSpecification","valueRequired":true,"valueName":"search_term_string"}}],"inLanguage":"en-US"},{"@type":"Organization","@id":"https:\/\/www.saltpepper.fr\/#organization","name":"Salt &amp; Pepper","url":"https:\/\/www.saltpepper.fr\/","logo":{"@type":"ImageObject","inLanguage":"en-US","@id":"https:\/\/www.saltpepper.fr\/#\/schema\/logo\/image\/","url":"https:\/\/www.saltpepper.fr\/wp-content\/uploads\/2025\/05\/SALTPEPPER_logotype_cuivre_sans_baseline.svg","contentUrl":"https:\/\/www.saltpepper.fr\/wp-content\/uploads\/2025\/05\/SALTPEPPER_logotype_cuivre_sans_baseline.svg","width":1,"height":1,"caption":"Salt & Pepper"},"image":{"@id":"https:\/\/www.saltpepper.fr\/#\/schema\/logo\/image\/"},"sameAs":["https:\/\/www.facebook.com\/saltandpepper.dijon\/","https:\/\/www.instagram.com\/saltpepper.dijon\/","https:\/\/www.linkedin.com\/company\/salt-and-pepper-dijon\/"]}]}},"jetpack_sharing_enabled":true,"_links":{"self":[{"href":"https:\/\/www.saltpepper.fr\/en\/wp-json\/wp\/v2\/product\/3053","targetHints":{"allow":["GET"]}}],"collection":[{"href":"https:\/\/www.saltpepper.fr\/en\/wp-json\/wp\/v2\/product"}],"about":[{"href":"https:\/\/www.saltpepper.fr\/en\/wp-json\/wp\/v2\/types\/product"}],"wp:featuredmedia":[{"embeddable":true,"href":"https:\/\/www.saltpepper.fr\/en\/wp-json\/wp\/v2\/media\/2478"}],"wp:attachment":[{"href":"https:\/\/www.saltpepper.fr\/en\/wp-json\/wp\/v2\/media?parent=3053"}],"wp:term":[{"taxonomy":"duree","embeddable":true,"href":"https:\/\/www.saltpepper.fr\/en\/wp-json\/wp\/v2\/duree?post=3053"},{"taxonomy":"nom-de-cours","embeddable":true,"href":"https:\/\/www.saltpepper.fr\/en\/wp-json\/wp\/v2\/nom-de-cours?post=3053"},{"taxonomy":"thematique","embeddable":true,"href":"https:\/\/www.saltpepper.fr\/en\/wp-json\/wp\/v2\/thematique?post=3053"},{"taxonomy":"product_brand","embeddable":true,"href":"https:\/\/www.saltpepper.fr\/en\/wp-json\/wp\/v2\/product_brand?post=3053"},{"taxonomy":"product_cat","embeddable":true,"href":"https:\/\/www.saltpepper.fr\/en\/wp-json\/wp\/v2\/product_cat?post=3053"},{"taxonomy":"product_tag","embeddable":true,"href":"https:\/\/www.saltpepper.fr\/en\/wp-json\/wp\/v2\/product_tag?post=3053"}],"curies":[{"name":"wp","href":"https:\/\/api.w.org\/{rel}","templated":true}]}}