{"id":3051,"date":"2026-03-13T10:05:50","date_gmt":"2026-03-13T09:05:50","guid":{"rendered":"https:\/\/www.saltpepper.fr\/?post_type=product&#038;p=3051"},"modified":"2026-05-11T10:15:00","modified_gmt":"2026-05-11T08:15:00","slug":"16-06-18h-atelier-technique-special-makis","status":"publish","type":"product","link":"https:\/\/www.saltpepper.fr\/en\/produit\/16-06-18h-atelier-technique-special-makis\/","title":{"rendered":"16\/06 &#8211; 18h &#8211; Atelier Technique Sp\u00e9cial Makis"},"content":{"rendered":"<div class=\"re-c-1rb9ga1\">\n<div class=\"re-c-1rb9ga1\">\n<div class=\"re-c-1rb9ga1\">\n<div class=\"re-c-1rb9ga1\">\n<p data-start=\"195\" data-end=\"406\">Le maki est un incontournable de la cuisine japonaise, o\u00f9 pr\u00e9cision du geste, \u00e9quilibre des saveurs et ma\u00eetrise du riz sont essentiels. Derri\u00e8re son apparente simplicit\u00e9 se cache une vraie rigueur technique.<\/p>\n<p data-start=\"408\" data-end=\"616\">In this technical workshop, you will learn how to make neat, regular, and delicious maki rolls, understanding the essential basics for success every time and how to vary them according to your preferences.<\/p>\n<ul>\n<li data-start=\"408\" data-end=\"616\"><strong data-start=\"661\" data-end=\"687\">Le riz \u00e0 sushi parfait<\/strong> : cuisson, assaisonnement, texture et temp\u00e9rature id\u00e9ales<\/li>\n<li data-start=\"408\" data-end=\"616\"><strong data-start=\"750\" data-end=\"777\">La technique de roulage<\/strong> : choix de la feuille, quantit\u00e9 juste, serrage et d\u00e9coupe nette<\/li>\n<li data-start=\"408\" data-end=\"616\"><strong data-start=\"846\" data-end=\"876\">L\u2019\u00e9quilibre des garnitures<\/strong> : association des produits, coupe pr\u00e9cise, harmonie des go\u00fbts<\/li>\n<\/ul>\n<\/div>\n<\/div>\n<div class=\"re-c-1rb9ga1\">\n<div class=\"re-c-1rb9ga1\"><\/div>\n<\/div>\n<\/div>\n<\/div>\n<div class=\"re-c-1rb9ga1\">\n<div class=\"re-c-1rb9ga1\">\n<div class=\"re-c-1rb9ga1\"><\/div>\n<\/div>\n<\/div>","protected":false},"excerpt":{"rendered":"<div class=\"re-c-1rb9ga1\">\n<p data-start=\"408\" data-end=\"616\">In this technical workshop, you will learn how to make neat, regular, and delicious maki rolls, understanding the essential basics for success every time and how to vary them according to your preferences.<\/p>\n<\/div>\n<p data-start=\"67\" data-end=\"460\">","protected":false},"featured_media":2473,"template":"","meta":{"_acf_changed":false},"duree":[31],"nom-de-cours":[83],"thematique":[63],"product_brand":[],"product_cat":[69],"product_tag":[],"class_list":{"0":"post-3051","1":"product","2":"type-product","3":"status-publish","4":"has-post-thumbnail","6":"duree-2h","7":"nom-de-cours-atelier-technique-special-makis","8":"thematique-cuisine-du-monde","9":"product_cat-atelier-technique","11":"first","12":"instock","13":"virtual","14":"taxable","15":"purchasable","16":"product-type-simple"},"acf":[],"yoast_head":"<!-- This site is optimized with the Yoast SEO plugin v27.5 - https:\/\/yoast.com\/product\/yoast-seo-wordpress\/ -->\n<title>16\/06 - 18h - Atelier Technique Sp\u00e9cial Makis - Salt &amp; Pepper<\/title>\n<meta name=\"robots\" content=\"noindex, follow\" \/>\n<meta property=\"og:locale\" content=\"en_US\" \/>\n<meta property=\"og:type\" content=\"article\" \/>\n<meta property=\"og:title\" content=\"16\/06 - 18h - Atelier Technique Sp\u00e9cial Makis - Salt &amp; Pepper\" \/>\n<meta property=\"og:description\" content=\"Lors de cet atelier technique, vous apprendrez \u00e0 r\u00e9aliser des makis nets, r\u00e9guliers et savoureux, en comprenant les bases indispensables pour les r\u00e9ussir \u00e0 tous les coups et les d\u00e9cliner selon vos envies.\" \/>\n<meta property=\"og:url\" content=\"https:\/\/www.saltpepper.fr\/en\/product\/16-06-18h-atelier-technique-special-makis\/\" \/>\n<meta property=\"og:site_name\" content=\"Salt &amp; Pepper\" \/>\n<meta property=\"article:publisher\" content=\"https:\/\/www.facebook.com\/saltandpepper.dijon\/\" \/>\n<meta property=\"article:modified_time\" content=\"2026-05-11T08:15:00+00:00\" \/>\n<meta property=\"og:image\" content=\"https:\/\/www.saltpepper.fr\/wp-content\/uploads\/2026\/02\/ChatGPT-Image-3-fevr.-2026-a-15_53_09-1024x683.png\" \/>\n\t<meta property=\"og:image:width\" content=\"1024\" \/>\n\t<meta property=\"og:image:height\" content=\"683\" \/>\n\t<meta property=\"og:image:type\" content=\"image\/png\" \/>\n<meta name=\"twitter:card\" content=\"summary_large_image\" \/>\n<meta name=\"twitter:label1\" content=\"Est. reading time\" \/>\n\t<meta name=\"twitter:data1\" content=\"1 minute\" \/>\n<script type=\"application\/ld+json\" class=\"yoast-schema-graph\">{\"@context\":\"https:\\\/\\\/schema.org\",\"@graph\":[{\"@type\":\"WebPage\",\"@id\":\"https:\\\/\\\/www.saltpepper.fr\\\/produit\\\/16-06-18h-atelier-technique-special-makis\\\/\",\"url\":\"https:\\\/\\\/www.saltpepper.fr\\\/produit\\\/16-06-18h-atelier-technique-special-makis\\\/\",\"name\":\"16\\\/06 - 18h - Atelier Technique Sp\u00e9cial Makis - Salt &amp; Pepper\",\"isPartOf\":{\"@id\":\"https:\\\/\\\/www.saltpepper.fr\\\/#website\"},\"primaryImageOfPage\":{\"@id\":\"https:\\\/\\\/www.saltpepper.fr\\\/produit\\\/16-06-18h-atelier-technique-special-makis\\\/#primaryimage\"},\"image\":{\"@id\":\"https:\\\/\\\/www.saltpepper.fr\\\/produit\\\/16-06-18h-atelier-technique-special-makis\\\/#primaryimage\"},\"thumbnailUrl\":\"https:\\\/\\\/www.saltpepper.fr\\\/wp-content\\\/uploads\\\/2026\\\/02\\\/ChatGPT-Image-3-fevr.-2026-a-15_53_09.png\",\"datePublished\":\"2026-03-13T09:05:50+00:00\",\"dateModified\":\"2026-05-11T08:15:00+00:00\",\"breadcrumb\":{\"@id\":\"https:\\\/\\\/www.saltpepper.fr\\\/produit\\\/16-06-18h-atelier-technique-special-makis\\\/#breadcrumb\"},\"inLanguage\":\"en-US\",\"potentialAction\":[{\"@type\":\"ReadAction\",\"target\":[\"https:\\\/\\\/www.saltpepper.fr\\\/produit\\\/16-06-18h-atelier-technique-special-makis\\\/\"]}]},{\"@type\":\"ImageObject\",\"inLanguage\":\"en-US\",\"@id\":\"https:\\\/\\\/www.saltpepper.fr\\\/produit\\\/16-06-18h-atelier-technique-special-makis\\\/#primaryimage\",\"url\":\"https:\\\/\\\/www.saltpepper.fr\\\/wp-content\\\/uploads\\\/2026\\\/02\\\/ChatGPT-Image-3-fevr.-2026-a-15_53_09.png\",\"contentUrl\":\"https:\\\/\\\/www.saltpepper.fr\\\/wp-content\\\/uploads\\\/2026\\\/02\\\/ChatGPT-Image-3-fevr.-2026-a-15_53_09.png\",\"width\":1536,\"height\":1024,\"caption\":\"Maki et uramaki vari\u00e9s, gingembre marin\u00e9, wasabi, graines de s\u00e9same sur ardoise avec baguettes lors d'un team building.\"},{\"@type\":\"BreadcrumbList\",\"@id\":\"https:\\\/\\\/www.saltpepper.fr\\\/produit\\\/16-06-18h-atelier-technique-special-makis\\\/#breadcrumb\",\"itemListElement\":[{\"@type\":\"ListItem\",\"position\":1,\"name\":\"Accueil\",\"item\":\"https:\\\/\\\/www.saltpepper.fr\\\/\"},{\"@type\":\"ListItem\",\"position\":2,\"name\":\"Cours de cuisine\",\"item\":\"https:\\\/\\\/www.saltpepper.fr\\\/cours-de-cuisine\\\/\"},{\"@type\":\"ListItem\",\"position\":3,\"name\":\"16\\\/06 &#8211; 18h &#8211; Atelier Technique Sp\u00e9cial Makis\"}]},{\"@type\":\"WebSite\",\"@id\":\"https:\\\/\\\/www.saltpepper.fr\\\/#website\",\"url\":\"https:\\\/\\\/www.saltpepper.fr\\\/\",\"name\":\"Salt & Pepper\",\"description\":\"\",\"publisher\":{\"@id\":\"https:\\\/\\\/www.saltpepper.fr\\\/#organization\"},\"potentialAction\":[{\"@type\":\"SearchAction\",\"target\":{\"@type\":\"EntryPoint\",\"urlTemplate\":\"https:\\\/\\\/www.saltpepper.fr\\\/?s={search_term_string}\"},\"query-input\":{\"@type\":\"PropertyValueSpecification\",\"valueRequired\":true,\"valueName\":\"search_term_string\"}}],\"inLanguage\":\"en-US\"},{\"@type\":\"Organization\",\"@id\":\"https:\\\/\\\/www.saltpepper.fr\\\/#organization\",\"name\":\"Salt & Pepper\",\"url\":\"https:\\\/\\\/www.saltpepper.fr\\\/\",\"logo\":{\"@type\":\"ImageObject\",\"inLanguage\":\"en-US\",\"@id\":\"https:\\\/\\\/www.saltpepper.fr\\\/#\\\/schema\\\/logo\\\/image\\\/\",\"url\":\"https:\\\/\\\/www.saltpepper.fr\\\/wp-content\\\/uploads\\\/2025\\\/05\\\/SALTPEPPER_logotype_cuivre_sans_baseline.svg\",\"contentUrl\":\"https:\\\/\\\/www.saltpepper.fr\\\/wp-content\\\/uploads\\\/2025\\\/05\\\/SALTPEPPER_logotype_cuivre_sans_baseline.svg\",\"width\":1,\"height\":1,\"caption\":\"Salt & Pepper\"},\"image\":{\"@id\":\"https:\\\/\\\/www.saltpepper.fr\\\/#\\\/schema\\\/logo\\\/image\\\/\"},\"sameAs\":[\"https:\\\/\\\/www.facebook.com\\\/saltandpepper.dijon\\\/\",\"https:\\\/\\\/www.instagram.com\\\/saltpepper.dijon\\\/\",\"https:\\\/\\\/www.linkedin.com\\\/company\\\/salt-and-pepper-dijon\\\/\"]}]}<\/script>\n<!-- \/ Yoast SEO plugin. -->","yoast_head_json":{"title":"16\/06 - 18h - Atelier Technique Sp\u00e9cial Makis - Salt &amp; Pepper","robots":{"index":"noindex","follow":"follow"},"og_locale":"en_US","og_type":"article","og_title":"16\/06 - 18h - Atelier Technique Sp\u00e9cial Makis - Salt &amp; Pepper","og_description":"Lors de cet atelier technique, vous apprendrez \u00e0 r\u00e9aliser des makis nets, r\u00e9guliers et savoureux, en comprenant les bases indispensables pour les r\u00e9ussir \u00e0 tous les coups et les d\u00e9cliner selon vos envies.","og_url":"https:\/\/www.saltpepper.fr\/en\/product\/16-06-18h-atelier-technique-special-makis\/","og_site_name":"Salt &amp; Pepper","article_publisher":"https:\/\/www.facebook.com\/saltandpepper.dijon\/","article_modified_time":"2026-05-11T08:15:00+00:00","og_image":[{"width":1024,"height":683,"url":"https:\/\/www.saltpepper.fr\/wp-content\/uploads\/2026\/02\/ChatGPT-Image-3-fevr.-2026-a-15_53_09-1024x683.png","type":"image\/png"}],"twitter_card":"summary_large_image","twitter_misc":{"Est. reading time":"1 minute"},"schema":{"@context":"https:\/\/schema.org","@graph":[{"@type":"WebPage","@id":"https:\/\/www.saltpepper.fr\/produit\/16-06-18h-atelier-technique-special-makis\/","url":"https:\/\/www.saltpepper.fr\/produit\/16-06-18h-atelier-technique-special-makis\/","name":"16\/06 - 18h - Atelier Technique Sp\u00e9cial Makis - Salt &amp; Pepper","isPartOf":{"@id":"https:\/\/www.saltpepper.fr\/#website"},"primaryImageOfPage":{"@id":"https:\/\/www.saltpepper.fr\/produit\/16-06-18h-atelier-technique-special-makis\/#primaryimage"},"image":{"@id":"https:\/\/www.saltpepper.fr\/produit\/16-06-18h-atelier-technique-special-makis\/#primaryimage"},"thumbnailUrl":"https:\/\/www.saltpepper.fr\/wp-content\/uploads\/2026\/02\/ChatGPT-Image-3-fevr.-2026-a-15_53_09.png","datePublished":"2026-03-13T09:05:50+00:00","dateModified":"2026-05-11T08:15:00+00:00","breadcrumb":{"@id":"https:\/\/www.saltpepper.fr\/produit\/16-06-18h-atelier-technique-special-makis\/#breadcrumb"},"inLanguage":"en-US","potentialAction":[{"@type":"ReadAction","target":["https:\/\/www.saltpepper.fr\/produit\/16-06-18h-atelier-technique-special-makis\/"]}]},{"@type":"ImageObject","inLanguage":"en-US","@id":"https:\/\/www.saltpepper.fr\/produit\/16-06-18h-atelier-technique-special-makis\/#primaryimage","url":"https:\/\/www.saltpepper.fr\/wp-content\/uploads\/2026\/02\/ChatGPT-Image-3-fevr.-2026-a-15_53_09.png","contentUrl":"https:\/\/www.saltpepper.fr\/wp-content\/uploads\/2026\/02\/ChatGPT-Image-3-fevr.-2026-a-15_53_09.png","width":1536,"height":1024,"caption":"Maki et uramaki vari\u00e9s, gingembre marin\u00e9, wasabi, graines de s\u00e9same sur ardoise avec baguettes lors d'un team building."},{"@type":"BreadcrumbList","@id":"https:\/\/www.saltpepper.fr\/produit\/16-06-18h-atelier-technique-special-makis\/#breadcrumb","itemListElement":[{"@type":"ListItem","position":1,"name":"Accueil","item":"https:\/\/www.saltpepper.fr\/"},{"@type":"ListItem","position":2,"name":"Cours de cuisine","item":"https:\/\/www.saltpepper.fr\/cours-de-cuisine\/"},{"@type":"ListItem","position":3,"name":"16\/06 &#8211; 18h &#8211; Atelier Technique Sp\u00e9cial Makis"}]},{"@type":"WebSite","@id":"https:\/\/www.saltpepper.fr\/#website","url":"https:\/\/www.saltpepper.fr\/","name":"Salt &amp; Pepper","description":"","publisher":{"@id":"https:\/\/www.saltpepper.fr\/#organization"},"potentialAction":[{"@type":"SearchAction","target":{"@type":"EntryPoint","urlTemplate":"https:\/\/www.saltpepper.fr\/?s={search_term_string}"},"query-input":{"@type":"PropertyValueSpecification","valueRequired":true,"valueName":"search_term_string"}}],"inLanguage":"en-US"},{"@type":"Organization","@id":"https:\/\/www.saltpepper.fr\/#organization","name":"Salt &amp; Pepper","url":"https:\/\/www.saltpepper.fr\/","logo":{"@type":"ImageObject","inLanguage":"en-US","@id":"https:\/\/www.saltpepper.fr\/#\/schema\/logo\/image\/","url":"https:\/\/www.saltpepper.fr\/wp-content\/uploads\/2025\/05\/SALTPEPPER_logotype_cuivre_sans_baseline.svg","contentUrl":"https:\/\/www.saltpepper.fr\/wp-content\/uploads\/2025\/05\/SALTPEPPER_logotype_cuivre_sans_baseline.svg","width":1,"height":1,"caption":"Salt & Pepper"},"image":{"@id":"https:\/\/www.saltpepper.fr\/#\/schema\/logo\/image\/"},"sameAs":["https:\/\/www.facebook.com\/saltandpepper.dijon\/","https:\/\/www.instagram.com\/saltpepper.dijon\/","https:\/\/www.linkedin.com\/company\/salt-and-pepper-dijon\/"]}]}},"jetpack_sharing_enabled":true,"_links":{"self":[{"href":"https:\/\/www.saltpepper.fr\/en\/wp-json\/wp\/v2\/product\/3051","targetHints":{"allow":["GET"]}}],"collection":[{"href":"https:\/\/www.saltpepper.fr\/en\/wp-json\/wp\/v2\/product"}],"about":[{"href":"https:\/\/www.saltpepper.fr\/en\/wp-json\/wp\/v2\/types\/product"}],"wp:featuredmedia":[{"embeddable":true,"href":"https:\/\/www.saltpepper.fr\/en\/wp-json\/wp\/v2\/media\/2473"}],"wp:attachment":[{"href":"https:\/\/www.saltpepper.fr\/en\/wp-json\/wp\/v2\/media?parent=3051"}],"wp:term":[{"taxonomy":"duree","embeddable":true,"href":"https:\/\/www.saltpepper.fr\/en\/wp-json\/wp\/v2\/duree?post=3051"},{"taxonomy":"nom-de-cours","embeddable":true,"href":"https:\/\/www.saltpepper.fr\/en\/wp-json\/wp\/v2\/nom-de-cours?post=3051"},{"taxonomy":"thematique","embeddable":true,"href":"https:\/\/www.saltpepper.fr\/en\/wp-json\/wp\/v2\/thematique?post=3051"},{"taxonomy":"product_brand","embeddable":true,"href":"https:\/\/www.saltpepper.fr\/en\/wp-json\/wp\/v2\/product_brand?post=3051"},{"taxonomy":"product_cat","embeddable":true,"href":"https:\/\/www.saltpepper.fr\/en\/wp-json\/wp\/v2\/product_cat?post=3051"},{"taxonomy":"product_tag","embeddable":true,"href":"https:\/\/www.saltpepper.fr\/en\/wp-json\/wp\/v2\/product_tag?post=3051"}],"curies":[{"name":"wp","href":"https:\/\/api.w.org\/{rel}","templated":true}]}}