{"id":3049,"date":"2026-03-13T09:36:34","date_gmt":"2026-03-13T08:36:34","guid":{"rendered":"https:\/\/www.saltpepper.fr\/?post_type=product&#038;p=3049"},"modified":"2026-05-06T11:53:17","modified_gmt":"2026-05-06T09:53:17","slug":"14-06-10h-atelier-sushis-et-makis","status":"publish","type":"product","link":"https:\/\/www.saltpepper.fr\/en\/produit\/14-06-10h-atelier-sushis-et-makis\/","title":{"rendered":"14\/06 &#8211; 10h &#8211; Atelier Sushis et Makis"},"content":{"rendered":"<div class=\"re-c-1rb9ga1\">\n<div class=\"re-c-1rb9ga1\">\n<div class=\"re-c-1rb9ga1\">\n<div class=\"re-c-1rb9ga1\">\n<p data-start=\"77\" data-end=\"478\">Get started with the basics of Japanese cuisine by learning how to make sushi, makis, and California rolls like a true itamae. You'll discover the techniques for preparing rice, cutting fish, and rolling, to create fresh, elegant, and perfectly balanced pieces. A precise, fun, and ideal workshop for Japanese cuisine lovers.<\/p>\n<\/div>\n<div class=\"re-c-1rb9ga1\">\n<ul>\n<li data-start=\"522\" data-end=\"605\"><strong data-start=\"522\" data-end=\"558\">Pr\u00e9parer un riz \u00e0 sushis parfait<\/strong> : assaisonnement, cuisson et texture id\u00e9ale<\/li>\n<li data-start=\"522\" data-end=\"605\"><strong data-start=\"609\" data-end=\"662\">Apprendre les techniques de d\u00e9coupe et de roulage<\/strong> pour sushis, makis et variantes.<\/li>\n<li data-start=\"522\" data-end=\"605\"><strong data-start=\"701\" data-end=\"751\">Composer des assortiments vari\u00e9s et harmonieux<\/strong>, beaux \u00e0 regarder et d\u00e9licieux \u00e0 d\u00e9guster.<\/li>\n<\/ul>\n<\/div>\n<\/div>\n<\/div>\n<\/div>\n<div class=\"re-c-1rb9ga1\">\n<div class=\"re-c-1rb9ga1\">\n<div class=\"re-c-1rb9ga1\"><\/div>\n<\/div>\n<\/div>","protected":false},"excerpt":{"rendered":"<p>Get started with the basics of Japanese cuisine by learning how to make sushi, makis, and California rolls like a true itamae. You'll discover the techniques for preparing rice, cutting fish, and rolling, to create fresh, elegant, and perfectly balanced pieces. A precise, fun, and ideal workshop for Japanese cuisine lovers.<\/p>","protected":false},"featured_media":2473,"template":"","meta":{"_acf_changed":false},"duree":[30],"nom-de-cours":[50],"thematique":[63],"product_brand":[],"product_cat":[68],"product_tag":[],"class_list":{"0":"post-3049","1":"product","2":"type-product","3":"status-publish","4":"has-post-thumbnail","6":"duree-3h","7":"nom-de-cours-atelier-sushis-et-makis","8":"thematique-cuisine-du-monde","9":"product_cat-cuisine","11":"first","12":"outofstock","13":"virtual","14":"taxable","15":"purchasable","16":"product-type-simple"},"acf":[],"yoast_head":"<!-- This site is optimized with the Yoast SEO plugin v27.5 - https:\/\/yoast.com\/product\/yoast-seo-wordpress\/ -->\n<title>14\/06 - 10h - Atelier Sushis et Makis - Salt &amp; Pepper<\/title>\n<meta name=\"robots\" content=\"noindex, follow\" \/>\n<meta property=\"og:locale\" content=\"en_US\" \/>\n<meta property=\"og:type\" content=\"article\" \/>\n<meta property=\"og:title\" content=\"14\/06 - 10h - Atelier Sushis et Makis - Salt &amp; Pepper\" \/>\n<meta property=\"og:description\" content=\"Initiez-vous aux bases de la cuisine japonaise en apprenant \u00e0 r\u00e9aliser sushis, makis et california rolls comme un v\u00e9ritable itamae. Vous d\u00e9couvrirez les techniques de pr\u00e9paration du riz, de d\u00e9coupe du poisson et de roulage, pour cr\u00e9er des pi\u00e8ces fra\u00eeches, \u00e9l\u00e9gantes et parfaitement \u00e9quilibr\u00e9es. Un atelier pr\u00e9cis, ludique et id\u00e9al pour les amoureux de cuisine japonaise.\" \/>\n<meta property=\"og:url\" content=\"https:\/\/www.saltpepper.fr\/en\/product\/14-06-10h-atelier-sushis-et-makis\/\" \/>\n<meta property=\"og:site_name\" content=\"Salt &amp; Pepper\" \/>\n<meta property=\"article:publisher\" content=\"https:\/\/www.facebook.com\/saltandpepper.dijon\/\" \/>\n<meta property=\"article:modified_time\" content=\"2026-05-06T09:53:17+00:00\" \/>\n<meta property=\"og:image\" content=\"https:\/\/www.saltpepper.fr\/wp-content\/uploads\/2026\/02\/ChatGPT-Image-3-fevr.-2026-a-15_53_09-1024x683.png\" \/>\n\t<meta property=\"og:image:width\" content=\"1024\" \/>\n\t<meta property=\"og:image:height\" content=\"683\" \/>\n\t<meta property=\"og:image:type\" content=\"image\/png\" \/>\n<meta name=\"twitter:card\" content=\"summary_large_image\" \/>\n<meta name=\"twitter:label1\" content=\"Est. reading time\" \/>\n\t<meta name=\"twitter:data1\" content=\"1 minute\" \/>\n<script type=\"application\/ld+json\" class=\"yoast-schema-graph\">{\"@context\":\"https:\\\/\\\/schema.org\",\"@graph\":[{\"@type\":\"WebPage\",\"@id\":\"https:\\\/\\\/www.saltpepper.fr\\\/produit\\\/14-06-10h-atelier-sushis-et-makis\\\/\",\"url\":\"https:\\\/\\\/www.saltpepper.fr\\\/produit\\\/14-06-10h-atelier-sushis-et-makis\\\/\",\"name\":\"14\\\/06 - 10h - Atelier Sushis et Makis - Salt &amp; Pepper\",\"isPartOf\":{\"@id\":\"https:\\\/\\\/www.saltpepper.fr\\\/#website\"},\"primaryImageOfPage\":{\"@id\":\"https:\\\/\\\/www.saltpepper.fr\\\/produit\\\/14-06-10h-atelier-sushis-et-makis\\\/#primaryimage\"},\"image\":{\"@id\":\"https:\\\/\\\/www.saltpepper.fr\\\/produit\\\/14-06-10h-atelier-sushis-et-makis\\\/#primaryimage\"},\"thumbnailUrl\":\"https:\\\/\\\/www.saltpepper.fr\\\/wp-content\\\/uploads\\\/2026\\\/02\\\/ChatGPT-Image-3-fevr.-2026-a-15_53_09.png\",\"datePublished\":\"2026-03-13T08:36:34+00:00\",\"dateModified\":\"2026-05-06T09:53:17+00:00\",\"breadcrumb\":{\"@id\":\"https:\\\/\\\/www.saltpepper.fr\\\/produit\\\/14-06-10h-atelier-sushis-et-makis\\\/#breadcrumb\"},\"inLanguage\":\"en-US\",\"potentialAction\":[{\"@type\":\"ReadAction\",\"target\":[\"https:\\\/\\\/www.saltpepper.fr\\\/produit\\\/14-06-10h-atelier-sushis-et-makis\\\/\"]}]},{\"@type\":\"ImageObject\",\"inLanguage\":\"en-US\",\"@id\":\"https:\\\/\\\/www.saltpepper.fr\\\/produit\\\/14-06-10h-atelier-sushis-et-makis\\\/#primaryimage\",\"url\":\"https:\\\/\\\/www.saltpepper.fr\\\/wp-content\\\/uploads\\\/2026\\\/02\\\/ChatGPT-Image-3-fevr.-2026-a-15_53_09.png\",\"contentUrl\":\"https:\\\/\\\/www.saltpepper.fr\\\/wp-content\\\/uploads\\\/2026\\\/02\\\/ChatGPT-Image-3-fevr.-2026-a-15_53_09.png\",\"width\":1536,\"height\":1024,\"caption\":\"Maki et uramaki vari\u00e9s, gingembre marin\u00e9, wasabi, graines de s\u00e9same sur ardoise avec baguettes lors d'un team building.\"},{\"@type\":\"BreadcrumbList\",\"@id\":\"https:\\\/\\\/www.saltpepper.fr\\\/produit\\\/14-06-10h-atelier-sushis-et-makis\\\/#breadcrumb\",\"itemListElement\":[{\"@type\":\"ListItem\",\"position\":1,\"name\":\"Accueil\",\"item\":\"https:\\\/\\\/www.saltpepper.fr\\\/\"},{\"@type\":\"ListItem\",\"position\":2,\"name\":\"Cours de cuisine\",\"item\":\"https:\\\/\\\/www.saltpepper.fr\\\/cours-de-cuisine\\\/\"},{\"@type\":\"ListItem\",\"position\":3,\"name\":\"14\\\/06 &#8211; 10h &#8211; Atelier Sushis et Makis\"}]},{\"@type\":\"WebSite\",\"@id\":\"https:\\\/\\\/www.saltpepper.fr\\\/#website\",\"url\":\"https:\\\/\\\/www.saltpepper.fr\\\/\",\"name\":\"Salt & Pepper\",\"description\":\"\",\"publisher\":{\"@id\":\"https:\\\/\\\/www.saltpepper.fr\\\/#organization\"},\"potentialAction\":[{\"@type\":\"SearchAction\",\"target\":{\"@type\":\"EntryPoint\",\"urlTemplate\":\"https:\\\/\\\/www.saltpepper.fr\\\/?s={search_term_string}\"},\"query-input\":{\"@type\":\"PropertyValueSpecification\",\"valueRequired\":true,\"valueName\":\"search_term_string\"}}],\"inLanguage\":\"en-US\"},{\"@type\":\"Organization\",\"@id\":\"https:\\\/\\\/www.saltpepper.fr\\\/#organization\",\"name\":\"Salt & Pepper\",\"url\":\"https:\\\/\\\/www.saltpepper.fr\\\/\",\"logo\":{\"@type\":\"ImageObject\",\"inLanguage\":\"en-US\",\"@id\":\"https:\\\/\\\/www.saltpepper.fr\\\/#\\\/schema\\\/logo\\\/image\\\/\",\"url\":\"https:\\\/\\\/www.saltpepper.fr\\\/wp-content\\\/uploads\\\/2025\\\/05\\\/SALTPEPPER_logotype_cuivre_sans_baseline.svg\",\"contentUrl\":\"https:\\\/\\\/www.saltpepper.fr\\\/wp-content\\\/uploads\\\/2025\\\/05\\\/SALTPEPPER_logotype_cuivre_sans_baseline.svg\",\"width\":1,\"height\":1,\"caption\":\"Salt & Pepper\"},\"image\":{\"@id\":\"https:\\\/\\\/www.saltpepper.fr\\\/#\\\/schema\\\/logo\\\/image\\\/\"},\"sameAs\":[\"https:\\\/\\\/www.facebook.com\\\/saltandpepper.dijon\\\/\",\"https:\\\/\\\/www.instagram.com\\\/saltpepper.dijon\\\/\",\"https:\\\/\\\/www.linkedin.com\\\/company\\\/salt-and-pepper-dijon\\\/\"]}]}<\/script>\n<!-- \/ Yoast SEO plugin. -->","yoast_head_json":{"title":"14\/06 - 10h - Atelier Sushis et Makis - Salt &amp; Pepper","robots":{"index":"noindex","follow":"follow"},"og_locale":"en_US","og_type":"article","og_title":"14\/06 - 10h - Atelier Sushis et Makis - Salt &amp; Pepper","og_description":"Initiez-vous aux bases de la cuisine japonaise en apprenant \u00e0 r\u00e9aliser sushis, makis et california rolls comme un v\u00e9ritable itamae. Vous d\u00e9couvrirez les techniques de pr\u00e9paration du riz, de d\u00e9coupe du poisson et de roulage, pour cr\u00e9er des pi\u00e8ces fra\u00eeches, \u00e9l\u00e9gantes et parfaitement \u00e9quilibr\u00e9es. Un atelier pr\u00e9cis, ludique et id\u00e9al pour les amoureux de cuisine japonaise.","og_url":"https:\/\/www.saltpepper.fr\/en\/product\/14-06-10h-atelier-sushis-et-makis\/","og_site_name":"Salt &amp; Pepper","article_publisher":"https:\/\/www.facebook.com\/saltandpepper.dijon\/","article_modified_time":"2026-05-06T09:53:17+00:00","og_image":[{"width":1024,"height":683,"url":"https:\/\/www.saltpepper.fr\/wp-content\/uploads\/2026\/02\/ChatGPT-Image-3-fevr.-2026-a-15_53_09-1024x683.png","type":"image\/png"}],"twitter_card":"summary_large_image","twitter_misc":{"Est. reading time":"1 minute"},"schema":{"@context":"https:\/\/schema.org","@graph":[{"@type":"WebPage","@id":"https:\/\/www.saltpepper.fr\/produit\/14-06-10h-atelier-sushis-et-makis\/","url":"https:\/\/www.saltpepper.fr\/produit\/14-06-10h-atelier-sushis-et-makis\/","name":"14\/06 - 10h - Atelier Sushis et Makis - Salt &amp; Pepper","isPartOf":{"@id":"https:\/\/www.saltpepper.fr\/#website"},"primaryImageOfPage":{"@id":"https:\/\/www.saltpepper.fr\/produit\/14-06-10h-atelier-sushis-et-makis\/#primaryimage"},"image":{"@id":"https:\/\/www.saltpepper.fr\/produit\/14-06-10h-atelier-sushis-et-makis\/#primaryimage"},"thumbnailUrl":"https:\/\/www.saltpepper.fr\/wp-content\/uploads\/2026\/02\/ChatGPT-Image-3-fevr.-2026-a-15_53_09.png","datePublished":"2026-03-13T08:36:34+00:00","dateModified":"2026-05-06T09:53:17+00:00","breadcrumb":{"@id":"https:\/\/www.saltpepper.fr\/produit\/14-06-10h-atelier-sushis-et-makis\/#breadcrumb"},"inLanguage":"en-US","potentialAction":[{"@type":"ReadAction","target":["https:\/\/www.saltpepper.fr\/produit\/14-06-10h-atelier-sushis-et-makis\/"]}]},{"@type":"ImageObject","inLanguage":"en-US","@id":"https:\/\/www.saltpepper.fr\/produit\/14-06-10h-atelier-sushis-et-makis\/#primaryimage","url":"https:\/\/www.saltpepper.fr\/wp-content\/uploads\/2026\/02\/ChatGPT-Image-3-fevr.-2026-a-15_53_09.png","contentUrl":"https:\/\/www.saltpepper.fr\/wp-content\/uploads\/2026\/02\/ChatGPT-Image-3-fevr.-2026-a-15_53_09.png","width":1536,"height":1024,"caption":"Maki et uramaki vari\u00e9s, gingembre marin\u00e9, wasabi, graines de s\u00e9same sur ardoise avec baguettes lors d'un team building."},{"@type":"BreadcrumbList","@id":"https:\/\/www.saltpepper.fr\/produit\/14-06-10h-atelier-sushis-et-makis\/#breadcrumb","itemListElement":[{"@type":"ListItem","position":1,"name":"Accueil","item":"https:\/\/www.saltpepper.fr\/"},{"@type":"ListItem","position":2,"name":"Cours de cuisine","item":"https:\/\/www.saltpepper.fr\/cours-de-cuisine\/"},{"@type":"ListItem","position":3,"name":"14\/06 &#8211; 10h &#8211; Atelier Sushis et Makis"}]},{"@type":"WebSite","@id":"https:\/\/www.saltpepper.fr\/#website","url":"https:\/\/www.saltpepper.fr\/","name":"Salt &amp; Pepper","description":"","publisher":{"@id":"https:\/\/www.saltpepper.fr\/#organization"},"potentialAction":[{"@type":"SearchAction","target":{"@type":"EntryPoint","urlTemplate":"https:\/\/www.saltpepper.fr\/?s={search_term_string}"},"query-input":{"@type":"PropertyValueSpecification","valueRequired":true,"valueName":"search_term_string"}}],"inLanguage":"en-US"},{"@type":"Organization","@id":"https:\/\/www.saltpepper.fr\/#organization","name":"Salt &amp; Pepper","url":"https:\/\/www.saltpepper.fr\/","logo":{"@type":"ImageObject","inLanguage":"en-US","@id":"https:\/\/www.saltpepper.fr\/#\/schema\/logo\/image\/","url":"https:\/\/www.saltpepper.fr\/wp-content\/uploads\/2025\/05\/SALTPEPPER_logotype_cuivre_sans_baseline.svg","contentUrl":"https:\/\/www.saltpepper.fr\/wp-content\/uploads\/2025\/05\/SALTPEPPER_logotype_cuivre_sans_baseline.svg","width":1,"height":1,"caption":"Salt & Pepper"},"image":{"@id":"https:\/\/www.saltpepper.fr\/#\/schema\/logo\/image\/"},"sameAs":["https:\/\/www.facebook.com\/saltandpepper.dijon\/","https:\/\/www.instagram.com\/saltpepper.dijon\/","https:\/\/www.linkedin.com\/company\/salt-and-pepper-dijon\/"]}]}},"jetpack_sharing_enabled":true,"_links":{"self":[{"href":"https:\/\/www.saltpepper.fr\/en\/wp-json\/wp\/v2\/product\/3049","targetHints":{"allow":["GET"]}}],"collection":[{"href":"https:\/\/www.saltpepper.fr\/en\/wp-json\/wp\/v2\/product"}],"about":[{"href":"https:\/\/www.saltpepper.fr\/en\/wp-json\/wp\/v2\/types\/product"}],"wp:featuredmedia":[{"embeddable":true,"href":"https:\/\/www.saltpepper.fr\/en\/wp-json\/wp\/v2\/media\/2473"}],"wp:attachment":[{"href":"https:\/\/www.saltpepper.fr\/en\/wp-json\/wp\/v2\/media?parent=3049"}],"wp:term":[{"taxonomy":"duree","embeddable":true,"href":"https:\/\/www.saltpepper.fr\/en\/wp-json\/wp\/v2\/duree?post=3049"},{"taxonomy":"nom-de-cours","embeddable":true,"href":"https:\/\/www.saltpepper.fr\/en\/wp-json\/wp\/v2\/nom-de-cours?post=3049"},{"taxonomy":"thematique","embeddable":true,"href":"https:\/\/www.saltpepper.fr\/en\/wp-json\/wp\/v2\/thematique?post=3049"},{"taxonomy":"product_brand","embeddable":true,"href":"https:\/\/www.saltpepper.fr\/en\/wp-json\/wp\/v2\/product_brand?post=3049"},{"taxonomy":"product_cat","embeddable":true,"href":"https:\/\/www.saltpepper.fr\/en\/wp-json\/wp\/v2\/product_cat?post=3049"},{"taxonomy":"product_tag","embeddable":true,"href":"https:\/\/www.saltpepper.fr\/en\/wp-json\/wp\/v2\/product_tag?post=3049"}],"curies":[{"name":"wp","href":"https:\/\/api.w.org\/{rel}","templated":true}]}}