{"id":3028,"date":"2026-03-11T10:45:37","date_gmt":"2026-03-11T09:45:37","guid":{"rendered":"https:\/\/www.saltpepper.fr\/?post_type=product&#038;p=3028"},"modified":"2026-05-12T11:36:48","modified_gmt":"2026-05-12T09:36:48","slug":"05-06-18h-aperitivo-a-litalienne-2","status":"publish","type":"product","link":"https:\/\/www.saltpepper.fr\/en\/produit\/05-06-18h-aperitivo-a-litalienne-2\/","title":{"rendered":"05\/06 &#8211; 18h &#8211; Aperitivo \u00e0 l&rsquo;Italienne"},"content":{"rendered":"<div class=\"re-c-1rb9ga1\">\n<div class=\"re-c-1rb9ga1\">\n<div class=\"re-c-1rb9ga1\">\n<div class=\"re-c-1rb9ga1\">\n<p>Retrouvez &#8211; nous pour une soir\u00e9e conviviale, m\u00ealant des antipastis traditionnels italiens, un (des) spritz et surtout, des rires et des moments chaleureux !<\/p>\n<\/div>\n<\/div>\n<\/div>\n<\/div>\n<p>&nbsp;<\/p>\n<div class=\"re-c-1rb9ga1\">\n<div class=\"re-c-1rb9ga1\">\n<div class=\"re-c-1rb9ga1\">\n<ul class=\"regiondo-product-highlights re-c-18vl3r0\">\n<li>Ma\u00eetrister la pr\u00e9paration des incontournables de l\u2019ap\u00e9ritif italien.<\/li>\n<li>R\u00e9alisez des antipasti savoureux, des bouch\u00e9es gourmandes aux accents du sud, des sp\u00e9cialit\u00e9s typiques \u00e0 partager\u2026<\/li>\n<li>D\u00e9gustez le tout accompagn\u00e9 d\u2019un Spritz parfaitement \u00e9quilibr\u00e9.<\/li>\n<\/ul>\n<\/div>\n<\/div>\n<\/div>","protected":false},"excerpt":{"rendered":"<p>Discover Italian recipes to make for your next get-together with friends!<\/p>","protected":false},"featured_media":2563,"template":"","meta":{"_acf_changed":false},"duree":[30],"nom-de-cours":[42],"thematique":[65],"product_brand":[],"product_cat":[68],"product_tag":[],"class_list":{"0":"post-3028","1":"product","2":"type-product","3":"status-publish","4":"has-post-thumbnail","6":"duree-3h","7":"nom-de-cours-aperitivo-a-litalienne","8":"thematique-cuisine-italienne","9":"product_cat-cuisine","11":"first","12":"instock","13":"virtual","14":"taxable","15":"purchasable","16":"product-type-simple"},"acf":[],"yoast_head":"<!-- This site is optimized with the Yoast SEO plugin v27.5 - https:\/\/yoast.com\/product\/yoast-seo-wordpress\/ -->\n<title>05\/06 - 18h - Aperitivo \u00e0 l&#039;Italienne - Salt &amp; Pepper<\/title>\n<meta name=\"robots\" content=\"noindex, follow\" \/>\n<meta property=\"og:locale\" content=\"en_US\" \/>\n<meta property=\"og:type\" content=\"article\" \/>\n<meta property=\"og:title\" content=\"05\/06 - 18h - Aperitivo \u00e0 l&#039;Italienne - Salt &amp; Pepper\" \/>\n<meta property=\"og:description\" content=\"D\u00e9couvrez des recettes Italienne \u00e0 faire pour votre prochain ap\u00e9ro entre amis !\" \/>\n<meta property=\"og:url\" content=\"https:\/\/www.saltpepper.fr\/en\/product\/05-06-18h-aperitivo-a-litalienne-2\/\" \/>\n<meta property=\"og:site_name\" content=\"Salt &amp; Pepper\" \/>\n<meta property=\"article:publisher\" content=\"https:\/\/www.facebook.com\/saltandpepper.dijon\/\" \/>\n<meta property=\"article:modified_time\" content=\"2026-05-12T09:36:48+00:00\" \/>\n<meta property=\"og:image\" content=\"https:\/\/www.saltpepper.fr\/wp-content\/uploads\/2026\/01\/aperitivo-italien-1024x683.png\" \/>\n\t<meta property=\"og:image:width\" content=\"1024\" \/>\n\t<meta property=\"og:image:height\" content=\"683\" \/>\n\t<meta property=\"og:image:type\" content=\"image\/png\" \/>\n<meta name=\"twitter:card\" content=\"summary_large_image\" \/>\n<meta name=\"twitter:label1\" content=\"Est. reading time\" \/>\n\t<meta name=\"twitter:data1\" content=\"1 minute\" \/>\n<script type=\"application\/ld+json\" class=\"yoast-schema-graph\">{\"@context\":\"https:\\\/\\\/schema.org\",\"@graph\":[{\"@type\":\"WebPage\",\"@id\":\"https:\\\/\\\/www.saltpepper.fr\\\/produit\\\/05-06-18h-aperitivo-a-litalienne-2\\\/\",\"url\":\"https:\\\/\\\/www.saltpepper.fr\\\/produit\\\/05-06-18h-aperitivo-a-litalienne-2\\\/\",\"name\":\"05\\\/06 - 18h - Aperitivo \u00e0 l'Italienne - Salt &amp; Pepper\",\"isPartOf\":{\"@id\":\"https:\\\/\\\/www.saltpepper.fr\\\/#website\"},\"primaryImageOfPage\":{\"@id\":\"https:\\\/\\\/www.saltpepper.fr\\\/produit\\\/05-06-18h-aperitivo-a-litalienne-2\\\/#primaryimage\"},\"image\":{\"@id\":\"https:\\\/\\\/www.saltpepper.fr\\\/produit\\\/05-06-18h-aperitivo-a-litalienne-2\\\/#primaryimage\"},\"thumbnailUrl\":\"https:\\\/\\\/www.saltpepper.fr\\\/wp-content\\\/uploads\\\/2026\\\/01\\\/aperitivo-italien.png\",\"datePublished\":\"2026-03-11T09:45:37+00:00\",\"dateModified\":\"2026-05-12T09:36:48+00:00\",\"breadcrumb\":{\"@id\":\"https:\\\/\\\/www.saltpepper.fr\\\/produit\\\/05-06-18h-aperitivo-a-litalienne-2\\\/#breadcrumb\"},\"inLanguage\":\"en-US\",\"potentialAction\":[{\"@type\":\"ReadAction\",\"target\":[\"https:\\\/\\\/www.saltpepper.fr\\\/produit\\\/05-06-18h-aperitivo-a-litalienne-2\\\/\"]}]},{\"@type\":\"ImageObject\",\"inLanguage\":\"en-US\",\"@id\":\"https:\\\/\\\/www.saltpepper.fr\\\/produit\\\/05-06-18h-aperitivo-a-litalienne-2\\\/#primaryimage\",\"url\":\"https:\\\/\\\/www.saltpepper.fr\\\/wp-content\\\/uploads\\\/2026\\\/01\\\/aperitivo-italien.png\",\"contentUrl\":\"https:\\\/\\\/www.saltpepper.fr\\\/wp-content\\\/uploads\\\/2026\\\/01\\\/aperitivo-italien.png\",\"width\":1536,\"height\":1024,\"caption\":\"Bruschetta, roul\u00e9s sal\u00e9s, sandwichs au th\u00e9, l\u00e9gumes et dip moutarde pour atelier team building ap\u00e9ritif \u00e0 l'italienne.\"},{\"@type\":\"BreadcrumbList\",\"@id\":\"https:\\\/\\\/www.saltpepper.fr\\\/produit\\\/05-06-18h-aperitivo-a-litalienne-2\\\/#breadcrumb\",\"itemListElement\":[{\"@type\":\"ListItem\",\"position\":1,\"name\":\"Accueil\",\"item\":\"https:\\\/\\\/www.saltpepper.fr\\\/\"},{\"@type\":\"ListItem\",\"position\":2,\"name\":\"Cours de cuisine\",\"item\":\"https:\\\/\\\/www.saltpepper.fr\\\/cours-de-cuisine\\\/\"},{\"@type\":\"ListItem\",\"position\":3,\"name\":\"05\\\/06 &#8211; 18h &#8211; Aperitivo \u00e0 l&rsquo;Italienne\"}]},{\"@type\":\"WebSite\",\"@id\":\"https:\\\/\\\/www.saltpepper.fr\\\/#website\",\"url\":\"https:\\\/\\\/www.saltpepper.fr\\\/\",\"name\":\"Salt & Pepper\",\"description\":\"\",\"publisher\":{\"@id\":\"https:\\\/\\\/www.saltpepper.fr\\\/#organization\"},\"potentialAction\":[{\"@type\":\"SearchAction\",\"target\":{\"@type\":\"EntryPoint\",\"urlTemplate\":\"https:\\\/\\\/www.saltpepper.fr\\\/?s={search_term_string}\"},\"query-input\":{\"@type\":\"PropertyValueSpecification\",\"valueRequired\":true,\"valueName\":\"search_term_string\"}}],\"inLanguage\":\"en-US\"},{\"@type\":\"Organization\",\"@id\":\"https:\\\/\\\/www.saltpepper.fr\\\/#organization\",\"name\":\"Salt & Pepper\",\"url\":\"https:\\\/\\\/www.saltpepper.fr\\\/\",\"logo\":{\"@type\":\"ImageObject\",\"inLanguage\":\"en-US\",\"@id\":\"https:\\\/\\\/www.saltpepper.fr\\\/#\\\/schema\\\/logo\\\/image\\\/\",\"url\":\"https:\\\/\\\/www.saltpepper.fr\\\/wp-content\\\/uploads\\\/2025\\\/05\\\/SALTPEPPER_logotype_cuivre_sans_baseline.svg\",\"contentUrl\":\"https:\\\/\\\/www.saltpepper.fr\\\/wp-content\\\/uploads\\\/2025\\\/05\\\/SALTPEPPER_logotype_cuivre_sans_baseline.svg\",\"width\":1,\"height\":1,\"caption\":\"Salt & Pepper\"},\"image\":{\"@id\":\"https:\\\/\\\/www.saltpepper.fr\\\/#\\\/schema\\\/logo\\\/image\\\/\"},\"sameAs\":[\"https:\\\/\\\/www.facebook.com\\\/saltandpepper.dijon\\\/\",\"https:\\\/\\\/www.instagram.com\\\/saltpepper.dijon\\\/\",\"https:\\\/\\\/www.linkedin.com\\\/company\\\/salt-and-pepper-dijon\\\/\"]}]}<\/script>\n<!-- \/ Yoast SEO plugin. -->","yoast_head_json":{"title":"05\/06 - 18h - Aperitivo \u00e0 l'Italienne - Salt &amp; Pepper","robots":{"index":"noindex","follow":"follow"},"og_locale":"en_US","og_type":"article","og_title":"05\/06 - 18h - Aperitivo \u00e0 l'Italienne - Salt &amp; Pepper","og_description":"D\u00e9couvrez des recettes Italienne \u00e0 faire pour votre prochain ap\u00e9ro entre amis !","og_url":"https:\/\/www.saltpepper.fr\/en\/product\/05-06-18h-aperitivo-a-litalienne-2\/","og_site_name":"Salt &amp; Pepper","article_publisher":"https:\/\/www.facebook.com\/saltandpepper.dijon\/","article_modified_time":"2026-05-12T09:36:48+00:00","og_image":[{"width":1024,"height":683,"url":"https:\/\/www.saltpepper.fr\/wp-content\/uploads\/2026\/01\/aperitivo-italien-1024x683.png","type":"image\/png"}],"twitter_card":"summary_large_image","twitter_misc":{"Est. reading time":"1 minute"},"schema":{"@context":"https:\/\/schema.org","@graph":[{"@type":"WebPage","@id":"https:\/\/www.saltpepper.fr\/produit\/05-06-18h-aperitivo-a-litalienne-2\/","url":"https:\/\/www.saltpepper.fr\/produit\/05-06-18h-aperitivo-a-litalienne-2\/","name":"05\/06 - 18h - Aperitivo \u00e0 l'Italienne - Salt &amp; Pepper","isPartOf":{"@id":"https:\/\/www.saltpepper.fr\/#website"},"primaryImageOfPage":{"@id":"https:\/\/www.saltpepper.fr\/produit\/05-06-18h-aperitivo-a-litalienne-2\/#primaryimage"},"image":{"@id":"https:\/\/www.saltpepper.fr\/produit\/05-06-18h-aperitivo-a-litalienne-2\/#primaryimage"},"thumbnailUrl":"https:\/\/www.saltpepper.fr\/wp-content\/uploads\/2026\/01\/aperitivo-italien.png","datePublished":"2026-03-11T09:45:37+00:00","dateModified":"2026-05-12T09:36:48+00:00","breadcrumb":{"@id":"https:\/\/www.saltpepper.fr\/produit\/05-06-18h-aperitivo-a-litalienne-2\/#breadcrumb"},"inLanguage":"en-US","potentialAction":[{"@type":"ReadAction","target":["https:\/\/www.saltpepper.fr\/produit\/05-06-18h-aperitivo-a-litalienne-2\/"]}]},{"@type":"ImageObject","inLanguage":"en-US","@id":"https:\/\/www.saltpepper.fr\/produit\/05-06-18h-aperitivo-a-litalienne-2\/#primaryimage","url":"https:\/\/www.saltpepper.fr\/wp-content\/uploads\/2026\/01\/aperitivo-italien.png","contentUrl":"https:\/\/www.saltpepper.fr\/wp-content\/uploads\/2026\/01\/aperitivo-italien.png","width":1536,"height":1024,"caption":"Bruschetta, roul\u00e9s sal\u00e9s, sandwichs au th\u00e9, l\u00e9gumes et dip moutarde pour atelier team building ap\u00e9ritif \u00e0 l'italienne."},{"@type":"BreadcrumbList","@id":"https:\/\/www.saltpepper.fr\/produit\/05-06-18h-aperitivo-a-litalienne-2\/#breadcrumb","itemListElement":[{"@type":"ListItem","position":1,"name":"Accueil","item":"https:\/\/www.saltpepper.fr\/"},{"@type":"ListItem","position":2,"name":"Cours de cuisine","item":"https:\/\/www.saltpepper.fr\/cours-de-cuisine\/"},{"@type":"ListItem","position":3,"name":"05\/06 &#8211; 18h &#8211; Aperitivo \u00e0 l&rsquo;Italienne"}]},{"@type":"WebSite","@id":"https:\/\/www.saltpepper.fr\/#website","url":"https:\/\/www.saltpepper.fr\/","name":"Salt &amp; Pepper","description":"","publisher":{"@id":"https:\/\/www.saltpepper.fr\/#organization"},"potentialAction":[{"@type":"SearchAction","target":{"@type":"EntryPoint","urlTemplate":"https:\/\/www.saltpepper.fr\/?s={search_term_string}"},"query-input":{"@type":"PropertyValueSpecification","valueRequired":true,"valueName":"search_term_string"}}],"inLanguage":"en-US"},{"@type":"Organization","@id":"https:\/\/www.saltpepper.fr\/#organization","name":"Salt &amp; Pepper","url":"https:\/\/www.saltpepper.fr\/","logo":{"@type":"ImageObject","inLanguage":"en-US","@id":"https:\/\/www.saltpepper.fr\/#\/schema\/logo\/image\/","url":"https:\/\/www.saltpepper.fr\/wp-content\/uploads\/2025\/05\/SALTPEPPER_logotype_cuivre_sans_baseline.svg","contentUrl":"https:\/\/www.saltpepper.fr\/wp-content\/uploads\/2025\/05\/SALTPEPPER_logotype_cuivre_sans_baseline.svg","width":1,"height":1,"caption":"Salt & Pepper"},"image":{"@id":"https:\/\/www.saltpepper.fr\/#\/schema\/logo\/image\/"},"sameAs":["https:\/\/www.facebook.com\/saltandpepper.dijon\/","https:\/\/www.instagram.com\/saltpepper.dijon\/","https:\/\/www.linkedin.com\/company\/salt-and-pepper-dijon\/"]}]}},"jetpack_sharing_enabled":true,"_links":{"self":[{"href":"https:\/\/www.saltpepper.fr\/en\/wp-json\/wp\/v2\/product\/3028","targetHints":{"allow":["GET"]}}],"collection":[{"href":"https:\/\/www.saltpepper.fr\/en\/wp-json\/wp\/v2\/product"}],"about":[{"href":"https:\/\/www.saltpepper.fr\/en\/wp-json\/wp\/v2\/types\/product"}],"wp:featuredmedia":[{"embeddable":true,"href":"https:\/\/www.saltpepper.fr\/en\/wp-json\/wp\/v2\/media\/2563"}],"wp:attachment":[{"href":"https:\/\/www.saltpepper.fr\/en\/wp-json\/wp\/v2\/media?parent=3028"}],"wp:term":[{"taxonomy":"duree","embeddable":true,"href":"https:\/\/www.saltpepper.fr\/en\/wp-json\/wp\/v2\/duree?post=3028"},{"taxonomy":"nom-de-cours","embeddable":true,"href":"https:\/\/www.saltpepper.fr\/en\/wp-json\/wp\/v2\/nom-de-cours?post=3028"},{"taxonomy":"thematique","embeddable":true,"href":"https:\/\/www.saltpepper.fr\/en\/wp-json\/wp\/v2\/thematique?post=3028"},{"taxonomy":"product_brand","embeddable":true,"href":"https:\/\/www.saltpepper.fr\/en\/wp-json\/wp\/v2\/product_brand?post=3028"},{"taxonomy":"product_cat","embeddable":true,"href":"https:\/\/www.saltpepper.fr\/en\/wp-json\/wp\/v2\/product_cat?post=3028"},{"taxonomy":"product_tag","embeddable":true,"href":"https:\/\/www.saltpepper.fr\/en\/wp-json\/wp\/v2\/product_tag?post=3028"}],"curies":[{"name":"wp","href":"https:\/\/api.w.org\/{rel}","templated":true}]}}