{"id":2839,"date":"2026-02-26T11:39:13","date_gmt":"2026-02-26T10:39:13","guid":{"rendered":"https:\/\/www.saltpepper.fr\/?post_type=product&#038;p=2839"},"modified":"2026-05-12T14:48:09","modified_gmt":"2026-05-12T12:48:09","slug":"coffret-decouverte-sel-poivre-moulins","status":"publish","type":"product","link":"https:\/\/www.saltpepper.fr\/en\/produit\/coffret-decouverte-sel-poivre-moulins\/","title":{"rendered":"Discovery Set \u2013 Salt, Pepper &amp; Mills"},"content":{"rendered":"<p data-start=\"259\" data-end=\"344\">L\u2019exp\u00e9rience compl\u00e8te pour sublimer votre cuisine au quotidien.<\/p>\n<p data-start=\"346\" data-end=\"476\">The <strong data-start=\"349\" data-end=\"371\">Coffret D\u00e9couverte<\/strong> comprend :<br data-start=\"382\" data-end=\"385\" \/>\u2728 1 sel au choix parmi notre s\u00e9lection<br data-start=\"423\" data-end=\"426\" \/>\u2728 1 poivre au choix parmi notre s\u00e9lection<br data-start=\"445\" data-end=\"448\" \/>\u2728 1 sali\u00e8re<br data-start=\"459\" data-end=\"462\" \/>\u2728 1 poivrier<\/p>\n<p data-start=\"478\" data-end=\"678\">Fleur de sel de Gu\u00e9rande, sel noir d\u2019Hawa\u00ef, poivre de Timut aux notes d\u2019agrumes, Kampot fum\u00e9, Sichuan\u2026 Composez votre accord et d\u00e9gustez-le fra\u00eechement moulu pour r\u00e9v\u00e9ler toute l\u2019intensit\u00e9 des ar\u00f4mes.<\/p>\n<p data-start=\"680\" data-end=\"778\">Un coffret \u00e9l\u00e9gant, id\u00e9al \u00e0 offrir ou \u00e0 s\u2019offrir, pour explorer les plus belles origines du monde.<\/p>","protected":false},"excerpt":{"rendered":"<p>\u2728 1 sel au choix\u00a0<br data-start=\"423\" data-end=\"426\" \/>\u2728 1 poivre au choix<br data-start=\"445\" data-end=\"448\" \/>\u2728 1 sali\u00e8re<br data-start=\"459\" data-end=\"462\" \/>\u2728 1 poivrier<\/p>","protected":false},"featured_media":2840,"template":"","meta":{"_acf_changed":false},"duree":[],"nom-de-cours":[],"thematique":[],"product_brand":[],"product_cat":[107,109,110,112],"product_tag":[],"class_list":{"0":"post-2839","1":"product","2":"type-product","3":"status-publish","4":"has-post-thumbnail","6":"product_cat-cadeaux","7":"product_cat-poivres","8":"product_cat-sels","9":"product_cat-ustensiles","11":"first","12":"instock","13":"featured","14":"taxable","15":"shipping-taxable","16":"purchasable","17":"product-type-simple"},"acf":[],"yoast_head":"<!-- This site is optimized with the Yoast SEO plugin v27.5 - https:\/\/yoast.com\/product\/yoast-seo-wordpress\/ -->\n<title>Coffret D\u00e9couverte \u2013 Sel, Poivre &amp; Moulins - Salt &amp; Pepper<\/title>\n<meta name=\"robots\" content=\"noindex, follow\" \/>\n<meta property=\"og:locale\" content=\"en_US\" \/>\n<meta property=\"og:type\" content=\"article\" \/>\n<meta property=\"og:title\" content=\"Coffret D\u00e9couverte \u2013 Sel, Poivre &amp; Moulins - Salt &amp; Pepper\" \/>\n<meta property=\"og:description\" content=\"\u2728 1 sel au choix\u00a0\u2728 1 poivre au choix\u2728 1 sali\u00e8re\u2728 1 poivrier\" \/>\n<meta property=\"og:url\" content=\"https:\/\/www.saltpepper.fr\/en\/product\/coffret-decouverte-sel-poivre-moulins\/\" \/>\n<meta property=\"og:site_name\" content=\"Salt &amp; Pepper\" \/>\n<meta property=\"article:publisher\" content=\"https:\/\/www.facebook.com\/saltandpepper.dijon\/\" \/>\n<meta property=\"article:modified_time\" content=\"2026-05-12T12:48:09+00:00\" \/>\n<meta property=\"og:image\" content=\"https:\/\/www.saltpepper.fr\/wp-content\/uploads\/2026\/02\/Coffret-Decouverte-\u2013-Sel-Poivre-Moulins.jpeg\" \/>\n\t<meta property=\"og:image:width\" content=\"1024\" \/>\n\t<meta property=\"og:image:height\" content=\"1024\" \/>\n\t<meta property=\"og:image:type\" content=\"image\/jpeg\" \/>\n<meta name=\"twitter:card\" content=\"summary_large_image\" \/>\n<meta name=\"twitter:label1\" content=\"Est. reading time\" \/>\n\t<meta name=\"twitter:data1\" content=\"1 minute\" \/>\n<script type=\"application\/ld+json\" class=\"yoast-schema-graph\">{\"@context\":\"https:\\\/\\\/schema.org\",\"@graph\":[{\"@type\":\"WebPage\",\"@id\":\"https:\\\/\\\/www.saltpepper.fr\\\/produit\\\/coffret-decouverte-sel-poivre-moulins\\\/\",\"url\":\"https:\\\/\\\/www.saltpepper.fr\\\/produit\\\/coffret-decouverte-sel-poivre-moulins\\\/\",\"name\":\"Coffret D\u00e9couverte \u2013 Sel, Poivre & Moulins - Salt &amp; Pepper\",\"isPartOf\":{\"@id\":\"https:\\\/\\\/www.saltpepper.fr\\\/#website\"},\"primaryImageOfPage\":{\"@id\":\"https:\\\/\\\/www.saltpepper.fr\\\/produit\\\/coffret-decouverte-sel-poivre-moulins\\\/#primaryimage\"},\"image\":{\"@id\":\"https:\\\/\\\/www.saltpepper.fr\\\/produit\\\/coffret-decouverte-sel-poivre-moulins\\\/#primaryimage\"},\"thumbnailUrl\":\"https:\\\/\\\/www.saltpepper.fr\\\/wp-content\\\/uploads\\\/2026\\\/02\\\/Coffret-Decouverte-\u2013-Sel-Poivre-Moulins.jpeg\",\"datePublished\":\"2026-02-26T10:39:13+00:00\",\"dateModified\":\"2026-05-12T12:48:09+00:00\",\"breadcrumb\":{\"@id\":\"https:\\\/\\\/www.saltpepper.fr\\\/produit\\\/coffret-decouverte-sel-poivre-moulins\\\/#breadcrumb\"},\"inLanguage\":\"en-US\",\"potentialAction\":[{\"@type\":\"ReadAction\",\"target\":[\"https:\\\/\\\/www.saltpepper.fr\\\/produit\\\/coffret-decouverte-sel-poivre-moulins\\\/\"]}]},{\"@type\":\"ImageObject\",\"inLanguage\":\"en-US\",\"@id\":\"https:\\\/\\\/www.saltpepper.fr\\\/produit\\\/coffret-decouverte-sel-poivre-moulins\\\/#primaryimage\",\"url\":\"https:\\\/\\\/www.saltpepper.fr\\\/wp-content\\\/uploads\\\/2026\\\/02\\\/Coffret-Decouverte-\u2013-Sel-Poivre-Moulins.jpeg\",\"contentUrl\":\"https:\\\/\\\/www.saltpepper.fr\\\/wp-content\\\/uploads\\\/2026\\\/02\\\/Coffret-Decouverte-\u2013-Sel-Poivre-Moulins.jpeg\",\"width\":1024,\"height\":1024,\"caption\":\"Coffret d\u00e9couverte Salt & Pepper avec moulins blanc et noir, \u00e9pices, poivres et sachets pour atelier culinaire \u00e0 Dijon.\"},{\"@type\":\"BreadcrumbList\",\"@id\":\"https:\\\/\\\/www.saltpepper.fr\\\/produit\\\/coffret-decouverte-sel-poivre-moulins\\\/#breadcrumb\",\"itemListElement\":[{\"@type\":\"ListItem\",\"position\":1,\"name\":\"Accueil\",\"item\":\"https:\\\/\\\/www.saltpepper.fr\\\/\"},{\"@type\":\"ListItem\",\"position\":2,\"name\":\"Cours de cuisine\",\"item\":\"https:\\\/\\\/www.saltpepper.fr\\\/cours-de-cuisine\\\/\"},{\"@type\":\"ListItem\",\"position\":3,\"name\":\"Coffret D\u00e9couverte \u2013 Sel, Poivre &#038; Moulins\"}]},{\"@type\":\"WebSite\",\"@id\":\"https:\\\/\\\/www.saltpepper.fr\\\/#website\",\"url\":\"https:\\\/\\\/www.saltpepper.fr\\\/\",\"name\":\"Salt & Pepper\",\"description\":\"\",\"publisher\":{\"@id\":\"https:\\\/\\\/www.saltpepper.fr\\\/#organization\"},\"potentialAction\":[{\"@type\":\"SearchAction\",\"target\":{\"@type\":\"EntryPoint\",\"urlTemplate\":\"https:\\\/\\\/www.saltpepper.fr\\\/?s={search_term_string}\"},\"query-input\":{\"@type\":\"PropertyValueSpecification\",\"valueRequired\":true,\"valueName\":\"search_term_string\"}}],\"inLanguage\":\"en-US\"},{\"@type\":\"Organization\",\"@id\":\"https:\\\/\\\/www.saltpepper.fr\\\/#organization\",\"name\":\"Salt & Pepper\",\"url\":\"https:\\\/\\\/www.saltpepper.fr\\\/\",\"logo\":{\"@type\":\"ImageObject\",\"inLanguage\":\"en-US\",\"@id\":\"https:\\\/\\\/www.saltpepper.fr\\\/#\\\/schema\\\/logo\\\/image\\\/\",\"url\":\"https:\\\/\\\/www.saltpepper.fr\\\/wp-content\\\/uploads\\\/2025\\\/05\\\/SALTPEPPER_logotype_cuivre_sans_baseline.svg\",\"contentUrl\":\"https:\\\/\\\/www.saltpepper.fr\\\/wp-content\\\/uploads\\\/2025\\\/05\\\/SALTPEPPER_logotype_cuivre_sans_baseline.svg\",\"width\":1,\"height\":1,\"caption\":\"Salt & Pepper\"},\"image\":{\"@id\":\"https:\\\/\\\/www.saltpepper.fr\\\/#\\\/schema\\\/logo\\\/image\\\/\"},\"sameAs\":[\"https:\\\/\\\/www.facebook.com\\\/saltandpepper.dijon\\\/\",\"https:\\\/\\\/www.instagram.com\\\/saltpepper.dijon\\\/\",\"https:\\\/\\\/www.linkedin.com\\\/company\\\/salt-and-pepper-dijon\\\/\"]}]}<\/script>\n<!-- \/ Yoast SEO plugin. -->","yoast_head_json":{"title":"Coffret D\u00e9couverte \u2013 Sel, Poivre & Moulins - Salt &amp; Pepper","robots":{"index":"noindex","follow":"follow"},"og_locale":"en_US","og_type":"article","og_title":"Coffret D\u00e9couverte \u2013 Sel, Poivre & Moulins - Salt &amp; Pepper","og_description":"\u2728 1 sel au choix\u00a0\u2728 1 poivre au choix\u2728 1 sali\u00e8re\u2728 1 poivrier","og_url":"https:\/\/www.saltpepper.fr\/en\/product\/coffret-decouverte-sel-poivre-moulins\/","og_site_name":"Salt &amp; Pepper","article_publisher":"https:\/\/www.facebook.com\/saltandpepper.dijon\/","article_modified_time":"2026-05-12T12:48:09+00:00","og_image":[{"width":1024,"height":1024,"url":"https:\/\/www.saltpepper.fr\/wp-content\/uploads\/2026\/02\/Coffret-Decouverte-\u2013-Sel-Poivre-Moulins.jpeg","type":"image\/jpeg"}],"twitter_card":"summary_large_image","twitter_misc":{"Est. reading time":"1 minute"},"schema":{"@context":"https:\/\/schema.org","@graph":[{"@type":"WebPage","@id":"https:\/\/www.saltpepper.fr\/produit\/coffret-decouverte-sel-poivre-moulins\/","url":"https:\/\/www.saltpepper.fr\/produit\/coffret-decouverte-sel-poivre-moulins\/","name":"Coffret D\u00e9couverte \u2013 Sel, Poivre & Moulins - Salt &amp; Pepper","isPartOf":{"@id":"https:\/\/www.saltpepper.fr\/#website"},"primaryImageOfPage":{"@id":"https:\/\/www.saltpepper.fr\/produit\/coffret-decouverte-sel-poivre-moulins\/#primaryimage"},"image":{"@id":"https:\/\/www.saltpepper.fr\/produit\/coffret-decouverte-sel-poivre-moulins\/#primaryimage"},"thumbnailUrl":"https:\/\/www.saltpepper.fr\/wp-content\/uploads\/2026\/02\/Coffret-Decouverte-\u2013-Sel-Poivre-Moulins.jpeg","datePublished":"2026-02-26T10:39:13+00:00","dateModified":"2026-05-12T12:48:09+00:00","breadcrumb":{"@id":"https:\/\/www.saltpepper.fr\/produit\/coffret-decouverte-sel-poivre-moulins\/#breadcrumb"},"inLanguage":"en-US","potentialAction":[{"@type":"ReadAction","target":["https:\/\/www.saltpepper.fr\/produit\/coffret-decouverte-sel-poivre-moulins\/"]}]},{"@type":"ImageObject","inLanguage":"en-US","@id":"https:\/\/www.saltpepper.fr\/produit\/coffret-decouverte-sel-poivre-moulins\/#primaryimage","url":"https:\/\/www.saltpepper.fr\/wp-content\/uploads\/2026\/02\/Coffret-Decouverte-\u2013-Sel-Poivre-Moulins.jpeg","contentUrl":"https:\/\/www.saltpepper.fr\/wp-content\/uploads\/2026\/02\/Coffret-Decouverte-\u2013-Sel-Poivre-Moulins.jpeg","width":1024,"height":1024,"caption":"Coffret d\u00e9couverte Salt & Pepper avec moulins blanc et noir, \u00e9pices, poivres et sachets pour atelier culinaire \u00e0 Dijon."},{"@type":"BreadcrumbList","@id":"https:\/\/www.saltpepper.fr\/produit\/coffret-decouverte-sel-poivre-moulins\/#breadcrumb","itemListElement":[{"@type":"ListItem","position":1,"name":"Accueil","item":"https:\/\/www.saltpepper.fr\/"},{"@type":"ListItem","position":2,"name":"Cours de cuisine","item":"https:\/\/www.saltpepper.fr\/cours-de-cuisine\/"},{"@type":"ListItem","position":3,"name":"Coffret D\u00e9couverte \u2013 Sel, Poivre &#038; Moulins"}]},{"@type":"WebSite","@id":"https:\/\/www.saltpepper.fr\/#website","url":"https:\/\/www.saltpepper.fr\/","name":"Salt &amp; Pepper","description":"","publisher":{"@id":"https:\/\/www.saltpepper.fr\/#organization"},"potentialAction":[{"@type":"SearchAction","target":{"@type":"EntryPoint","urlTemplate":"https:\/\/www.saltpepper.fr\/?s={search_term_string}"},"query-input":{"@type":"PropertyValueSpecification","valueRequired":true,"valueName":"search_term_string"}}],"inLanguage":"en-US"},{"@type":"Organization","@id":"https:\/\/www.saltpepper.fr\/#organization","name":"Salt &amp; Pepper","url":"https:\/\/www.saltpepper.fr\/","logo":{"@type":"ImageObject","inLanguage":"en-US","@id":"https:\/\/www.saltpepper.fr\/#\/schema\/logo\/image\/","url":"https:\/\/www.saltpepper.fr\/wp-content\/uploads\/2025\/05\/SALTPEPPER_logotype_cuivre_sans_baseline.svg","contentUrl":"https:\/\/www.saltpepper.fr\/wp-content\/uploads\/2025\/05\/SALTPEPPER_logotype_cuivre_sans_baseline.svg","width":1,"height":1,"caption":"Salt & Pepper"},"image":{"@id":"https:\/\/www.saltpepper.fr\/#\/schema\/logo\/image\/"},"sameAs":["https:\/\/www.facebook.com\/saltandpepper.dijon\/","https:\/\/www.instagram.com\/saltpepper.dijon\/","https:\/\/www.linkedin.com\/company\/salt-and-pepper-dijon\/"]}]}},"jetpack_sharing_enabled":true,"_links":{"self":[{"href":"https:\/\/www.saltpepper.fr\/en\/wp-json\/wp\/v2\/product\/2839","targetHints":{"allow":["GET"]}}],"collection":[{"href":"https:\/\/www.saltpepper.fr\/en\/wp-json\/wp\/v2\/product"}],"about":[{"href":"https:\/\/www.saltpepper.fr\/en\/wp-json\/wp\/v2\/types\/product"}],"wp:featuredmedia":[{"embeddable":true,"href":"https:\/\/www.saltpepper.fr\/en\/wp-json\/wp\/v2\/media\/2840"}],"wp:attachment":[{"href":"https:\/\/www.saltpepper.fr\/en\/wp-json\/wp\/v2\/media?parent=2839"}],"wp:term":[{"taxonomy":"duree","embeddable":true,"href":"https:\/\/www.saltpepper.fr\/en\/wp-json\/wp\/v2\/duree?post=2839"},{"taxonomy":"nom-de-cours","embeddable":true,"href":"https:\/\/www.saltpepper.fr\/en\/wp-json\/wp\/v2\/nom-de-cours?post=2839"},{"taxonomy":"thematique","embeddable":true,"href":"https:\/\/www.saltpepper.fr\/en\/wp-json\/wp\/v2\/thematique?post=2839"},{"taxonomy":"product_brand","embeddable":true,"href":"https:\/\/www.saltpepper.fr\/en\/wp-json\/wp\/v2\/product_brand?post=2839"},{"taxonomy":"product_cat","embeddable":true,"href":"https:\/\/www.saltpepper.fr\/en\/wp-json\/wp\/v2\/product_cat?post=2839"},{"taxonomy":"product_tag","embeddable":true,"href":"https:\/\/www.saltpepper.fr\/en\/wp-json\/wp\/v2\/product_tag?post=2839"}],"curies":[{"name":"wp","href":"https:\/\/api.w.org\/{rel}","templated":true}]}}