{"id":2835,"date":"2026-02-26T11:23:10","date_gmt":"2026-02-26T10:23:10","guid":{"rendered":"https:\/\/www.saltpepper.fr\/?post_type=product&#038;p=2835"},"modified":"2026-05-12T14:48:34","modified_gmt":"2026-05-12T12:48:34","slug":"lot-de-1-sel-et-1-poivre-au-choix","status":"publish","type":"product","link":"https:\/\/www.saltpepper.fr\/en\/produit\/lot-de-1-sel-et-1-poivre-au-choix\/","title":{"rendered":"Discovery Duo \u2013 1 Salt &amp; 1 Pepper of Your Choice"},"content":{"rendered":"<p>Prolongez l\u2019exp\u00e9rience Salt &amp; Pepper avec un cadeau \u00e0 la fois \u00e9l\u00e9gant et utile.<\/p>\n<p>\u2728 1 sel au choix<br \/>\n\u2728 1 poivre au choix<\/p>\n<p>Chaque participants choisi parmi nos 27 r\u00e9f\u00e9rences de sels &amp; poivres:<\/p>\n<p>C\u00f4t\u00e9 sels : Fleur de sel de Gu\u00e9rande, sel noir d\u2019Hawa\u00ef Hiwa Kai, sel cristallin du Pakistan, sel hawa\u00efen Bamboo Jade, fleur de sel parfum\u00e9e aux poivres\u2026<\/p>\n<p>C\u00f4t\u00e9 poivres : poivre noir fum\u00e9 de Kampot, poivre rouge de Kampot, poivre de Timut aux notes d\u2019agrumes, poivre du Sichuan, poivre long de Kampot, poivre de Malabar, poivre de Pondich\u00e9ry\u2026<\/p>","protected":false},"excerpt":{"rendered":"<p>\u2728 1 sel au choix<br \/>\n\u2728 1 poivre au choix<\/p>","protected":false},"featured_media":2836,"template":"","meta":{"_acf_changed":false},"duree":[],"nom-de-cours":[],"thematique":[],"product_brand":[],"product_cat":[109,110],"product_tag":[],"class_list":{"0":"post-2835","1":"product","2":"type-product","3":"status-publish","4":"has-post-thumbnail","6":"product_cat-poivres","7":"product_cat-sels","9":"first","10":"instock","11":"featured","12":"taxable","13":"shipping-taxable","14":"purchasable","15":"product-type-simple"},"acf":[],"yoast_head":"<!-- This site is optimized with the Yoast SEO plugin v27.5 - https:\/\/yoast.com\/product\/yoast-seo-wordpress\/ -->\n<title>Duo D\u00e9couverte - 1 Sel &amp; 1 Poivre au choix - Salt &amp; Pepper<\/title>\n<meta name=\"robots\" content=\"noindex, follow\" \/>\n<meta property=\"og:locale\" content=\"en_US\" \/>\n<meta property=\"og:type\" content=\"article\" \/>\n<meta property=\"og:title\" content=\"Duo D\u00e9couverte - 1 Sel &amp; 1 Poivre au choix - Salt &amp; Pepper\" \/>\n<meta property=\"og:description\" content=\"\u2728 1 sel au choix \u2728 1 poivre au choix\" \/>\n<meta property=\"og:url\" content=\"https:\/\/www.saltpepper.fr\/en\/product\/lot-de-1-sel-et-1-poivre-au-choix\/\" \/>\n<meta property=\"og:site_name\" content=\"Salt &amp; Pepper\" \/>\n<meta property=\"article:publisher\" content=\"https:\/\/www.facebook.com\/saltandpepper.dijon\/\" \/>\n<meta property=\"article:modified_time\" content=\"2026-05-12T12:48:34+00:00\" \/>\n<meta property=\"og:image\" content=\"https:\/\/www.saltpepper.fr\/wp-content\/uploads\/2026\/02\/Copie-de-Invitation-anniversaire-40ans-passeport-drole.png\" \/>\n\t<meta property=\"og:image:width\" content=\"1080\" \/>\n\t<meta property=\"og:image:height\" content=\"1080\" \/>\n\t<meta property=\"og:image:type\" content=\"image\/png\" \/>\n<meta name=\"twitter:card\" content=\"summary_large_image\" \/>\n<meta name=\"twitter:label1\" content=\"Est. reading time\" \/>\n\t<meta name=\"twitter:data1\" content=\"1 minute\" \/>\n<script type=\"application\/ld+json\" class=\"yoast-schema-graph\">{\"@context\":\"https:\\\/\\\/schema.org\",\"@graph\":[{\"@type\":\"WebPage\",\"@id\":\"https:\\\/\\\/www.saltpepper.fr\\\/produit\\\/lot-de-1-sel-et-1-poivre-au-choix\\\/\",\"url\":\"https:\\\/\\\/www.saltpepper.fr\\\/produit\\\/lot-de-1-sel-et-1-poivre-au-choix\\\/\",\"name\":\"Duo D\u00e9couverte - 1 Sel & 1 Poivre au choix - Salt &amp; Pepper\",\"isPartOf\":{\"@id\":\"https:\\\/\\\/www.saltpepper.fr\\\/#website\"},\"primaryImageOfPage\":{\"@id\":\"https:\\\/\\\/www.saltpepper.fr\\\/produit\\\/lot-de-1-sel-et-1-poivre-au-choix\\\/#primaryimage\"},\"image\":{\"@id\":\"https:\\\/\\\/www.saltpepper.fr\\\/produit\\\/lot-de-1-sel-et-1-poivre-au-choix\\\/#primaryimage\"},\"thumbnailUrl\":\"https:\\\/\\\/www.saltpepper.fr\\\/wp-content\\\/uploads\\\/2026\\\/02\\\/Copie-de-Invitation-anniversaire-40ans-passeport-drole.png\",\"datePublished\":\"2026-02-26T10:23:10+00:00\",\"dateModified\":\"2026-05-12T12:48:34+00:00\",\"breadcrumb\":{\"@id\":\"https:\\\/\\\/www.saltpepper.fr\\\/produit\\\/lot-de-1-sel-et-1-poivre-au-choix\\\/#breadcrumb\"},\"inLanguage\":\"en-US\",\"potentialAction\":[{\"@type\":\"ReadAction\",\"target\":[\"https:\\\/\\\/www.saltpepper.fr\\\/produit\\\/lot-de-1-sel-et-1-poivre-au-choix\\\/\"]}]},{\"@type\":\"ImageObject\",\"inLanguage\":\"en-US\",\"@id\":\"https:\\\/\\\/www.saltpepper.fr\\\/produit\\\/lot-de-1-sel-et-1-poivre-au-choix\\\/#primaryimage\",\"url\":\"https:\\\/\\\/www.saltpepper.fr\\\/wp-content\\\/uploads\\\/2026\\\/02\\\/Copie-de-Invitation-anniversaire-40ans-passeport-drole.png\",\"contentUrl\":\"https:\\\/\\\/www.saltpepper.fr\\\/wp-content\\\/uploads\\\/2026\\\/02\\\/Copie-de-Invitation-anniversaire-40ans-passeport-drole.png\",\"width\":1080,\"height\":1080,\"caption\":\"Duo D\u00e9couverte : un sel marin et un poivre au choix en sachets refermables, \u00e9tiquettes noires et blanches pour workshop.\"},{\"@type\":\"BreadcrumbList\",\"@id\":\"https:\\\/\\\/www.saltpepper.fr\\\/produit\\\/lot-de-1-sel-et-1-poivre-au-choix\\\/#breadcrumb\",\"itemListElement\":[{\"@type\":\"ListItem\",\"position\":1,\"name\":\"Accueil\",\"item\":\"https:\\\/\\\/www.saltpepper.fr\\\/\"},{\"@type\":\"ListItem\",\"position\":2,\"name\":\"Cours de cuisine\",\"item\":\"https:\\\/\\\/www.saltpepper.fr\\\/cours-de-cuisine\\\/\"},{\"@type\":\"ListItem\",\"position\":3,\"name\":\"Duo D\u00e9couverte &#8211; 1 Sel &#038; 1 Poivre au choix\"}]},{\"@type\":\"WebSite\",\"@id\":\"https:\\\/\\\/www.saltpepper.fr\\\/#website\",\"url\":\"https:\\\/\\\/www.saltpepper.fr\\\/\",\"name\":\"Salt & Pepper\",\"description\":\"\",\"publisher\":{\"@id\":\"https:\\\/\\\/www.saltpepper.fr\\\/#organization\"},\"potentialAction\":[{\"@type\":\"SearchAction\",\"target\":{\"@type\":\"EntryPoint\",\"urlTemplate\":\"https:\\\/\\\/www.saltpepper.fr\\\/?s={search_term_string}\"},\"query-input\":{\"@type\":\"PropertyValueSpecification\",\"valueRequired\":true,\"valueName\":\"search_term_string\"}}],\"inLanguage\":\"en-US\"},{\"@type\":\"Organization\",\"@id\":\"https:\\\/\\\/www.saltpepper.fr\\\/#organization\",\"name\":\"Salt & Pepper\",\"url\":\"https:\\\/\\\/www.saltpepper.fr\\\/\",\"logo\":{\"@type\":\"ImageObject\",\"inLanguage\":\"en-US\",\"@id\":\"https:\\\/\\\/www.saltpepper.fr\\\/#\\\/schema\\\/logo\\\/image\\\/\",\"url\":\"https:\\\/\\\/www.saltpepper.fr\\\/wp-content\\\/uploads\\\/2025\\\/05\\\/SALTPEPPER_logotype_cuivre_sans_baseline.svg\",\"contentUrl\":\"https:\\\/\\\/www.saltpepper.fr\\\/wp-content\\\/uploads\\\/2025\\\/05\\\/SALTPEPPER_logotype_cuivre_sans_baseline.svg\",\"width\":1,\"height\":1,\"caption\":\"Salt & Pepper\"},\"image\":{\"@id\":\"https:\\\/\\\/www.saltpepper.fr\\\/#\\\/schema\\\/logo\\\/image\\\/\"},\"sameAs\":[\"https:\\\/\\\/www.facebook.com\\\/saltandpepper.dijon\\\/\",\"https:\\\/\\\/www.instagram.com\\\/saltpepper.dijon\\\/\",\"https:\\\/\\\/www.linkedin.com\\\/company\\\/salt-and-pepper-dijon\\\/\"]}]}<\/script>\n<!-- \/ Yoast SEO plugin. -->","yoast_head_json":{"title":"Duo D\u00e9couverte - 1 Sel & 1 Poivre au choix - Salt &amp; Pepper","robots":{"index":"noindex","follow":"follow"},"og_locale":"en_US","og_type":"article","og_title":"Duo D\u00e9couverte - 1 Sel & 1 Poivre au choix - Salt &amp; Pepper","og_description":"\u2728 1 sel au choix \u2728 1 poivre au choix","og_url":"https:\/\/www.saltpepper.fr\/en\/product\/lot-de-1-sel-et-1-poivre-au-choix\/","og_site_name":"Salt &amp; Pepper","article_publisher":"https:\/\/www.facebook.com\/saltandpepper.dijon\/","article_modified_time":"2026-05-12T12:48:34+00:00","og_image":[{"width":1080,"height":1080,"url":"https:\/\/www.saltpepper.fr\/wp-content\/uploads\/2026\/02\/Copie-de-Invitation-anniversaire-40ans-passeport-drole.png","type":"image\/png"}],"twitter_card":"summary_large_image","twitter_misc":{"Est. reading time":"1 minute"},"schema":{"@context":"https:\/\/schema.org","@graph":[{"@type":"WebPage","@id":"https:\/\/www.saltpepper.fr\/produit\/lot-de-1-sel-et-1-poivre-au-choix\/","url":"https:\/\/www.saltpepper.fr\/produit\/lot-de-1-sel-et-1-poivre-au-choix\/","name":"Duo D\u00e9couverte - 1 Sel & 1 Poivre au choix - Salt &amp; Pepper","isPartOf":{"@id":"https:\/\/www.saltpepper.fr\/#website"},"primaryImageOfPage":{"@id":"https:\/\/www.saltpepper.fr\/produit\/lot-de-1-sel-et-1-poivre-au-choix\/#primaryimage"},"image":{"@id":"https:\/\/www.saltpepper.fr\/produit\/lot-de-1-sel-et-1-poivre-au-choix\/#primaryimage"},"thumbnailUrl":"https:\/\/www.saltpepper.fr\/wp-content\/uploads\/2026\/02\/Copie-de-Invitation-anniversaire-40ans-passeport-drole.png","datePublished":"2026-02-26T10:23:10+00:00","dateModified":"2026-05-12T12:48:34+00:00","breadcrumb":{"@id":"https:\/\/www.saltpepper.fr\/produit\/lot-de-1-sel-et-1-poivre-au-choix\/#breadcrumb"},"inLanguage":"en-US","potentialAction":[{"@type":"ReadAction","target":["https:\/\/www.saltpepper.fr\/produit\/lot-de-1-sel-et-1-poivre-au-choix\/"]}]},{"@type":"ImageObject","inLanguage":"en-US","@id":"https:\/\/www.saltpepper.fr\/produit\/lot-de-1-sel-et-1-poivre-au-choix\/#primaryimage","url":"https:\/\/www.saltpepper.fr\/wp-content\/uploads\/2026\/02\/Copie-de-Invitation-anniversaire-40ans-passeport-drole.png","contentUrl":"https:\/\/www.saltpepper.fr\/wp-content\/uploads\/2026\/02\/Copie-de-Invitation-anniversaire-40ans-passeport-drole.png","width":1080,"height":1080,"caption":"Duo D\u00e9couverte : un sel marin et un poivre au choix en sachets refermables, \u00e9tiquettes noires et blanches pour workshop."},{"@type":"BreadcrumbList","@id":"https:\/\/www.saltpepper.fr\/produit\/lot-de-1-sel-et-1-poivre-au-choix\/#breadcrumb","itemListElement":[{"@type":"ListItem","position":1,"name":"Accueil","item":"https:\/\/www.saltpepper.fr\/"},{"@type":"ListItem","position":2,"name":"Cours de cuisine","item":"https:\/\/www.saltpepper.fr\/cours-de-cuisine\/"},{"@type":"ListItem","position":3,"name":"Duo D\u00e9couverte &#8211; 1 Sel &#038; 1 Poivre au choix"}]},{"@type":"WebSite","@id":"https:\/\/www.saltpepper.fr\/#website","url":"https:\/\/www.saltpepper.fr\/","name":"Salt &amp; Pepper","description":"","publisher":{"@id":"https:\/\/www.saltpepper.fr\/#organization"},"potentialAction":[{"@type":"SearchAction","target":{"@type":"EntryPoint","urlTemplate":"https:\/\/www.saltpepper.fr\/?s={search_term_string}"},"query-input":{"@type":"PropertyValueSpecification","valueRequired":true,"valueName":"search_term_string"}}],"inLanguage":"en-US"},{"@type":"Organization","@id":"https:\/\/www.saltpepper.fr\/#organization","name":"Salt &amp; Pepper","url":"https:\/\/www.saltpepper.fr\/","logo":{"@type":"ImageObject","inLanguage":"en-US","@id":"https:\/\/www.saltpepper.fr\/#\/schema\/logo\/image\/","url":"https:\/\/www.saltpepper.fr\/wp-content\/uploads\/2025\/05\/SALTPEPPER_logotype_cuivre_sans_baseline.svg","contentUrl":"https:\/\/www.saltpepper.fr\/wp-content\/uploads\/2025\/05\/SALTPEPPER_logotype_cuivre_sans_baseline.svg","width":1,"height":1,"caption":"Salt & Pepper"},"image":{"@id":"https:\/\/www.saltpepper.fr\/#\/schema\/logo\/image\/"},"sameAs":["https:\/\/www.facebook.com\/saltandpepper.dijon\/","https:\/\/www.instagram.com\/saltpepper.dijon\/","https:\/\/www.linkedin.com\/company\/salt-and-pepper-dijon\/"]}]}},"jetpack_sharing_enabled":true,"_links":{"self":[{"href":"https:\/\/www.saltpepper.fr\/en\/wp-json\/wp\/v2\/product\/2835","targetHints":{"allow":["GET"]}}],"collection":[{"href":"https:\/\/www.saltpepper.fr\/en\/wp-json\/wp\/v2\/product"}],"about":[{"href":"https:\/\/www.saltpepper.fr\/en\/wp-json\/wp\/v2\/types\/product"}],"wp:featuredmedia":[{"embeddable":true,"href":"https:\/\/www.saltpepper.fr\/en\/wp-json\/wp\/v2\/media\/2836"}],"wp:attachment":[{"href":"https:\/\/www.saltpepper.fr\/en\/wp-json\/wp\/v2\/media?parent=2835"}],"wp:term":[{"taxonomy":"duree","embeddable":true,"href":"https:\/\/www.saltpepper.fr\/en\/wp-json\/wp\/v2\/duree?post=2835"},{"taxonomy":"nom-de-cours","embeddable":true,"href":"https:\/\/www.saltpepper.fr\/en\/wp-json\/wp\/v2\/nom-de-cours?post=2835"},{"taxonomy":"thematique","embeddable":true,"href":"https:\/\/www.saltpepper.fr\/en\/wp-json\/wp\/v2\/thematique?post=2835"},{"taxonomy":"product_brand","embeddable":true,"href":"https:\/\/www.saltpepper.fr\/en\/wp-json\/wp\/v2\/product_brand?post=2835"},{"taxonomy":"product_cat","embeddable":true,"href":"https:\/\/www.saltpepper.fr\/en\/wp-json\/wp\/v2\/product_cat?post=2835"},{"taxonomy":"product_tag","embeddable":true,"href":"https:\/\/www.saltpepper.fr\/en\/wp-json\/wp\/v2\/product_tag?post=2835"}],"curies":[{"name":"wp","href":"https:\/\/api.w.org\/{rel}","templated":true}]}}