{"id":2697,"date":"2026-02-15T11:15:50","date_gmt":"2026-02-15T10:15:50","guid":{"rendered":"https:\/\/www.saltpepper.fr\/?post_type=product&#038;p=2697"},"modified":"2026-05-06T11:55:53","modified_gmt":"2026-05-06T09:55:53","slug":"30-05-10h-atelier-menu-de-la-mer","status":"publish","type":"product","link":"https:\/\/www.saltpepper.fr\/en\/produit\/30-05-10h-atelier-menu-de-la-mer\/","title":{"rendered":"30\/05 &#8211; 10h &#8211; Atelier Menu De La Mer"},"content":{"rendered":"<div class=\"re-c-1rb9ga1\">\n<div class=\"re-c-1rb9ga1\">\n<div class=\"re-c-1rb9ga1\">\n<div class=\"re-c-1rb9ga1\">\n<div class=\"re-c-1rb9ga1\">\n<div class=\"re-c-1rb9ga1\">\n<div class=\"min-h-8 text-message relative flex w-full flex-col items-end gap-2 text-start break-words whitespace-normal [.text-message+&amp;]:mt-1\" dir=\"auto\" data-message-author-role=\"assistant\" data-message-id=\"4e19148c-f8f3-48dd-a9f0-fc2a423ea78f\" data-message-model-slug=\"gpt-5-2\">\n<div class=\"flex w-full flex-col gap-1 empty:hidden first:pt-[1px]\">\n<div class=\"markdown prose dark:prose-invert w-full wrap-break-word dark markdown-new-styling\">\n<p data-start=\"92\" data-end=\"300\">Plongez dans l\u2019univers iod\u00e9 d\u2019un menu enti\u00e8rement d\u00e9di\u00e9 aux produits de la mer. Poissons, coquillages et crustac\u00e9s seront au c\u0153ur de cet atelier, o\u00f9 finesse des cuissons et respect du produit sont essentiels.<\/p>\n<p data-start=\"302\" data-end=\"596\">Lors de cet atelier, vous r\u00e9aliserez un menu\u00a0mettant \u00e0 l\u2019honneur la fra\u00eecheur et la d\u00e9licatesse des saveurs marines. L\u2019objectif est d\u2019apprendre \u00e0 travailler les produits de la mer avec pr\u00e9cision, en ma\u00eetrisant les gestes techniques et les \u00e9quilibres aromatiques.<\/p>\n<ul>\n<li data-start=\"1004\" data-end=\"1095\"><strong data-start=\"1004\" data-end=\"1036\">La ma\u00eetrise des pr\u00e9parations<\/strong> : d\u00e9coupe, parage et manipulation des produits de la mer<\/li>\n<li data-start=\"1004\" data-end=\"1095\"><strong data-start=\"1098\" data-end=\"1123\">Les cuissons pr\u00e9cises<\/strong> : obtenir une chair nacr\u00e9e, tendre et savoureuse<\/li>\n<li data-start=\"1004\" data-end=\"1095\"><strong data-start=\"1177\" data-end=\"1210\">L\u2019\u00e9quilibre iod\u00e9 &amp; aromatique<\/strong> : associer sauces, herbes et garnitures sans masquer la finesse du produit<\/li>\n<\/ul>\n<\/div>\n<\/div>\n<\/div>\n<\/div>\n<\/div>\n<\/div>\n<\/div>\n<\/div>\n<div class=\"re-c-1rb9ga1\"><\/div>\n<\/div>\n","protected":false},"excerpt":{"rendered":"<div class=\"re-c-1rb9ga1\">\n<h5><strong>Entrance<\/strong>\u00a0Ceviche Langoustine Shrimp Mango<\/h5>\n<h5><strong>Plate<\/strong>\u00a0Albacore Tuna Tataki, Nori Chips, Seasoned Rice, and Edamame<\/h5>\n<h5><strong>Dessert<\/strong>\u00a0Seaside Panna Cotta<\/h5>\n<\/div>","protected":false},"featured_media":2698,"template":"","meta":{"_acf_changed":false},"duree":[32],"nom-de-cours":[104],"thematique":[64],"product_brand":[],"product_cat":[68],"product_tag":[],"class_list":{"0":"post-2697","1":"product","2":"type-product","3":"status-publish","4":"has-post-thumbnail","6":"duree-4h","7":"nom-de-cours-atelier-menu-de-la-mer","8":"thematique-cuisine-francaise","9":"product_cat-cuisine","11":"first","12":"outofstock","13":"virtual","14":"taxable","15":"purchasable","16":"product-type-simple"},"acf":[],"yoast_head":"<!-- This site is optimized with the Yoast SEO plugin v27.5 - https:\/\/yoast.com\/product\/yoast-seo-wordpress\/ -->\n<title>30\/05 - 10h - Atelier Menu De La Mer - Salt &amp; Pepper<\/title>\n<meta name=\"robots\" content=\"noindex, follow\" \/>\n<meta property=\"og:locale\" content=\"en_US\" \/>\n<meta property=\"og:type\" content=\"article\" \/>\n<meta property=\"og:title\" content=\"30\/05 - 10h - Atelier Menu De La Mer - Salt &amp; Pepper\" \/>\n<meta property=\"og:description\" content=\"Entr\u00e9e\u00a0: Ceviche Langoustines Crevette Mangue Plat\u00a0: Tataki de Thon Albacore, Chips de Nori, Riz Vinaigr\u00e9 et Edamame Dessert\u00a0: Panacotta aux Couleurs de la Mer\" \/>\n<meta property=\"og:url\" content=\"https:\/\/www.saltpepper.fr\/en\/product\/30-05-10h-atelier-menu-de-la-mer\/\" \/>\n<meta property=\"og:site_name\" content=\"Salt &amp; Pepper\" \/>\n<meta property=\"article:publisher\" content=\"https:\/\/www.facebook.com\/saltandpepper.dijon\/\" \/>\n<meta property=\"article:modified_time\" content=\"2026-05-06T09:55:53+00:00\" \/>\n<meta property=\"og:image\" content=\"https:\/\/www.saltpepper.fr\/wp-content\/uploads\/2026\/02\/ChatGPT-Image-15-fevr.-2026-a-11_19_04-1024x683.png\" \/>\n\t<meta property=\"og:image:width\" content=\"1024\" \/>\n\t<meta property=\"og:image:height\" content=\"683\" \/>\n\t<meta property=\"og:image:type\" content=\"image\/png\" \/>\n<meta name=\"twitter:card\" content=\"summary_large_image\" \/>\n<meta name=\"twitter:label1\" content=\"Est. reading time\" \/>\n\t<meta name=\"twitter:data1\" content=\"1 minute\" \/>\n<script type=\"application\/ld+json\" class=\"yoast-schema-graph\">{\"@context\":\"https:\\\/\\\/schema.org\",\"@graph\":[{\"@type\":\"WebPage\",\"@id\":\"https:\\\/\\\/www.saltpepper.fr\\\/produit\\\/30-05-10h-atelier-menu-de-la-mer\\\/\",\"url\":\"https:\\\/\\\/www.saltpepper.fr\\\/produit\\\/30-05-10h-atelier-menu-de-la-mer\\\/\",\"name\":\"30\\\/05 - 10h - Atelier Menu De La Mer - Salt &amp; Pepper\",\"isPartOf\":{\"@id\":\"https:\\\/\\\/www.saltpepper.fr\\\/#website\"},\"primaryImageOfPage\":{\"@id\":\"https:\\\/\\\/www.saltpepper.fr\\\/produit\\\/30-05-10h-atelier-menu-de-la-mer\\\/#primaryimage\"},\"image\":{\"@id\":\"https:\\\/\\\/www.saltpepper.fr\\\/produit\\\/30-05-10h-atelier-menu-de-la-mer\\\/#primaryimage\"},\"thumbnailUrl\":\"https:\\\/\\\/www.saltpepper.fr\\\/wp-content\\\/uploads\\\/2026\\\/02\\\/ChatGPT-Image-15-fevr.-2026-a-11_19_04.png\",\"datePublished\":\"2026-02-15T10:15:50+00:00\",\"dateModified\":\"2026-05-06T09:55:53+00:00\",\"breadcrumb\":{\"@id\":\"https:\\\/\\\/www.saltpepper.fr\\\/produit\\\/30-05-10h-atelier-menu-de-la-mer\\\/#breadcrumb\"},\"inLanguage\":\"en-US\",\"potentialAction\":[{\"@type\":\"ReadAction\",\"target\":[\"https:\\\/\\\/www.saltpepper.fr\\\/produit\\\/30-05-10h-atelier-menu-de-la-mer\\\/\"]}]},{\"@type\":\"ImageObject\",\"inLanguage\":\"en-US\",\"@id\":\"https:\\\/\\\/www.saltpepper.fr\\\/produit\\\/30-05-10h-atelier-menu-de-la-mer\\\/#primaryimage\",\"url\":\"https:\\\/\\\/www.saltpepper.fr\\\/wp-content\\\/uploads\\\/2026\\\/02\\\/ChatGPT-Image-15-fevr.-2026-a-11_19_04.png\",\"contentUrl\":\"https:\\\/\\\/www.saltpepper.fr\\\/wp-content\\\/uploads\\\/2026\\\/02\\\/ChatGPT-Image-15-fevr.-2026-a-11_19_04.png\",\"width\":1536,\"height\":1024,\"caption\":\"Thon mi-cuit, riz, algue, edamame et salade de crevettes \u00e0 la moutarde servis en atelier culinaire avec vins blancs.\"},{\"@type\":\"BreadcrumbList\",\"@id\":\"https:\\\/\\\/www.saltpepper.fr\\\/produit\\\/30-05-10h-atelier-menu-de-la-mer\\\/#breadcrumb\",\"itemListElement\":[{\"@type\":\"ListItem\",\"position\":1,\"name\":\"Accueil\",\"item\":\"https:\\\/\\\/www.saltpepper.fr\\\/\"},{\"@type\":\"ListItem\",\"position\":2,\"name\":\"Cours de cuisine\",\"item\":\"https:\\\/\\\/www.saltpepper.fr\\\/cours-de-cuisine\\\/\"},{\"@type\":\"ListItem\",\"position\":3,\"name\":\"30\\\/05 &#8211; 10h &#8211; Atelier Menu De La Mer\"}]},{\"@type\":\"WebSite\",\"@id\":\"https:\\\/\\\/www.saltpepper.fr\\\/#website\",\"url\":\"https:\\\/\\\/www.saltpepper.fr\\\/\",\"name\":\"Salt & Pepper\",\"description\":\"\",\"publisher\":{\"@id\":\"https:\\\/\\\/www.saltpepper.fr\\\/#organization\"},\"potentialAction\":[{\"@type\":\"SearchAction\",\"target\":{\"@type\":\"EntryPoint\",\"urlTemplate\":\"https:\\\/\\\/www.saltpepper.fr\\\/?s={search_term_string}\"},\"query-input\":{\"@type\":\"PropertyValueSpecification\",\"valueRequired\":true,\"valueName\":\"search_term_string\"}}],\"inLanguage\":\"en-US\"},{\"@type\":\"Organization\",\"@id\":\"https:\\\/\\\/www.saltpepper.fr\\\/#organization\",\"name\":\"Salt & Pepper\",\"url\":\"https:\\\/\\\/www.saltpepper.fr\\\/\",\"logo\":{\"@type\":\"ImageObject\",\"inLanguage\":\"en-US\",\"@id\":\"https:\\\/\\\/www.saltpepper.fr\\\/#\\\/schema\\\/logo\\\/image\\\/\",\"url\":\"https:\\\/\\\/www.saltpepper.fr\\\/wp-content\\\/uploads\\\/2025\\\/05\\\/SALTPEPPER_logotype_cuivre_sans_baseline.svg\",\"contentUrl\":\"https:\\\/\\\/www.saltpepper.fr\\\/wp-content\\\/uploads\\\/2025\\\/05\\\/SALTPEPPER_logotype_cuivre_sans_baseline.svg\",\"width\":1,\"height\":1,\"caption\":\"Salt & Pepper\"},\"image\":{\"@id\":\"https:\\\/\\\/www.saltpepper.fr\\\/#\\\/schema\\\/logo\\\/image\\\/\"},\"sameAs\":[\"https:\\\/\\\/www.facebook.com\\\/saltandpepper.dijon\\\/\",\"https:\\\/\\\/www.instagram.com\\\/saltpepper.dijon\\\/\",\"https:\\\/\\\/www.linkedin.com\\\/company\\\/salt-and-pepper-dijon\\\/\"]}]}<\/script>\n<!-- \/ Yoast SEO plugin. -->","yoast_head_json":{"title":"30\/05 - 10h - Atelier Menu De La Mer - Salt &amp; Pepper","robots":{"index":"noindex","follow":"follow"},"og_locale":"en_US","og_type":"article","og_title":"30\/05 - 10h - Atelier Menu De La Mer - Salt &amp; Pepper","og_description":"Entr\u00e9e\u00a0: Ceviche Langoustines Crevette Mangue Plat\u00a0: Tataki de Thon Albacore, Chips de Nori, Riz Vinaigr\u00e9 et Edamame Dessert\u00a0: Panacotta aux Couleurs de la Mer","og_url":"https:\/\/www.saltpepper.fr\/en\/product\/30-05-10h-atelier-menu-de-la-mer\/","og_site_name":"Salt &amp; Pepper","article_publisher":"https:\/\/www.facebook.com\/saltandpepper.dijon\/","article_modified_time":"2026-05-06T09:55:53+00:00","og_image":[{"width":1024,"height":683,"url":"https:\/\/www.saltpepper.fr\/wp-content\/uploads\/2026\/02\/ChatGPT-Image-15-fevr.-2026-a-11_19_04-1024x683.png","type":"image\/png"}],"twitter_card":"summary_large_image","twitter_misc":{"Est. reading time":"1 minute"},"schema":{"@context":"https:\/\/schema.org","@graph":[{"@type":"WebPage","@id":"https:\/\/www.saltpepper.fr\/produit\/30-05-10h-atelier-menu-de-la-mer\/","url":"https:\/\/www.saltpepper.fr\/produit\/30-05-10h-atelier-menu-de-la-mer\/","name":"30\/05 - 10h - Atelier Menu De La Mer - Salt &amp; Pepper","isPartOf":{"@id":"https:\/\/www.saltpepper.fr\/#website"},"primaryImageOfPage":{"@id":"https:\/\/www.saltpepper.fr\/produit\/30-05-10h-atelier-menu-de-la-mer\/#primaryimage"},"image":{"@id":"https:\/\/www.saltpepper.fr\/produit\/30-05-10h-atelier-menu-de-la-mer\/#primaryimage"},"thumbnailUrl":"https:\/\/www.saltpepper.fr\/wp-content\/uploads\/2026\/02\/ChatGPT-Image-15-fevr.-2026-a-11_19_04.png","datePublished":"2026-02-15T10:15:50+00:00","dateModified":"2026-05-06T09:55:53+00:00","breadcrumb":{"@id":"https:\/\/www.saltpepper.fr\/produit\/30-05-10h-atelier-menu-de-la-mer\/#breadcrumb"},"inLanguage":"en-US","potentialAction":[{"@type":"ReadAction","target":["https:\/\/www.saltpepper.fr\/produit\/30-05-10h-atelier-menu-de-la-mer\/"]}]},{"@type":"ImageObject","inLanguage":"en-US","@id":"https:\/\/www.saltpepper.fr\/produit\/30-05-10h-atelier-menu-de-la-mer\/#primaryimage","url":"https:\/\/www.saltpepper.fr\/wp-content\/uploads\/2026\/02\/ChatGPT-Image-15-fevr.-2026-a-11_19_04.png","contentUrl":"https:\/\/www.saltpepper.fr\/wp-content\/uploads\/2026\/02\/ChatGPT-Image-15-fevr.-2026-a-11_19_04.png","width":1536,"height":1024,"caption":"Thon mi-cuit, riz, algue, edamame et salade de crevettes \u00e0 la moutarde servis en atelier culinaire avec vins blancs."},{"@type":"BreadcrumbList","@id":"https:\/\/www.saltpepper.fr\/produit\/30-05-10h-atelier-menu-de-la-mer\/#breadcrumb","itemListElement":[{"@type":"ListItem","position":1,"name":"Accueil","item":"https:\/\/www.saltpepper.fr\/"},{"@type":"ListItem","position":2,"name":"Cours de cuisine","item":"https:\/\/www.saltpepper.fr\/cours-de-cuisine\/"},{"@type":"ListItem","position":3,"name":"30\/05 &#8211; 10h &#8211; Atelier Menu De La Mer"}]},{"@type":"WebSite","@id":"https:\/\/www.saltpepper.fr\/#website","url":"https:\/\/www.saltpepper.fr\/","name":"Salt &amp; Pepper","description":"","publisher":{"@id":"https:\/\/www.saltpepper.fr\/#organization"},"potentialAction":[{"@type":"SearchAction","target":{"@type":"EntryPoint","urlTemplate":"https:\/\/www.saltpepper.fr\/?s={search_term_string}"},"query-input":{"@type":"PropertyValueSpecification","valueRequired":true,"valueName":"search_term_string"}}],"inLanguage":"en-US"},{"@type":"Organization","@id":"https:\/\/www.saltpepper.fr\/#organization","name":"Salt &amp; Pepper","url":"https:\/\/www.saltpepper.fr\/","logo":{"@type":"ImageObject","inLanguage":"en-US","@id":"https:\/\/www.saltpepper.fr\/#\/schema\/logo\/image\/","url":"https:\/\/www.saltpepper.fr\/wp-content\/uploads\/2025\/05\/SALTPEPPER_logotype_cuivre_sans_baseline.svg","contentUrl":"https:\/\/www.saltpepper.fr\/wp-content\/uploads\/2025\/05\/SALTPEPPER_logotype_cuivre_sans_baseline.svg","width":1,"height":1,"caption":"Salt & Pepper"},"image":{"@id":"https:\/\/www.saltpepper.fr\/#\/schema\/logo\/image\/"},"sameAs":["https:\/\/www.facebook.com\/saltandpepper.dijon\/","https:\/\/www.instagram.com\/saltpepper.dijon\/","https:\/\/www.linkedin.com\/company\/salt-and-pepper-dijon\/"]}]}},"jetpack_sharing_enabled":true,"_links":{"self":[{"href":"https:\/\/www.saltpepper.fr\/en\/wp-json\/wp\/v2\/product\/2697","targetHints":{"allow":["GET"]}}],"collection":[{"href":"https:\/\/www.saltpepper.fr\/en\/wp-json\/wp\/v2\/product"}],"about":[{"href":"https:\/\/www.saltpepper.fr\/en\/wp-json\/wp\/v2\/types\/product"}],"wp:featuredmedia":[{"embeddable":true,"href":"https:\/\/www.saltpepper.fr\/en\/wp-json\/wp\/v2\/media\/2698"}],"wp:attachment":[{"href":"https:\/\/www.saltpepper.fr\/en\/wp-json\/wp\/v2\/media?parent=2697"}],"wp:term":[{"taxonomy":"duree","embeddable":true,"href":"https:\/\/www.saltpepper.fr\/en\/wp-json\/wp\/v2\/duree?post=2697"},{"taxonomy":"nom-de-cours","embeddable":true,"href":"https:\/\/www.saltpepper.fr\/en\/wp-json\/wp\/v2\/nom-de-cours?post=2697"},{"taxonomy":"thematique","embeddable":true,"href":"https:\/\/www.saltpepper.fr\/en\/wp-json\/wp\/v2\/thematique?post=2697"},{"taxonomy":"product_brand","embeddable":true,"href":"https:\/\/www.saltpepper.fr\/en\/wp-json\/wp\/v2\/product_brand?post=2697"},{"taxonomy":"product_cat","embeddable":true,"href":"https:\/\/www.saltpepper.fr\/en\/wp-json\/wp\/v2\/product_cat?post=2697"},{"taxonomy":"product_tag","embeddable":true,"href":"https:\/\/www.saltpepper.fr\/en\/wp-json\/wp\/v2\/product_tag?post=2697"}],"curies":[{"name":"wp","href":"https:\/\/api.w.org\/{rel}","templated":true}]}}