{"id":2695,"date":"2026-02-15T10:41:17","date_gmt":"2026-02-15T09:41:17","guid":{"rendered":"https:\/\/www.saltpepper.fr\/?post_type=product&#038;p=2695"},"modified":"2026-05-06T11:55:59","modified_gmt":"2026-05-06T09:55:59","slug":"30-05-18h-atelier-menu-autour-du-poivre","status":"publish","type":"product","link":"https:\/\/www.saltpepper.fr\/en\/produit\/30-05-18h-atelier-menu-autour-du-poivre\/","title":{"rendered":"30\/05 &#8211; 18h &#8211; Atelier Menu Autour Du Poivre"},"content":{"rendered":"<div class=\"re-c-1rb9ga1\">\n<div class=\"re-c-1rb9ga1\">\n<div class=\"re-c-1rb9ga1\">\n<div class=\"re-c-1rb9ga1\">\n<div class=\"re-c-1rb9ga1\">\n<div class=\"re-c-1rb9ga1\">\n<div class=\"min-h-8 text-message relative flex w-full flex-col items-end gap-2 text-start break-words whitespace-normal [.text-message+&amp;]:mt-1\" dir=\"auto\" data-message-author-role=\"assistant\" data-message-id=\"4e19148c-f8f3-48dd-a9f0-fc2a423ea78f\" data-message-model-slug=\"gpt-5-2\">\n<div class=\"flex w-full flex-col gap-1 empty:hidden first:pt-[1px]\">\n<div class=\"markdown prose dark:prose-invert w-full wrap-break-word dark markdown-new-styling\">\n<p data-start=\"100\" data-end=\"301\">Le poivre est bien plus qu\u2019un simple assaisonnement : c\u2019est une \u00e9pice noble, complexe et expressive. Noir, blanc, vert ou rouge, chaque vari\u00e9t\u00e9 poss\u00e8de son identit\u00e9 aromatique, sa force et ses nuances.<\/p>\n<p data-start=\"303\" data-end=\"590\">Lors de cet atelier, vous apprendrez \u00e0 construire un menu autour du poivre, en explorant ses diff\u00e9rentes origines et ses profils gustatifs. L\u2019objectif est de comprendre comment l\u2019utiliser avec justesse, sans masquer le produit mais en r\u00e9v\u00e9lant ses ar\u00f4mes.<\/p>\n<p data-start=\"592\" data-end=\"774\">Vous d\u00e9couvrirez comment torr\u00e9fier, moudre, infuser ou concasser le poivre selon l\u2019effet recherch\u00e9, et comment l\u2019int\u00e9grer \u00e0 chaque \u00e9tape d\u2019un plat pour cr\u00e9er profondeur et \u00e9quilibre.<\/p>\n<p data-start=\"776\" data-end=\"895\">Un atelier raffin\u00e9 et surprenant, pour red\u00e9couvrir cette \u00e9pice incontournable sous un angle technique et gastronomique.<\/p>\n<\/div>\n<\/div>\n<\/div>\n<\/div>\n<\/div>\n<\/div>\n<\/div>\n<\/div>\n<div class=\"re-c-1rb9ga1\">\n<ul>\n<li data-start=\"946\" data-end=\"1046\"><strong data-start=\"946\" data-end=\"987\">La d\u00e9couverte des vari\u00e9t\u00e9s &amp; origines<\/strong> : comprendre les diff\u00e9rences aromatiques et leurs usages<\/li>\n<li data-start=\"946\" data-end=\"1046\"><strong data-start=\"1049\" data-end=\"1081\">Les techniques d\u2019utilisation<\/strong> : torr\u00e9faction, infusion, mouture et dosage pr\u00e9cis<\/li>\n<li data-start=\"946\" data-end=\"1046\"><strong data-start=\"1137\" data-end=\"1165\">L\u2019\u00e9quilibre dans le menu<\/strong> : int\u00e9grer le poivre \u00e0 chaque plat sans dominer, mais en r\u00e9v\u00e9lant les saveurs<\/li>\n<\/ul>\n<\/div>\n<\/div>\n","protected":false},"excerpt":{"rendered":"<div class=\"re-c-1rb9ga1\">\n<p>In this workshop, you will learn how to build a menu around pepper, exploring its different origins and flavor profiles. The goal is to understand how to use it judiciously, without overpowering the product but rather by revealing its aromas.<\/p>\n<\/div>\n<p>&nbsp;<\/p>","protected":false},"featured_media":2696,"template":"","meta":{"_acf_changed":false},"duree":[32],"nom-de-cours":[103],"thematique":[64],"product_brand":[],"product_cat":[68],"product_tag":[],"class_list":{"0":"post-2695","1":"product","2":"type-product","3":"status-publish","4":"has-post-thumbnail","6":"duree-4h","7":"nom-de-cours-atelier-menu-autour-du-poivre","8":"thematique-cuisine-francaise","9":"product_cat-cuisine","11":"first","12":"instock","13":"virtual","14":"taxable","15":"purchasable","16":"product-type-simple"},"acf":[],"yoast_head":"<!-- This site is optimized with the Yoast SEO plugin v27.5 - https:\/\/yoast.com\/product\/yoast-seo-wordpress\/ -->\n<title>30\/05 - 18h - Atelier Menu Autour Du Poivre - Salt &amp; Pepper<\/title>\n<meta name=\"robots\" content=\"noindex, follow\" \/>\n<meta property=\"og:locale\" content=\"en_US\" \/>\n<meta property=\"og:type\" content=\"article\" \/>\n<meta property=\"og:title\" content=\"30\/05 - 18h - Atelier Menu Autour Du Poivre - Salt &amp; Pepper\" \/>\n<meta property=\"og:description\" content=\"Lors de cet atelier, vous apprendrez \u00e0 construire un menu autour du poivre, en explorant ses diff\u00e9rentes origines et ses profils gustatifs. L\u2019objectif est de comprendre comment l\u2019utiliser avec justesse, sans masquer le produit mais en r\u00e9v\u00e9lant ses ar\u00f4mes.   &nbsp;\" \/>\n<meta property=\"og:url\" content=\"https:\/\/www.saltpepper.fr\/en\/product\/30-05-18h-atelier-menu-autour-du-poivre\/\" \/>\n<meta property=\"og:site_name\" content=\"Salt &amp; Pepper\" \/>\n<meta property=\"article:publisher\" content=\"https:\/\/www.facebook.com\/saltandpepper.dijon\/\" \/>\n<meta property=\"article:modified_time\" content=\"2026-05-06T09:55:59+00:00\" \/>\n<meta property=\"og:image\" content=\"https:\/\/www.saltpepper.fr\/wp-content\/uploads\/2026\/02\/ChatGPT-Image-15-fevr.-2026-a-10_44_35-1024x683.png\" \/>\n\t<meta property=\"og:image:width\" content=\"1024\" \/>\n\t<meta property=\"og:image:height\" content=\"683\" \/>\n\t<meta property=\"og:image:type\" content=\"image\/png\" \/>\n<meta name=\"twitter:card\" content=\"summary_large_image\" \/>\n<meta name=\"twitter:label1\" content=\"Est. reading time\" \/>\n\t<meta name=\"twitter:data1\" content=\"1 minute\" \/>\n<script type=\"application\/ld+json\" class=\"yoast-schema-graph\">{\"@context\":\"https:\\\/\\\/schema.org\",\"@graph\":[{\"@type\":\"WebPage\",\"@id\":\"https:\\\/\\\/www.saltpepper.fr\\\/produit\\\/30-05-18h-atelier-menu-autour-du-poivre\\\/\",\"url\":\"https:\\\/\\\/www.saltpepper.fr\\\/produit\\\/30-05-18h-atelier-menu-autour-du-poivre\\\/\",\"name\":\"30\\\/05 - 18h - Atelier Menu Autour Du Poivre - Salt &amp; Pepper\",\"isPartOf\":{\"@id\":\"https:\\\/\\\/www.saltpepper.fr\\\/#website\"},\"primaryImageOfPage\":{\"@id\":\"https:\\\/\\\/www.saltpepper.fr\\\/produit\\\/30-05-18h-atelier-menu-autour-du-poivre\\\/#primaryimage\"},\"image\":{\"@id\":\"https:\\\/\\\/www.saltpepper.fr\\\/produit\\\/30-05-18h-atelier-menu-autour-du-poivre\\\/#primaryimage\"},\"thumbnailUrl\":\"https:\\\/\\\/www.saltpepper.fr\\\/wp-content\\\/uploads\\\/2026\\\/02\\\/ChatGPT-Image-15-fevr.-2026-a-10_44_35.png\",\"datePublished\":\"2026-02-15T09:41:17+00:00\",\"dateModified\":\"2026-05-06T09:55:59+00:00\",\"breadcrumb\":{\"@id\":\"https:\\\/\\\/www.saltpepper.fr\\\/produit\\\/30-05-18h-atelier-menu-autour-du-poivre\\\/#breadcrumb\"},\"inLanguage\":\"en-US\",\"potentialAction\":[{\"@type\":\"ReadAction\",\"target\":[\"https:\\\/\\\/www.saltpepper.fr\\\/produit\\\/30-05-18h-atelier-menu-autour-du-poivre\\\/\"]}]},{\"@type\":\"ImageObject\",\"inLanguage\":\"en-US\",\"@id\":\"https:\\\/\\\/www.saltpepper.fr\\\/produit\\\/30-05-18h-atelier-menu-autour-du-poivre\\\/#primaryimage\",\"url\":\"https:\\\/\\\/www.saltpepper.fr\\\/wp-content\\\/uploads\\\/2026\\\/02\\\/ChatGPT-Image-15-fevr.-2026-a-10_44_35.png\",\"contentUrl\":\"https:\\\/\\\/www.saltpepper.fr\\\/wp-content\\\/uploads\\\/2026\\\/02\\\/ChatGPT-Image-15-fevr.-2026-a-10_44_35.png\",\"width\":1536,\"height\":1024,\"caption\":\"P\u00e2tes aux crevettes, steak sauce poivre, pommes de terre r\u00f4ties, vins blancs, dessert chocolat\u00e9 lors d'un atelier culinaire.\"},{\"@type\":\"BreadcrumbList\",\"@id\":\"https:\\\/\\\/www.saltpepper.fr\\\/produit\\\/30-05-18h-atelier-menu-autour-du-poivre\\\/#breadcrumb\",\"itemListElement\":[{\"@type\":\"ListItem\",\"position\":1,\"name\":\"Accueil\",\"item\":\"https:\\\/\\\/www.saltpepper.fr\\\/\"},{\"@type\":\"ListItem\",\"position\":2,\"name\":\"Cours de cuisine\",\"item\":\"https:\\\/\\\/www.saltpepper.fr\\\/cours-de-cuisine\\\/\"},{\"@type\":\"ListItem\",\"position\":3,\"name\":\"30\\\/05 &#8211; 18h &#8211; Atelier Menu Autour Du Poivre\"}]},{\"@type\":\"WebSite\",\"@id\":\"https:\\\/\\\/www.saltpepper.fr\\\/#website\",\"url\":\"https:\\\/\\\/www.saltpepper.fr\\\/\",\"name\":\"Salt & Pepper\",\"description\":\"\",\"publisher\":{\"@id\":\"https:\\\/\\\/www.saltpepper.fr\\\/#organization\"},\"potentialAction\":[{\"@type\":\"SearchAction\",\"target\":{\"@type\":\"EntryPoint\",\"urlTemplate\":\"https:\\\/\\\/www.saltpepper.fr\\\/?s={search_term_string}\"},\"query-input\":{\"@type\":\"PropertyValueSpecification\",\"valueRequired\":true,\"valueName\":\"search_term_string\"}}],\"inLanguage\":\"en-US\"},{\"@type\":\"Organization\",\"@id\":\"https:\\\/\\\/www.saltpepper.fr\\\/#organization\",\"name\":\"Salt & Pepper\",\"url\":\"https:\\\/\\\/www.saltpepper.fr\\\/\",\"logo\":{\"@type\":\"ImageObject\",\"inLanguage\":\"en-US\",\"@id\":\"https:\\\/\\\/www.saltpepper.fr\\\/#\\\/schema\\\/logo\\\/image\\\/\",\"url\":\"https:\\\/\\\/www.saltpepper.fr\\\/wp-content\\\/uploads\\\/2025\\\/05\\\/SALTPEPPER_logotype_cuivre_sans_baseline.svg\",\"contentUrl\":\"https:\\\/\\\/www.saltpepper.fr\\\/wp-content\\\/uploads\\\/2025\\\/05\\\/SALTPEPPER_logotype_cuivre_sans_baseline.svg\",\"width\":1,\"height\":1,\"caption\":\"Salt & Pepper\"},\"image\":{\"@id\":\"https:\\\/\\\/www.saltpepper.fr\\\/#\\\/schema\\\/logo\\\/image\\\/\"},\"sameAs\":[\"https:\\\/\\\/www.facebook.com\\\/saltandpepper.dijon\\\/\",\"https:\\\/\\\/www.instagram.com\\\/saltpepper.dijon\\\/\",\"https:\\\/\\\/www.linkedin.com\\\/company\\\/salt-and-pepper-dijon\\\/\"]}]}<\/script>\n<!-- \/ Yoast SEO plugin. -->","yoast_head_json":{"title":"30\/05 - 18h - Atelier Menu Autour Du Poivre - Salt &amp; Pepper","robots":{"index":"noindex","follow":"follow"},"og_locale":"en_US","og_type":"article","og_title":"30\/05 - 18h - Atelier Menu Autour Du Poivre - Salt &amp; Pepper","og_description":"Lors de cet atelier, vous apprendrez \u00e0 construire un menu autour du poivre, en explorant ses diff\u00e9rentes origines et ses profils gustatifs. L\u2019objectif est de comprendre comment l\u2019utiliser avec justesse, sans masquer le produit mais en r\u00e9v\u00e9lant ses ar\u00f4mes.   &nbsp;","og_url":"https:\/\/www.saltpepper.fr\/en\/product\/30-05-18h-atelier-menu-autour-du-poivre\/","og_site_name":"Salt &amp; Pepper","article_publisher":"https:\/\/www.facebook.com\/saltandpepper.dijon\/","article_modified_time":"2026-05-06T09:55:59+00:00","og_image":[{"width":1024,"height":683,"url":"https:\/\/www.saltpepper.fr\/wp-content\/uploads\/2026\/02\/ChatGPT-Image-15-fevr.-2026-a-10_44_35-1024x683.png","type":"image\/png"}],"twitter_card":"summary_large_image","twitter_misc":{"Est. reading time":"1 minute"},"schema":{"@context":"https:\/\/schema.org","@graph":[{"@type":"WebPage","@id":"https:\/\/www.saltpepper.fr\/produit\/30-05-18h-atelier-menu-autour-du-poivre\/","url":"https:\/\/www.saltpepper.fr\/produit\/30-05-18h-atelier-menu-autour-du-poivre\/","name":"30\/05 - 18h - Atelier Menu Autour Du Poivre - Salt &amp; Pepper","isPartOf":{"@id":"https:\/\/www.saltpepper.fr\/#website"},"primaryImageOfPage":{"@id":"https:\/\/www.saltpepper.fr\/produit\/30-05-18h-atelier-menu-autour-du-poivre\/#primaryimage"},"image":{"@id":"https:\/\/www.saltpepper.fr\/produit\/30-05-18h-atelier-menu-autour-du-poivre\/#primaryimage"},"thumbnailUrl":"https:\/\/www.saltpepper.fr\/wp-content\/uploads\/2026\/02\/ChatGPT-Image-15-fevr.-2026-a-10_44_35.png","datePublished":"2026-02-15T09:41:17+00:00","dateModified":"2026-05-06T09:55:59+00:00","breadcrumb":{"@id":"https:\/\/www.saltpepper.fr\/produit\/30-05-18h-atelier-menu-autour-du-poivre\/#breadcrumb"},"inLanguage":"en-US","potentialAction":[{"@type":"ReadAction","target":["https:\/\/www.saltpepper.fr\/produit\/30-05-18h-atelier-menu-autour-du-poivre\/"]}]},{"@type":"ImageObject","inLanguage":"en-US","@id":"https:\/\/www.saltpepper.fr\/produit\/30-05-18h-atelier-menu-autour-du-poivre\/#primaryimage","url":"https:\/\/www.saltpepper.fr\/wp-content\/uploads\/2026\/02\/ChatGPT-Image-15-fevr.-2026-a-10_44_35.png","contentUrl":"https:\/\/www.saltpepper.fr\/wp-content\/uploads\/2026\/02\/ChatGPT-Image-15-fevr.-2026-a-10_44_35.png","width":1536,"height":1024,"caption":"P\u00e2tes aux crevettes, steak sauce poivre, pommes de terre r\u00f4ties, vins blancs, dessert chocolat\u00e9 lors d'un atelier culinaire."},{"@type":"BreadcrumbList","@id":"https:\/\/www.saltpepper.fr\/produit\/30-05-18h-atelier-menu-autour-du-poivre\/#breadcrumb","itemListElement":[{"@type":"ListItem","position":1,"name":"Accueil","item":"https:\/\/www.saltpepper.fr\/"},{"@type":"ListItem","position":2,"name":"Cours de cuisine","item":"https:\/\/www.saltpepper.fr\/cours-de-cuisine\/"},{"@type":"ListItem","position":3,"name":"30\/05 &#8211; 18h &#8211; Atelier Menu Autour Du Poivre"}]},{"@type":"WebSite","@id":"https:\/\/www.saltpepper.fr\/#website","url":"https:\/\/www.saltpepper.fr\/","name":"Salt &amp; Pepper","description":"","publisher":{"@id":"https:\/\/www.saltpepper.fr\/#organization"},"potentialAction":[{"@type":"SearchAction","target":{"@type":"EntryPoint","urlTemplate":"https:\/\/www.saltpepper.fr\/?s={search_term_string}"},"query-input":{"@type":"PropertyValueSpecification","valueRequired":true,"valueName":"search_term_string"}}],"inLanguage":"en-US"},{"@type":"Organization","@id":"https:\/\/www.saltpepper.fr\/#organization","name":"Salt &amp; Pepper","url":"https:\/\/www.saltpepper.fr\/","logo":{"@type":"ImageObject","inLanguage":"en-US","@id":"https:\/\/www.saltpepper.fr\/#\/schema\/logo\/image\/","url":"https:\/\/www.saltpepper.fr\/wp-content\/uploads\/2025\/05\/SALTPEPPER_logotype_cuivre_sans_baseline.svg","contentUrl":"https:\/\/www.saltpepper.fr\/wp-content\/uploads\/2025\/05\/SALTPEPPER_logotype_cuivre_sans_baseline.svg","width":1,"height":1,"caption":"Salt & Pepper"},"image":{"@id":"https:\/\/www.saltpepper.fr\/#\/schema\/logo\/image\/"},"sameAs":["https:\/\/www.facebook.com\/saltandpepper.dijon\/","https:\/\/www.instagram.com\/saltpepper.dijon\/","https:\/\/www.linkedin.com\/company\/salt-and-pepper-dijon\/"]}]}},"jetpack_sharing_enabled":true,"_links":{"self":[{"href":"https:\/\/www.saltpepper.fr\/en\/wp-json\/wp\/v2\/product\/2695","targetHints":{"allow":["GET"]}}],"collection":[{"href":"https:\/\/www.saltpepper.fr\/en\/wp-json\/wp\/v2\/product"}],"about":[{"href":"https:\/\/www.saltpepper.fr\/en\/wp-json\/wp\/v2\/types\/product"}],"wp:featuredmedia":[{"embeddable":true,"href":"https:\/\/www.saltpepper.fr\/en\/wp-json\/wp\/v2\/media\/2696"}],"wp:attachment":[{"href":"https:\/\/www.saltpepper.fr\/en\/wp-json\/wp\/v2\/media?parent=2695"}],"wp:term":[{"taxonomy":"duree","embeddable":true,"href":"https:\/\/www.saltpepper.fr\/en\/wp-json\/wp\/v2\/duree?post=2695"},{"taxonomy":"nom-de-cours","embeddable":true,"href":"https:\/\/www.saltpepper.fr\/en\/wp-json\/wp\/v2\/nom-de-cours?post=2695"},{"taxonomy":"thematique","embeddable":true,"href":"https:\/\/www.saltpepper.fr\/en\/wp-json\/wp\/v2\/thematique?post=2695"},{"taxonomy":"product_brand","embeddable":true,"href":"https:\/\/www.saltpepper.fr\/en\/wp-json\/wp\/v2\/product_brand?post=2695"},{"taxonomy":"product_cat","embeddable":true,"href":"https:\/\/www.saltpepper.fr\/en\/wp-json\/wp\/v2\/product_cat?post=2695"},{"taxonomy":"product_tag","embeddable":true,"href":"https:\/\/www.saltpepper.fr\/en\/wp-json\/wp\/v2\/product_tag?post=2695"}],"curies":[{"name":"wp","href":"https:\/\/api.w.org\/{rel}","templated":true}]}}