{"id":2693,"date":"2026-02-15T10:33:13","date_gmt":"2026-02-15T09:33:13","guid":{"rendered":"https:\/\/www.saltpepper.fr\/?post_type=product&#038;p=2693"},"modified":"2026-05-06T11:56:07","modified_gmt":"2026-05-06T09:56:07","slug":"29-05-18h-aperitif-creole","status":"publish","type":"product","link":"https:\/\/www.saltpepper.fr\/en\/produit\/29-05-18h-aperitif-creole\/","title":{"rendered":"29\/05 &#8211; 18h &#8211; Aperitivo \u00e0 la Cr\u00e9ole"},"content":{"rendered":"<div class=\"re-c-1rb9ga1\">\n<div class=\"re-c-1rb9ga1\">\n<div class=\"re-c-1rb9ga1\">\n<div class=\"re-c-1rb9ga1\">\n<div class=\"re-c-1rb9ga1\">\n<p data-start=\"96\" data-end=\"328\">Dive into the warm island atmosphere with a workshop dedicated to Creole aperitifs. Amidst fragrant spices, fresh ingredients, and generous recipes, discover how to create a festive moment with West Indian and Reunion Island flavors.<\/p>\n<p data-start=\"330\" data-end=\"639\">Lors de cet atelier, vous apprendrez \u00e0 r\u00e9aliser plusieurs bouch\u00e9es embl\u00e9matiques de la cuisine cr\u00e9ole, en travaillant les bases aromatiques et les assaisonnements qui font toute la richesse de ces traditions culinaires. L\u2019objectif est de comprendre l\u2019\u00e9quilibre entre piment, fra\u00eecheur, acidit\u00e9 et gourmandise.<\/p>\n<p data-start=\"330\" data-end=\"639\">Un atelier dynamique et gourmand pour voyager \u00e0 travers une cuisine chaleureuse et pleine de caract\u00e8re, id\u00e9ale pour recevoir et surprendre.<\/p>\n<\/div>\n<ul>\n<li data-start=\"1002\" data-end=\"1108\"><strong data-start=\"1002\" data-end=\"1047\">La ma\u00eetrise des bases aromatiques cr\u00e9oles<\/strong> : ail, oignon, cives, gingembre, piment et herbes fra\u00eeches<\/li>\n<li data-start=\"1002\" data-end=\"1108\"><strong data-start=\"1111\" data-end=\"1148\">La gestion des \u00e9pices &amp; du piment<\/strong> : \u00e9quilibre entre intensit\u00e9, fra\u00eecheur et rondeur<\/li>\n<li data-start=\"1002\" data-end=\"1108\"><strong data-start=\"1203\" data-end=\"1247\">La technique des pr\u00e9parations \u00e0 partager<\/strong> : fritures l\u00e9g\u00e8res, marinades savoureuses et sauces maison<\/li>\n<\/ul>\n<\/div>\n<\/div>\n<\/div>\n<\/div>","protected":false},"excerpt":{"rendered":"<div class=\"re-c-1rb9ga1\">\n<div class=\"re-c-1rb9ga1\">\n<p>Dive into the warm island atmosphere with a workshop dedicated to Creole aperitifs. Amidst fragrant spices, fresh ingredients, and generous recipes, discover how to create a festive moment with West Indian and Reunion Island flavors.<\/p>\n<\/div>\n<\/div>","protected":false},"featured_media":2694,"template":"","meta":{"_acf_changed":false},"duree":[30],"nom-de-cours":[124],"thematique":[63],"product_brand":[],"product_cat":[68],"product_tag":[],"class_list":{"0":"post-2693","1":"product","2":"type-product","3":"status-publish","4":"has-post-thumbnail","6":"duree-3h","7":"nom-de-cours-aperitivo-a-la-creole","8":"thematique-cuisine-du-monde","9":"product_cat-cuisine","11":"first","12":"instock","13":"virtual","14":"taxable","15":"purchasable","16":"product-type-simple"},"acf":[],"yoast_head":"<!-- This site is optimized with the Yoast SEO plugin v27.5 - https:\/\/yoast.com\/product\/yoast-seo-wordpress\/ -->\n<title>29\/05 - 18h - Aperitivo \u00e0 la Cr\u00e9ole - Salt &amp; Pepper<\/title>\n<meta name=\"robots\" content=\"noindex, follow\" \/>\n<meta property=\"og:locale\" content=\"en_US\" \/>\n<meta property=\"og:type\" content=\"article\" \/>\n<meta property=\"og:title\" content=\"29\/05 - 18h - Aperitivo \u00e0 la Cr\u00e9ole - Salt &amp; Pepper\" \/>\n<meta property=\"og:description\" content=\"Plongez dans l\u2019ambiance chaleureuse des \u00eeles avec un atelier d\u00e9di\u00e9 \u00e0 l\u2019ap\u00e9ritif cr\u00e9ole. Entre \u00e9pices parfum\u00e9es, produits frais et recettes g\u00e9n\u00e9reuses, d\u00e9couvrez comment composer un moment festif aux accents antillais et r\u00e9unionnais.\" \/>\n<meta property=\"og:url\" content=\"https:\/\/www.saltpepper.fr\/en\/product\/29-05-18h-aperitif-creole\/\" \/>\n<meta property=\"og:site_name\" content=\"Salt &amp; Pepper\" \/>\n<meta property=\"article:publisher\" content=\"https:\/\/www.facebook.com\/saltandpepper.dijon\/\" \/>\n<meta property=\"article:modified_time\" content=\"2026-05-06T09:56:07+00:00\" \/>\n<meta property=\"og:image\" content=\"https:\/\/www.saltpepper.fr\/wp-content\/uploads\/2026\/02\/ChatGPT-Image-15-fevr.-2026-a-10_36_04-1024x683.png\" \/>\n\t<meta property=\"og:image:width\" content=\"1024\" \/>\n\t<meta property=\"og:image:height\" content=\"683\" \/>\n\t<meta property=\"og:image:type\" content=\"image\/png\" \/>\n<meta name=\"twitter:card\" content=\"summary_large_image\" \/>\n<meta name=\"twitter:label1\" content=\"Est. reading time\" \/>\n\t<meta name=\"twitter:data1\" content=\"1 minute\" \/>\n<script type=\"application\/ld+json\" class=\"yoast-schema-graph\">{\"@context\":\"https:\\\/\\\/schema.org\",\"@graph\":[{\"@type\":\"WebPage\",\"@id\":\"https:\\\/\\\/www.saltpepper.fr\\\/produit\\\/29-05-18h-aperitif-creole\\\/\",\"url\":\"https:\\\/\\\/www.saltpepper.fr\\\/produit\\\/29-05-18h-aperitif-creole\\\/\",\"name\":\"29\\\/05 - 18h - Aperitivo \u00e0 la Cr\u00e9ole - Salt &amp; Pepper\",\"isPartOf\":{\"@id\":\"https:\\\/\\\/www.saltpepper.fr\\\/#website\"},\"primaryImageOfPage\":{\"@id\":\"https:\\\/\\\/www.saltpepper.fr\\\/produit\\\/29-05-18h-aperitif-creole\\\/#primaryimage\"},\"image\":{\"@id\":\"https:\\\/\\\/www.saltpepper.fr\\\/produit\\\/29-05-18h-aperitif-creole\\\/#primaryimage\"},\"thumbnailUrl\":\"https:\\\/\\\/www.saltpepper.fr\\\/wp-content\\\/uploads\\\/2026\\\/02\\\/ChatGPT-Image-15-fevr.-2026-a-10_36_04.png\",\"datePublished\":\"2026-02-15T09:33:13+00:00\",\"dateModified\":\"2026-05-06T09:56:07+00:00\",\"breadcrumb\":{\"@id\":\"https:\\\/\\\/www.saltpepper.fr\\\/produit\\\/29-05-18h-aperitif-creole\\\/#breadcrumb\"},\"inLanguage\":\"en-US\",\"potentialAction\":[{\"@type\":\"ReadAction\",\"target\":[\"https:\\\/\\\/www.saltpepper.fr\\\/produit\\\/29-05-18h-aperitif-creole\\\/\"]}]},{\"@type\":\"ImageObject\",\"inLanguage\":\"en-US\",\"@id\":\"https:\\\/\\\/www.saltpepper.fr\\\/produit\\\/29-05-18h-aperitif-creole\\\/#primaryimage\",\"url\":\"https:\\\/\\\/www.saltpepper.fr\\\/wp-content\\\/uploads\\\/2026\\\/02\\\/ChatGPT-Image-15-fevr.-2026-a-10_36_04.png\",\"contentUrl\":\"https:\\\/\\\/www.saltpepper.fr\\\/wp-content\\\/uploads\\\/2026\\\/02\\\/ChatGPT-Image-15-fevr.-2026-a-10_36_04.png\",\"width\":1536,\"height\":1024,\"caption\":\"Atelier cuisine cr\u00e9ole : beignets croustillants, crevettes aux herbes, rago\u00fbt \u00e9pic\u00e9, sauces et verre de vin blanc.\"},{\"@type\":\"BreadcrumbList\",\"@id\":\"https:\\\/\\\/www.saltpepper.fr\\\/produit\\\/29-05-18h-aperitif-creole\\\/#breadcrumb\",\"itemListElement\":[{\"@type\":\"ListItem\",\"position\":1,\"name\":\"Accueil\",\"item\":\"https:\\\/\\\/www.saltpepper.fr\\\/\"},{\"@type\":\"ListItem\",\"position\":2,\"name\":\"Cours de cuisine\",\"item\":\"https:\\\/\\\/www.saltpepper.fr\\\/cours-de-cuisine\\\/\"},{\"@type\":\"ListItem\",\"position\":3,\"name\":\"29\\\/05 &#8211; 18h &#8211; Aperitivo \u00e0 la Cr\u00e9ole\"}]},{\"@type\":\"WebSite\",\"@id\":\"https:\\\/\\\/www.saltpepper.fr\\\/#website\",\"url\":\"https:\\\/\\\/www.saltpepper.fr\\\/\",\"name\":\"Salt & Pepper\",\"description\":\"\",\"publisher\":{\"@id\":\"https:\\\/\\\/www.saltpepper.fr\\\/#organization\"},\"potentialAction\":[{\"@type\":\"SearchAction\",\"target\":{\"@type\":\"EntryPoint\",\"urlTemplate\":\"https:\\\/\\\/www.saltpepper.fr\\\/?s={search_term_string}\"},\"query-input\":{\"@type\":\"PropertyValueSpecification\",\"valueRequired\":true,\"valueName\":\"search_term_string\"}}],\"inLanguage\":\"en-US\"},{\"@type\":\"Organization\",\"@id\":\"https:\\\/\\\/www.saltpepper.fr\\\/#organization\",\"name\":\"Salt & Pepper\",\"url\":\"https:\\\/\\\/www.saltpepper.fr\\\/\",\"logo\":{\"@type\":\"ImageObject\",\"inLanguage\":\"en-US\",\"@id\":\"https:\\\/\\\/www.saltpepper.fr\\\/#\\\/schema\\\/logo\\\/image\\\/\",\"url\":\"https:\\\/\\\/www.saltpepper.fr\\\/wp-content\\\/uploads\\\/2025\\\/05\\\/SALTPEPPER_logotype_cuivre_sans_baseline.svg\",\"contentUrl\":\"https:\\\/\\\/www.saltpepper.fr\\\/wp-content\\\/uploads\\\/2025\\\/05\\\/SALTPEPPER_logotype_cuivre_sans_baseline.svg\",\"width\":1,\"height\":1,\"caption\":\"Salt & Pepper\"},\"image\":{\"@id\":\"https:\\\/\\\/www.saltpepper.fr\\\/#\\\/schema\\\/logo\\\/image\\\/\"},\"sameAs\":[\"https:\\\/\\\/www.facebook.com\\\/saltandpepper.dijon\\\/\",\"https:\\\/\\\/www.instagram.com\\\/saltpepper.dijon\\\/\",\"https:\\\/\\\/www.linkedin.com\\\/company\\\/salt-and-pepper-dijon\\\/\"]}]}<\/script>\n<!-- \/ Yoast SEO plugin. -->","yoast_head_json":{"title":"29\/05 - 18h - Aperitivo \u00e0 la Cr\u00e9ole - Salt &amp; Pepper","robots":{"index":"noindex","follow":"follow"},"og_locale":"en_US","og_type":"article","og_title":"29\/05 - 18h - Aperitivo \u00e0 la Cr\u00e9ole - Salt &amp; Pepper","og_description":"Plongez dans l\u2019ambiance chaleureuse des \u00eeles avec un atelier d\u00e9di\u00e9 \u00e0 l\u2019ap\u00e9ritif cr\u00e9ole. Entre \u00e9pices parfum\u00e9es, produits frais et recettes g\u00e9n\u00e9reuses, d\u00e9couvrez comment composer un moment festif aux accents antillais et r\u00e9unionnais.","og_url":"https:\/\/www.saltpepper.fr\/en\/product\/29-05-18h-aperitif-creole\/","og_site_name":"Salt &amp; Pepper","article_publisher":"https:\/\/www.facebook.com\/saltandpepper.dijon\/","article_modified_time":"2026-05-06T09:56:07+00:00","og_image":[{"width":1024,"height":683,"url":"https:\/\/www.saltpepper.fr\/wp-content\/uploads\/2026\/02\/ChatGPT-Image-15-fevr.-2026-a-10_36_04-1024x683.png","type":"image\/png"}],"twitter_card":"summary_large_image","twitter_misc":{"Est. reading time":"1 minute"},"schema":{"@context":"https:\/\/schema.org","@graph":[{"@type":"WebPage","@id":"https:\/\/www.saltpepper.fr\/produit\/29-05-18h-aperitif-creole\/","url":"https:\/\/www.saltpepper.fr\/produit\/29-05-18h-aperitif-creole\/","name":"29\/05 - 18h - Aperitivo \u00e0 la Cr\u00e9ole - Salt &amp; Pepper","isPartOf":{"@id":"https:\/\/www.saltpepper.fr\/#website"},"primaryImageOfPage":{"@id":"https:\/\/www.saltpepper.fr\/produit\/29-05-18h-aperitif-creole\/#primaryimage"},"image":{"@id":"https:\/\/www.saltpepper.fr\/produit\/29-05-18h-aperitif-creole\/#primaryimage"},"thumbnailUrl":"https:\/\/www.saltpepper.fr\/wp-content\/uploads\/2026\/02\/ChatGPT-Image-15-fevr.-2026-a-10_36_04.png","datePublished":"2026-02-15T09:33:13+00:00","dateModified":"2026-05-06T09:56:07+00:00","breadcrumb":{"@id":"https:\/\/www.saltpepper.fr\/produit\/29-05-18h-aperitif-creole\/#breadcrumb"},"inLanguage":"en-US","potentialAction":[{"@type":"ReadAction","target":["https:\/\/www.saltpepper.fr\/produit\/29-05-18h-aperitif-creole\/"]}]},{"@type":"ImageObject","inLanguage":"en-US","@id":"https:\/\/www.saltpepper.fr\/produit\/29-05-18h-aperitif-creole\/#primaryimage","url":"https:\/\/www.saltpepper.fr\/wp-content\/uploads\/2026\/02\/ChatGPT-Image-15-fevr.-2026-a-10_36_04.png","contentUrl":"https:\/\/www.saltpepper.fr\/wp-content\/uploads\/2026\/02\/ChatGPT-Image-15-fevr.-2026-a-10_36_04.png","width":1536,"height":1024,"caption":"Atelier cuisine cr\u00e9ole : beignets croustillants, crevettes aux herbes, rago\u00fbt \u00e9pic\u00e9, sauces et verre de vin blanc."},{"@type":"BreadcrumbList","@id":"https:\/\/www.saltpepper.fr\/produit\/29-05-18h-aperitif-creole\/#breadcrumb","itemListElement":[{"@type":"ListItem","position":1,"name":"Accueil","item":"https:\/\/www.saltpepper.fr\/"},{"@type":"ListItem","position":2,"name":"Cours de cuisine","item":"https:\/\/www.saltpepper.fr\/cours-de-cuisine\/"},{"@type":"ListItem","position":3,"name":"29\/05 &#8211; 18h &#8211; Aperitivo \u00e0 la Cr\u00e9ole"}]},{"@type":"WebSite","@id":"https:\/\/www.saltpepper.fr\/#website","url":"https:\/\/www.saltpepper.fr\/","name":"Salt &amp; Pepper","description":"","publisher":{"@id":"https:\/\/www.saltpepper.fr\/#organization"},"potentialAction":[{"@type":"SearchAction","target":{"@type":"EntryPoint","urlTemplate":"https:\/\/www.saltpepper.fr\/?s={search_term_string}"},"query-input":{"@type":"PropertyValueSpecification","valueRequired":true,"valueName":"search_term_string"}}],"inLanguage":"en-US"},{"@type":"Organization","@id":"https:\/\/www.saltpepper.fr\/#organization","name":"Salt &amp; Pepper","url":"https:\/\/www.saltpepper.fr\/","logo":{"@type":"ImageObject","inLanguage":"en-US","@id":"https:\/\/www.saltpepper.fr\/#\/schema\/logo\/image\/","url":"https:\/\/www.saltpepper.fr\/wp-content\/uploads\/2025\/05\/SALTPEPPER_logotype_cuivre_sans_baseline.svg","contentUrl":"https:\/\/www.saltpepper.fr\/wp-content\/uploads\/2025\/05\/SALTPEPPER_logotype_cuivre_sans_baseline.svg","width":1,"height":1,"caption":"Salt & Pepper"},"image":{"@id":"https:\/\/www.saltpepper.fr\/#\/schema\/logo\/image\/"},"sameAs":["https:\/\/www.facebook.com\/saltandpepper.dijon\/","https:\/\/www.instagram.com\/saltpepper.dijon\/","https:\/\/www.linkedin.com\/company\/salt-and-pepper-dijon\/"]}]}},"jetpack_sharing_enabled":true,"_links":{"self":[{"href":"https:\/\/www.saltpepper.fr\/en\/wp-json\/wp\/v2\/product\/2693","targetHints":{"allow":["GET"]}}],"collection":[{"href":"https:\/\/www.saltpepper.fr\/en\/wp-json\/wp\/v2\/product"}],"about":[{"href":"https:\/\/www.saltpepper.fr\/en\/wp-json\/wp\/v2\/types\/product"}],"wp:featuredmedia":[{"embeddable":true,"href":"https:\/\/www.saltpepper.fr\/en\/wp-json\/wp\/v2\/media\/2694"}],"wp:attachment":[{"href":"https:\/\/www.saltpepper.fr\/en\/wp-json\/wp\/v2\/media?parent=2693"}],"wp:term":[{"taxonomy":"duree","embeddable":true,"href":"https:\/\/www.saltpepper.fr\/en\/wp-json\/wp\/v2\/duree?post=2693"},{"taxonomy":"nom-de-cours","embeddable":true,"href":"https:\/\/www.saltpepper.fr\/en\/wp-json\/wp\/v2\/nom-de-cours?post=2693"},{"taxonomy":"thematique","embeddable":true,"href":"https:\/\/www.saltpepper.fr\/en\/wp-json\/wp\/v2\/thematique?post=2693"},{"taxonomy":"product_brand","embeddable":true,"href":"https:\/\/www.saltpepper.fr\/en\/wp-json\/wp\/v2\/product_brand?post=2693"},{"taxonomy":"product_cat","embeddable":true,"href":"https:\/\/www.saltpepper.fr\/en\/wp-json\/wp\/v2\/product_cat?post=2693"},{"taxonomy":"product_tag","embeddable":true,"href":"https:\/\/www.saltpepper.fr\/en\/wp-json\/wp\/v2\/product_tag?post=2693"}],"curies":[{"name":"wp","href":"https:\/\/api.w.org\/{rel}","templated":true}]}}