{"id":2689,"date":"2026-02-15T10:13:15","date_gmt":"2026-02-15T09:13:15","guid":{"rendered":"https:\/\/www.saltpepper.fr\/?post_type=product&#038;p=2689"},"modified":"2026-05-06T11:56:14","modified_gmt":"2026-05-06T09:56:14","slug":"23-05-14h-atelier-coreen-tteokguk-assortiments-de-jeon-%eb%96%a1%ea%b5%ad-%ec%a0%84","status":"publish","type":"product","link":"https:\/\/www.saltpepper.fr\/en\/produit\/23-05-14h-atelier-coreen-tteokguk-assortiments-de-jeon-%eb%96%a1%ea%b5%ad-%ec%a0%84\/","title":{"rendered":"23\/05 &#8211; 14h &#8211; Atelier Cor\u00e9en : Tteokguk &#038; assortiments de jeon (\ub5a1\uad6d &#038; \uc804)"},"content":{"rendered":"<div class=\"flex flex-col text-sm pb-25\">\n<article class=\"text-token-text-primary w-full focus:outline-none [--shadow-height:45px] has-data-writing-block:pointer-events-none has-data-writing-block:-mt-(--shadow-height) has-data-writing-block:pt-(--shadow-height) [&amp;:has([data-writing-block])&gt;*]:pointer-events-auto scroll-mt-[calc(var(--header-height)+min(200px,max(70px,20svh)))]\" dir=\"auto\" tabindex=\"-1\" data-turn-id=\"8c8bddca-fd74-4d1c-b4f1-531651263f4c\" data-testid=\"conversation-turn-52\" data-scroll-anchor=\"true\" data-turn=\"assistant\">\n<div class=\"text-base my-auto mx-auto pb-10 [--thread-content-margin:--spacing(4)] @w-sm\/main:[--thread-content-margin:--spacing(6)] @w-lg\/main:[--thread-content-margin:--spacing(16)] px-(--thread-content-margin)\">\n<div class=\"[--thread-content-max-width:40rem] @w-lg\/main:[--thread-content-max-width:48rem] mx-auto max-w-(--thread-content-max-width) flex-1 group\/turn-messages focus-visible:outline-hidden relative flex w-full min-w-0 flex-col agent-turn\" tabindex=\"-1\">\n<div class=\"flex max-w-full flex-col grow\">\n<div class=\"min-h-8 text-message relative flex w-full flex-col items-end gap-2 text-start break-words whitespace-normal [.text-message+&amp;]:mt-1\" dir=\"auto\" data-message-author-role=\"assistant\" data-message-id=\"9dc6dd62-6b03-4013-bb79-04d170917392\" data-message-model-slug=\"gpt-5-2\">\n<div class=\"flex w-full flex-col gap-1 empty:hidden first:pt-[1px]\">\n<div class=\"markdown prose dark:prose-invert w-full wrap-break-word dark markdown-new-styling\">\n<p data-start=\"105\" data-end=\"346\">Plongez au c\u0153ur de la tradition culinaire cor\u00e9enne avec un atelier d\u00e9di\u00e9 \u00e0 deux incontournables : le Tteokguk, soupe embl\u00e9matique \u00e0 base de galettes de riz, et les Jeon, d\u00e9licieuses galettes po\u00eal\u00e9es d\u00e9clin\u00e9es en plusieurs variations.<\/p>\n<p data-start=\"348\" data-end=\"580\">Le Tteokguk est un plat charg\u00e9 de symbolique en Cor\u00e9e, souvent d\u00e9gust\u00e9 lors du Nouvel An pour c\u00e9l\u00e9brer le renouveau. Son bouillon clair et profond met en valeur la texture tendre et l\u00e9g\u00e8rement \u00e9lastique des tteok (g\u00e2teaux de riz).<\/p>\n<p data-start=\"582\" data-end=\"784\">Les Jeon, quant \u00e0 eux, repr\u00e9sentent l\u2019art cor\u00e9en de la friture ma\u00eetris\u00e9e : fines galettes croustillantes \u00e0 l\u2019ext\u00e9rieur et moelleuses \u00e0 l\u2019int\u00e9rieur, pr\u00e9par\u00e9es avec diff\u00e9rents ingr\u00e9dients selon la saison.<\/p>\n<p data-start=\"786\" data-end=\"1022\">Lors de cet atelier, vous d\u00e9couvrirez les bases essentielles de la cuisine cor\u00e9enne : construction d\u2019un bouillon \u00e9quilibr\u00e9, travail des textures, gestion de la cuisson \u00e0 la po\u00eale et harmonie des saveurs entre douceur, salinit\u00e9 et umami.<\/p>\n<p data-start=\"1024\" data-end=\"1144\">Un atelier immersif et convivial pour explorer une cuisine raffin\u00e9e, g\u00e9n\u00e9reuse et profond\u00e9ment ancr\u00e9e dans la tradition.<\/p>\n<ul>\n<li data-start=\"1195\" data-end=\"1283\"><strong data-start=\"1195\" data-end=\"1222\">La ma\u00eetrise du bouillon<\/strong> : construire une base claire, \u00e9quilibr\u00e9e et riche en umami<\/li>\n<li data-start=\"1195\" data-end=\"1283\"><strong data-start=\"1286\" data-end=\"1313\">La gestion des textures<\/strong> : tendret\u00e9 des tteok, croustillant et moelleux des jeon<\/li>\n<li data-start=\"1195\" data-end=\"1283\"><strong data-start=\"1374\" data-end=\"1411\">L\u2019\u00e9quilibre des saveurs cor\u00e9ennes<\/strong> : harmonie entre sal\u00e9, douceur, profondeur et fra\u00eecheur<\/li>\n<\/ul>\n<\/div>\n<\/div>\n<\/div>\n<\/div>\n<div class=\"z-0 flex min-h-[46px] justify-start\"><\/div>\n<div class=\"mt-3 w-full empty:hidden\"><\/div>\n<\/div>\n<\/div>\n<\/article>\n<\/div>\n","protected":false},"excerpt":{"rendered":"<p data-start=\"105\" data-end=\"346\">Dive into the heart of Korean culinary tradition with a workshop dedicated to two essentials: Tteokguk, an emblematic rice cake soup, and Jeon, delicious pan-fried pancakes available in several variations.<\/p>\n<p data-start=\"348\" data-end=\"580\">","protected":false},"featured_media":2690,"template":"","meta":{"_acf_changed":false},"duree":[31],"nom-de-cours":[100],"thematique":[63],"product_brand":[],"product_cat":[68],"product_tag":[],"class_list":{"0":"post-2689","1":"product","2":"type-product","3":"status-publish","4":"has-post-thumbnail","6":"duree-2h","7":"nom-de-cours-atelier-coreen-tteokguk-assortiments-de-jeon--","8":"thematique-cuisine-du-monde","9":"product_cat-cuisine","11":"first","12":"instock","13":"virtual","14":"taxable","15":"purchasable","16":"product-type-simple"},"acf":[],"yoast_head":"<!-- This site is optimized with the Yoast SEO plugin v27.5 - https:\/\/yoast.com\/product\/yoast-seo-wordpress\/ -->\n<title>23\/05 - 14h - Atelier Cor\u00e9en : Tteokguk &amp; assortiments de jeon (\ub5a1\uad6d &amp; \uc804) - Salt &amp; Pepper<\/title>\n<meta name=\"robots\" content=\"noindex, follow\" \/>\n<meta property=\"og:locale\" content=\"en_US\" \/>\n<meta property=\"og:type\" content=\"article\" \/>\n<meta property=\"og:title\" content=\"23\/05 - 14h - Atelier Cor\u00e9en : Tteokguk &amp; assortiments de jeon (\ub5a1\uad6d &amp; \uc804) - Salt &amp; Pepper\" \/>\n<meta property=\"og:description\" content=\"Plongez au c\u0153ur de la tradition culinaire cor\u00e9enne avec un atelier d\u00e9di\u00e9 \u00e0 deux incontournables : le Tteokguk, soupe embl\u00e9matique \u00e0 base de galettes de riz, et les Jeon, d\u00e9licieuses galettes po\u00eal\u00e9es d\u00e9clin\u00e9es en plusieurs variations.\" \/>\n<meta property=\"og:url\" content=\"https:\/\/www.saltpepper.fr\/en\/product\/23-05-14h-atelier-coreen-tteokguk-assortiments-de-jeon-\ub5a1\uad6d-\uc804\/\" \/>\n<meta property=\"og:site_name\" content=\"Salt &amp; Pepper\" \/>\n<meta property=\"article:publisher\" content=\"https:\/\/www.facebook.com\/saltandpepper.dijon\/\" \/>\n<meta property=\"article:modified_time\" content=\"2026-05-06T09:56:14+00:00\" \/>\n<meta property=\"og:image\" content=\"https:\/\/www.saltpepper.fr\/wp-content\/uploads\/2026\/02\/Tteokguk-assortiments-de-jeon-1024x683.png\" \/>\n\t<meta property=\"og:image:width\" content=\"1024\" \/>\n\t<meta property=\"og:image:height\" content=\"683\" \/>\n\t<meta property=\"og:image:type\" content=\"image\/png\" \/>\n<meta name=\"twitter:card\" content=\"summary_large_image\" \/>\n<meta name=\"twitter:label1\" content=\"Est. reading time\" \/>\n\t<meta name=\"twitter:data1\" content=\"2 minutes\" \/>\n<script type=\"application\/ld+json\" class=\"yoast-schema-graph\">{\"@context\":\"https:\\\/\\\/schema.org\",\"@graph\":[{\"@type\":\"WebPage\",\"@id\":\"https:\\\/\\\/www.saltpepper.fr\\\/produit\\\/23-05-14h-atelier-coreen-tteokguk-assortiments-de-jeon-%eb%96%a1%ea%b5%ad-%ec%a0%84\\\/\",\"url\":\"https:\\\/\\\/www.saltpepper.fr\\\/produit\\\/23-05-14h-atelier-coreen-tteokguk-assortiments-de-jeon-%eb%96%a1%ea%b5%ad-%ec%a0%84\\\/\",\"name\":\"23\\\/05 - 14h - Atelier Cor\u00e9en : Tteokguk & assortiments de jeon (\ub5a1\uad6d & \uc804) - Salt &amp; Pepper\",\"isPartOf\":{\"@id\":\"https:\\\/\\\/www.saltpepper.fr\\\/#website\"},\"primaryImageOfPage\":{\"@id\":\"https:\\\/\\\/www.saltpepper.fr\\\/produit\\\/23-05-14h-atelier-coreen-tteokguk-assortiments-de-jeon-%eb%96%a1%ea%b5%ad-%ec%a0%84\\\/#primaryimage\"},\"image\":{\"@id\":\"https:\\\/\\\/www.saltpepper.fr\\\/produit\\\/23-05-14h-atelier-coreen-tteokguk-assortiments-de-jeon-%eb%96%a1%ea%b5%ad-%ec%a0%84\\\/#primaryimage\"},\"thumbnailUrl\":\"https:\\\/\\\/www.saltpepper.fr\\\/wp-content\\\/uploads\\\/2026\\\/02\\\/Tteokguk-assortiments-de-jeon.png\",\"datePublished\":\"2026-02-15T09:13:15+00:00\",\"dateModified\":\"2026-05-06T09:56:14+00:00\",\"breadcrumb\":{\"@id\":\"https:\\\/\\\/www.saltpepper.fr\\\/produit\\\/23-05-14h-atelier-coreen-tteokguk-assortiments-de-jeon-%eb%96%a1%ea%b5%ad-%ec%a0%84\\\/#breadcrumb\"},\"inLanguage\":\"en-US\",\"potentialAction\":[{\"@type\":\"ReadAction\",\"target\":[\"https:\\\/\\\/www.saltpepper.fr\\\/produit\\\/23-05-14h-atelier-coreen-tteokguk-assortiments-de-jeon-%eb%96%a1%ea%b5%ad-%ec%a0%84\\\/\"]}]},{\"@type\":\"ImageObject\",\"inLanguage\":\"en-US\",\"@id\":\"https:\\\/\\\/www.saltpepper.fr\\\/produit\\\/23-05-14h-atelier-coreen-tteokguk-assortiments-de-jeon-%eb%96%a1%ea%b5%ad-%ec%a0%84\\\/#primaryimage\",\"url\":\"https:\\\/\\\/www.saltpepper.fr\\\/wp-content\\\/uploads\\\/2026\\\/02\\\/Tteokguk-assortiments-de-jeon.png\",\"contentUrl\":\"https:\\\/\\\/www.saltpepper.fr\\\/wp-content\\\/uploads\\\/2026\\\/02\\\/Tteokguk-assortiments-de-jeon.png\",\"width\":1536,\"height\":1024,\"caption\":\"Tteokguk et assortiments de jeon lors d'un atelier cuisine, servis avec condiments, piment, sel et poivre.\"},{\"@type\":\"BreadcrumbList\",\"@id\":\"https:\\\/\\\/www.saltpepper.fr\\\/produit\\\/23-05-14h-atelier-coreen-tteokguk-assortiments-de-jeon-%eb%96%a1%ea%b5%ad-%ec%a0%84\\\/#breadcrumb\",\"itemListElement\":[{\"@type\":\"ListItem\",\"position\":1,\"name\":\"Accueil\",\"item\":\"https:\\\/\\\/www.saltpepper.fr\\\/\"},{\"@type\":\"ListItem\",\"position\":2,\"name\":\"Cours de cuisine\",\"item\":\"https:\\\/\\\/www.saltpepper.fr\\\/cours-de-cuisine\\\/\"},{\"@type\":\"ListItem\",\"position\":3,\"name\":\"23\\\/05 &#8211; 14h &#8211; Atelier Cor\u00e9en : Tteokguk &#038; assortiments de jeon (\ub5a1\uad6d &#038; \uc804)\"}]},{\"@type\":\"WebSite\",\"@id\":\"https:\\\/\\\/www.saltpepper.fr\\\/#website\",\"url\":\"https:\\\/\\\/www.saltpepper.fr\\\/\",\"name\":\"Salt & Pepper\",\"description\":\"\",\"publisher\":{\"@id\":\"https:\\\/\\\/www.saltpepper.fr\\\/#organization\"},\"potentialAction\":[{\"@type\":\"SearchAction\",\"target\":{\"@type\":\"EntryPoint\",\"urlTemplate\":\"https:\\\/\\\/www.saltpepper.fr\\\/?s={search_term_string}\"},\"query-input\":{\"@type\":\"PropertyValueSpecification\",\"valueRequired\":true,\"valueName\":\"search_term_string\"}}],\"inLanguage\":\"en-US\"},{\"@type\":\"Organization\",\"@id\":\"https:\\\/\\\/www.saltpepper.fr\\\/#organization\",\"name\":\"Salt & Pepper\",\"url\":\"https:\\\/\\\/www.saltpepper.fr\\\/\",\"logo\":{\"@type\":\"ImageObject\",\"inLanguage\":\"en-US\",\"@id\":\"https:\\\/\\\/www.saltpepper.fr\\\/#\\\/schema\\\/logo\\\/image\\\/\",\"url\":\"https:\\\/\\\/www.saltpepper.fr\\\/wp-content\\\/uploads\\\/2025\\\/05\\\/SALTPEPPER_logotype_cuivre_sans_baseline.svg\",\"contentUrl\":\"https:\\\/\\\/www.saltpepper.fr\\\/wp-content\\\/uploads\\\/2025\\\/05\\\/SALTPEPPER_logotype_cuivre_sans_baseline.svg\",\"width\":1,\"height\":1,\"caption\":\"Salt & Pepper\"},\"image\":{\"@id\":\"https:\\\/\\\/www.saltpepper.fr\\\/#\\\/schema\\\/logo\\\/image\\\/\"},\"sameAs\":[\"https:\\\/\\\/www.facebook.com\\\/saltandpepper.dijon\\\/\",\"https:\\\/\\\/www.instagram.com\\\/saltpepper.dijon\\\/\",\"https:\\\/\\\/www.linkedin.com\\\/company\\\/salt-and-pepper-dijon\\\/\"]}]}<\/script>\n<!-- \/ Yoast SEO plugin. -->","yoast_head_json":{"title":"23\/05 - 14h - Atelier Cor\u00e9en : Tteokguk & assortiments de jeon (\ub5a1\uad6d & \uc804) - Salt &amp; Pepper","robots":{"index":"noindex","follow":"follow"},"og_locale":"en_US","og_type":"article","og_title":"23\/05 - 14h - Atelier Cor\u00e9en : Tteokguk & assortiments de jeon (\ub5a1\uad6d & \uc804) - Salt &amp; Pepper","og_description":"Plongez au c\u0153ur de la tradition culinaire cor\u00e9enne avec un atelier d\u00e9di\u00e9 \u00e0 deux incontournables : le Tteokguk, soupe embl\u00e9matique \u00e0 base de galettes de riz, et les Jeon, d\u00e9licieuses galettes po\u00eal\u00e9es d\u00e9clin\u00e9es en plusieurs variations.","og_url":"https:\/\/www.saltpepper.fr\/en\/product\/23-05-14h-atelier-coreen-tteokguk-assortiments-de-jeon-\ub5a1\uad6d-\uc804\/","og_site_name":"Salt &amp; Pepper","article_publisher":"https:\/\/www.facebook.com\/saltandpepper.dijon\/","article_modified_time":"2026-05-06T09:56:14+00:00","og_image":[{"width":1024,"height":683,"url":"https:\/\/www.saltpepper.fr\/wp-content\/uploads\/2026\/02\/Tteokguk-assortiments-de-jeon-1024x683.png","type":"image\/png"}],"twitter_card":"summary_large_image","twitter_misc":{"Est. reading time":"2 minutes"},"schema":{"@context":"https:\/\/schema.org","@graph":[{"@type":"WebPage","@id":"https:\/\/www.saltpepper.fr\/produit\/23-05-14h-atelier-coreen-tteokguk-assortiments-de-jeon-%eb%96%a1%ea%b5%ad-%ec%a0%84\/","url":"https:\/\/www.saltpepper.fr\/produit\/23-05-14h-atelier-coreen-tteokguk-assortiments-de-jeon-%eb%96%a1%ea%b5%ad-%ec%a0%84\/","name":"23\/05 - 14h - Atelier Cor\u00e9en : Tteokguk & assortiments de jeon (\ub5a1\uad6d & \uc804) - Salt &amp; Pepper","isPartOf":{"@id":"https:\/\/www.saltpepper.fr\/#website"},"primaryImageOfPage":{"@id":"https:\/\/www.saltpepper.fr\/produit\/23-05-14h-atelier-coreen-tteokguk-assortiments-de-jeon-%eb%96%a1%ea%b5%ad-%ec%a0%84\/#primaryimage"},"image":{"@id":"https:\/\/www.saltpepper.fr\/produit\/23-05-14h-atelier-coreen-tteokguk-assortiments-de-jeon-%eb%96%a1%ea%b5%ad-%ec%a0%84\/#primaryimage"},"thumbnailUrl":"https:\/\/www.saltpepper.fr\/wp-content\/uploads\/2026\/02\/Tteokguk-assortiments-de-jeon.png","datePublished":"2026-02-15T09:13:15+00:00","dateModified":"2026-05-06T09:56:14+00:00","breadcrumb":{"@id":"https:\/\/www.saltpepper.fr\/produit\/23-05-14h-atelier-coreen-tteokguk-assortiments-de-jeon-%eb%96%a1%ea%b5%ad-%ec%a0%84\/#breadcrumb"},"inLanguage":"en-US","potentialAction":[{"@type":"ReadAction","target":["https:\/\/www.saltpepper.fr\/produit\/23-05-14h-atelier-coreen-tteokguk-assortiments-de-jeon-%eb%96%a1%ea%b5%ad-%ec%a0%84\/"]}]},{"@type":"ImageObject","inLanguage":"en-US","@id":"https:\/\/www.saltpepper.fr\/produit\/23-05-14h-atelier-coreen-tteokguk-assortiments-de-jeon-%eb%96%a1%ea%b5%ad-%ec%a0%84\/#primaryimage","url":"https:\/\/www.saltpepper.fr\/wp-content\/uploads\/2026\/02\/Tteokguk-assortiments-de-jeon.png","contentUrl":"https:\/\/www.saltpepper.fr\/wp-content\/uploads\/2026\/02\/Tteokguk-assortiments-de-jeon.png","width":1536,"height":1024,"caption":"Tteokguk et assortiments de jeon lors d'un atelier cuisine, servis avec condiments, piment, sel et poivre."},{"@type":"BreadcrumbList","@id":"https:\/\/www.saltpepper.fr\/produit\/23-05-14h-atelier-coreen-tteokguk-assortiments-de-jeon-%eb%96%a1%ea%b5%ad-%ec%a0%84\/#breadcrumb","itemListElement":[{"@type":"ListItem","position":1,"name":"Accueil","item":"https:\/\/www.saltpepper.fr\/"},{"@type":"ListItem","position":2,"name":"Cours de cuisine","item":"https:\/\/www.saltpepper.fr\/cours-de-cuisine\/"},{"@type":"ListItem","position":3,"name":"23\/05 &#8211; 14h &#8211; Atelier Cor\u00e9en : Tteokguk &#038; assortiments de jeon (\ub5a1\uad6d &#038; \uc804)"}]},{"@type":"WebSite","@id":"https:\/\/www.saltpepper.fr\/#website","url":"https:\/\/www.saltpepper.fr\/","name":"Salt &amp; Pepper","description":"","publisher":{"@id":"https:\/\/www.saltpepper.fr\/#organization"},"potentialAction":[{"@type":"SearchAction","target":{"@type":"EntryPoint","urlTemplate":"https:\/\/www.saltpepper.fr\/?s={search_term_string}"},"query-input":{"@type":"PropertyValueSpecification","valueRequired":true,"valueName":"search_term_string"}}],"inLanguage":"en-US"},{"@type":"Organization","@id":"https:\/\/www.saltpepper.fr\/#organization","name":"Salt &amp; Pepper","url":"https:\/\/www.saltpepper.fr\/","logo":{"@type":"ImageObject","inLanguage":"en-US","@id":"https:\/\/www.saltpepper.fr\/#\/schema\/logo\/image\/","url":"https:\/\/www.saltpepper.fr\/wp-content\/uploads\/2025\/05\/SALTPEPPER_logotype_cuivre_sans_baseline.svg","contentUrl":"https:\/\/www.saltpepper.fr\/wp-content\/uploads\/2025\/05\/SALTPEPPER_logotype_cuivre_sans_baseline.svg","width":1,"height":1,"caption":"Salt & Pepper"},"image":{"@id":"https:\/\/www.saltpepper.fr\/#\/schema\/logo\/image\/"},"sameAs":["https:\/\/www.facebook.com\/saltandpepper.dijon\/","https:\/\/www.instagram.com\/saltpepper.dijon\/","https:\/\/www.linkedin.com\/company\/salt-and-pepper-dijon\/"]}]}},"jetpack_sharing_enabled":true,"_links":{"self":[{"href":"https:\/\/www.saltpepper.fr\/en\/wp-json\/wp\/v2\/product\/2689","targetHints":{"allow":["GET"]}}],"collection":[{"href":"https:\/\/www.saltpepper.fr\/en\/wp-json\/wp\/v2\/product"}],"about":[{"href":"https:\/\/www.saltpepper.fr\/en\/wp-json\/wp\/v2\/types\/product"}],"wp:featuredmedia":[{"embeddable":true,"href":"https:\/\/www.saltpepper.fr\/en\/wp-json\/wp\/v2\/media\/2690"}],"wp:attachment":[{"href":"https:\/\/www.saltpepper.fr\/en\/wp-json\/wp\/v2\/media?parent=2689"}],"wp:term":[{"taxonomy":"duree","embeddable":true,"href":"https:\/\/www.saltpepper.fr\/en\/wp-json\/wp\/v2\/duree?post=2689"},{"taxonomy":"nom-de-cours","embeddable":true,"href":"https:\/\/www.saltpepper.fr\/en\/wp-json\/wp\/v2\/nom-de-cours?post=2689"},{"taxonomy":"thematique","embeddable":true,"href":"https:\/\/www.saltpepper.fr\/en\/wp-json\/wp\/v2\/thematique?post=2689"},{"taxonomy":"product_brand","embeddable":true,"href":"https:\/\/www.saltpepper.fr\/en\/wp-json\/wp\/v2\/product_brand?post=2689"},{"taxonomy":"product_cat","embeddable":true,"href":"https:\/\/www.saltpepper.fr\/en\/wp-json\/wp\/v2\/product_cat?post=2689"},{"taxonomy":"product_tag","embeddable":true,"href":"https:\/\/www.saltpepper.fr\/en\/wp-json\/wp\/v2\/product_tag?post=2689"}],"curies":[{"name":"wp","href":"https:\/\/api.w.org\/{rel}","templated":true}]}}