{"id":2670,"date":"2026-02-13T15:20:05","date_gmt":"2026-02-13T14:20:05","guid":{"rendered":"https:\/\/www.saltpepper.fr\/?post_type=product&#038;p=2670"},"modified":"2026-05-12T11:31:46","modified_gmt":"2026-05-12T09:31:46","slug":"20-06-18h-atelier-menu-street-food","status":"publish","type":"product","link":"https:\/\/www.saltpepper.fr\/en\/produit\/20-06-18h-atelier-menu-street-food\/","title":{"rendered":"20\/06 &#8211; 18h &#8211; Atelier Menu Street Food"},"content":{"rendered":"<div class=\"re-c-1rb9ga1\">\n<div class=\"re-c-1rb9ga1\">\n<div class=\"re-c-1rb9ga1\">\n<div class=\"re-c-1rb9ga1\">\n<div class=\"re-c-1rb9ga1\">\n<div class=\"re-c-1rb9ga1\">\n<p data-start=\"135\" data-end=\"376\">Voyagez \u00e0 travers les cultures culinaires le temps d\u2019un atelier dynamique et gourmand d\u00e9di\u00e9 \u00e0 la street food. Du moelleux asiatique aux saveurs mexicaines en passant par une touche v\u00e9g\u00e9tarienne cr\u00e9ative, ce menu met \u00e0 l\u2019honneur des sp\u00e9cialit\u00e9s embl\u00e9matiques revisit\u00e9es avec pr\u00e9cision et \u00e9quilibre.<\/p>\n<div class=\"min-h-8 text-message relative flex w-full flex-col items-end gap-2 text-start break-words whitespace-normal [.text-message+&amp;]:mt-1\" dir=\"auto\" data-message-author-role=\"assistant\" data-message-id=\"167fe041-8ddc-4de1-8b74-80bc0e5a40e2\" data-message-model-slug=\"gpt-5-2\">\n<div class=\"flex w-full flex-col gap-1 empty:hidden first:pt-[1px]\">\n<div class=\"markdown prose dark:prose-invert w-full wrap-break-word dark markdown-new-styling\">\n<ul>\n<li data-start=\"1167\" data-end=\"1257\"><strong data-start=\"1167\" data-end=\"1209\">La ma\u00eetrise des p\u00e2tes &amp; des enveloppes<\/strong> : texture, souplesse, fa\u00e7onnage et r\u00e9gularit\u00e9<\/li>\n<li data-start=\"1167\" data-end=\"1257\"><strong data-start=\"1260\" data-end=\"1295\">L\u2019\u00e9quilibre des assaisonnements<\/strong> : gestion des \u00e9pices, des herbes, de l\u2019acidit\u00e9 et du piquant<\/li>\n<li data-start=\"1167\" data-end=\"1257\"><strong data-start=\"1361\" data-end=\"1388\">La cuisson &amp; le montage<\/strong> : croustillant, moelleux, jutosit\u00e9 et pr\u00e9sentation attractive<\/li>\n<\/ul>\n<\/div>\n<\/div>\n<\/div>\n<\/div>\n<\/div>\n<\/div>\n<\/div>\n<\/div>\n<\/div>\n","protected":false},"excerpt":{"rendered":"<div class=\"re-c-1rb9ga1\">\n<p>Travel through culinary cultures with a dynamic and delicious workshop dedicated to street food. From fluffy Asian dishes to Mexican flavors, with a creative vegetarian touch, this menu showcases iconic specialties revisited with precision and balance.<\/p>\n<\/div>","protected":false},"featured_media":2672,"template":"","meta":{"_acf_changed":false},"duree":[32],"nom-de-cours":[99],"thematique":[63],"product_brand":[],"product_cat":[68],"product_tag":[],"class_list":{"0":"post-2670","1":"product","2":"type-product","3":"status-publish","4":"has-post-thumbnail","6":"duree-4h","7":"nom-de-cours-atelier-menu-street-food","8":"thematique-cuisine-du-monde","9":"product_cat-cuisine","11":"first","12":"outofstock","13":"virtual","14":"taxable","15":"purchasable","16":"product-type-simple"},"acf":[],"yoast_head":"<!-- This site is optimized with the Yoast SEO plugin v27.5 - https:\/\/yoast.com\/product\/yoast-seo-wordpress\/ -->\n<title>20\/06 - 18h - Atelier Menu Street Food - Salt &amp; Pepper<\/title>\n<meta name=\"robots\" content=\"noindex, follow\" \/>\n<meta property=\"og:locale\" content=\"en_US\" \/>\n<meta property=\"og:type\" content=\"article\" \/>\n<meta property=\"og:title\" content=\"20\/06 - 18h - Atelier Menu Street Food - Salt &amp; Pepper\" \/>\n<meta property=\"og:description\" content=\"Voyagez \u00e0 travers les cultures culinaires le temps d\u2019un atelier dynamique et gourmand d\u00e9di\u00e9 \u00e0 la street food. Du moelleux asiatique aux saveurs mexicaines en passant par une touche v\u00e9g\u00e9tarienne cr\u00e9ative, ce menu met \u00e0 l\u2019honneur des sp\u00e9cialit\u00e9s embl\u00e9matiques revisit\u00e9es avec pr\u00e9cision et \u00e9quilibre.\" \/>\n<meta property=\"og:url\" content=\"https:\/\/www.saltpepper.fr\/en\/product\/20-06-18h-atelier-menu-street-food\/\" \/>\n<meta property=\"og:site_name\" content=\"Salt &amp; Pepper\" \/>\n<meta property=\"article:publisher\" content=\"https:\/\/www.facebook.com\/saltandpepper.dijon\/\" \/>\n<meta property=\"article:modified_time\" content=\"2026-05-12T09:31:46+00:00\" \/>\n<meta property=\"og:image\" content=\"https:\/\/www.saltpepper.fr\/wp-content\/uploads\/2026\/02\/ChatGPT-Image-13-fevr.-2026-a-15_22_24-1024x683.png\" \/>\n\t<meta property=\"og:image:width\" content=\"1024\" \/>\n\t<meta property=\"og:image:height\" content=\"683\" \/>\n\t<meta property=\"og:image:type\" content=\"image\/png\" \/>\n<meta name=\"twitter:card\" content=\"summary_large_image\" \/>\n<meta name=\"twitter:label1\" content=\"Est. reading time\" \/>\n\t<meta name=\"twitter:data1\" content=\"1 minute\" \/>\n<script type=\"application\/ld+json\" class=\"yoast-schema-graph\">{\"@context\":\"https:\\\/\\\/schema.org\",\"@graph\":[{\"@type\":\"WebPage\",\"@id\":\"https:\\\/\\\/www.saltpepper.fr\\\/produit\\\/20-06-18h-atelier-menu-street-food\\\/\",\"url\":\"https:\\\/\\\/www.saltpepper.fr\\\/produit\\\/20-06-18h-atelier-menu-street-food\\\/\",\"name\":\"20\\\/06 - 18h - Atelier Menu Street Food - Salt &amp; Pepper\",\"isPartOf\":{\"@id\":\"https:\\\/\\\/www.saltpepper.fr\\\/#website\"},\"primaryImageOfPage\":{\"@id\":\"https:\\\/\\\/www.saltpepper.fr\\\/produit\\\/20-06-18h-atelier-menu-street-food\\\/#primaryimage\"},\"image\":{\"@id\":\"https:\\\/\\\/www.saltpepper.fr\\\/produit\\\/20-06-18h-atelier-menu-street-food\\\/#primaryimage\"},\"thumbnailUrl\":\"https:\\\/\\\/www.saltpepper.fr\\\/wp-content\\\/uploads\\\/2026\\\/02\\\/ChatGPT-Image-13-fevr.-2026-a-15_22_24.png\",\"datePublished\":\"2026-02-13T14:20:05+00:00\",\"dateModified\":\"2026-05-12T09:31:46+00:00\",\"breadcrumb\":{\"@id\":\"https:\\\/\\\/www.saltpepper.fr\\\/produit\\\/20-06-18h-atelier-menu-street-food\\\/#breadcrumb\"},\"inLanguage\":\"en-US\",\"potentialAction\":[{\"@type\":\"ReadAction\",\"target\":[\"https:\\\/\\\/www.saltpepper.fr\\\/produit\\\/20-06-18h-atelier-menu-street-food\\\/\"]}]},{\"@type\":\"ImageObject\",\"inLanguage\":\"en-US\",\"@id\":\"https:\\\/\\\/www.saltpepper.fr\\\/produit\\\/20-06-18h-atelier-menu-street-food\\\/#primaryimage\",\"url\":\"https:\\\/\\\/www.saltpepper.fr\\\/wp-content\\\/uploads\\\/2026\\\/02\\\/ChatGPT-Image-13-fevr.-2026-a-15_22_24.png\",\"contentUrl\":\"https:\\\/\\\/www.saltpepper.fr\\\/wp-content\\\/uploads\\\/2026\\\/02\\\/ChatGPT-Image-13-fevr.-2026-a-15_22_24.png\",\"width\":1536,\"height\":1024,\"caption\":\"Bao buns vapeur, tacos vari\u00e9s, dumplings, sauces et vin blanc lors d'un atelier team building chez Salt & Pepper Dijon.\"},{\"@type\":\"BreadcrumbList\",\"@id\":\"https:\\\/\\\/www.saltpepper.fr\\\/produit\\\/20-06-18h-atelier-menu-street-food\\\/#breadcrumb\",\"itemListElement\":[{\"@type\":\"ListItem\",\"position\":1,\"name\":\"Accueil\",\"item\":\"https:\\\/\\\/www.saltpepper.fr\\\/\"},{\"@type\":\"ListItem\",\"position\":2,\"name\":\"Cours de cuisine\",\"item\":\"https:\\\/\\\/www.saltpepper.fr\\\/cours-de-cuisine\\\/\"},{\"@type\":\"ListItem\",\"position\":3,\"name\":\"20\\\/06 &#8211; 18h &#8211; Atelier Menu Street Food\"}]},{\"@type\":\"WebSite\",\"@id\":\"https:\\\/\\\/www.saltpepper.fr\\\/#website\",\"url\":\"https:\\\/\\\/www.saltpepper.fr\\\/\",\"name\":\"Salt & Pepper\",\"description\":\"\",\"publisher\":{\"@id\":\"https:\\\/\\\/www.saltpepper.fr\\\/#organization\"},\"potentialAction\":[{\"@type\":\"SearchAction\",\"target\":{\"@type\":\"EntryPoint\",\"urlTemplate\":\"https:\\\/\\\/www.saltpepper.fr\\\/?s={search_term_string}\"},\"query-input\":{\"@type\":\"PropertyValueSpecification\",\"valueRequired\":true,\"valueName\":\"search_term_string\"}}],\"inLanguage\":\"en-US\"},{\"@type\":\"Organization\",\"@id\":\"https:\\\/\\\/www.saltpepper.fr\\\/#organization\",\"name\":\"Salt & Pepper\",\"url\":\"https:\\\/\\\/www.saltpepper.fr\\\/\",\"logo\":{\"@type\":\"ImageObject\",\"inLanguage\":\"en-US\",\"@id\":\"https:\\\/\\\/www.saltpepper.fr\\\/#\\\/schema\\\/logo\\\/image\\\/\",\"url\":\"https:\\\/\\\/www.saltpepper.fr\\\/wp-content\\\/uploads\\\/2025\\\/05\\\/SALTPEPPER_logotype_cuivre_sans_baseline.svg\",\"contentUrl\":\"https:\\\/\\\/www.saltpepper.fr\\\/wp-content\\\/uploads\\\/2025\\\/05\\\/SALTPEPPER_logotype_cuivre_sans_baseline.svg\",\"width\":1,\"height\":1,\"caption\":\"Salt & Pepper\"},\"image\":{\"@id\":\"https:\\\/\\\/www.saltpepper.fr\\\/#\\\/schema\\\/logo\\\/image\\\/\"},\"sameAs\":[\"https:\\\/\\\/www.facebook.com\\\/saltandpepper.dijon\\\/\",\"https:\\\/\\\/www.instagram.com\\\/saltpepper.dijon\\\/\",\"https:\\\/\\\/www.linkedin.com\\\/company\\\/salt-and-pepper-dijon\\\/\"]}]}<\/script>\n<!-- \/ Yoast SEO plugin. -->","yoast_head_json":{"title":"20\/06 - 18h - Atelier Menu Street Food - Salt &amp; Pepper","robots":{"index":"noindex","follow":"follow"},"og_locale":"en_US","og_type":"article","og_title":"20\/06 - 18h - Atelier Menu Street Food - Salt &amp; Pepper","og_description":"Voyagez \u00e0 travers les cultures culinaires le temps d\u2019un atelier dynamique et gourmand d\u00e9di\u00e9 \u00e0 la street food. Du moelleux asiatique aux saveurs mexicaines en passant par une touche v\u00e9g\u00e9tarienne cr\u00e9ative, ce menu met \u00e0 l\u2019honneur des sp\u00e9cialit\u00e9s embl\u00e9matiques revisit\u00e9es avec pr\u00e9cision et \u00e9quilibre.","og_url":"https:\/\/www.saltpepper.fr\/en\/product\/20-06-18h-atelier-menu-street-food\/","og_site_name":"Salt &amp; Pepper","article_publisher":"https:\/\/www.facebook.com\/saltandpepper.dijon\/","article_modified_time":"2026-05-12T09:31:46+00:00","og_image":[{"width":1024,"height":683,"url":"https:\/\/www.saltpepper.fr\/wp-content\/uploads\/2026\/02\/ChatGPT-Image-13-fevr.-2026-a-15_22_24-1024x683.png","type":"image\/png"}],"twitter_card":"summary_large_image","twitter_misc":{"Est. reading time":"1 minute"},"schema":{"@context":"https:\/\/schema.org","@graph":[{"@type":"WebPage","@id":"https:\/\/www.saltpepper.fr\/produit\/20-06-18h-atelier-menu-street-food\/","url":"https:\/\/www.saltpepper.fr\/produit\/20-06-18h-atelier-menu-street-food\/","name":"20\/06 - 18h - Atelier Menu Street Food - Salt &amp; Pepper","isPartOf":{"@id":"https:\/\/www.saltpepper.fr\/#website"},"primaryImageOfPage":{"@id":"https:\/\/www.saltpepper.fr\/produit\/20-06-18h-atelier-menu-street-food\/#primaryimage"},"image":{"@id":"https:\/\/www.saltpepper.fr\/produit\/20-06-18h-atelier-menu-street-food\/#primaryimage"},"thumbnailUrl":"https:\/\/www.saltpepper.fr\/wp-content\/uploads\/2026\/02\/ChatGPT-Image-13-fevr.-2026-a-15_22_24.png","datePublished":"2026-02-13T14:20:05+00:00","dateModified":"2026-05-12T09:31:46+00:00","breadcrumb":{"@id":"https:\/\/www.saltpepper.fr\/produit\/20-06-18h-atelier-menu-street-food\/#breadcrumb"},"inLanguage":"en-US","potentialAction":[{"@type":"ReadAction","target":["https:\/\/www.saltpepper.fr\/produit\/20-06-18h-atelier-menu-street-food\/"]}]},{"@type":"ImageObject","inLanguage":"en-US","@id":"https:\/\/www.saltpepper.fr\/produit\/20-06-18h-atelier-menu-street-food\/#primaryimage","url":"https:\/\/www.saltpepper.fr\/wp-content\/uploads\/2026\/02\/ChatGPT-Image-13-fevr.-2026-a-15_22_24.png","contentUrl":"https:\/\/www.saltpepper.fr\/wp-content\/uploads\/2026\/02\/ChatGPT-Image-13-fevr.-2026-a-15_22_24.png","width":1536,"height":1024,"caption":"Bao buns vapeur, tacos vari\u00e9s, dumplings, sauces et vin blanc lors d'un atelier team building chez Salt & Pepper Dijon."},{"@type":"BreadcrumbList","@id":"https:\/\/www.saltpepper.fr\/produit\/20-06-18h-atelier-menu-street-food\/#breadcrumb","itemListElement":[{"@type":"ListItem","position":1,"name":"Accueil","item":"https:\/\/www.saltpepper.fr\/"},{"@type":"ListItem","position":2,"name":"Cours de cuisine","item":"https:\/\/www.saltpepper.fr\/cours-de-cuisine\/"},{"@type":"ListItem","position":3,"name":"20\/06 &#8211; 18h &#8211; Atelier Menu Street Food"}]},{"@type":"WebSite","@id":"https:\/\/www.saltpepper.fr\/#website","url":"https:\/\/www.saltpepper.fr\/","name":"Salt &amp; Pepper","description":"","publisher":{"@id":"https:\/\/www.saltpepper.fr\/#organization"},"potentialAction":[{"@type":"SearchAction","target":{"@type":"EntryPoint","urlTemplate":"https:\/\/www.saltpepper.fr\/?s={search_term_string}"},"query-input":{"@type":"PropertyValueSpecification","valueRequired":true,"valueName":"search_term_string"}}],"inLanguage":"en-US"},{"@type":"Organization","@id":"https:\/\/www.saltpepper.fr\/#organization","name":"Salt &amp; Pepper","url":"https:\/\/www.saltpepper.fr\/","logo":{"@type":"ImageObject","inLanguage":"en-US","@id":"https:\/\/www.saltpepper.fr\/#\/schema\/logo\/image\/","url":"https:\/\/www.saltpepper.fr\/wp-content\/uploads\/2025\/05\/SALTPEPPER_logotype_cuivre_sans_baseline.svg","contentUrl":"https:\/\/www.saltpepper.fr\/wp-content\/uploads\/2025\/05\/SALTPEPPER_logotype_cuivre_sans_baseline.svg","width":1,"height":1,"caption":"Salt & Pepper"},"image":{"@id":"https:\/\/www.saltpepper.fr\/#\/schema\/logo\/image\/"},"sameAs":["https:\/\/www.facebook.com\/saltandpepper.dijon\/","https:\/\/www.instagram.com\/saltpepper.dijon\/","https:\/\/www.linkedin.com\/company\/salt-and-pepper-dijon\/"]}]}},"jetpack_sharing_enabled":true,"_links":{"self":[{"href":"https:\/\/www.saltpepper.fr\/en\/wp-json\/wp\/v2\/product\/2670","targetHints":{"allow":["GET"]}}],"collection":[{"href":"https:\/\/www.saltpepper.fr\/en\/wp-json\/wp\/v2\/product"}],"about":[{"href":"https:\/\/www.saltpepper.fr\/en\/wp-json\/wp\/v2\/types\/product"}],"wp:featuredmedia":[{"embeddable":true,"href":"https:\/\/www.saltpepper.fr\/en\/wp-json\/wp\/v2\/media\/2672"}],"wp:attachment":[{"href":"https:\/\/www.saltpepper.fr\/en\/wp-json\/wp\/v2\/media?parent=2670"}],"wp:term":[{"taxonomy":"duree","embeddable":true,"href":"https:\/\/www.saltpepper.fr\/en\/wp-json\/wp\/v2\/duree?post=2670"},{"taxonomy":"nom-de-cours","embeddable":true,"href":"https:\/\/www.saltpepper.fr\/en\/wp-json\/wp\/v2\/nom-de-cours?post=2670"},{"taxonomy":"thematique","embeddable":true,"href":"https:\/\/www.saltpepper.fr\/en\/wp-json\/wp\/v2\/thematique?post=2670"},{"taxonomy":"product_brand","embeddable":true,"href":"https:\/\/www.saltpepper.fr\/en\/wp-json\/wp\/v2\/product_brand?post=2670"},{"taxonomy":"product_cat","embeddable":true,"href":"https:\/\/www.saltpepper.fr\/en\/wp-json\/wp\/v2\/product_cat?post=2670"},{"taxonomy":"product_tag","embeddable":true,"href":"https:\/\/www.saltpepper.fr\/en\/wp-json\/wp\/v2\/product_tag?post=2670"}],"curies":[{"name":"wp","href":"https:\/\/api.w.org\/{rel}","templated":true}]}}