{"id":2657,"date":"2026-02-13T09:31:21","date_gmt":"2026-02-13T08:31:21","guid":{"rendered":"https:\/\/www.saltpepper.fr\/?post_type=product&#038;p=2657"},"modified":"2026-05-06T11:56:52","modified_gmt":"2026-05-06T09:56:52","slug":"16-05-10h-atelier-dessert-autour-de-la-fraise","status":"publish","type":"product","link":"https:\/\/www.saltpepper.fr\/en\/produit\/16-05-10h-atelier-dessert-autour-de-la-fraise\/","title":{"rendered":"16\/05 &#8211; 10h &#8211; Atelier Dessert Autour De La Fraise"},"content":{"rendered":"<div class=\"re-c-1rb9ga1\">\n<div class=\"re-c-1rb9ga1\">\n<div class=\"re-c-1rb9ga1\">\n<div class=\"re-c-1rb9ga1\">\n<p data-start=\"107\" data-end=\"318\">La fraise est l\u2019un des fruits phares du printemps et du d\u00e9but d\u2019\u00e9t\u00e9. D\u00e9licate, parfum\u00e9e et naturellement sucr\u00e9e, elle offre une multitude de possibilit\u00e9s en p\u00e2tisserie, du dessert le plus simple au plus raffin\u00e9.<\/p>\n<p data-start=\"320\" data-end=\"599\">In this workshop, you will learn how to work with strawberries in various forms to create several delicious and elegant treats. The goal is to understand how to enhance this fruit without altering its natural flavor, while mastering essential pastry techniques.<\/p>\n<p data-start=\"320\" data-end=\"599\">\n<\/div>\n<ul>\n<li data-start=\"1226\" data-end=\"1345\"><strong data-start=\"1226\" data-end=\"1256\">La mise en valeur du fruit<\/strong> : choisir, pr\u00e9parer et assaisonner la fraise pour pr\u00e9server sa fra\u00eecheur et son parfum<\/li>\n<li data-start=\"1226\" data-end=\"1345\"><strong data-start=\"1348\" data-end=\"1391\">Les techniques p\u00e2tissi\u00e8res essentielles<\/strong> : cr\u00e8me, biscuit, montage, textures et \u00e9quilibre des sucres<\/li>\n<li data-start=\"1226\" data-end=\"1345\"><strong data-start=\"1456\" data-end=\"1484\">L\u2019harmonie &amp; le dressage<\/strong> : associer les saveurs et travailler une pr\u00e9sentation \u00e9l\u00e9gante et moderne<\/li>\n<\/ul>\n<\/div>\n<\/div>\n<\/div>","protected":false},"excerpt":{"rendered":"<p data-start=\"320\" data-end=\"599\">In this workshop, you will learn how to work with strawberries in various forms to create several delicious and elegant treats. The goal is to understand how to enhance this fruit without altering its natural flavor, while mastering essential pastry techniques.<\/p>","protected":false},"featured_media":2658,"template":"","meta":{"_acf_changed":false},"duree":[30],"nom-de-cours":[98],"thematique":[66],"product_brand":[],"product_cat":[70],"product_tag":[],"class_list":{"0":"post-2657","1":"product","2":"type-product","3":"status-publish","4":"has-post-thumbnail","6":"duree-3h","7":"nom-de-cours-atelier-dessert-autour-de-la-fraise","8":"thematique-patisserie","9":"product_cat-patisserie","11":"first","12":"outofstock","13":"virtual","14":"taxable","15":"purchasable","16":"product-type-simple"},"acf":[],"yoast_head":"<!-- This site is optimized with the Yoast SEO plugin v27.5 - https:\/\/yoast.com\/product\/yoast-seo-wordpress\/ -->\n<title>16\/05 - 10h - Atelier Dessert Autour De La Fraise - Salt &amp; Pepper<\/title>\n<meta name=\"robots\" content=\"noindex, follow\" \/>\n<meta property=\"og:locale\" content=\"en_US\" \/>\n<meta property=\"og:type\" content=\"article\" \/>\n<meta property=\"og:title\" content=\"16\/05 - 10h - Atelier Dessert Autour De La Fraise - Salt &amp; Pepper\" \/>\n<meta property=\"og:description\" content=\"Lors de cet atelier, vous apprendrez \u00e0 travailler la fraise sous diff\u00e9rentes formes afin de r\u00e9aliser plusieurs cr\u00e9ations gourmandes et \u00e9l\u00e9gantes. L\u2019objectif est de comprendre comment sublimer ce fruit sans le d\u00e9naturer, tout en ma\u00eetrisant les techniques p\u00e2tissi\u00e8res essentielles.\" \/>\n<meta property=\"og:url\" content=\"https:\/\/www.saltpepper.fr\/en\/product\/16-05-10h-atelier-dessert-autour-de-la-fraise\/\" \/>\n<meta property=\"og:site_name\" content=\"Salt &amp; Pepper\" \/>\n<meta property=\"article:publisher\" content=\"https:\/\/www.facebook.com\/saltandpepper.dijon\/\" \/>\n<meta property=\"article:modified_time\" content=\"2026-05-06T09:56:52+00:00\" \/>\n<meta property=\"og:image\" content=\"https:\/\/www.saltpepper.fr\/wp-content\/uploads\/2026\/02\/ChatGPT-Image-13-fevr.-2026-a-09_47_07-1024x683.png\" \/>\n\t<meta property=\"og:image:width\" content=\"1024\" \/>\n\t<meta property=\"og:image:height\" content=\"683\" \/>\n\t<meta property=\"og:image:type\" content=\"image\/png\" \/>\n<meta name=\"twitter:card\" content=\"summary_large_image\" \/>\n<meta name=\"twitter:label1\" content=\"Est. reading time\" \/>\n\t<meta name=\"twitter:data1\" content=\"1 minute\" \/>\n<script type=\"application\/ld+json\" class=\"yoast-schema-graph\">{\"@context\":\"https:\\\/\\\/schema.org\",\"@graph\":[{\"@type\":\"WebPage\",\"@id\":\"https:\\\/\\\/www.saltpepper.fr\\\/produit\\\/16-05-10h-atelier-dessert-autour-de-la-fraise\\\/\",\"url\":\"https:\\\/\\\/www.saltpepper.fr\\\/produit\\\/16-05-10h-atelier-dessert-autour-de-la-fraise\\\/\",\"name\":\"16\\\/05 - 10h - Atelier Dessert Autour De La Fraise - Salt &amp; Pepper\",\"isPartOf\":{\"@id\":\"https:\\\/\\\/www.saltpepper.fr\\\/#website\"},\"primaryImageOfPage\":{\"@id\":\"https:\\\/\\\/www.saltpepper.fr\\\/produit\\\/16-05-10h-atelier-dessert-autour-de-la-fraise\\\/#primaryimage\"},\"image\":{\"@id\":\"https:\\\/\\\/www.saltpepper.fr\\\/produit\\\/16-05-10h-atelier-dessert-autour-de-la-fraise\\\/#primaryimage\"},\"thumbnailUrl\":\"https:\\\/\\\/www.saltpepper.fr\\\/wp-content\\\/uploads\\\/2026\\\/02\\\/ChatGPT-Image-13-fevr.-2026-a-09_47_07.png\",\"datePublished\":\"2026-02-13T08:31:21+00:00\",\"dateModified\":\"2026-05-06T09:56:52+00:00\",\"breadcrumb\":{\"@id\":\"https:\\\/\\\/www.saltpepper.fr\\\/produit\\\/16-05-10h-atelier-dessert-autour-de-la-fraise\\\/#breadcrumb\"},\"inLanguage\":\"en-US\",\"potentialAction\":[{\"@type\":\"ReadAction\",\"target\":[\"https:\\\/\\\/www.saltpepper.fr\\\/produit\\\/16-05-10h-atelier-dessert-autour-de-la-fraise\\\/\"]}]},{\"@type\":\"ImageObject\",\"inLanguage\":\"en-US\",\"@id\":\"https:\\\/\\\/www.saltpepper.fr\\\/produit\\\/16-05-10h-atelier-dessert-autour-de-la-fraise\\\/#primaryimage\",\"url\":\"https:\\\/\\\/www.saltpepper.fr\\\/wp-content\\\/uploads\\\/2026\\\/02\\\/ChatGPT-Image-13-fevr.-2026-a-09_47_07.png\",\"contentUrl\":\"https:\\\/\\\/www.saltpepper.fr\\\/wp-content\\\/uploads\\\/2026\\\/02\\\/ChatGPT-Image-13-fevr.-2026-a-09_47_07.png\",\"width\":1536,\"height\":1024,\"caption\":\"Tarte atelier dessert aux fraises, chantilly et rhubarbe, entour\u00e9e de fruits, fleurs et moulins lors d'un team building.\"},{\"@type\":\"BreadcrumbList\",\"@id\":\"https:\\\/\\\/www.saltpepper.fr\\\/produit\\\/16-05-10h-atelier-dessert-autour-de-la-fraise\\\/#breadcrumb\",\"itemListElement\":[{\"@type\":\"ListItem\",\"position\":1,\"name\":\"Accueil\",\"item\":\"https:\\\/\\\/www.saltpepper.fr\\\/\"},{\"@type\":\"ListItem\",\"position\":2,\"name\":\"Cours de cuisine\",\"item\":\"https:\\\/\\\/www.saltpepper.fr\\\/cours-de-cuisine\\\/\"},{\"@type\":\"ListItem\",\"position\":3,\"name\":\"16\\\/05 &#8211; 10h &#8211; Atelier Dessert Autour De La Fraise\"}]},{\"@type\":\"WebSite\",\"@id\":\"https:\\\/\\\/www.saltpepper.fr\\\/#website\",\"url\":\"https:\\\/\\\/www.saltpepper.fr\\\/\",\"name\":\"Salt & Pepper\",\"description\":\"\",\"publisher\":{\"@id\":\"https:\\\/\\\/www.saltpepper.fr\\\/#organization\"},\"potentialAction\":[{\"@type\":\"SearchAction\",\"target\":{\"@type\":\"EntryPoint\",\"urlTemplate\":\"https:\\\/\\\/www.saltpepper.fr\\\/?s={search_term_string}\"},\"query-input\":{\"@type\":\"PropertyValueSpecification\",\"valueRequired\":true,\"valueName\":\"search_term_string\"}}],\"inLanguage\":\"en-US\"},{\"@type\":\"Organization\",\"@id\":\"https:\\\/\\\/www.saltpepper.fr\\\/#organization\",\"name\":\"Salt & Pepper\",\"url\":\"https:\\\/\\\/www.saltpepper.fr\\\/\",\"logo\":{\"@type\":\"ImageObject\",\"inLanguage\":\"en-US\",\"@id\":\"https:\\\/\\\/www.saltpepper.fr\\\/#\\\/schema\\\/logo\\\/image\\\/\",\"url\":\"https:\\\/\\\/www.saltpepper.fr\\\/wp-content\\\/uploads\\\/2025\\\/05\\\/SALTPEPPER_logotype_cuivre_sans_baseline.svg\",\"contentUrl\":\"https:\\\/\\\/www.saltpepper.fr\\\/wp-content\\\/uploads\\\/2025\\\/05\\\/SALTPEPPER_logotype_cuivre_sans_baseline.svg\",\"width\":1,\"height\":1,\"caption\":\"Salt & Pepper\"},\"image\":{\"@id\":\"https:\\\/\\\/www.saltpepper.fr\\\/#\\\/schema\\\/logo\\\/image\\\/\"},\"sameAs\":[\"https:\\\/\\\/www.facebook.com\\\/saltandpepper.dijon\\\/\",\"https:\\\/\\\/www.instagram.com\\\/saltpepper.dijon\\\/\",\"https:\\\/\\\/www.linkedin.com\\\/company\\\/salt-and-pepper-dijon\\\/\"]}]}<\/script>\n<!-- \/ Yoast SEO plugin. -->","yoast_head_json":{"title":"16\/05 - 10h - Atelier Dessert Autour De La Fraise - Salt &amp; Pepper","robots":{"index":"noindex","follow":"follow"},"og_locale":"en_US","og_type":"article","og_title":"16\/05 - 10h - Atelier Dessert Autour De La Fraise - Salt &amp; Pepper","og_description":"Lors de cet atelier, vous apprendrez \u00e0 travailler la fraise sous diff\u00e9rentes formes afin de r\u00e9aliser plusieurs cr\u00e9ations gourmandes et \u00e9l\u00e9gantes. L\u2019objectif est de comprendre comment sublimer ce fruit sans le d\u00e9naturer, tout en ma\u00eetrisant les techniques p\u00e2tissi\u00e8res essentielles.","og_url":"https:\/\/www.saltpepper.fr\/en\/product\/16-05-10h-atelier-dessert-autour-de-la-fraise\/","og_site_name":"Salt &amp; Pepper","article_publisher":"https:\/\/www.facebook.com\/saltandpepper.dijon\/","article_modified_time":"2026-05-06T09:56:52+00:00","og_image":[{"width":1024,"height":683,"url":"https:\/\/www.saltpepper.fr\/wp-content\/uploads\/2026\/02\/ChatGPT-Image-13-fevr.-2026-a-09_47_07-1024x683.png","type":"image\/png"}],"twitter_card":"summary_large_image","twitter_misc":{"Est. reading time":"1 minute"},"schema":{"@context":"https:\/\/schema.org","@graph":[{"@type":"WebPage","@id":"https:\/\/www.saltpepper.fr\/produit\/16-05-10h-atelier-dessert-autour-de-la-fraise\/","url":"https:\/\/www.saltpepper.fr\/produit\/16-05-10h-atelier-dessert-autour-de-la-fraise\/","name":"16\/05 - 10h - Atelier Dessert Autour De La Fraise - Salt &amp; Pepper","isPartOf":{"@id":"https:\/\/www.saltpepper.fr\/#website"},"primaryImageOfPage":{"@id":"https:\/\/www.saltpepper.fr\/produit\/16-05-10h-atelier-dessert-autour-de-la-fraise\/#primaryimage"},"image":{"@id":"https:\/\/www.saltpepper.fr\/produit\/16-05-10h-atelier-dessert-autour-de-la-fraise\/#primaryimage"},"thumbnailUrl":"https:\/\/www.saltpepper.fr\/wp-content\/uploads\/2026\/02\/ChatGPT-Image-13-fevr.-2026-a-09_47_07.png","datePublished":"2026-02-13T08:31:21+00:00","dateModified":"2026-05-06T09:56:52+00:00","breadcrumb":{"@id":"https:\/\/www.saltpepper.fr\/produit\/16-05-10h-atelier-dessert-autour-de-la-fraise\/#breadcrumb"},"inLanguage":"en-US","potentialAction":[{"@type":"ReadAction","target":["https:\/\/www.saltpepper.fr\/produit\/16-05-10h-atelier-dessert-autour-de-la-fraise\/"]}]},{"@type":"ImageObject","inLanguage":"en-US","@id":"https:\/\/www.saltpepper.fr\/produit\/16-05-10h-atelier-dessert-autour-de-la-fraise\/#primaryimage","url":"https:\/\/www.saltpepper.fr\/wp-content\/uploads\/2026\/02\/ChatGPT-Image-13-fevr.-2026-a-09_47_07.png","contentUrl":"https:\/\/www.saltpepper.fr\/wp-content\/uploads\/2026\/02\/ChatGPT-Image-13-fevr.-2026-a-09_47_07.png","width":1536,"height":1024,"caption":"Tarte atelier dessert aux fraises, chantilly et rhubarbe, entour\u00e9e de fruits, fleurs et moulins lors d'un team building."},{"@type":"BreadcrumbList","@id":"https:\/\/www.saltpepper.fr\/produit\/16-05-10h-atelier-dessert-autour-de-la-fraise\/#breadcrumb","itemListElement":[{"@type":"ListItem","position":1,"name":"Accueil","item":"https:\/\/www.saltpepper.fr\/"},{"@type":"ListItem","position":2,"name":"Cours de cuisine","item":"https:\/\/www.saltpepper.fr\/cours-de-cuisine\/"},{"@type":"ListItem","position":3,"name":"16\/05 &#8211; 10h &#8211; Atelier Dessert Autour De La Fraise"}]},{"@type":"WebSite","@id":"https:\/\/www.saltpepper.fr\/#website","url":"https:\/\/www.saltpepper.fr\/","name":"Salt &amp; Pepper","description":"","publisher":{"@id":"https:\/\/www.saltpepper.fr\/#organization"},"potentialAction":[{"@type":"SearchAction","target":{"@type":"EntryPoint","urlTemplate":"https:\/\/www.saltpepper.fr\/?s={search_term_string}"},"query-input":{"@type":"PropertyValueSpecification","valueRequired":true,"valueName":"search_term_string"}}],"inLanguage":"en-US"},{"@type":"Organization","@id":"https:\/\/www.saltpepper.fr\/#organization","name":"Salt &amp; Pepper","url":"https:\/\/www.saltpepper.fr\/","logo":{"@type":"ImageObject","inLanguage":"en-US","@id":"https:\/\/www.saltpepper.fr\/#\/schema\/logo\/image\/","url":"https:\/\/www.saltpepper.fr\/wp-content\/uploads\/2025\/05\/SALTPEPPER_logotype_cuivre_sans_baseline.svg","contentUrl":"https:\/\/www.saltpepper.fr\/wp-content\/uploads\/2025\/05\/SALTPEPPER_logotype_cuivre_sans_baseline.svg","width":1,"height":1,"caption":"Salt & Pepper"},"image":{"@id":"https:\/\/www.saltpepper.fr\/#\/schema\/logo\/image\/"},"sameAs":["https:\/\/www.facebook.com\/saltandpepper.dijon\/","https:\/\/www.instagram.com\/saltpepper.dijon\/","https:\/\/www.linkedin.com\/company\/salt-and-pepper-dijon\/"]}]}},"jetpack_sharing_enabled":true,"_links":{"self":[{"href":"https:\/\/www.saltpepper.fr\/en\/wp-json\/wp\/v2\/product\/2657","targetHints":{"allow":["GET"]}}],"collection":[{"href":"https:\/\/www.saltpepper.fr\/en\/wp-json\/wp\/v2\/product"}],"about":[{"href":"https:\/\/www.saltpepper.fr\/en\/wp-json\/wp\/v2\/types\/product"}],"wp:featuredmedia":[{"embeddable":true,"href":"https:\/\/www.saltpepper.fr\/en\/wp-json\/wp\/v2\/media\/2658"}],"wp:attachment":[{"href":"https:\/\/www.saltpepper.fr\/en\/wp-json\/wp\/v2\/media?parent=2657"}],"wp:term":[{"taxonomy":"duree","embeddable":true,"href":"https:\/\/www.saltpepper.fr\/en\/wp-json\/wp\/v2\/duree?post=2657"},{"taxonomy":"nom-de-cours","embeddable":true,"href":"https:\/\/www.saltpepper.fr\/en\/wp-json\/wp\/v2\/nom-de-cours?post=2657"},{"taxonomy":"thematique","embeddable":true,"href":"https:\/\/www.saltpepper.fr\/en\/wp-json\/wp\/v2\/thematique?post=2657"},{"taxonomy":"product_brand","embeddable":true,"href":"https:\/\/www.saltpepper.fr\/en\/wp-json\/wp\/v2\/product_brand?post=2657"},{"taxonomy":"product_cat","embeddable":true,"href":"https:\/\/www.saltpepper.fr\/en\/wp-json\/wp\/v2\/product_cat?post=2657"},{"taxonomy":"product_tag","embeddable":true,"href":"https:\/\/www.saltpepper.fr\/en\/wp-json\/wp\/v2\/product_tag?post=2657"}],"curies":[{"name":"wp","href":"https:\/\/api.w.org\/{rel}","templated":true}]}}