{"id":2656,"date":"2026-02-13T09:25:40","date_gmt":"2026-02-13T08:25:40","guid":{"rendered":"https:\/\/www.saltpepper.fr\/?post_type=product&#038;p=2656"},"modified":"2026-05-06T11:56:59","modified_gmt":"2026-05-06T09:56:59","slug":"17-05-4-pm-workshop-technical-meurette-eggs","status":"publish","type":"product","link":"https:\/\/www.saltpepper.fr\/en\/produit\/17-05-16h-atelier-technique-oeufs-meurette\/","title":{"rendered":"May 17th \u2013 4 PM \u2013 Technical Workshop: Eggs Meurette"},"content":{"rendered":"<div class=\"re-c-1rb9ga1\">\n<div class=\"re-c-1rb9ga1\">\n<div class=\"re-c-1rb9ga1\">\n<div class=\"re-c-1rb9ga1\">\n<p>Dive into the basics of traditional French cuisine with a workshop dedicated to a must-have: eggs in meurette sauce. Behind this apparent simplicity lies real mastery: poaching, wine sauce, garnishes, and plating... you will learn step by step how to create this iconic dish with precision and deliciousness.<\/p>\n<\/div>\n<p>&nbsp;<\/p>\n<ul class=\"regiondo-product-highlights re-c-18vl3r0\">\n<li>Discover the fundamentals and chef's tricks for making a thick and flavorful sauce<\/li>\n<li>Mastering the technique for preparing your eggs for a runny yolk!<\/li>\n<li>Enjoy your creations with a complimentary glass of wine<\/li>\n<\/ul>\n<\/div>\n<\/div>\n<div class=\"re-c-1rb9ga1\"><\/div>\n<\/div>","protected":false},"excerpt":{"rendered":"<p>Dive into the basics of traditional French cuisine with a workshop dedicated to a must-have: eggs in meurette sauce. Behind this apparent simplicity lies real mastery: poaching, wine sauce, garnishes, and plating... you will learn step by step how to create this iconic dish with precision and deliciousness.<\/p>","protected":false},"featured_media":2567,"template":"","meta":{"_acf_changed":false},"duree":[31],"nom-de-cours":[47],"thematique":[64],"product_brand":[],"product_cat":[69],"product_tag":[],"class_list":{"0":"post-2656","1":"product","2":"type-product","3":"status-publish","4":"has-post-thumbnail","6":"duree-2h","7":"nom-de-cours-atelier-oeufs-meurette","8":"thematique-cuisine-francaise","9":"product_cat-atelier-technique","11":"first","12":"instock","13":"virtual","14":"taxable","15":"purchasable","16":"product-type-simple"},"acf":[],"yoast_head":"<!-- This site is optimized with the Yoast SEO plugin v27.5 - https:\/\/yoast.com\/product\/yoast-seo-wordpress\/ -->\n<title>17\/05 - 16h - Atelier Technique : \u0152ufs Meurette - Salt &amp; Pepper<\/title>\n<meta name=\"robots\" content=\"noindex, follow\" \/>\n<meta property=\"og:locale\" content=\"en_US\" \/>\n<meta property=\"og:type\" content=\"article\" \/>\n<meta property=\"og:title\" content=\"17\/05 - 16h - Atelier Technique : \u0152ufs Meurette - Salt &amp; Pepper\" \/>\n<meta property=\"og:description\" content=\"Plongez dans les bases de la cuisine traditionnelle fran\u00e7aise avec un atelier d\u00e9di\u00e9 \u00e0 un incontournable : l\u2019\u0153uf en meurette.Derri\u00e8re cette apparente simplicit\u00e9 se cache une vraie ma\u00eetrise : pochage, sauce au vin, garniture et dressage\u2026 vous apprendrez pas \u00e0 pas \u00e0 r\u00e9aliser cette recette embl\u00e9matique avec pr\u00e9cision et gourmandise.\" \/>\n<meta property=\"og:url\" content=\"https:\/\/www.saltpepper.fr\/en\/product\/17-05-4-pm-workshop-technical-meurette-eggs\/\" \/>\n<meta property=\"og:site_name\" content=\"Salt &amp; Pepper\" \/>\n<meta property=\"article:publisher\" content=\"https:\/\/www.facebook.com\/saltandpepper.dijon\/\" \/>\n<meta property=\"article:modified_time\" content=\"2026-05-06T09:56:59+00:00\" \/>\n<meta property=\"og:image\" content=\"https:\/\/www.saltpepper.fr\/wp-content\/uploads\/2026\/02\/ChatGPT-Image-5-fevr.-2026-a-16_08_07-1024x683.png\" \/>\n\t<meta property=\"og:image:width\" content=\"1024\" \/>\n\t<meta property=\"og:image:height\" content=\"683\" \/>\n\t<meta property=\"og:image:type\" content=\"image\/png\" \/>\n<meta name=\"twitter:card\" content=\"summary_large_image\" \/>\n<meta name=\"twitter:label1\" content=\"Est. reading time\" \/>\n\t<meta name=\"twitter:data1\" content=\"1 minute\" \/>\n<script type=\"application\/ld+json\" class=\"yoast-schema-graph\">{\"@context\":\"https:\\\/\\\/schema.org\",\"@graph\":[{\"@type\":\"WebPage\",\"@id\":\"https:\\\/\\\/www.saltpepper.fr\\\/produit\\\/17-05-16h-atelier-technique-oeufs-meurette\\\/\",\"url\":\"https:\\\/\\\/www.saltpepper.fr\\\/produit\\\/17-05-16h-atelier-technique-oeufs-meurette\\\/\",\"name\":\"17\\\/05 - 16h - Atelier Technique : \u0152ufs Meurette - Salt &amp; Pepper\",\"isPartOf\":{\"@id\":\"https:\\\/\\\/www.saltpepper.fr\\\/#website\"},\"primaryImageOfPage\":{\"@id\":\"https:\\\/\\\/www.saltpepper.fr\\\/produit\\\/17-05-16h-atelier-technique-oeufs-meurette\\\/#primaryimage\"},\"image\":{\"@id\":\"https:\\\/\\\/www.saltpepper.fr\\\/produit\\\/17-05-16h-atelier-technique-oeufs-meurette\\\/#primaryimage\"},\"thumbnailUrl\":\"https:\\\/\\\/www.saltpepper.fr\\\/wp-content\\\/uploads\\\/2026\\\/02\\\/ChatGPT-Image-5-fevr.-2026-a-16_08_07.png\",\"datePublished\":\"2026-02-13T08:25:40+00:00\",\"dateModified\":\"2026-05-06T09:56:59+00:00\",\"breadcrumb\":{\"@id\":\"https:\\\/\\\/www.saltpepper.fr\\\/produit\\\/17-05-16h-atelier-technique-oeufs-meurette\\\/#breadcrumb\"},\"inLanguage\":\"en-US\",\"potentialAction\":[{\"@type\":\"ReadAction\",\"target\":[\"https:\\\/\\\/www.saltpepper.fr\\\/produit\\\/17-05-16h-atelier-technique-oeufs-meurette\\\/\"]}]},{\"@type\":\"ImageObject\",\"inLanguage\":\"en-US\",\"@id\":\"https:\\\/\\\/www.saltpepper.fr\\\/produit\\\/17-05-16h-atelier-technique-oeufs-meurette\\\/#primaryimage\",\"url\":\"https:\\\/\\\/www.saltpepper.fr\\\/wp-content\\\/uploads\\\/2026\\\/02\\\/ChatGPT-Image-5-fevr.-2026-a-16_08_07.png\",\"contentUrl\":\"https:\\\/\\\/www.saltpepper.fr\\\/wp-content\\\/uploads\\\/2026\\\/02\\\/ChatGPT-Image-5-fevr.-2026-a-16_08_07.png\",\"width\":1536,\"height\":1024,\"caption\":\"Bol d'\u0153ufs meurette garnis de champignons, lardons et herbes sur pain grill\u00e9, pr\u00e9sent\u00e9 en atelier culinaire.\"},{\"@type\":\"BreadcrumbList\",\"@id\":\"https:\\\/\\\/www.saltpepper.fr\\\/produit\\\/17-05-16h-atelier-technique-oeufs-meurette\\\/#breadcrumb\",\"itemListElement\":[{\"@type\":\"ListItem\",\"position\":1,\"name\":\"Accueil\",\"item\":\"https:\\\/\\\/www.saltpepper.fr\\\/\"},{\"@type\":\"ListItem\",\"position\":2,\"name\":\"Cours de cuisine\",\"item\":\"https:\\\/\\\/www.saltpepper.fr\\\/cours-de-cuisine\\\/\"},{\"@type\":\"ListItem\",\"position\":3,\"name\":\"17\\\/05 &#8211; 16h &#8211; Atelier Technique : \u0152ufs Meurette\"}]},{\"@type\":\"WebSite\",\"@id\":\"https:\\\/\\\/www.saltpepper.fr\\\/#website\",\"url\":\"https:\\\/\\\/www.saltpepper.fr\\\/\",\"name\":\"Salt & Pepper\",\"description\":\"\",\"publisher\":{\"@id\":\"https:\\\/\\\/www.saltpepper.fr\\\/#organization\"},\"potentialAction\":[{\"@type\":\"SearchAction\",\"target\":{\"@type\":\"EntryPoint\",\"urlTemplate\":\"https:\\\/\\\/www.saltpepper.fr\\\/?s={search_term_string}\"},\"query-input\":{\"@type\":\"PropertyValueSpecification\",\"valueRequired\":true,\"valueName\":\"search_term_string\"}}],\"inLanguage\":\"en-US\"},{\"@type\":\"Organization\",\"@id\":\"https:\\\/\\\/www.saltpepper.fr\\\/#organization\",\"name\":\"Salt & Pepper\",\"url\":\"https:\\\/\\\/www.saltpepper.fr\\\/\",\"logo\":{\"@type\":\"ImageObject\",\"inLanguage\":\"en-US\",\"@id\":\"https:\\\/\\\/www.saltpepper.fr\\\/#\\\/schema\\\/logo\\\/image\\\/\",\"url\":\"https:\\\/\\\/www.saltpepper.fr\\\/wp-content\\\/uploads\\\/2025\\\/05\\\/SALTPEPPER_logotype_cuivre_sans_baseline.svg\",\"contentUrl\":\"https:\\\/\\\/www.saltpepper.fr\\\/wp-content\\\/uploads\\\/2025\\\/05\\\/SALTPEPPER_logotype_cuivre_sans_baseline.svg\",\"width\":1,\"height\":1,\"caption\":\"Salt & Pepper\"},\"image\":{\"@id\":\"https:\\\/\\\/www.saltpepper.fr\\\/#\\\/schema\\\/logo\\\/image\\\/\"},\"sameAs\":[\"https:\\\/\\\/www.facebook.com\\\/saltandpepper.dijon\\\/\",\"https:\\\/\\\/www.instagram.com\\\/saltpepper.dijon\\\/\",\"https:\\\/\\\/www.linkedin.com\\\/company\\\/salt-and-pepper-dijon\\\/\"]}]}<\/script>\n<!-- \/ Yoast SEO plugin. -->","yoast_head_json":{"title":"05\/17 - 4 PM - Technical Workshop: Eggs Meurette - Salt &amp; Pepper","robots":{"index":"noindex","follow":"follow"},"og_locale":"en_US","og_type":"article","og_title":"17\/05 - 16h - Atelier Technique : \u0152ufs Meurette - Salt &amp; Pepper","og_description":"Plongez dans les bases de la cuisine traditionnelle fran\u00e7aise avec un atelier d\u00e9di\u00e9 \u00e0 un incontournable : l\u2019\u0153uf en meurette.Derri\u00e8re cette apparente simplicit\u00e9 se cache une vraie ma\u00eetrise : pochage, sauce au vin, garniture et dressage\u2026 vous apprendrez pas \u00e0 pas \u00e0 r\u00e9aliser cette recette embl\u00e9matique avec pr\u00e9cision et gourmandise.","og_url":"https:\/\/www.saltpepper.fr\/en\/product\/17-05-4-pm-workshop-technical-meurette-eggs\/","og_site_name":"Salt &amp; Pepper","article_publisher":"https:\/\/www.facebook.com\/saltandpepper.dijon\/","article_modified_time":"2026-05-06T09:56:59+00:00","og_image":[{"width":1024,"height":683,"url":"https:\/\/www.saltpepper.fr\/wp-content\/uploads\/2026\/02\/ChatGPT-Image-5-fevr.-2026-a-16_08_07-1024x683.png","type":"image\/png"}],"twitter_card":"summary_large_image","twitter_misc":{"Est. reading time":"1 minute"},"schema":{"@context":"https:\/\/schema.org","@graph":[{"@type":"WebPage","@id":"https:\/\/www.saltpepper.fr\/produit\/17-05-16h-atelier-technique-oeufs-meurette\/","url":"https:\/\/www.saltpepper.fr\/produit\/17-05-16h-atelier-technique-oeufs-meurette\/","name":"05\/17 - 4 PM - Technical Workshop: Eggs Meurette - Salt &amp; Pepper","isPartOf":{"@id":"https:\/\/www.saltpepper.fr\/#website"},"primaryImageOfPage":{"@id":"https:\/\/www.saltpepper.fr\/produit\/17-05-16h-atelier-technique-oeufs-meurette\/#primaryimage"},"image":{"@id":"https:\/\/www.saltpepper.fr\/produit\/17-05-16h-atelier-technique-oeufs-meurette\/#primaryimage"},"thumbnailUrl":"https:\/\/www.saltpepper.fr\/wp-content\/uploads\/2026\/02\/ChatGPT-Image-5-fevr.-2026-a-16_08_07.png","datePublished":"2026-02-13T08:25:40+00:00","dateModified":"2026-05-06T09:56:59+00:00","breadcrumb":{"@id":"https:\/\/www.saltpepper.fr\/produit\/17-05-16h-atelier-technique-oeufs-meurette\/#breadcrumb"},"inLanguage":"en-US","potentialAction":[{"@type":"ReadAction","target":["https:\/\/www.saltpepper.fr\/produit\/17-05-16h-atelier-technique-oeufs-meurette\/"]}]},{"@type":"ImageObject","inLanguage":"en-US","@id":"https:\/\/www.saltpepper.fr\/produit\/17-05-16h-atelier-technique-oeufs-meurette\/#primaryimage","url":"https:\/\/www.saltpepper.fr\/wp-content\/uploads\/2026\/02\/ChatGPT-Image-5-fevr.-2026-a-16_08_07.png","contentUrl":"https:\/\/www.saltpepper.fr\/wp-content\/uploads\/2026\/02\/ChatGPT-Image-5-fevr.-2026-a-16_08_07.png","width":1536,"height":1024,"caption":"Bol d'\u0153ufs meurette garnis de champignons, lardons et herbes sur pain grill\u00e9, pr\u00e9sent\u00e9 en atelier culinaire."},{"@type":"BreadcrumbList","@id":"https:\/\/www.saltpepper.fr\/produit\/17-05-16h-atelier-technique-oeufs-meurette\/#breadcrumb","itemListElement":[{"@type":"ListItem","position":1,"name":"Accueil","item":"https:\/\/www.saltpepper.fr\/"},{"@type":"ListItem","position":2,"name":"Cours de cuisine","item":"https:\/\/www.saltpepper.fr\/cours-de-cuisine\/"},{"@type":"ListItem","position":3,"name":"17\/05 &#8211; 16h &#8211; Atelier Technique : \u0152ufs Meurette"}]},{"@type":"WebSite","@id":"https:\/\/www.saltpepper.fr\/#website","url":"https:\/\/www.saltpepper.fr\/","name":"Salt &amp; Pepper","description":"","publisher":{"@id":"https:\/\/www.saltpepper.fr\/#organization"},"potentialAction":[{"@type":"SearchAction","target":{"@type":"EntryPoint","urlTemplate":"https:\/\/www.saltpepper.fr\/?s={search_term_string}"},"query-input":{"@type":"PropertyValueSpecification","valueRequired":true,"valueName":"search_term_string"}}],"inLanguage":"en-US"},{"@type":"Organization","@id":"https:\/\/www.saltpepper.fr\/#organization","name":"Salt &amp; Pepper","url":"https:\/\/www.saltpepper.fr\/","logo":{"@type":"ImageObject","inLanguage":"en-US","@id":"https:\/\/www.saltpepper.fr\/#\/schema\/logo\/image\/","url":"https:\/\/www.saltpepper.fr\/wp-content\/uploads\/2025\/05\/SALTPEPPER_logotype_cuivre_sans_baseline.svg","contentUrl":"https:\/\/www.saltpepper.fr\/wp-content\/uploads\/2025\/05\/SALTPEPPER_logotype_cuivre_sans_baseline.svg","width":1,"height":1,"caption":"Salt & Pepper"},"image":{"@id":"https:\/\/www.saltpepper.fr\/#\/schema\/logo\/image\/"},"sameAs":["https:\/\/www.facebook.com\/saltandpepper.dijon\/","https:\/\/www.instagram.com\/saltpepper.dijon\/","https:\/\/www.linkedin.com\/company\/salt-and-pepper-dijon\/"]}]}},"jetpack_sharing_enabled":true,"_links":{"self":[{"href":"https:\/\/www.saltpepper.fr\/en\/wp-json\/wp\/v2\/product\/2656","targetHints":{"allow":["GET"]}}],"collection":[{"href":"https:\/\/www.saltpepper.fr\/en\/wp-json\/wp\/v2\/product"}],"about":[{"href":"https:\/\/www.saltpepper.fr\/en\/wp-json\/wp\/v2\/types\/product"}],"wp:featuredmedia":[{"embeddable":true,"href":"https:\/\/www.saltpepper.fr\/en\/wp-json\/wp\/v2\/media\/2567"}],"wp:attachment":[{"href":"https:\/\/www.saltpepper.fr\/en\/wp-json\/wp\/v2\/media?parent=2656"}],"wp:term":[{"taxonomy":"duree","embeddable":true,"href":"https:\/\/www.saltpepper.fr\/en\/wp-json\/wp\/v2\/duree?post=2656"},{"taxonomy":"nom-de-cours","embeddable":true,"href":"https:\/\/www.saltpepper.fr\/en\/wp-json\/wp\/v2\/nom-de-cours?post=2656"},{"taxonomy":"thematique","embeddable":true,"href":"https:\/\/www.saltpepper.fr\/en\/wp-json\/wp\/v2\/thematique?post=2656"},{"taxonomy":"product_brand","embeddable":true,"href":"https:\/\/www.saltpepper.fr\/en\/wp-json\/wp\/v2\/product_brand?post=2656"},{"taxonomy":"product_cat","embeddable":true,"href":"https:\/\/www.saltpepper.fr\/en\/wp-json\/wp\/v2\/product_cat?post=2656"},{"taxonomy":"product_tag","embeddable":true,"href":"https:\/\/www.saltpepper.fr\/en\/wp-json\/wp\/v2\/product_tag?post=2656"}],"curies":[{"name":"wp","href":"https:\/\/api.w.org\/{rel}","templated":true}]}}