{"id":2648,"date":"2026-02-12T15:42:07","date_gmt":"2026-02-12T14:42:07","guid":{"rendered":"https:\/\/www.saltpepper.fr\/?post_type=product&#038;p=2648"},"modified":"2026-05-06T17:52:30","modified_gmt":"2026-05-06T15:52:30","slug":"may-16th-600-pm-seasonal-menu-workshop","status":"publish","type":"product","link":"https:\/\/www.saltpepper.fr\/en\/produit\/16-05-18h-atelier-menu-de-saison\/","title":{"rendered":"May 16th \u2013 6 PM \u2013 Seasonal Menu Workshop"},"content":{"rendered":"<div class=\"re-c-1rb9ga1\">\n<div class=\"re-c-1rb9ga1\">\n<div class=\"re-c-1rb9ga1\">\n<div class=\"re-c-1rb9ga1\">\n<div class=\"re-c-1rb9ga1\">\n<div class=\"re-c-1rb9ga1\">\n<p data-start=\"135\" data-end=\"376\">Le mois de mai marque l\u2019arriv\u00e9e des beaux jours et d\u2019une abondance de produits frais, color\u00e9s et d\u00e9licats. Asperges, petits pois, f\u00e8ves, fraises, herbes fra\u00eeches\u2026 la nature offre une palette id\u00e9ale pour composer un menu \u00e9l\u00e9gant et de saison.<\/p>\n<p data-start=\"378\" data-end=\"633\">Lors de cet atelier, vous apprendrez \u00e0 construire un menu en mettant \u00e0 l\u2019honneur les produits du printemps. L\u2019objectif : comprendre comment s\u00e9lectionner, travailler et sublimer les ingr\u00e9dients au meilleur moment de l\u2019ann\u00e9e.<\/p>\n<div class=\"min-h-8 text-message relative flex w-full flex-col items-end gap-2 text-start break-words whitespace-normal [.text-message+&amp;]:mt-1\" dir=\"auto\" data-message-author-role=\"assistant\" data-message-id=\"167fe041-8ddc-4de1-8b74-80bc0e5a40e2\" data-message-model-slug=\"gpt-5-2\">\n<div class=\"flex w-full flex-col gap-1 empty:hidden first:pt-[1px]\">\n<div class=\"markdown prose dark:prose-invert w-full wrap-break-word dark markdown-new-styling\">\n<ul>\n<li data-start=\"0\" data-end=\"19\"><strong data-start=\"86\" data-end=\"125\">Travailler des produits printaniers<\/strong> : s\u00e9lectionner et sublimer asperges, petits pois, f\u00e8ves, herbes fra\u00eeches et fraises au meilleur de leur saison<\/li>\n<li data-start=\"0\" data-end=\"19\"><strong data-start=\"241\" data-end=\"279\">Ma\u00eetriser des cuissons d\u00e9licates<\/strong> : pr\u00e9server fra\u00eecheur, croquant et l\u00e9g\u00e8ret\u00e9 pour des plats \u00e9quilibr\u00e9s et \u00e9l\u00e9gants<\/li>\n<li data-start=\"0\" data-end=\"19\"><strong data-start=\"366\" data-end=\"406\">Construire un menu harmonieux<\/strong> : penser l\u2019encha\u00eenement entr\u00e9e\u2013plat\u2013dessert en jouant sur les textures, les couleurs et les assaisonnements<\/li>\n<\/ul>\n<\/div>\n<\/div>\n<\/div>\n<\/div>\n<\/div>\n<\/div>\n<\/div>\n<\/div>\n<div class=\"re-c-1rb9ga1\"><\/div>\n<\/div>\n","protected":false},"excerpt":{"rendered":"<div class=\"re-c-1rb9ga1\">\n<p>Discover the authentic flavors of Burgundy through its gourmet specialties. With traditional dishes, local ingredients, and regional cooking techniques, this workshop will teach you how to prepare iconic, hearty recipes.<\/p>\n<\/div>\n<p>&nbsp;<\/p>","protected":false},"featured_media":2663,"template":"","meta":{"_acf_changed":false},"duree":[32],"nom-de-cours":[97],"thematique":[64],"product_brand":[],"product_cat":[68],"product_tag":[],"class_list":{"0":"post-2648","1":"product","2":"type-product","3":"status-publish","4":"has-post-thumbnail","6":"duree-4h","7":"nom-de-cours-atelier-menu-de-saison","8":"thematique-cuisine-francaise","9":"product_cat-cuisine","11":"first","12":"instock","13":"virtual","14":"taxable","15":"purchasable","16":"product-type-simple"},"acf":[],"yoast_head":"<!-- This site is optimized with the Yoast SEO plugin v27.5 - https:\/\/yoast.com\/product\/yoast-seo-wordpress\/ -->\n<title>16\/05 - 18h - Atelier Menu De Saison - Salt &amp; Pepper<\/title>\n<meta name=\"robots\" content=\"noindex, follow\" \/>\n<meta property=\"og:locale\" content=\"en_US\" \/>\n<meta property=\"og:type\" content=\"article\" \/>\n<meta property=\"og:title\" content=\"16\/05 - 18h - Atelier Menu De Saison - Salt &amp; Pepper\" \/>\n<meta property=\"og:description\" content=\"Partez \u00e0 la d\u00e9couverte des saveurs authentiques de la Bourgogne \u00e0 travers ses sp\u00e9cialit\u00e9s gourmandes. Entre plats traditionnels, produits du terroir et techniques locales, cet atelier vous permet de cuisiner des recettes embl\u00e9matiques et conviviales.   &nbsp;\" \/>\n<meta property=\"og:url\" content=\"https:\/\/www.saltpepper.fr\/en\/product\/may-16th-600-pm-seasonal-menu-workshop\/\" \/>\n<meta property=\"og:site_name\" content=\"Salt &amp; Pepper\" \/>\n<meta property=\"article:publisher\" content=\"https:\/\/www.facebook.com\/saltandpepper.dijon\/\" \/>\n<meta property=\"article:modified_time\" content=\"2026-05-06T15:52:30+00:00\" \/>\n<meta property=\"og:image\" content=\"https:\/\/www.saltpepper.fr\/wp-content\/uploads\/2026\/02\/ChatGPT-Image-13-fevr.-2026-a-12_10_27-1024x683.png\" \/>\n\t<meta property=\"og:image:width\" content=\"1024\" \/>\n\t<meta property=\"og:image:height\" content=\"683\" \/>\n\t<meta property=\"og:image:type\" content=\"image\/png\" \/>\n<meta name=\"twitter:card\" content=\"summary_large_image\" \/>\n<meta name=\"twitter:label1\" content=\"Est. reading time\" \/>\n\t<meta name=\"twitter:data1\" content=\"1 minute\" \/>\n<script type=\"application\/ld+json\" class=\"yoast-schema-graph\">{\"@context\":\"https:\\\/\\\/schema.org\",\"@graph\":[{\"@type\":\"WebPage\",\"@id\":\"https:\\\/\\\/www.saltpepper.fr\\\/produit\\\/16-05-18h-atelier-menu-de-saison\\\/\",\"url\":\"https:\\\/\\\/www.saltpepper.fr\\\/produit\\\/16-05-18h-atelier-menu-de-saison\\\/\",\"name\":\"16\\\/05 - 18h - Atelier Menu De Saison - Salt &amp; Pepper\",\"isPartOf\":{\"@id\":\"https:\\\/\\\/www.saltpepper.fr\\\/#website\"},\"primaryImageOfPage\":{\"@id\":\"https:\\\/\\\/www.saltpepper.fr\\\/produit\\\/16-05-18h-atelier-menu-de-saison\\\/#primaryimage\"},\"image\":{\"@id\":\"https:\\\/\\\/www.saltpepper.fr\\\/produit\\\/16-05-18h-atelier-menu-de-saison\\\/#primaryimage\"},\"thumbnailUrl\":\"https:\\\/\\\/www.saltpepper.fr\\\/wp-content\\\/uploads\\\/2026\\\/02\\\/ChatGPT-Image-13-fevr.-2026-a-12_10_27.png\",\"datePublished\":\"2026-02-12T14:42:07+00:00\",\"dateModified\":\"2026-05-06T15:52:30+00:00\",\"breadcrumb\":{\"@id\":\"https:\\\/\\\/www.saltpepper.fr\\\/produit\\\/16-05-18h-atelier-menu-de-saison\\\/#breadcrumb\"},\"inLanguage\":\"en-US\",\"potentialAction\":[{\"@type\":\"ReadAction\",\"target\":[\"https:\\\/\\\/www.saltpepper.fr\\\/produit\\\/16-05-18h-atelier-menu-de-saison\\\/\"]}]},{\"@type\":\"ImageObject\",\"inLanguage\":\"en-US\",\"@id\":\"https:\\\/\\\/www.saltpepper.fr\\\/produit\\\/16-05-18h-atelier-menu-de-saison\\\/#primaryimage\",\"url\":\"https:\\\/\\\/www.saltpepper.fr\\\/wp-content\\\/uploads\\\/2026\\\/02\\\/ChatGPT-Image-13-fevr.-2026-a-12_10_27.png\",\"contentUrl\":\"https:\\\/\\\/www.saltpepper.fr\\\/wp-content\\\/uploads\\\/2026\\\/02\\\/ChatGPT-Image-13-fevr.-2026-a-12_10_27.png\",\"width\":1536,\"height\":1024,\"caption\":\"Assiette d'atelier cuisine : \u0153uf poch\u00e9 sur asperges, poulet farci l\u00e9gumes, vin blanc, fleurs fra\u00eeches, citron.\"},{\"@type\":\"BreadcrumbList\",\"@id\":\"https:\\\/\\\/www.saltpepper.fr\\\/produit\\\/16-05-18h-atelier-menu-de-saison\\\/#breadcrumb\",\"itemListElement\":[{\"@type\":\"ListItem\",\"position\":1,\"name\":\"Accueil\",\"item\":\"https:\\\/\\\/www.saltpepper.fr\\\/\"},{\"@type\":\"ListItem\",\"position\":2,\"name\":\"Cours de cuisine\",\"item\":\"https:\\\/\\\/www.saltpepper.fr\\\/cours-de-cuisine\\\/\"},{\"@type\":\"ListItem\",\"position\":3,\"name\":\"16\\\/05 &#8211; 18h &#8211; Atelier Menu De Saison\"}]},{\"@type\":\"WebSite\",\"@id\":\"https:\\\/\\\/www.saltpepper.fr\\\/#website\",\"url\":\"https:\\\/\\\/www.saltpepper.fr\\\/\",\"name\":\"Salt & Pepper\",\"description\":\"\",\"publisher\":{\"@id\":\"https:\\\/\\\/www.saltpepper.fr\\\/#organization\"},\"potentialAction\":[{\"@type\":\"SearchAction\",\"target\":{\"@type\":\"EntryPoint\",\"urlTemplate\":\"https:\\\/\\\/www.saltpepper.fr\\\/?s={search_term_string}\"},\"query-input\":{\"@type\":\"PropertyValueSpecification\",\"valueRequired\":true,\"valueName\":\"search_term_string\"}}],\"inLanguage\":\"en-US\"},{\"@type\":\"Organization\",\"@id\":\"https:\\\/\\\/www.saltpepper.fr\\\/#organization\",\"name\":\"Salt & Pepper\",\"url\":\"https:\\\/\\\/www.saltpepper.fr\\\/\",\"logo\":{\"@type\":\"ImageObject\",\"inLanguage\":\"en-US\",\"@id\":\"https:\\\/\\\/www.saltpepper.fr\\\/#\\\/schema\\\/logo\\\/image\\\/\",\"url\":\"https:\\\/\\\/www.saltpepper.fr\\\/wp-content\\\/uploads\\\/2025\\\/05\\\/SALTPEPPER_logotype_cuivre_sans_baseline.svg\",\"contentUrl\":\"https:\\\/\\\/www.saltpepper.fr\\\/wp-content\\\/uploads\\\/2025\\\/05\\\/SALTPEPPER_logotype_cuivre_sans_baseline.svg\",\"width\":1,\"height\":1,\"caption\":\"Salt & Pepper\"},\"image\":{\"@id\":\"https:\\\/\\\/www.saltpepper.fr\\\/#\\\/schema\\\/logo\\\/image\\\/\"},\"sameAs\":[\"https:\\\/\\\/www.facebook.com\\\/saltandpepper.dijon\\\/\",\"https:\\\/\\\/www.instagram.com\\\/saltpepper.dijon\\\/\",\"https:\\\/\\\/www.linkedin.com\\\/company\\\/salt-and-pepper-dijon\\\/\"]}]}<\/script>\n<!-- \/ Yoast SEO plugin. -->","yoast_head_json":{"title":"May 16 - 6 PM - Seasonal Menu Workshop - Salt &amp; Pepper","robots":{"index":"noindex","follow":"follow"},"og_locale":"en_US","og_type":"article","og_title":"16\/05 - 18h - Atelier Menu De Saison - Salt &amp; Pepper","og_description":"Partez \u00e0 la d\u00e9couverte des saveurs authentiques de la Bourgogne \u00e0 travers ses sp\u00e9cialit\u00e9s gourmandes. Entre plats traditionnels, produits du terroir et techniques locales, cet atelier vous permet de cuisiner des recettes embl\u00e9matiques et conviviales.   &nbsp;","og_url":"https:\/\/www.saltpepper.fr\/en\/product\/may-16th-600-pm-seasonal-menu-workshop\/","og_site_name":"Salt &amp; Pepper","article_publisher":"https:\/\/www.facebook.com\/saltandpepper.dijon\/","article_modified_time":"2026-05-06T15:52:30+00:00","og_image":[{"width":1024,"height":683,"url":"https:\/\/www.saltpepper.fr\/wp-content\/uploads\/2026\/02\/ChatGPT-Image-13-fevr.-2026-a-12_10_27-1024x683.png","type":"image\/png"}],"twitter_card":"summary_large_image","twitter_misc":{"Est. reading time":"1 minute"},"schema":{"@context":"https:\/\/schema.org","@graph":[{"@type":"WebPage","@id":"https:\/\/www.saltpepper.fr\/produit\/16-05-18h-atelier-menu-de-saison\/","url":"https:\/\/www.saltpepper.fr\/produit\/16-05-18h-atelier-menu-de-saison\/","name":"May 16 - 6 PM - Seasonal Menu Workshop - Salt &amp; Pepper","isPartOf":{"@id":"https:\/\/www.saltpepper.fr\/#website"},"primaryImageOfPage":{"@id":"https:\/\/www.saltpepper.fr\/produit\/16-05-18h-atelier-menu-de-saison\/#primaryimage"},"image":{"@id":"https:\/\/www.saltpepper.fr\/produit\/16-05-18h-atelier-menu-de-saison\/#primaryimage"},"thumbnailUrl":"https:\/\/www.saltpepper.fr\/wp-content\/uploads\/2026\/02\/ChatGPT-Image-13-fevr.-2026-a-12_10_27.png","datePublished":"2026-02-12T14:42:07+00:00","dateModified":"2026-05-06T15:52:30+00:00","breadcrumb":{"@id":"https:\/\/www.saltpepper.fr\/produit\/16-05-18h-atelier-menu-de-saison\/#breadcrumb"},"inLanguage":"en-US","potentialAction":[{"@type":"ReadAction","target":["https:\/\/www.saltpepper.fr\/produit\/16-05-18h-atelier-menu-de-saison\/"]}]},{"@type":"ImageObject","inLanguage":"en-US","@id":"https:\/\/www.saltpepper.fr\/produit\/16-05-18h-atelier-menu-de-saison\/#primaryimage","url":"https:\/\/www.saltpepper.fr\/wp-content\/uploads\/2026\/02\/ChatGPT-Image-13-fevr.-2026-a-12_10_27.png","contentUrl":"https:\/\/www.saltpepper.fr\/wp-content\/uploads\/2026\/02\/ChatGPT-Image-13-fevr.-2026-a-12_10_27.png","width":1536,"height":1024,"caption":"Assiette d'atelier cuisine : \u0153uf poch\u00e9 sur asperges, poulet farci l\u00e9gumes, vin blanc, fleurs fra\u00eeches, citron."},{"@type":"BreadcrumbList","@id":"https:\/\/www.saltpepper.fr\/produit\/16-05-18h-atelier-menu-de-saison\/#breadcrumb","itemListElement":[{"@type":"ListItem","position":1,"name":"Accueil","item":"https:\/\/www.saltpepper.fr\/"},{"@type":"ListItem","position":2,"name":"Cours de cuisine","item":"https:\/\/www.saltpepper.fr\/cours-de-cuisine\/"},{"@type":"ListItem","position":3,"name":"16\/05 &#8211; 18h &#8211; Atelier Menu De Saison"}]},{"@type":"WebSite","@id":"https:\/\/www.saltpepper.fr\/#website","url":"https:\/\/www.saltpepper.fr\/","name":"Salt &amp; Pepper","description":"","publisher":{"@id":"https:\/\/www.saltpepper.fr\/#organization"},"potentialAction":[{"@type":"SearchAction","target":{"@type":"EntryPoint","urlTemplate":"https:\/\/www.saltpepper.fr\/?s={search_term_string}"},"query-input":{"@type":"PropertyValueSpecification","valueRequired":true,"valueName":"search_term_string"}}],"inLanguage":"en-US"},{"@type":"Organization","@id":"https:\/\/www.saltpepper.fr\/#organization","name":"Salt &amp; Pepper","url":"https:\/\/www.saltpepper.fr\/","logo":{"@type":"ImageObject","inLanguage":"en-US","@id":"https:\/\/www.saltpepper.fr\/#\/schema\/logo\/image\/","url":"https:\/\/www.saltpepper.fr\/wp-content\/uploads\/2025\/05\/SALTPEPPER_logotype_cuivre_sans_baseline.svg","contentUrl":"https:\/\/www.saltpepper.fr\/wp-content\/uploads\/2025\/05\/SALTPEPPER_logotype_cuivre_sans_baseline.svg","width":1,"height":1,"caption":"Salt & Pepper"},"image":{"@id":"https:\/\/www.saltpepper.fr\/#\/schema\/logo\/image\/"},"sameAs":["https:\/\/www.facebook.com\/saltandpepper.dijon\/","https:\/\/www.instagram.com\/saltpepper.dijon\/","https:\/\/www.linkedin.com\/company\/salt-and-pepper-dijon\/"]}]}},"jetpack_sharing_enabled":true,"_links":{"self":[{"href":"https:\/\/www.saltpepper.fr\/en\/wp-json\/wp\/v2\/product\/2648","targetHints":{"allow":["GET"]}}],"collection":[{"href":"https:\/\/www.saltpepper.fr\/en\/wp-json\/wp\/v2\/product"}],"about":[{"href":"https:\/\/www.saltpepper.fr\/en\/wp-json\/wp\/v2\/types\/product"}],"wp:featuredmedia":[{"embeddable":true,"href":"https:\/\/www.saltpepper.fr\/en\/wp-json\/wp\/v2\/media\/2663"}],"wp:attachment":[{"href":"https:\/\/www.saltpepper.fr\/en\/wp-json\/wp\/v2\/media?parent=2648"}],"wp:term":[{"taxonomy":"duree","embeddable":true,"href":"https:\/\/www.saltpepper.fr\/en\/wp-json\/wp\/v2\/duree?post=2648"},{"taxonomy":"nom-de-cours","embeddable":true,"href":"https:\/\/www.saltpepper.fr\/en\/wp-json\/wp\/v2\/nom-de-cours?post=2648"},{"taxonomy":"thematique","embeddable":true,"href":"https:\/\/www.saltpepper.fr\/en\/wp-json\/wp\/v2\/thematique?post=2648"},{"taxonomy":"product_brand","embeddable":true,"href":"https:\/\/www.saltpepper.fr\/en\/wp-json\/wp\/v2\/product_brand?post=2648"},{"taxonomy":"product_cat","embeddable":true,"href":"https:\/\/www.saltpepper.fr\/en\/wp-json\/wp\/v2\/product_cat?post=2648"},{"taxonomy":"product_tag","embeddable":true,"href":"https:\/\/www.saltpepper.fr\/en\/wp-json\/wp\/v2\/product_tag?post=2648"}],"curies":[{"name":"wp","href":"https:\/\/api.w.org\/{rel}","templated":true}]}}