{"id":2644,"date":"2026-02-12T15:11:17","date_gmt":"2026-02-12T14:11:17","guid":{"rendered":"https:\/\/www.saltpepper.fr\/?post_type=product&#038;p=2644"},"modified":"2026-05-06T11:57:22","modified_gmt":"2026-05-06T09:57:22","slug":"12-05-6-p-m-workshop-beef-bourguignon-menu","status":"publish","type":"product","link":"https:\/\/www.saltpepper.fr\/en\/produit\/12-05-18h-atelier-menu-bourguignon\/","title":{"rendered":"12\/05 \u2013 6 PM \u2013 Burgundy Menu Workshop"},"content":{"rendered":"<div class=\"re-c-1rb9ga1\">\n<div class=\"re-c-1rb9ga1\">\n<div class=\"re-c-1rb9ga1\">\n<div class=\"re-c-1rb9ga1\">\n<div class=\"re-c-1rb9ga1\">\n<div class=\"re-c-1rb9ga1\">\n<p>Discover the authentic flavors of Burgundy through its gourmet specialties. With traditional dishes, local ingredients, and regional cooking techniques, this workshop will teach you how to prepare iconic, hearty recipes.<\/p>\n<\/div>\n<p>&nbsp;<\/p>\n<p>&nbsp;<\/p>\n<ul class=\"regiondo-product-highlights re-c-18vl3r0\">\n<li>Discover the fundamentals for preparing our regional dishes<\/li>\n<li>Put culinary techniques into practice to best cook local produce.<\/li>\n<li>Enjoy a starter and a main course prepared by the chef! Bonus: a dessert from the chef will be offered!<\/li>\n<\/ul>\n<\/div>\n<\/div>\n<\/div>\n<\/div>\n<div class=\"re-c-1rb9ga1\"><\/div>\n<\/div>","protected":false},"excerpt":{"rendered":"<div class=\"re-c-1rb9ga1\">\n<p>Discover the authentic flavors of Burgundy through its gourmet specialties. With traditional dishes, local ingredients, and regional cooking techniques, this workshop will teach you how to prepare iconic, hearty recipes.<\/p>\n<\/div>\n<p>&nbsp;<\/p>","protected":false},"featured_media":2645,"template":"","meta":{"_acf_changed":false},"duree":[30],"nom-de-cours":[49],"thematique":[64],"product_brand":[],"product_cat":[68],"product_tag":[],"class_list":{"0":"post-2644","1":"product","2":"type-product","3":"status-publish","4":"has-post-thumbnail","6":"duree-3h","7":"nom-de-cours-atelier-bourguignon","8":"thematique-cuisine-francaise","9":"product_cat-cuisine","11":"first","12":"outofstock","13":"virtual","14":"taxable","15":"purchasable","16":"product-type-simple"},"acf":[],"yoast_head":"<!-- This site is optimized with the Yoast SEO plugin v27.5 - https:\/\/yoast.com\/product\/yoast-seo-wordpress\/ -->\n<title>12\/05 - 18h - Atelier Menu Bourguignon - Salt &amp; Pepper<\/title>\n<meta name=\"robots\" content=\"noindex, follow\" \/>\n<meta property=\"og:locale\" content=\"en_US\" \/>\n<meta property=\"og:type\" content=\"article\" \/>\n<meta property=\"og:title\" content=\"12\/05 - 18h - Atelier Menu Bourguignon - Salt &amp; Pepper\" \/>\n<meta property=\"og:description\" content=\"Partez \u00e0 la d\u00e9couverte des saveurs authentiques de la Bourgogne \u00e0 travers ses sp\u00e9cialit\u00e9s gourmandes. Entre plats traditionnels, produits du terroir et techniques locales, cet atelier vous permet de cuisiner des recettes embl\u00e9matiques et conviviales.   &nbsp;\" \/>\n<meta property=\"og:url\" content=\"https:\/\/www.saltpepper.fr\/en\/product\/12-05-6-p-m-workshop-beef-bourguignon-menu\/\" \/>\n<meta property=\"og:site_name\" content=\"Salt &amp; Pepper\" \/>\n<meta property=\"article:publisher\" content=\"https:\/\/www.facebook.com\/saltandpepper.dijon\/\" \/>\n<meta property=\"article:modified_time\" content=\"2026-05-06T09:57:22+00:00\" \/>\n<meta property=\"og:image\" content=\"https:\/\/www.saltpepper.fr\/wp-content\/uploads\/2026\/02\/ChatGPT-Image-12-fevr.-2026-a-15_17_59-1024x683.png\" \/>\n\t<meta property=\"og:image:width\" content=\"1024\" \/>\n\t<meta property=\"og:image:height\" content=\"683\" \/>\n\t<meta property=\"og:image:type\" content=\"image\/png\" \/>\n<meta name=\"twitter:card\" content=\"summary_large_image\" \/>\n<meta name=\"twitter:label1\" content=\"Est. reading time\" \/>\n\t<meta name=\"twitter:data1\" content=\"1 minute\" \/>\n<script type=\"application\/ld+json\" class=\"yoast-schema-graph\">{\"@context\":\"https:\\\/\\\/schema.org\",\"@graph\":[{\"@type\":\"WebPage\",\"@id\":\"https:\\\/\\\/www.saltpepper.fr\\\/produit\\\/12-05-18h-atelier-menu-bourguignon\\\/\",\"url\":\"https:\\\/\\\/www.saltpepper.fr\\\/produit\\\/12-05-18h-atelier-menu-bourguignon\\\/\",\"name\":\"12\\\/05 - 18h - Atelier Menu Bourguignon - Salt &amp; Pepper\",\"isPartOf\":{\"@id\":\"https:\\\/\\\/www.saltpepper.fr\\\/#website\"},\"primaryImageOfPage\":{\"@id\":\"https:\\\/\\\/www.saltpepper.fr\\\/produit\\\/12-05-18h-atelier-menu-bourguignon\\\/#primaryimage\"},\"image\":{\"@id\":\"https:\\\/\\\/www.saltpepper.fr\\\/produit\\\/12-05-18h-atelier-menu-bourguignon\\\/#primaryimage\"},\"thumbnailUrl\":\"https:\\\/\\\/www.saltpepper.fr\\\/wp-content\\\/uploads\\\/2026\\\/02\\\/ChatGPT-Image-12-fevr.-2026-a-15_17_59.png\",\"datePublished\":\"2026-02-12T14:11:17+00:00\",\"dateModified\":\"2026-05-06T09:57:22+00:00\",\"breadcrumb\":{\"@id\":\"https:\\\/\\\/www.saltpepper.fr\\\/produit\\\/12-05-18h-atelier-menu-bourguignon\\\/#breadcrumb\"},\"inLanguage\":\"en-US\",\"potentialAction\":[{\"@type\":\"ReadAction\",\"target\":[\"https:\\\/\\\/www.saltpepper.fr\\\/produit\\\/12-05-18h-atelier-menu-bourguignon\\\/\"]}]},{\"@type\":\"ImageObject\",\"inLanguage\":\"en-US\",\"@id\":\"https:\\\/\\\/www.saltpepper.fr\\\/produit\\\/12-05-18h-atelier-menu-bourguignon\\\/#primaryimage\",\"url\":\"https:\\\/\\\/www.saltpepper.fr\\\/wp-content\\\/uploads\\\/2026\\\/02\\\/ChatGPT-Image-12-fevr.-2026-a-15_17_59.png\",\"contentUrl\":\"https:\\\/\\\/www.saltpepper.fr\\\/wp-content\\\/uploads\\\/2026\\\/02\\\/ChatGPT-Image-12-fevr.-2026-a-15_17_59.png\",\"width\":1536,\"height\":1024,\"caption\":\"Atelier cuisine : \u0153ufs B\u00e9n\u00e9dicte, lasagnes, cheesecake fruits rouges, pain tranch\u00e9, herbes fra\u00eeches, vin blanc.\"},{\"@type\":\"BreadcrumbList\",\"@id\":\"https:\\\/\\\/www.saltpepper.fr\\\/produit\\\/12-05-18h-atelier-menu-bourguignon\\\/#breadcrumb\",\"itemListElement\":[{\"@type\":\"ListItem\",\"position\":1,\"name\":\"Accueil\",\"item\":\"https:\\\/\\\/www.saltpepper.fr\\\/\"},{\"@type\":\"ListItem\",\"position\":2,\"name\":\"Cours de cuisine\",\"item\":\"https:\\\/\\\/www.saltpepper.fr\\\/cours-de-cuisine\\\/\"},{\"@type\":\"ListItem\",\"position\":3,\"name\":\"12\\\/05 &#8211; 18h &#8211; Atelier Menu Bourguignon\"}]},{\"@type\":\"WebSite\",\"@id\":\"https:\\\/\\\/www.saltpepper.fr\\\/#website\",\"url\":\"https:\\\/\\\/www.saltpepper.fr\\\/\",\"name\":\"Salt & Pepper\",\"description\":\"\",\"publisher\":{\"@id\":\"https:\\\/\\\/www.saltpepper.fr\\\/#organization\"},\"potentialAction\":[{\"@type\":\"SearchAction\",\"target\":{\"@type\":\"EntryPoint\",\"urlTemplate\":\"https:\\\/\\\/www.saltpepper.fr\\\/?s={search_term_string}\"},\"query-input\":{\"@type\":\"PropertyValueSpecification\",\"valueRequired\":true,\"valueName\":\"search_term_string\"}}],\"inLanguage\":\"en-US\"},{\"@type\":\"Organization\",\"@id\":\"https:\\\/\\\/www.saltpepper.fr\\\/#organization\",\"name\":\"Salt & Pepper\",\"url\":\"https:\\\/\\\/www.saltpepper.fr\\\/\",\"logo\":{\"@type\":\"ImageObject\",\"inLanguage\":\"en-US\",\"@id\":\"https:\\\/\\\/www.saltpepper.fr\\\/#\\\/schema\\\/logo\\\/image\\\/\",\"url\":\"https:\\\/\\\/www.saltpepper.fr\\\/wp-content\\\/uploads\\\/2025\\\/05\\\/SALTPEPPER_logotype_cuivre_sans_baseline.svg\",\"contentUrl\":\"https:\\\/\\\/www.saltpepper.fr\\\/wp-content\\\/uploads\\\/2025\\\/05\\\/SALTPEPPER_logotype_cuivre_sans_baseline.svg\",\"width\":1,\"height\":1,\"caption\":\"Salt & Pepper\"},\"image\":{\"@id\":\"https:\\\/\\\/www.saltpepper.fr\\\/#\\\/schema\\\/logo\\\/image\\\/\"},\"sameAs\":[\"https:\\\/\\\/www.facebook.com\\\/saltandpepper.dijon\\\/\",\"https:\\\/\\\/www.instagram.com\\\/saltpepper.dijon\\\/\",\"https:\\\/\\\/www.linkedin.com\\\/company\\\/salt-and-pepper-dijon\\\/\"]}]}<\/script>\n<!-- \/ Yoast SEO plugin. -->","yoast_head_json":{"title":"December 5th - 6:00 PM - Burgundian Menu Workshop - Salt &amp; Pepper","robots":{"index":"noindex","follow":"follow"},"og_locale":"en_US","og_type":"article","og_title":"12\/05 - 18h - Atelier Menu Bourguignon - Salt &amp; Pepper","og_description":"Partez \u00e0 la d\u00e9couverte des saveurs authentiques de la Bourgogne \u00e0 travers ses sp\u00e9cialit\u00e9s gourmandes. Entre plats traditionnels, produits du terroir et techniques locales, cet atelier vous permet de cuisiner des recettes embl\u00e9matiques et conviviales.   &nbsp;","og_url":"https:\/\/www.saltpepper.fr\/en\/product\/12-05-6-p-m-workshop-beef-bourguignon-menu\/","og_site_name":"Salt &amp; Pepper","article_publisher":"https:\/\/www.facebook.com\/saltandpepper.dijon\/","article_modified_time":"2026-05-06T09:57:22+00:00","og_image":[{"width":1024,"height":683,"url":"https:\/\/www.saltpepper.fr\/wp-content\/uploads\/2026\/02\/ChatGPT-Image-12-fevr.-2026-a-15_17_59-1024x683.png","type":"image\/png"}],"twitter_card":"summary_large_image","twitter_misc":{"Est. reading time":"1 minute"},"schema":{"@context":"https:\/\/schema.org","@graph":[{"@type":"WebPage","@id":"https:\/\/www.saltpepper.fr\/produit\/12-05-18h-atelier-menu-bourguignon\/","url":"https:\/\/www.saltpepper.fr\/produit\/12-05-18h-atelier-menu-bourguignon\/","name":"December 5th - 6:00 PM - Burgundian Menu Workshop - Salt &amp; Pepper","isPartOf":{"@id":"https:\/\/www.saltpepper.fr\/#website"},"primaryImageOfPage":{"@id":"https:\/\/www.saltpepper.fr\/produit\/12-05-18h-atelier-menu-bourguignon\/#primaryimage"},"image":{"@id":"https:\/\/www.saltpepper.fr\/produit\/12-05-18h-atelier-menu-bourguignon\/#primaryimage"},"thumbnailUrl":"https:\/\/www.saltpepper.fr\/wp-content\/uploads\/2026\/02\/ChatGPT-Image-12-fevr.-2026-a-15_17_59.png","datePublished":"2026-02-12T14:11:17+00:00","dateModified":"2026-05-06T09:57:22+00:00","breadcrumb":{"@id":"https:\/\/www.saltpepper.fr\/produit\/12-05-18h-atelier-menu-bourguignon\/#breadcrumb"},"inLanguage":"en-US","potentialAction":[{"@type":"ReadAction","target":["https:\/\/www.saltpepper.fr\/produit\/12-05-18h-atelier-menu-bourguignon\/"]}]},{"@type":"ImageObject","inLanguage":"en-US","@id":"https:\/\/www.saltpepper.fr\/produit\/12-05-18h-atelier-menu-bourguignon\/#primaryimage","url":"https:\/\/www.saltpepper.fr\/wp-content\/uploads\/2026\/02\/ChatGPT-Image-12-fevr.-2026-a-15_17_59.png","contentUrl":"https:\/\/www.saltpepper.fr\/wp-content\/uploads\/2026\/02\/ChatGPT-Image-12-fevr.-2026-a-15_17_59.png","width":1536,"height":1024,"caption":"Atelier cuisine : \u0153ufs B\u00e9n\u00e9dicte, lasagnes, cheesecake fruits rouges, pain tranch\u00e9, herbes fra\u00eeches, vin blanc."},{"@type":"BreadcrumbList","@id":"https:\/\/www.saltpepper.fr\/produit\/12-05-18h-atelier-menu-bourguignon\/#breadcrumb","itemListElement":[{"@type":"ListItem","position":1,"name":"Accueil","item":"https:\/\/www.saltpepper.fr\/"},{"@type":"ListItem","position":2,"name":"Cours de cuisine","item":"https:\/\/www.saltpepper.fr\/cours-de-cuisine\/"},{"@type":"ListItem","position":3,"name":"12\/05 &#8211; 18h &#8211; Atelier Menu Bourguignon"}]},{"@type":"WebSite","@id":"https:\/\/www.saltpepper.fr\/#website","url":"https:\/\/www.saltpepper.fr\/","name":"Salt &amp; Pepper","description":"","publisher":{"@id":"https:\/\/www.saltpepper.fr\/#organization"},"potentialAction":[{"@type":"SearchAction","target":{"@type":"EntryPoint","urlTemplate":"https:\/\/www.saltpepper.fr\/?s={search_term_string}"},"query-input":{"@type":"PropertyValueSpecification","valueRequired":true,"valueName":"search_term_string"}}],"inLanguage":"en-US"},{"@type":"Organization","@id":"https:\/\/www.saltpepper.fr\/#organization","name":"Salt &amp; Pepper","url":"https:\/\/www.saltpepper.fr\/","logo":{"@type":"ImageObject","inLanguage":"en-US","@id":"https:\/\/www.saltpepper.fr\/#\/schema\/logo\/image\/","url":"https:\/\/www.saltpepper.fr\/wp-content\/uploads\/2025\/05\/SALTPEPPER_logotype_cuivre_sans_baseline.svg","contentUrl":"https:\/\/www.saltpepper.fr\/wp-content\/uploads\/2025\/05\/SALTPEPPER_logotype_cuivre_sans_baseline.svg","width":1,"height":1,"caption":"Salt & Pepper"},"image":{"@id":"https:\/\/www.saltpepper.fr\/#\/schema\/logo\/image\/"},"sameAs":["https:\/\/www.facebook.com\/saltandpepper.dijon\/","https:\/\/www.instagram.com\/saltpepper.dijon\/","https:\/\/www.linkedin.com\/company\/salt-and-pepper-dijon\/"]}]}},"jetpack_sharing_enabled":true,"_links":{"self":[{"href":"https:\/\/www.saltpepper.fr\/en\/wp-json\/wp\/v2\/product\/2644","targetHints":{"allow":["GET"]}}],"collection":[{"href":"https:\/\/www.saltpepper.fr\/en\/wp-json\/wp\/v2\/product"}],"about":[{"href":"https:\/\/www.saltpepper.fr\/en\/wp-json\/wp\/v2\/types\/product"}],"wp:featuredmedia":[{"embeddable":true,"href":"https:\/\/www.saltpepper.fr\/en\/wp-json\/wp\/v2\/media\/2645"}],"wp:attachment":[{"href":"https:\/\/www.saltpepper.fr\/en\/wp-json\/wp\/v2\/media?parent=2644"}],"wp:term":[{"taxonomy":"duree","embeddable":true,"href":"https:\/\/www.saltpepper.fr\/en\/wp-json\/wp\/v2\/duree?post=2644"},{"taxonomy":"nom-de-cours","embeddable":true,"href":"https:\/\/www.saltpepper.fr\/en\/wp-json\/wp\/v2\/nom-de-cours?post=2644"},{"taxonomy":"thematique","embeddable":true,"href":"https:\/\/www.saltpepper.fr\/en\/wp-json\/wp\/v2\/thematique?post=2644"},{"taxonomy":"product_brand","embeddable":true,"href":"https:\/\/www.saltpepper.fr\/en\/wp-json\/wp\/v2\/product_brand?post=2644"},{"taxonomy":"product_cat","embeddable":true,"href":"https:\/\/www.saltpepper.fr\/en\/wp-json\/wp\/v2\/product_cat?post=2644"},{"taxonomy":"product_tag","embeddable":true,"href":"https:\/\/www.saltpepper.fr\/en\/wp-json\/wp\/v2\/product_tag?post=2644"}],"curies":[{"name":"wp","href":"https:\/\/api.w.org\/{rel}","templated":true}]}}