{"id":13,"date":"2025-03-06T16:32:50","date_gmt":"2025-03-06T15:32:50","guid":{"rendered":"https:\/\/www.saltpepper.fr\/?page_id=13"},"modified":"2026-05-02T10:46:17","modified_gmt":"2026-05-02T08:46:17","slug":"espaces","status":"publish","type":"page","link":"https:\/\/www.saltpepper.fr\/en\/espaces\/","title":{"rendered":"Espace \u00e0 louer"},"content":{"rendered":"","protected":false},"excerpt":{"rendered":"","protected":false},"author":2,"featured_media":0,"parent":0,"menu_order":0,"comment_status":"closed","ping_status":"closed","template":"page-louer.php","meta":{"_acf_changed":false,"footnotes":""},"class_list":["post-13","page","type-page","status-publish","hentry"],"acf":[],"yoast_head":"<!-- This site is optimized with the Yoast SEO plugin v27.5 - https:\/\/yoast.com\/product\/yoast-seo-wordpress\/ -->\n<title>Espaces \u00e9v\u00e9nementiels \u00e0 Dijon : 4 salles de 10 \u00e0 120 personnes<\/title>\n<meta name=\"description\" content=\"Salt &amp; Pepper met ses 4 espaces modulables et sa table d&#039;h\u00f4te \u00e0 votre disposition \u00e0 Dijon, pour vos s\u00e9minaires, team-buildings et \u00e9v\u00e9nements pros.\" \/>\n<meta name=\"robots\" content=\"index, follow, max-snippet:-1, max-image-preview:large, max-video-preview:-1\" \/>\n<link rel=\"canonical\" href=\"https:\/\/www.saltpepper.fr\/en\/espaces\/\" \/>\n<meta property=\"og:locale\" content=\"en_US\" \/>\n<meta property=\"og:type\" content=\"article\" \/>\n<meta property=\"og:title\" content=\"Espaces \u00e9v\u00e9nementiels \u00e0 Dijon : 4 salles de 10 \u00e0 120 personnes\" \/>\n<meta property=\"og:description\" content=\"Salt &amp; Pepper met ses 4 espaces modulables et sa table d&#039;h\u00f4te \u00e0 votre disposition \u00e0 Dijon, pour vos s\u00e9minaires, team-buildings et \u00e9v\u00e9nements pros.\" \/>\n<meta property=\"og:url\" content=\"https:\/\/www.saltpepper.fr\/en\/espaces\/\" \/>\n<meta property=\"og:site_name\" content=\"Salt &amp; Pepper\" \/>\n<meta property=\"article:publisher\" content=\"https:\/\/www.facebook.com\/saltandpepper.dijon\/\" \/>\n<meta property=\"article:modified_time\" content=\"2026-05-02T08:46:17+00:00\" \/>\n<meta property=\"og:image\" content=\"https:\/\/www.saltpepper.fr\/wp-content\/uploads\/2025\/04\/saltandpepper_20.jpeg\" \/>\n\t<meta property=\"og:image:width\" content=\"1200\" \/>\n\t<meta property=\"og:image:height\" content=\"800\" \/>\n\t<meta property=\"og:image:type\" content=\"image\/jpeg\" \/>\n<meta name=\"twitter:card\" content=\"summary_large_image\" \/>\n<script type=\"application\/ld+json\" class=\"yoast-schema-graph\">{\"@context\":\"https:\\\/\\\/schema.org\",\"@graph\":[{\"@type\":\"WebPage\",\"@id\":\"https:\\\/\\\/www.saltpepper.fr\\\/espaces\\\/\",\"url\":\"https:\\\/\\\/www.saltpepper.fr\\\/espaces\\\/\",\"name\":\"Espaces \u00e9v\u00e9nementiels \u00e0 Dijon : 4 salles de 10 \u00e0 120 personnes\",\"isPartOf\":{\"@id\":\"https:\\\/\\\/www.saltpepper.fr\\\/#website\"},\"datePublished\":\"2025-03-06T15:32:50+00:00\",\"dateModified\":\"2026-05-02T08:46:17+00:00\",\"description\":\"Salt & Pepper met ses 4 espaces modulables et sa table d'h\u00f4te \u00e0 votre disposition \u00e0 Dijon, pour vos s\u00e9minaires, team-buildings et \u00e9v\u00e9nements pros.\",\"breadcrumb\":{\"@id\":\"https:\\\/\\\/www.saltpepper.fr\\\/espaces\\\/#breadcrumb\"},\"inLanguage\":\"en-US\",\"potentialAction\":[{\"@type\":\"ReadAction\",\"target\":[\"https:\\\/\\\/www.saltpepper.fr\\\/espaces\\\/\"]}]},{\"@type\":\"BreadcrumbList\",\"@id\":\"https:\\\/\\\/www.saltpepper.fr\\\/espaces\\\/#breadcrumb\",\"itemListElement\":[{\"@type\":\"ListItem\",\"position\":1,\"name\":\"Accueil\",\"item\":\"https:\\\/\\\/www.saltpepper.fr\\\/\"},{\"@type\":\"ListItem\",\"position\":2,\"name\":\"Espace \u00e0 louer\"}]},{\"@type\":\"WebSite\",\"@id\":\"https:\\\/\\\/www.saltpepper.fr\\\/#website\",\"url\":\"https:\\\/\\\/www.saltpepper.fr\\\/\",\"name\":\"Salt & Pepper\",\"description\":\"\",\"publisher\":{\"@id\":\"https:\\\/\\\/www.saltpepper.fr\\\/#organization\"},\"potentialAction\":[{\"@type\":\"SearchAction\",\"target\":{\"@type\":\"EntryPoint\",\"urlTemplate\":\"https:\\\/\\\/www.saltpepper.fr\\\/?s={search_term_string}\"},\"query-input\":{\"@type\":\"PropertyValueSpecification\",\"valueRequired\":true,\"valueName\":\"search_term_string\"}}],\"inLanguage\":\"en-US\"},{\"@type\":\"Organization\",\"@id\":\"https:\\\/\\\/www.saltpepper.fr\\\/#organization\",\"name\":\"Salt & Pepper\",\"url\":\"https:\\\/\\\/www.saltpepper.fr\\\/\",\"logo\":{\"@type\":\"ImageObject\",\"inLanguage\":\"en-US\",\"@id\":\"https:\\\/\\\/www.saltpepper.fr\\\/#\\\/schema\\\/logo\\\/image\\\/\",\"url\":\"https:\\\/\\\/www.saltpepper.fr\\\/wp-content\\\/uploads\\\/2025\\\/05\\\/SALTPEPPER_logotype_cuivre_sans_baseline.svg\",\"contentUrl\":\"https:\\\/\\\/www.saltpepper.fr\\\/wp-content\\\/uploads\\\/2025\\\/05\\\/SALTPEPPER_logotype_cuivre_sans_baseline.svg\",\"width\":1,\"height\":1,\"caption\":\"Salt & Pepper\"},\"image\":{\"@id\":\"https:\\\/\\\/www.saltpepper.fr\\\/#\\\/schema\\\/logo\\\/image\\\/\"},\"sameAs\":[\"https:\\\/\\\/www.facebook.com\\\/saltandpepper.dijon\\\/\",\"https:\\\/\\\/www.instagram.com\\\/saltpepper.dijon\\\/\",\"https:\\\/\\\/www.linkedin.com\\\/company\\\/salt-and-pepper-dijon\\\/\"]}]}<\/script>\n<!-- \/ Yoast SEO plugin. -->","yoast_head_json":{"title":"Espaces \u00e9v\u00e9nementiels \u00e0 Dijon : 4 salles de 10 \u00e0 120 personnes","description":"Salt & Pepper met ses 4 espaces modulables et sa table d'h\u00f4te \u00e0 votre disposition \u00e0 Dijon, pour vos s\u00e9minaires, team-buildings et \u00e9v\u00e9nements pros.","robots":{"index":"index","follow":"follow","max-snippet":"max-snippet:-1","max-image-preview":"max-image-preview:large","max-video-preview":"max-video-preview:-1"},"canonical":"https:\/\/www.saltpepper.fr\/en\/espaces\/","og_locale":"en_US","og_type":"article","og_title":"Espaces \u00e9v\u00e9nementiels \u00e0 Dijon : 4 salles de 10 \u00e0 120 personnes","og_description":"Salt & Pepper met ses 4 espaces modulables et sa table d'h\u00f4te \u00e0 votre disposition \u00e0 Dijon, pour vos s\u00e9minaires, team-buildings et \u00e9v\u00e9nements pros.","og_url":"https:\/\/www.saltpepper.fr\/en\/espaces\/","og_site_name":"Salt &amp; Pepper","article_publisher":"https:\/\/www.facebook.com\/saltandpepper.dijon\/","article_modified_time":"2026-05-02T08:46:17+00:00","og_image":[{"width":1200,"height":800,"url":"https:\/\/www.saltpepper.fr\/wp-content\/uploads\/2025\/04\/saltandpepper_20.jpeg","type":"image\/jpeg"}],"twitter_card":"summary_large_image","schema":{"@context":"https:\/\/schema.org","@graph":[{"@type":"WebPage","@id":"https:\/\/www.saltpepper.fr\/espaces\/","url":"https:\/\/www.saltpepper.fr\/espaces\/","name":"Espaces \u00e9v\u00e9nementiels \u00e0 Dijon : 4 salles de 10 \u00e0 120 personnes","isPartOf":{"@id":"https:\/\/www.saltpepper.fr\/#website"},"datePublished":"2025-03-06T15:32:50+00:00","dateModified":"2026-05-02T08:46:17+00:00","description":"Salt & Pepper met ses 4 espaces modulables et sa table d'h\u00f4te \u00e0 votre disposition \u00e0 Dijon, pour vos s\u00e9minaires, team-buildings et \u00e9v\u00e9nements pros.","breadcrumb":{"@id":"https:\/\/www.saltpepper.fr\/espaces\/#breadcrumb"},"inLanguage":"en-US","potentialAction":[{"@type":"ReadAction","target":["https:\/\/www.saltpepper.fr\/espaces\/"]}]},{"@type":"BreadcrumbList","@id":"https:\/\/www.saltpepper.fr\/espaces\/#breadcrumb","itemListElement":[{"@type":"ListItem","position":1,"name":"Accueil","item":"https:\/\/www.saltpepper.fr\/"},{"@type":"ListItem","position":2,"name":"Espace \u00e0 louer"}]},{"@type":"WebSite","@id":"https:\/\/www.saltpepper.fr\/#website","url":"https:\/\/www.saltpepper.fr\/","name":"Salt &amp; Pepper","description":"","publisher":{"@id":"https:\/\/www.saltpepper.fr\/#organization"},"potentialAction":[{"@type":"SearchAction","target":{"@type":"EntryPoint","urlTemplate":"https:\/\/www.saltpepper.fr\/?s={search_term_string}"},"query-input":{"@type":"PropertyValueSpecification","valueRequired":true,"valueName":"search_term_string"}}],"inLanguage":"en-US"},{"@type":"Organization","@id":"https:\/\/www.saltpepper.fr\/#organization","name":"Salt &amp; Pepper","url":"https:\/\/www.saltpepper.fr\/","logo":{"@type":"ImageObject","inLanguage":"en-US","@id":"https:\/\/www.saltpepper.fr\/#\/schema\/logo\/image\/","url":"https:\/\/www.saltpepper.fr\/wp-content\/uploads\/2025\/05\/SALTPEPPER_logotype_cuivre_sans_baseline.svg","contentUrl":"https:\/\/www.saltpepper.fr\/wp-content\/uploads\/2025\/05\/SALTPEPPER_logotype_cuivre_sans_baseline.svg","width":1,"height":1,"caption":"Salt & Pepper"},"image":{"@id":"https:\/\/www.saltpepper.fr\/#\/schema\/logo\/image\/"},"sameAs":["https:\/\/www.facebook.com\/saltandpepper.dijon\/","https:\/\/www.instagram.com\/saltpepper.dijon\/","https:\/\/www.linkedin.com\/company\/salt-and-pepper-dijon\/"]}]}},"jetpack_sharing_enabled":true,"_links":{"self":[{"href":"https:\/\/www.saltpepper.fr\/en\/wp-json\/wp\/v2\/pages\/13","targetHints":{"allow":["GET"]}}],"collection":[{"href":"https:\/\/www.saltpepper.fr\/en\/wp-json\/wp\/v2\/pages"}],"about":[{"href":"https:\/\/www.saltpepper.fr\/en\/wp-json\/wp\/v2\/types\/page"}],"author":[{"embeddable":true,"href":"https:\/\/www.saltpepper.fr\/en\/wp-json\/wp\/v2\/users\/2"}],"replies":[{"embeddable":true,"href":"https:\/\/www.saltpepper.fr\/en\/wp-json\/wp\/v2\/comments?post=13"}],"version-history":[{"count":5,"href":"https:\/\/www.saltpepper.fr\/en\/wp-json\/wp\/v2\/pages\/13\/revisions"}],"predecessor-version":[{"id":3620,"href":"https:\/\/www.saltpepper.fr\/en\/wp-json\/wp\/v2\/pages\/13\/revisions\/3620"}],"wp:attachment":[{"href":"https:\/\/www.saltpepper.fr\/en\/wp-json\/wp\/v2\/media?parent=13"}],"curies":[{"name":"wp","href":"https:\/\/api.w.org\/{rel}","templated":true}]}}